{"id":957,"date":"2020-05-18T23:20:46","date_gmt":"2020-05-18T21:20:46","guid":{"rendered":"http:\/\/dev.schatex.com\/it\/?page_id=957"},"modified":"2021-12-14T20:13:00","modified_gmt":"2021-12-14T19:13:00","slug":"guida-alla-posa","status":"publish","type":"page","link":"https:\/\/schatex.com\/it\/servizi\/guida-alla-posa\/","title":{"rendered":"Guida alla posa"},"content":{"rendered":"\n<div class=\"header-cover parallax\" style=\"background-image: url('\/wp-content\/uploads\/sites\/23\/2021\/06\/Temporary-Header.jpg');\">\n\t<div class=\"teppichfliesen-header\">\n\t\t<h1>SCHATEX<sup>\u00ae<\/sup> &#8211; Guida alla posa<\/h1>\n\t\t<span>Come installare correttamente le nostre quadrotte!<\/span>\n\t<\/div>\n\t<div class=\"teppichfliesen-subheader\"> <a href=\"#topProdukte\"> Vedi tutto <\/br> &#x25BC; <\/a> <\/div>\n<\/div>\n\n\n\n<div class=\"container-fluid\">\n\t<div class=\"row home-row-1 fliesen-row-1 under-header-row\">\n\t\t<div class=\"col-md-6 text-center\" style=\"margin: auto;\">\n\t\t\t<img decoding=\"async\" src=\"\/wp-content\/uploads\/sites\/23\/2020\/05\/Rechtecks.png\">\n\t\t<\/div>\n\t\t<div class=\"col-md-6\">\n\t\t\t<h3 class=\"font-weight-bold\">Quadrotte di moquette SCHATEX<sup>\u00ae<\/sup> &#8211; Guida alla posa<\/h3>\n\t\t\t<p>\n\t\t\t\tUna posa corretta ed accurata \u00e8 della massima importanza, poich\u00e9 segna la base su cui si fonda la longevit\u00e0 e mantenimento dell\u2019altra qualit\u00e0 delle quadrotte. <\/br><\/br>\n\n\t\t\t\tSe vuoi goderti a lungo i nostri prodotti, prendi a cuore le nostre istruzioni per la posa e seguile in pi\u00f9 attentamente possibile.\n\t\t\t<\/p>\n\t\t<\/div>\n\t<\/div>\n\t<div id=\"topProdukte\" class=\"row produktion-row-2\">\n\t\t<div class=\"col-lg-6 col-bg p-0\">\n\t\t\t<div style=\"background-image: url('\/wp-content\/uploads\/sites\/23\/2021\/06\/Verlegeanleitung-1.jpg');\"><\/div>\n\t\t<\/div>\n\t\t<div class=\"col-lg-6\">\n\t\t\t<h2 class=\"font-weight-bold\">1. Preparazione<\/h2>\n\t\t\t<p class=\"text-left\">\n\t\t\t\tEsistono alcune regole che devono essere osservate ancor prima di effettuare la posa. I seguenti passi vi faciliteranno l&#8217;installazione delle quadrotte di moquette e vi aiuteranno a pianificare la posa. \n\t\t\t<\/p>\n\t\t\t<h2 class=\"font-weight-bold\">1.1 Controllo del colore e dell\u2018 uniformit\u00e0<\/h2>\n\t\t\t<p class=\"text-left\">\n\t\t\t\tSe desideri arredare pi\u00f9 stanze o una vasta area con le quadrotte SCHATEX<sup>\u00ae<\/sup>, il primo passaggio da fare \u00e8 controllare l\u2019uniformit\u00e0 del colore e del lotto della merce consegnata. Questo passaggio \u00e8 fondamentale, poich\u00e9 durante il processo di produzione possono verificarsi minime variazioni di colore.\n\t\t\t\t<\/br><\/br>\n\t\t\t\tNel caso di diverse serie di produzione, \u00e8 necessario smistare le quadrotte, in modo da poter arredare i vostri locali con quadrotte dello stesso colore e lotto. Inoltre, \u00e8 consigliabile controllare l\u2019uniformit\u00e0 del colore anche nel caso di quantit\u00e0 minori \u2013 poich\u00e9, nel caso di avvenuta posa, non verranno accettati i reclami relativi la presenza di eventuali disomogeneit\u00e0 di colori.\n\t\t\t\t<\/br><\/br>\n\t\t\t\t<span class=\"font-weight-bold\"><u>ATTENZIONE<\/u><\/span>: Lievi alterazioni di colore non possono essere sempre evitate a causa del processo di produzione, anche nel caso di merci con numeri di lotto identici. Secondo le norme vigenti, l\u2019uniformit\u00e0 del colore deve essere controllata durante l\u2019installazione di prova.\n\t\t\t<\/p>\n\t\t<\/div>\n\t<\/div>\n\t<div class=\"row pr-details-row-4 verlegung-quote-1 parallax\" style=\"max-height: 350px; background-image: url('\/wp-content\/uploads\/sites\/23\/2021\/06\/Zitat-Gruen.jpg');\">\n\t\t<div class=\"col\">\n\t\t\t<h3>\u201e Unsere Produkte sind auf eine lange Lebensdauer ausgelegt. Damit die Funktionsf\u00e4higkeit des Produkts auch langfristig gew\u00e4hrleistet ist, bitten wir Sie darum, die Verlege-Brosch\u00fcre sowie die Reinigungs- und Pflegehinweise gewissenhaft zu studieren. \u201c\n\t\t\t\t<span>Carsten Reul<\/span>\n\t\t\t\t<span class=\"font-weight-normal\">Anwendungstechniker<\/span>\n\t\t\t<\/h3>\n\t\t<\/div>\n\t<\/div>\n\t<div class=\"row produktion-row-3\">\n\t\t<div class=\"col-lg-6\">\n\t\t\t<h2 class=\"font-weight-bold\">1.2 Acclimazione<\/h2>\n\t\t\t<p class=\"text-left\">\n\t\t\t\tPrima di effettuare la posa, \u00e8 necessario rimuovere le quadrotte dall\u2019imballaggio e conservarle per 24 ore a temperatura ambiente su una superficie piana. Il materiale pu\u00f2 cos\u00ec acclimatarsi ed adattarsi alle condizioni locali.\n\t\t\t\t<\/br><\/br>\n\t\t\t\tLa temperatura minima dell\u2019ambiente, per l\u2019acclimazione e posa delle quadrotte, \u00e8 di 18\u00b0 C, mentre la temperatura minima del sottopavimento \u00e8 di 15\u00b0 C. Con il riscaldamento a pavimento, la temperatura del sottopavimento deve essere compresa tra 18\u00b0 C e 22\u00b0 C. L\u2019umidit\u00e0 relativa non deve superare il 65%.\n\t\t\t\t<\/br><\/br>\n\t\t\t\tPer ottenere un risultato perfetto e resistente nel lungo termine, tutti i valori sopracitati devono essere rispettati 3 giorni prima e, almeno, 7 giorni dopo la posa.\n\t\t\t<\/p>\n\t\t<\/div>\n\t\t<div class=\"col-lg-6 col-bg p-0\">\n\t\t\t<div style=\"background-image: url('\/wp-content\/uploads\/sites\/23\/2021\/06\/Verlegeanleitung-Aklimatisierung.jpg');\"><\/div>\n\t\t<\/div>\n\t\t<div class=\"col-lg-6 col-bg p-0\">\n\t\t\t<div style=\"background-image: url('\/wp-content\/uploads\/sites\/23\/2021\/06\/Verlegeanleitung-3.jpg');\"><\/div>\n\t\t<\/div>\n\t\t<div class=\"col-lg-6\">\n\t\t\t<h2 class=\"font-weight-bold\">1.3 Sottopavimento<\/h2>\n\t\t\t<p class=\"text-left\">\n\t\t\t\tIn generale, per la posa delle quadrotte e\/o listoni di moquette si applica la regola che il pavimento che funger\u00e0 da base per l\u2019applicazione debba essere duro, pulito, asciutto e piano. Quindi, assicurati che il pavimento sia perfettamente asciutto. Se possiedi un riscaldamento a pavimento, \u00e8 necessario spegnerlo almeno 48 ore prima di posare le quadrotte, osservando anche la temperatura massima indicata nella scheda tecnica. \n\t\t\t\t<\/br><\/br>\n\t\t\t\tLe quadrotte di moquette SCHATEX<sup>\u00ae<\/sup> &#8211; non sono adatte alla posa su pavimenti morbidi, come ad esempio i tappeti.\n\t\t\t\t<\/br><\/br>\n\t\t\t\tPotete trovare maggiori informazioni sulla preparazione del sottofondo nelle nostre istruzioni di posa nella sezione <a class=\"font-weight-bold\" href=\"\/it\/servizi\/guida-alla-posa\/\" target=\"_blank\" style=\"color:#0093BF;\" rel=\"noopener\">Download<\/a>.\n\t\t\t<\/p>\n\t\t<\/div>\n\t\t<div class=\"col-lg-6\">\n\t\t\t<h2 class=\"font-weight-bold\">2. Pianificazione<\/h2>\n\t\t\t<p class=\"text-left\">\n\t\t\t\tPrima di iniziare la posa, \u00e8 richiesto di pianificare attentamente le seguenti fasi, cos\u00ec da ottenere il risultato perfetto.\n\t\t\t<\/p>\n\t\t\t<h2 class=\"font-weight-bold\">2.1 Strumenti<\/h2>\n\t\t\t<p class=\"text-left\">\n\t\t\t\tPer effettuare la posa sono necessari un metro a nastro, un righello, un pezzo di gesso per definire e segnare il punto di partenza per la posa, ed infine un taglierino per tappeti con cui tagliare su misura i bordi delle quadrotte. Inoltre, si consiglia di fissare con nastro biadesivo privo di solventi, o con un fissaggio antiscivolo, sia le quadrotte che devono essere posate in zone molto frequentate (ad es. corridoi, entrare) sia i bordi.\n\t\t\t<\/p>\n\t\t<\/div>\n\t\t<div class=\"col-lg-6 col-bg p-0\">\n\t\t\t<div style=\"background-image: url('\/wp-content\/uploads\/sites\/23\/2021\/06\/Verlegeanleitung-5.jpg');\"><\/div>\n\t\t<\/div>\n\t\t<div class=\"col-lg-6 col-bg p-0\">\n\t\t\t<div style=\"background-image: url('\/wp-content\/uploads\/sites\/23\/2021\/06\/Verlegeanleitung-8.jpg');\"><\/div>\n\t\t<\/div>\n\t\t<div class=\"col-lg-6\">\n\t\t\t<h2 class=\"font-weight-bold\">2.2 Orientamento dell\u2019installazione<\/h2>\n\t\t\t<p class=\"text-left\">\n\t\t\t\tEsistono diversi metodi di posa delle quadrotte di SCHATEX<sup>\u00ae<\/sup>. Il tipo di posa determina l&#8217;aspetto visivo dell&#8217;intera area e dovrebbe, quindi, essere attentamente considerato e pianificato in anticipo.\n\t\t\t\t<\/br><\/br>\n\t\t\t\tIl metodo di posa classico \u00e8 chiamato <em>monolitico<\/em>. Tutte le quadrotte vengono posate nella stessa direzione della freccia presente sul retro delle quadrotte. A seconda della del design di ogni singola quadrotta, si crea per tutta l\u2019area una superficie quasi senza soluzione di continuit\u00e0, che assomiglia a un rivestimento continuo del pavimento.\n\t\t\t\t<\/br><\/br>\n\t\t\t\tUn altro metodo per installare le quadrotte \u00e8 la <em>posa a scacchiera<\/em>, nota anche come <em>quarto di giro<\/em>. Con questo tipo di posa, le quadrotte devono essere girate di un quarto di giro in modo che le frecce di posa non puntino mai nella stessa direzione.\n\t\t\t\t<\/br><\/br>\n\t\t\t\tSi prega di consultare la scheda tecnica allegata per sapere quale metodo di posa pu\u00f2 essere utilizzato.\n\t\t\t<\/p>\n\t\t<\/div>\n\t\t<div class=\"col-lg-6\">\n\t\t\t<h2 class=\"font-weight-bold\">2.3 Punto di partenza<\/h2>\n\t\t\t<p class=\"text-left\">\n\t\t\t\tLa prima cosa da fare \u00e8 determinare il centro della stanza: Partendo dalle pareti \u2013 quindi dal punto centrale della lunghezza e della larghezza della stanza \u2013 tracciare una linea ortogonale sulla superficie del pavimento con il gesso. L&#8217;intersezione, ovvero il punto d\u2019incontro delle due linee rette, segna il centro della stanza. L\u2019intersezione delle due rette serve come punto di partenza approssimativo per la posa delle piastrelle. Il secondo passaggio da effettuare \u00e8 controllare quante piastrelle intere possono essere posate dal centro della stanza alle pareti. Le piastrelle che verranno posate ai lati della stanza, e che quindi dovranno essere tagliate, non devono essere pi\u00f9 piccole di mezza quadrotta. \n\t\t\t\t<\/br><\/br>\n\t\t\t\t\u00c8 anche importante assicurarsi che le piastrelle presenti su tutti i lati della stanza siano il pi\u00f9 possibile della stessa dimensione. In caso contrario, quindi nel caso le quadrotte laterali siano di diversa grandezza, bisogna solo falsare il punto centrale in modo che le condizioni di cui sopra siano soddisfatte.\n\t\t\t<\/p>\n\t\t<\/div>\n\t\t<div class=\"col-lg-6 col-bg p-0\">\n\t\t\t<div style=\"background-image: url('\/wp-content\/uploads\/sites\/23\/2021\/06\/Verlegeanleitung-5.jpg');\"><\/div>\n\t\t<\/div>\n\t\t<div class=\"col-lg-6 col-bg p-0\">\n\t\t\t<div style=\"background-image: url('\/wp-content\/uploads\/sites\/23\/2021\/06\/Verlegeanleitung-9.jpg');\"><\/div>\n\t\t<\/div>\n\t\t<div class=\"col-lg-6\">\n\t\t\t<h2 class=\"font-weight-bold\">3. Posa<\/h2>\n\t\t\t<p class=\"text-left\">\n\t\t\t\tSi inizia dal punto di partenza specificato (vedi 2.3) lungo la linea di gesso disegnata, in modo da creare due file di piastrelle che si intersecano ad angolo retto nel mezzo, formando una croce nello spazio. La prima piastrella deve essere posizionata nell&#8217;angolo retto creato dalle linee di gesso che si intersecano ortogonalmente e fissata con nastro adesivo o fissaggio antiscivolo. <\/br><\/br>\n\t\t\t\tDurante la posa, assicurarsi di posare le quadrotte di moquette da un lato all&#8217;altro per garantire un adattamento ottimale dei bordi in tutte le direzioni. Inoltre, controllare sempre se le quadrotte sono disposte correttamente. Nel caso delle quadrotte di moquette con un pelo pi\u00f9 lungo, \u00e8 anche importante assicurarsi che le fibre non siano schiacciate tra due quadrotte. <\/br><\/br>\n\t\t\t\tLe quadrotte del bordo vengono tagliate con l&#8217;aiuto del righello e del taglierino per moquette. Per fare questo, le quadrotte vengono girate sul retro e tagliate. Ricordatevi di fissare anche le piastrelle del bordo e le piastrelle chiave (piastrelle che si trovano in parti molto frequentate della stanza; per esempio nella zona di ingresso o nel corridoio). Il bordo tagliato viene posato in direzione del muro. Ora ci dovrebbero essere quattro quadrati da riempire con le piastrelle del tappeto. Iniziare al centro e posare a piramide e in modo uniforme verso il muro. <\/br><\/br>\n\t\t\t<\/p>\n\t\t<\/div>\n\t\t<div class=\"col-lg-6\">\n\t\t\t<h2 class=\"font-weight-bold\">Attenzione!<\/h2>\n\t\t\t<p class=\"text-left\">\n\t\t\t\tIl mancato rispetto di queste istruzioni per la posa pu\u00f2 comportare la perdita della responsabilit\u00e0 legale per i difetti. Pertanto si prega di seguire esattamente i passi ivi descritti. \n\t\t\t\t<\/br><\/br>\n\t\t\t\tSe hai altre domande o hai bisogno di ulteriori informazioni, non esitare a contattarci. \n\t\t\t<\/p>\n\t\t<\/div>\n\t\t<div class=\"col-lg-6 col-bg p-0\">\n\t\t\t<div style=\"background-image: url('\/wp-content\/uploads\/sites\/23\/2021\/06\/Verlegeanleitung-2.jpg');\"><\/div>\n\t\t<\/div>\n\t<\/div>\n<\/div>\n\n\n\n<p><\/p>\n","protected":false},"excerpt":{"rendered":"<p>SCHATEX\u00ae &#8211; Guida alla posa Come installare correttamente le nostre quadrotte! Vedi tutto &#x25BC; Quadrotte di moquette SCHATEX\u00ae &#8211; Guida alla posa Una posa corretta ed accurata \u00e8 della massima importanza, poich\u00e9 segna la base su cui si fonda la longevit\u00e0 e mantenimento dell\u2019altra qualit\u00e0 delle quadrotte. Se vuoi goderti a lungo i nostri prodotti, &#8230; <a title=\"Guida alla posa\" class=\"read-more\" href=\"https:\/\/schatex.com\/it\/servizi\/guida-alla-posa\/\" aria-label=\"Read more about Guida alla posa\">Read more<\/a><\/p>\n","protected":false},"author":1,"featured_media":0,"parent":811,"menu_order":0,"comment_status":"closed","ping_status":"closed","template":"","meta":{"footnotes":""},"yoast_head":"<!-- This site is optimized with the Yoast SEO plugin v22.6 - https:\/\/yoast.com\/wordpress\/plugins\/seo\/ -->\n<title>SCHATEX | IT | Guida alla posa<\/title>\n<meta name=\"description\" content=\"Teppichfliesen richtig verlegen | SCHATEX\u00ae - Die Marke f\u00fcr Teppichfliesen | Lesen Sie hier unsere Verlegehinweise!\" \/>\n<meta name=\"robots\" content=\"index, follow, max-snippet:-1, max-image-preview:large, max-video-preview:-1\" \/>\n<link rel=\"canonical\" href=\"https:\/\/schatex.com\/it\/servizi\/guida-alla-posa\/\" \/>\n<meta property=\"og:locale\" content=\"en_GB\" \/>\n<meta property=\"og:type\" content=\"article\" \/>\n<meta property=\"og:title\" content=\"SCHATEX | IT | Guida alla posa\" \/>\n<meta property=\"og:description\" content=\"Teppichfliesen richtig verlegen | SCHATEX\u00ae - Die Marke f\u00fcr Teppichfliesen | Lesen Sie hier unsere Verlegehinweise!\" \/>\n<meta property=\"og:url\" content=\"https:\/\/schatex.com\/it\/servizi\/guida-alla-posa\/\" \/>\n<meta property=\"og:site_name\" content=\"SCHATEX | IT\" \/>\n<meta property=\"article:modified_time\" content=\"2021-12-14T19:13:00+00:00\" \/>\n<meta property=\"og:image\" content=\"https:\/\/schatex.com\/wp-content\/uploads\/sites\/23\/2020\/05\/Rechtecks.png\" \/>\n<meta name=\"twitter:card\" content=\"summary_large_image\" \/>\n<meta name=\"twitter:label1\" content=\"Estimated reading time\" \/>\n\t<meta name=\"twitter:data1\" content=\"6 minutes\" \/>\n<script type=\"application\/ld+json\" class=\"yoast-schema-graph\">{\"@context\":\"https:\/\/schema.org\",\"@graph\":[{\"@type\":\"WebPage\",\"@id\":\"https:\/\/schatex.com\/it\/servizi\/guida-alla-posa\/\",\"url\":\"https:\/\/schatex.com\/it\/servizi\/guida-alla-posa\/\",\"name\":\"SCHATEX | IT | Guida alla posa\",\"isPartOf\":{\"@id\":\"https:\/\/schatex.com\/it\/#website\"},\"datePublished\":\"2020-05-18T21:20:46+00:00\",\"dateModified\":\"2021-12-14T19:13:00+00:00\",\"description\":\"Teppichfliesen richtig verlegen | SCHATEX\u00ae - Die Marke f\u00fcr Teppichfliesen | Lesen Sie hier unsere Verlegehinweise!\",\"breadcrumb\":{\"@id\":\"https:\/\/schatex.com\/it\/servizi\/guida-alla-posa\/#breadcrumb\"},\"inLanguage\":\"en-GB\",\"potentialAction\":[{\"@type\":\"ReadAction\",\"target\":[\"https:\/\/schatex.com\/it\/servizi\/guida-alla-posa\/\"]}]},{\"@type\":\"BreadcrumbList\",\"@id\":\"https:\/\/schatex.com\/it\/servizi\/guida-alla-posa\/#breadcrumb\",\"itemListElement\":[{\"@type\":\"ListItem\",\"position\":1,\"name\":\"Home\",\"item\":\"https:\/\/schatex.com\/it\/\"},{\"@type\":\"ListItem\",\"position\":2,\"name\":\"Servizi\",\"item\":\"https:\/\/schatex.com\/it\/servizi\/\"},{\"@type\":\"ListItem\",\"position\":3,\"name\":\"Guida alla posa\"}]},{\"@type\":\"WebSite\",\"@id\":\"https:\/\/schatex.com\/it\/#website\",\"url\":\"https:\/\/schatex.com\/it\/\",\"name\":\"SCHATEX | IT\",\"description\":\"Teppichfliesen f\u00fcr Wohnen &amp; Gewerbe\",\"publisher\":{\"@id\":\"https:\/\/schatex.com\/it\/#organization\"},\"potentialAction\":[{\"@type\":\"SearchAction\",\"target\":{\"@type\":\"EntryPoint\",\"urlTemplate\":\"https:\/\/schatex.com\/it\/?s={search_term_string}\"},\"query-input\":\"required name=search_term_string\"}],\"inLanguage\":\"en-GB\"},{\"@type\":\"Organization\",\"@id\":\"https:\/\/schatex.com\/it\/#organization\",\"name\":\"SCHATEX\",\"url\":\"https:\/\/schatex.com\/it\/\",\"logo\":{\"@type\":\"ImageObject\",\"inLanguage\":\"en-GB\",\"@id\":\"https:\/\/schatex.com\/it\/#\/schema\/logo\/image\/\",\"url\":\"https:\/\/schatex.com\/it\/wp-content\/uploads\/sites\/23\/2020\/05\/cropped-logo.png\",\"contentUrl\":\"https:\/\/schatex.com\/it\/wp-content\/uploads\/sites\/23\/2020\/05\/cropped-logo.png\",\"width\":476,\"height\":112,\"caption\":\"SCHATEX\"},\"image\":{\"@id\":\"https:\/\/schatex.com\/it\/#\/schema\/logo\/image\/\"}}]}<\/script>\n<!-- \/ Yoast SEO plugin. -->","yoast_head_json":{"title":"SCHATEX | IT | Guida alla posa","description":"Teppichfliesen richtig verlegen | SCHATEX\u00ae - Die Marke f\u00fcr Teppichfliesen | Lesen Sie hier unsere Verlegehinweise!","robots":{"index":"index","follow":"follow","max-snippet":"max-snippet:-1","max-image-preview":"max-image-preview:large","max-video-preview":"max-video-preview:-1"},"canonical":"https:\/\/schatex.com\/it\/servizi\/guida-alla-posa\/","og_locale":"en_GB","og_type":"article","og_title":"SCHATEX | IT | Guida alla posa","og_description":"Teppichfliesen richtig verlegen | SCHATEX\u00ae - Die Marke f\u00fcr Teppichfliesen | Lesen Sie hier unsere Verlegehinweise!","og_url":"https:\/\/schatex.com\/it\/servizi\/guida-alla-posa\/","og_site_name":"SCHATEX | IT","article_modified_time":"2021-12-14T19:13:00+00:00","og_image":[{"url":"https:\/\/schatex.com\/wp-content\/uploads\/sites\/23\/2020\/05\/Rechtecks.png"}],"twitter_card":"summary_large_image","twitter_misc":{"Estimated reading time":"6 minutes"},"schema":{"@context":"https:\/\/schema.org","@graph":[{"@type":"WebPage","@id":"https:\/\/schatex.com\/it\/servizi\/guida-alla-posa\/","url":"https:\/\/schatex.com\/it\/servizi\/guida-alla-posa\/","name":"SCHATEX | IT | Guida alla posa","isPartOf":{"@id":"https:\/\/schatex.com\/it\/#website"},"datePublished":"2020-05-18T21:20:46+00:00","dateModified":"2021-12-14T19:13:00+00:00","description":"Teppichfliesen richtig verlegen | SCHATEX\u00ae - Die Marke f\u00fcr Teppichfliesen | Lesen Sie hier unsere Verlegehinweise!","breadcrumb":{"@id":"https:\/\/schatex.com\/it\/servizi\/guida-alla-posa\/#breadcrumb"},"inLanguage":"en-GB","potentialAction":[{"@type":"ReadAction","target":["https:\/\/schatex.com\/it\/servizi\/guida-alla-posa\/"]}]},{"@type":"BreadcrumbList","@id":"https:\/\/schatex.com\/it\/servizi\/guida-alla-posa\/#breadcrumb","itemListElement":[{"@type":"ListItem","position":1,"name":"Home","item":"https:\/\/schatex.com\/it\/"},{"@type":"ListItem","position":2,"name":"Servizi","item":"https:\/\/schatex.com\/it\/servizi\/"},{"@type":"ListItem","position":3,"name":"Guida alla posa"}]},{"@type":"WebSite","@id":"https:\/\/schatex.com\/it\/#website","url":"https:\/\/schatex.com\/it\/","name":"SCHATEX | IT","description":"Teppichfliesen f\u00fcr Wohnen &amp; Gewerbe","publisher":{"@id":"https:\/\/schatex.com\/it\/#organization"},"potentialAction":[{"@type":"SearchAction","target":{"@type":"EntryPoint","urlTemplate":"https:\/\/schatex.com\/it\/?s={search_term_string}"},"query-input":"required name=search_term_string"}],"inLanguage":"en-GB"},{"@type":"Organization","@id":"https:\/\/schatex.com\/it\/#organization","name":"SCHATEX","url":"https:\/\/schatex.com\/it\/","logo":{"@type":"ImageObject","inLanguage":"en-GB","@id":"https:\/\/schatex.com\/it\/#\/schema\/logo\/image\/","url":"https:\/\/schatex.com\/it\/wp-content\/uploads\/sites\/23\/2020\/05\/cropped-logo.png","contentUrl":"https:\/\/schatex.com\/it\/wp-content\/uploads\/sites\/23\/2020\/05\/cropped-logo.png","width":476,"height":112,"caption":"SCHATEX"},"image":{"@id":"https:\/\/schatex.com\/it\/#\/schema\/logo\/image\/"}}]}},"_links":{"self":[{"href":"https:\/\/schatex.com\/it\/wp-json\/wp\/v2\/pages\/957"}],"collection":[{"href":"https:\/\/schatex.com\/it\/wp-json\/wp\/v2\/pages"}],"about":[{"href":"https:\/\/schatex.com\/it\/wp-json\/wp\/v2\/types\/page"}],"author":[{"embeddable":true,"href":"https:\/\/schatex.com\/it\/wp-json\/wp\/v2\/users\/1"}],"replies":[{"embeddable":true,"href":"https:\/\/schatex.com\/it\/wp-json\/wp\/v2\/comments?post=957"}],"version-history":[{"count":46,"href":"https:\/\/schatex.com\/it\/wp-json\/wp\/v2\/pages\/957\/revisions"}],"predecessor-version":[{"id":5441,"href":"https:\/\/schatex.com\/it\/wp-json\/wp\/v2\/pages\/957\/revisions\/5441"}],"up":[{"embeddable":true,"href":"https:\/\/schatex.com\/it\/wp-json\/wp\/v2\/pages\/811"}],"wp:attachment":[{"href":"https:\/\/schatex.com\/it\/wp-json\/wp\/v2\/media?parent=957"}],"curies":[{"name":"wp","href":"https:\/\/api.w.org\/{rel}","templated":true}]}}