{"id":955,"date":"2020-05-18T23:20:01","date_gmt":"2020-05-18T21:20:01","guid":{"rendered":"http:\/\/dev.schatex.com\/it\/?page_id=955"},"modified":"2021-12-14T20:05:01","modified_gmt":"2021-12-14T19:05:01","slug":"guida-alla-manutenzione","status":"publish","type":"page","link":"https:\/\/schatex.com\/it\/servizi\/guida-alla-manutenzione\/","title":{"rendered":"Guida alla manutenzione"},"content":{"rendered":"\n<div class=\"header-cover parallax\" style=\"background-image: url('\/wp-content\/uploads\/sites\/23\/2021\/05\/Temporary-Header-1.jpg');\">\n\t<div class=\"teppichfliesen-header\">\n\t\t<h1>SCHATEX<sup>\u00ae<\/sup> &#8211; Guida alla manutenzione<\/h1>\n\t\t<span>Come prendersi cura delle nostre quadrotte di moquette!<\/span>\n\t<\/div>\n\t<div class=\"teppichfliesen-subheader\"> <a href=\"#topProdukte\"> Vedi tutto <\/br> &#x25BC; <\/a> <\/div>\n<\/div>\n\n\n\n<div class=\"container-fluid\">\n\t<div class=\"row home-row-1 fliesen-row-1 under-header-row\">\n\t\t<div class=\"col-md-6 text-center\" style=\"margin: auto;\">\n\t\t\t<img decoding=\"async\" src=\"\/wp-content\/uploads\/sites\/23\/2020\/05\/Rechtecks.png\">\n\t\t<\/div>\n\t\t<div class=\"col-md-6\">\n\t\t\t<h3 class=\"font-weight-bold\">SCHATEX<sup>\u00ae<\/sup> &#8211; Quadrotte di moquette \u2013 Guida alla manutenzione<\/h3>\n\t\t\t<p>\n\t\t\t\tUna manutenzione corretta ed accurata \u00e8 della massima importanza, poich\u00e9 segna la base su cui si fonda la longevit\u00e0 e mantenimento dell\u2019altra qualit\u00e0 delle quadrotte. <\/br><\/br>\n\t\t\t\tSe vuoi goderti a lungo i nostri prodotti, prendi a cuore le nostre istruzioni e seguile in pi\u00f9 attentamente possibile.\n\t\t\t<\/p>\n\t\t<\/div>\n\t<\/div>\n\t<div id=\"topProdukte\" class=\"row produktion-row-2\">\n\t\t<div class=\"col-lg-6 col-bg p-0\">\n\t\t\t<div style=\"background-image: url('\/wp-content\/uploads\/sites\/23\/2021\/05\/Pflegeanleitung-1.jpg');\"><\/div>\n\t\t<\/div>\n\t\t<div class=\"col-lg-6\">\n\t\t\t<h2 class=\"font-weight-bold\">Pulizia e manutenzione regolari garantiscono un piacere duraturo<\/h2>\n\t\t\t<p class=\"text-left\">\n\t\t\t\tGrazie per aver scelto le quadrotte SCHATEX<sup>\u00ae<\/sup>, il lavoro di pulizia e manutenzione \u00e8 ridotto al minimo indispensabile. \u00c8 possibile far fronte alla sporcizia quotidiana con una regolare pulizia con l&#8217;aspirapolvere.\n\t\t\t\t<\/br><\/br> \n\t\t\t\tGrazie alla moderna tecnologia delle piastrelle SCHATEX<sup>\u00ae<\/sup>, il lavoro di pulizia e manutenzione \u00e8 ridotto al minimo indispensabile. \u00c8 possibile far fronte alla sporcizia quotidiana con una regolare pulizia con l&#8217;aspirapolvere.\n\t\t\t<\/p>\n\t<\/div>\n\t<div class=\"col-lg-6\">\n\t\t<h2 class=\"font-weight-bold\">Procedura per lo sporco pi\u00f9 ostinato<\/h2>\n\t\t<p class=\"text-left\">\n\t\t\tI liquidi possono essere semplicemente eliminati tamponando con un semplice tovagliolo di carta o un qualcosa di simile. Nel caso di residui solidi, pulire immediatamente le macchia. Per evitare di allargare la macchia, pulire sempre dall\u2019esterno verso l\u2019interno.\n\t\t\t<\/br><\/br>\n\t\t\tPer lavare la quadrotta \u00e8 possibile rimuoverla dal pavimento e usare acqua calda o anche una spugna. In caso di macchie ostinate, strofinare accuratamente la zona macchiata con una con una spazzola, utilizzando un detergente delicato. Dopo il trattamento, sciacquare accuratamente i residui del detergente e tamponare il liquido rimanente con un tovagliolo di carta.\n\t\t<\/p>\n\t<\/div>\n\t<div class=\"col-lg-6 col-bg p-0\">\n\t\t<div style=\"background-image: url('\/wp-content\/uploads\/sites\/23\/2021\/05\/Pflegeanleitung-2.jpg');\"><\/div>\n\t<\/div>\n<\/div>\n<div class=\"row pr-details-row-4 parallax\" style=\"background-image: url('\/wp-content\/uploads\/sites\/23\/2021\/06\/Zitat-g.jpg')\">\n\t<div class=\"col\">\n\t\t<h3>\u201e Dadurch, dass Teppichfliesen in der Regel lose verlegt werden, k\u00f6nnen einzelne Module zur professionellen Reinigung kinderleicht aufgenommen und dann wieder in den Verbund zur\u00fcckgelegt werden. \u201c\n\t\t\t<span>Carsten Reul<\/span>\n\t\t\t<span class=\"font-weight-normal\">Anwendungstechniker<\/span>\n\t\t<\/h3>\n\t<\/div>\n<\/div>\n<div class=\"row pflege-row-3\">\n\t<div class=\"col-lg-6 col-bg p-0\">\n\t\t<div style=\"background-image: url('\/wp-content\/uploads\/sites\/23\/2021\/05\/Pflegeanleitung-3.jpg');\"><\/div>\n\t<\/div>\n\t<div class=\"col-lg-6\">\n\t\t<h2 class=\"font-weight-bold\">Dopo che le singole quadrotte sono state raccolte e pulite<\/h2>\n\t\t<p class=\"text-left\">\n\t\t\tPrima di posare nuovamente la quadrotta, la moquette deve essere completamente asciutta. Termosifoni ed altre fonti di calore sono estremamente inadatti, e quindi sconsigliati, per l\u2019asciugatura poich\u00e9 possono rovinare la quadrotta e minare la sua resistenza nel tempo. <\/br><\/br>\n\n\t\t\tUna volta che i moduli SCHATEX<sup>\u00ae<\/sup> sono completamente asciutti, si possono posare sul pavimento senza problemi. Si prega di prestare estrema attenzione alla direzione di posa. Per ulteriori informazioni vedere <a class=\"font-weight-bold\" href=\"\/it\/servizi\/guida-alla-posa\/\" target=\"_blank\" style=\"color:#0093BF;\" rel=\"noopener\">guida alla posa<\/a>.\n\t\t<\/p>\n\t<\/div>\n\t<div class=\"col-lg-6\">\n\t\t<h2 class=\"font-weight-bold\">Per ulteriori informazioni puoi sempre contattarci, noi saremo felici di risponderti!<\/h2>\n\t\t<p class=\"text-left text-primary\">\n\t\t\tSe hai bisogno di ulteriori informazioni sulla pulizia e manutenzione dei nostri prodotti, puoi contattarci al numero di telefono presente qui sotto, o puoi anche mandarci una mail. <\/br><\/br>\n\n\t\t\tIl nostro personale competente \u00e8 sempre a disposizione per te e per risolvere qualsiasi tuo dubbio!\n\t\t<\/p>\n\t<\/div>\n\t<div class=\"col-lg-6 col-bg p-0\">\n\t\t<div style=\"background-image: url('\/wp-content\/uploads\/sites\/23\/2021\/05\/Pflegeanleitung-4.jpg');\"><\/div>\n\t<\/div>\n<\/div>\n<div class=\"row pr-details-row-4 produktion-quote-2 parallax\" style=\"background-image: url('\/wp-content\/uploads\/sites\/23\/2021\/06\/Zitat-b.jpg');\">\n\t<div class=\"col\">\n\t\t<h3>\u201e Modernste Herstellungstechniken sichern eine hochwertige Produktqualit\u00e4t Ihrer Teppichfliesen. \u201c\n\t\t\t<span>Charles Rodrigu\u00e8s<\/span>\n\t\t\t<span class=\"font-weight-normal\">Gesch\u00e4ftsf\u00fchrer<\/span>\n\t\t<\/h3>\n\t<\/div>\n<\/div>\n<\/div>\n","protected":false},"excerpt":{"rendered":"<p>SCHATEX\u00ae &#8211; Guida alla manutenzione Come prendersi cura delle nostre quadrotte di moquette! Vedi tutto &#x25BC; SCHATEX\u00ae &#8211; Quadrotte di moquette \u2013 Guida alla manutenzione Una manutenzione corretta ed accurata \u00e8 della massima importanza, poich\u00e9 segna la base su cui si fonda la longevit\u00e0 e mantenimento dell\u2019altra qualit\u00e0 delle quadrotte. Se vuoi goderti a lungo &#8230; <a title=\"Guida alla manutenzione\" class=\"read-more\" href=\"https:\/\/schatex.com\/it\/servizi\/guida-alla-manutenzione\/\" aria-label=\"Read more about Guida alla manutenzione\">Read more<\/a><\/p>\n","protected":false},"author":1,"featured_media":0,"parent":811,"menu_order":0,"comment_status":"closed","ping_status":"closed","template":"","meta":{"footnotes":""},"yoast_head":"<!-- This site is optimized with the Yoast SEO plugin v22.6 - https:\/\/yoast.com\/wordpress\/plugins\/seo\/ -->\n<title>Pflegeanleitung f\u00fcr Teppichfliesen | SCHATEX\u00ae \u2013 Die Marke f\u00fcr Teppichfliesen<\/title>\n<meta name=\"description\" content=\"Teppichfliesen richtig verlegen | SCHATEX\u00ae - Die Marke f\u00fcr Teppichfliesen | Lesen Sie hier unsere Verlegehinweise!\" \/>\n<meta name=\"robots\" content=\"index, follow, max-snippet:-1, max-image-preview:large, max-video-preview:-1\" \/>\n<link rel=\"canonical\" href=\"https:\/\/schatex.com\/it\/servizi\/guida-alla-manutenzione\/\" \/>\n<meta property=\"og:locale\" content=\"en_GB\" \/>\n<meta property=\"og:type\" content=\"article\" \/>\n<meta property=\"og:title\" content=\"Pflegeanleitung f\u00fcr Teppichfliesen | SCHATEX\u00ae \u2013 Die Marke f\u00fcr Teppichfliesen\" \/>\n<meta property=\"og:description\" content=\"Teppichfliesen richtig verlegen | SCHATEX\u00ae - Die Marke f\u00fcr Teppichfliesen | Lesen Sie hier unsere Verlegehinweise!\" \/>\n<meta property=\"og:url\" content=\"https:\/\/schatex.com\/it\/servizi\/guida-alla-manutenzione\/\" \/>\n<meta property=\"og:site_name\" content=\"SCHATEX | IT\" \/>\n<meta property=\"article:modified_time\" content=\"2021-12-14T19:05:01+00:00\" \/>\n<meta property=\"og:image\" content=\"https:\/\/schatex.com\/wp-content\/uploads\/sites\/23\/2020\/05\/Rechtecks.png\" \/>\n<meta name=\"twitter:card\" content=\"summary_large_image\" \/>\n<meta name=\"twitter:label1\" content=\"Estimated reading time\" \/>\n\t<meta name=\"twitter:data1\" content=\"3 minutes\" \/>\n<script type=\"application\/ld+json\" class=\"yoast-schema-graph\">{\"@context\":\"https:\/\/schema.org\",\"@graph\":[{\"@type\":\"WebPage\",\"@id\":\"https:\/\/schatex.com\/it\/servizi\/guida-alla-manutenzione\/\",\"url\":\"https:\/\/schatex.com\/it\/servizi\/guida-alla-manutenzione\/\",\"name\":\"Pflegeanleitung f\u00fcr Teppichfliesen | SCHATEX\u00ae \u2013 Die Marke f\u00fcr Teppichfliesen\",\"isPartOf\":{\"@id\":\"https:\/\/schatex.com\/it\/#website\"},\"datePublished\":\"2020-05-18T21:20:01+00:00\",\"dateModified\":\"2021-12-14T19:05:01+00:00\",\"description\":\"Teppichfliesen richtig verlegen | SCHATEX\u00ae - Die Marke f\u00fcr Teppichfliesen | Lesen Sie hier unsere Verlegehinweise!\",\"breadcrumb\":{\"@id\":\"https:\/\/schatex.com\/it\/servizi\/guida-alla-manutenzione\/#breadcrumb\"},\"inLanguage\":\"en-GB\",\"potentialAction\":[{\"@type\":\"ReadAction\",\"target\":[\"https:\/\/schatex.com\/it\/servizi\/guida-alla-manutenzione\/\"]}]},{\"@type\":\"BreadcrumbList\",\"@id\":\"https:\/\/schatex.com\/it\/servizi\/guida-alla-manutenzione\/#breadcrumb\",\"itemListElement\":[{\"@type\":\"ListItem\",\"position\":1,\"name\":\"Home\",\"item\":\"https:\/\/schatex.com\/it\/\"},{\"@type\":\"ListItem\",\"position\":2,\"name\":\"Servizi\",\"item\":\"https:\/\/schatex.com\/it\/servizi\/\"},{\"@type\":\"ListItem\",\"position\":3,\"name\":\"Guida alla manutenzione\"}]},{\"@type\":\"WebSite\",\"@id\":\"https:\/\/schatex.com\/it\/#website\",\"url\":\"https:\/\/schatex.com\/it\/\",\"name\":\"SCHATEX | IT\",\"description\":\"Teppichfliesen f\u00fcr Wohnen &amp; Gewerbe\",\"publisher\":{\"@id\":\"https:\/\/schatex.com\/it\/#organization\"},\"potentialAction\":[{\"@type\":\"SearchAction\",\"target\":{\"@type\":\"EntryPoint\",\"urlTemplate\":\"https:\/\/schatex.com\/it\/?s={search_term_string}\"},\"query-input\":\"required name=search_term_string\"}],\"inLanguage\":\"en-GB\"},{\"@type\":\"Organization\",\"@id\":\"https:\/\/schatex.com\/it\/#organization\",\"name\":\"SCHATEX\",\"url\":\"https:\/\/schatex.com\/it\/\",\"logo\":{\"@type\":\"ImageObject\",\"inLanguage\":\"en-GB\",\"@id\":\"https:\/\/schatex.com\/it\/#\/schema\/logo\/image\/\",\"url\":\"https:\/\/schatex.com\/it\/wp-content\/uploads\/sites\/23\/2020\/05\/cropped-logo.png\",\"contentUrl\":\"https:\/\/schatex.com\/it\/wp-content\/uploads\/sites\/23\/2020\/05\/cropped-logo.png\",\"width\":476,\"height\":112,\"caption\":\"SCHATEX\"},\"image\":{\"@id\":\"https:\/\/schatex.com\/it\/#\/schema\/logo\/image\/\"}}]}<\/script>\n<!-- \/ Yoast SEO plugin. -->","yoast_head_json":{"title":"Pflegeanleitung f\u00fcr Teppichfliesen | SCHATEX\u00ae \u2013 Die Marke f\u00fcr Teppichfliesen","description":"Teppichfliesen richtig verlegen | SCHATEX\u00ae - Die Marke f\u00fcr Teppichfliesen | Lesen Sie hier unsere Verlegehinweise!","robots":{"index":"index","follow":"follow","max-snippet":"max-snippet:-1","max-image-preview":"max-image-preview:large","max-video-preview":"max-video-preview:-1"},"canonical":"https:\/\/schatex.com\/it\/servizi\/guida-alla-manutenzione\/","og_locale":"en_GB","og_type":"article","og_title":"Pflegeanleitung f\u00fcr Teppichfliesen | SCHATEX\u00ae \u2013 Die Marke f\u00fcr Teppichfliesen","og_description":"Teppichfliesen richtig verlegen | SCHATEX\u00ae - Die Marke f\u00fcr Teppichfliesen | Lesen Sie hier unsere Verlegehinweise!","og_url":"https:\/\/schatex.com\/it\/servizi\/guida-alla-manutenzione\/","og_site_name":"SCHATEX | IT","article_modified_time":"2021-12-14T19:05:01+00:00","og_image":[{"url":"https:\/\/schatex.com\/wp-content\/uploads\/sites\/23\/2020\/05\/Rechtecks.png"}],"twitter_card":"summary_large_image","twitter_misc":{"Estimated reading time":"3 minutes"},"schema":{"@context":"https:\/\/schema.org","@graph":[{"@type":"WebPage","@id":"https:\/\/schatex.com\/it\/servizi\/guida-alla-manutenzione\/","url":"https:\/\/schatex.com\/it\/servizi\/guida-alla-manutenzione\/","name":"Pflegeanleitung f\u00fcr Teppichfliesen | SCHATEX\u00ae \u2013 Die Marke f\u00fcr Teppichfliesen","isPartOf":{"@id":"https:\/\/schatex.com\/it\/#website"},"datePublished":"2020-05-18T21:20:01+00:00","dateModified":"2021-12-14T19:05:01+00:00","description":"Teppichfliesen richtig verlegen | SCHATEX\u00ae - Die Marke f\u00fcr Teppichfliesen | Lesen Sie hier unsere Verlegehinweise!","breadcrumb":{"@id":"https:\/\/schatex.com\/it\/servizi\/guida-alla-manutenzione\/#breadcrumb"},"inLanguage":"en-GB","potentialAction":[{"@type":"ReadAction","target":["https:\/\/schatex.com\/it\/servizi\/guida-alla-manutenzione\/"]}]},{"@type":"BreadcrumbList","@id":"https:\/\/schatex.com\/it\/servizi\/guida-alla-manutenzione\/#breadcrumb","itemListElement":[{"@type":"ListItem","position":1,"name":"Home","item":"https:\/\/schatex.com\/it\/"},{"@type":"ListItem","position":2,"name":"Servizi","item":"https:\/\/schatex.com\/it\/servizi\/"},{"@type":"ListItem","position":3,"name":"Guida alla manutenzione"}]},{"@type":"WebSite","@id":"https:\/\/schatex.com\/it\/#website","url":"https:\/\/schatex.com\/it\/","name":"SCHATEX | IT","description":"Teppichfliesen f\u00fcr Wohnen &amp; Gewerbe","publisher":{"@id":"https:\/\/schatex.com\/it\/#organization"},"potentialAction":[{"@type":"SearchAction","target":{"@type":"EntryPoint","urlTemplate":"https:\/\/schatex.com\/it\/?s={search_term_string}"},"query-input":"required name=search_term_string"}],"inLanguage":"en-GB"},{"@type":"Organization","@id":"https:\/\/schatex.com\/it\/#organization","name":"SCHATEX","url":"https:\/\/schatex.com\/it\/","logo":{"@type":"ImageObject","inLanguage":"en-GB","@id":"https:\/\/schatex.com\/it\/#\/schema\/logo\/image\/","url":"https:\/\/schatex.com\/it\/wp-content\/uploads\/sites\/23\/2020\/05\/cropped-logo.png","contentUrl":"https:\/\/schatex.com\/it\/wp-content\/uploads\/sites\/23\/2020\/05\/cropped-logo.png","width":476,"height":112,"caption":"SCHATEX"},"image":{"@id":"https:\/\/schatex.com\/it\/#\/schema\/logo\/image\/"}}]}},"_links":{"self":[{"href":"https:\/\/schatex.com\/it\/wp-json\/wp\/v2\/pages\/955"}],"collection":[{"href":"https:\/\/schatex.com\/it\/wp-json\/wp\/v2\/pages"}],"about":[{"href":"https:\/\/schatex.com\/it\/wp-json\/wp\/v2\/types\/page"}],"author":[{"embeddable":true,"href":"https:\/\/schatex.com\/it\/wp-json\/wp\/v2\/users\/1"}],"replies":[{"embeddable":true,"href":"https:\/\/schatex.com\/it\/wp-json\/wp\/v2\/comments?post=955"}],"version-history":[{"count":34,"href":"https:\/\/schatex.com\/it\/wp-json\/wp\/v2\/pages\/955\/revisions"}],"predecessor-version":[{"id":5438,"href":"https:\/\/schatex.com\/it\/wp-json\/wp\/v2\/pages\/955\/revisions\/5438"}],"up":[{"embeddable":true,"href":"https:\/\/schatex.com\/it\/wp-json\/wp\/v2\/pages\/811"}],"wp:attachment":[{"href":"https:\/\/schatex.com\/it\/wp-json\/wp\/v2\/media?parent=955"}],"curies":[{"name":"wp","href":"https:\/\/api.w.org\/{rel}","templated":true}]}}