{"id":953,"date":"2020-05-18T23:19:11","date_gmt":"2020-05-18T21:19:11","guid":{"rendered":"http:\/\/dev.schatex.com\/it\/?page_id=953"},"modified":"2021-12-25T00:57:54","modified_gmt":"2021-12-24T23:57:54","slug":"faq","status":"publish","type":"page","link":"https:\/\/schatex.com\/it\/servizi\/faq\/","title":{"rendered":"FAQ"},"content":{"rendered":"\n<div class=\"header-cover parallax\" style=\"background-image: url('\/wp-content\/uploads\/sites\/23\/2021\/06\/Header_Flag_2x.jpg');\">\n  <div class=\"teppichfliesen-header\">\n     <h1>SCHATEX<sup>\u00ae<\/sup> &#8211; FAQ<\/h1>\n     <span>SCHATEX<sup>\u00ae<\/sup> by Scharpenack GmbH<\/span>\n  <\/div>\n  <div class=\"teppichfliesen-subheader\"> <a href=\"#topProdukte\"> Vedi tutto <\/br> &#x25BC; <\/a> <\/div>\n<\/div>\n\n\n\n<div class=\"container-lg\">\n\t<div class=\"row faq-row-1\" id=\"topProdukte\">\n\t\t<p class=\"col-sm-12 font-weight-bold collapsed\" data-toggle=\"collapse\" data-target=\"#faq1\" aria-expanded=\"false\" aria-controls=\"faq1\">\n\t\t\t<i class=\"bi\" id=\"collapseOneSquare\"><\/i>1. Qual \u00e8 la differenza tra quadrotte di moquette e moquette?\n\t\t<\/p>\n\t\t<div class=\"collapse\" id=\"faq1\">\n\t\t\t<div class=\"card card-body\">\n\t\t\t\t<p>\n\t\t\t\t\tLe quadrotte di moquette e la moquette sono otticamente identiche. Infatti, \u00e8 possibile produrre quadrotte di moquette da un rotolo che viene utilizzato per la produzione di una moquette comune. La differenza tra questi due rivestimenti risiede principalmente nella posa: infatti le quadrotte sono pi\u00f9 flessibili e facili da trasportare ed installare, il che a sua volta riduce la quantit\u00e0 di scarti e rifiuti. Inoltre, a differenza della moquette, con le quadrotte di moquette \u00e8 estremamente facile sostituire una o pi\u00f9 quadrotte singolarmente nel caso di danni irreparabili.\n\t\t\t\t<\/p>\n\t\t\t<\/div>\n\t\t<\/div>\n\t\t<hr>\n\t\t<p class=\"col-sm-12 font-weight-bold collapsed\" data-toggle=\"collapse\" data-target=\"#faq2\" aria-expanded=\"false\" aria-controls=\"faq2\">\n\t\t\t<i class=\"bi\"><\/i>2. Cos\u2019\u00e8 una quadrotta di moquette flottante?\n\t\t<\/p>\n\t\t<div class=\"collapse\" id=\"faq2\">\n\t\t\t<div class=\"card card-body\">\n\t\t\t\t<p>\n\t\t\t\t\tUna quadrotta di moquette flottante pu\u00f2 essere posata liberamente. Questo significa che tu puoi semplicemente posare la quadrotta sul pavimento senza ricorrere ad alcun tipo di colla o adesivo. In ogni caso, in aree altamente trafficate come corridoi e scale, puoi scegliere di posare la quadrotta di moquette SCHATEX<sup>\u00ae<\/sup> con un nastro biadesivo.\n\t\t\t\t<\/p>\n\t\t\t<\/div>\n\t\t<\/div>\n\t\t<hr>\n\t\t<p class=\"col-sm-12 font-weight-bold collapsed\" data-toggle=\"collapse\" data-target=\"#faq3\" aria-expanded=\"false\" aria-controls=\"faq3\">\n\t\t\t<i class=\"bi\"><\/i>3. Quali sono i vantaggi delle quadrotte di moquette SCHATEX<sup>\u00ae<\/sup>?\n\t\t<\/p>\n\t\t<div class=\"collapse\" id=\"faq3\">\n\t\t\t<div class=\"card card-body\">\n\t\t\t\t<p>\n\t\t\t\t\tLe quadrotte di moquette SCHATEX<sup>\u00ae<\/sup> offrono numerosi vantaggi. Da un lato, grazie alle materie prime di alta qualit\u00e0 e al materiale portante rinforzato, tutte le quadrotte posseggono un profilo tecnico uniforme. Sono resistenti, versatili, robuste, antistatiche, antiscivolo, ritardanti fiamma, dimensionalmente stabili, flessibili, durature e anche economiche. Inoltre, le quadrotte possono essere installate e mantenute molto velocemente e facilmente. Grazie alla loro propriet\u00e0 flottante, o \u201cloosely laid\u201d, possono essere posate sul pavimento senza adesivo, grazie al loro dorso pesante. In aggiunta, le quadrotte possono essere sostituite individualmente in caso di danni. La posa flottante consente un\u2019ampia variet\u00e0 di opzioni di posa, poich\u00e9 sei tu che puoi scegliere il design e la direzione della posa che preferisci. Inoltre, le quadrotte di moquette SCHATEX colpiscono con la loro alta resistenza ai raggi UV. Un altro motivo per scegliere le quadrotte di moquette SCHATEX \u00e8 il loro effetto positivo su uno stile di vita sano e salutare. Inoltre, alcune delle collezioni SCHATEX sono idonee per l\u2019uso con le sedie con le rotelle, come SCHATEX Traffic, SCHATEX Smartline, SCHATEX Creatile, SCHATEX Effects, SCHATEX Elegance and SCHATEX Premium collections.\n\t\t\t\t<\/p>\n\t\t\t<\/div>\n\t\t<\/div>\n\t\t<hr>\n\t\t<p class=\"col-sm-12 font-weight-bold collapsed\" data-toggle=\"collapse\" data-target=\"#faq4\" aria-expanded=\"false\" aria-controls=\"faq4\">\n\t\t\t<i class=\"bi\"><\/i>4. Come sono prodotte le quadrotte di moquette SCHATEX<sup>\u00ae<\/sup>? \n\t\t<\/p>\n\t\t<div class=\"collapse\" id=\"faq4\">\n\t\t\t<div class=\"card card-body\">\n\t\t\t\t<p>\n\t\t\t\t\tUna quadrotta di moquette SCHATEX<sup>\u00ae<\/sup> nasce da dei rotoli tubulari di 2 metri di larghezza con un dorso in lattice. All\u2019inizio, il prodotto non trattato viene immerso in un bagno di bitume liquido. Uno o anche due strati di fibra di vetro vengono aggiunti tra due applicazioni di bitume. In seguito, un panno protettivo viene posto sopra di esso in modo che lo strato di bitume sia protetto dallo sporco. Il prodotto viene poi tagliato con coltelli rotanti per dargli un formato adatto. Maggiori informazioni sulla produzione possono essere trovate\n\t\t\t\t\t<a class=\"text-info\" href=\"\/it\/\">qui<\/a>. \n\t\t\t\t<\/p>\n\t\t\t\t<\/div>\n\t\t\t<\/div>\n\t\t\t<hr>\n\t\t\t<p class=\"col-sm-12 font-weight-bold collapsed\" data-toggle=\"collapse\" data-target=\"#faq5\" aria-expanded=\"false\" aria-controls=\"faq5\">\n\t\t\t\t<i class=\"bi\"><\/i>5. Quali sono i differenti rivestimenti superficiali?\n\t\t\t<\/p>\n\t\t\t<div class=\"collapse\" id=\"faq5\">\n\t\t\t\t<div class=\"card card-body\">\n\t\t\t\t\t<p>\n\t\t\t\t\t\t<span class=\"font-italic font-weight-bold\">Sling:<\/span> The fibre formano una rete, le cui estremit\u00e0 sono cucite e ancorate al retro della copertura. La moquette loop pile \u00e8 resistente all&#8217;usura ed \u00e8 particolarmente adatta per aree molto frequentate. Sling ha un ottimo rapporto prezzo\/prestazioni. \n\t\t\t\t\t\t\t<\/br><\/br>\n\t\t\t\t\t\t<span class=\"font-italic font-weight-bold\">Velor:<\/span> Le spire del filato su un tappeto velor sono separate e aperte nella parte superiore. Questo crea una sensazione di superficie particolarmente morbida e vellutata. Ci\u00f2 rende i tappeti velor particolarmente caldi, confortevoli e accoglienti. Questi tappeti sono particolarmente adatti alla camera da letto.\n\t\t\t\t\t\t\t<\/br><\/br>\n\t\t\t\t\t\t<span class=\"font-italic font-weight-bold\">Saxony:<\/span> Il rivestimento Saxony \u00e8 una moquette Velor, ma di cui I fili pi\u00f9 lunghi sono stati termofissati per fornire al prodotto una struttura granulare. Anche questi tappeti sono indicati per le camere da letto.\n\t\t\t\t\t\t\t<\/br><\/br>\n\t\t\t\t\t\t<span class=\"font-italic font-weight-bold\">Frizzy\/curled velor:<\/span> Le lunghe fibre sono tagliate ad incastro e poi termoindurite in modo da avere un aspetto ondulato.\n\t\t\t\t\t\t\t<\/br><\/br>\n\t\t\t\t\t\t<span class=\"font-italic font-weight-bold\">Tappeto ruvido:<\/span> I tappeti ruvidi sono costituiti da fibre di pelo tagliate e intrecciate, che creano diversi motivi e disegni sulla superficie.\n\t\t\t\t\t<\/p>\n\t\t\t\t<\/div>\n\t\t\t<\/div>\n\t\t<hr>\n\t\t<p class=\"col-sm-12 font-weight-bold collapsed\" data-toggle=\"collapse\" data-target=\"#faq6\" aria-expanded=\"false\" aria-controls=\"faq6\">\n\t\t\t<i class=\"bi\"><\/i>6. In quali aree posso posare le quadrotte di moquette SCHATEX<sup>\u00ae<\/sup>?\n\t\t<\/p>\n\t\t<div class=\"collapse\" id=\"faq6\">\n\t\t\t<div class=\"card card-body\">\n\t\t\t\t<p>\n\t\t\t\t\tA seconda della classe d\u2019uso, puoi posare le tuo quadrotte di moquette SCHATEX<sup>\u00ae<\/sup> in diverse aree:\n\t\t\t\t\t<\/br><\/br>&#8211; Classe d\u2019uso da 21 a 23: Queste classi d\u2019uso sono adatte per aree privare, come ad esempio soggiorni, camere da letto o corridoi.\n\t\t\t\t\t<\/br><\/br>&#8211; Classe da 31 a 33: Queste classi d\u2019uso sono adatte per le zone altamente frequentate, come uffici, hotel, ristoranti o fiere, con una transizione da uso leggero a uso intensivo.\n\t\t\t\t<\/p>\n\t\t\t<\/div>\n\t\t<\/div>\n\t\t<hr>\n\t\t<p class=\"col-sm-12 font-weight-bold collapsed\" data-toggle=\"collapse\" data-target=\"#faq7\" aria-expanded=\"false\" aria-controls=\"faq7\">\n\t\t\t<i class=\"bi\"><\/i>7. Come posare le quadrotte di moquette SCHATEX<sup>\u00ae<\/sup>?\n\t\t<\/p>\n\t\t<div class=\"collapse\" id=\"faq7\">\n\t\t\t<div class=\"card card-body\">\n\t\t\t\t<p>\n\t\t\t\t\tIl passo iniziale \u00e8 controllare che il colore e numero del lotto delle quadrotte siano uguali. La superficie su cui dovranno essere posate le quadrotte deve essere solida, stabile, pulita, piana e asciutta. Se si possiede il riscaldamento a pavimento, un altro passaggio importante \u00e8 spegnerlo almeno 48 ore prima della posa. In seguito, le quadrotte dovranno essere tolte dalla loro confezione e lasciate sul pavimento a temperatura ambiente. Le quadrotte di moquette sono estremamente facili da posare, anche per i meno esperti e per gli amanti del fai-da-te. Ora, servendoti di un gesso, traccia due linee ortogonali sul pavimento al centro della stanza, partendo dal centro della lunghezza e della larghezza della stanza. Il punto di intersezione delle due linee corrisponde al punto di partenza per la posa delle quadrotte. Dunque, posare le piastrelle lungo le linee tracciate in precedenza con il gesso. La prima piastrella deve essere fissata con del nastro biadesivo o con un dispositivo di fissaggio antiscivolo ad angolo retto dell\u2019intersezione. Non vi \u00e8 necessit\u00e0 di usare colla o nastro biadesivo sulle altre quadrotte.\n\t\t\t\t<\/p>\n\t\t\t<\/div>\n\t\t<\/div>\n\t\t<hr>\n\t\t<p class=\"col-sm-12 font-weight-bold collapsed\" data-toggle=\"collapse\" data-target=\"#faq8\" aria-expanded=\"false\" aria-controls=\"faq8\">\n\t\t\t<i class=\"bi\"><\/i>8. Come pulire e curare le quadrotte di moquette SCHATEX<sup>\u00ae<\/sup>?\n\t\t<\/p>\n\t\t<div class=\"collapse\" id=\"faq8\">\n\t\t\t<div class=\"card card-body\">\n\t\t\t\t<p>\n\t\t\t\t\tLa manutenzione delle quadrotte SCHATEX<sup>\u00ae<\/sup> \u00e8 molto rapida e facile da effettuare. Lo sporco e la polvere possono essere facilmente rimossi con un\u2019aspirapolvere. Invece, in caso di liquidi versati sulla superficie delle quadrotte, \u00e8 possibile tamponare la macchia con un comune tovagliolo di carta. Onde evitare di allargare la macchia durante la pulizia, si consiglia di strofinare dall\u2019esterno verso l\u2019interno. Se la macchia persiste, rimuovere la piastrella e procedere la pulizia con acqua calda ed una spugna. \u00c8 possibile usare anche una spazzola ed un detergente delicato. Risciacquare accuratamente la quadrotta del tappeto ed asciugare il liquido rimanente con un tovagliolo di carta. Lasciar asciugare la quadrotta prima di posarla nuovamente sul pavimento. Si sconsiglia l\u2019asciugatura delle quadrotte su un termosifone o altre forme di calore artificiale. \n\t\t\t\t<\/p>\n\t\t\t<\/div>\n\t\t<\/div>\n\t\t<hr>\n\t\t<p class=\"col-sm-12 font-weight-bold collapsed\" data-toggle=\"collapse\" data-target=\"#faq9\" aria-expanded=\"false\" aria-controls=\"faq9\">\n\t\t\t<i class=\"bi\"><\/i>9. Su quale tipo di sottopavimento si possono posare le quadrotte di moquette?\n\t\t<\/p>\n\t\t<div class=\"collapse\" id=\"faq9\">\n\t\t\t<div class=\"card card-body\">\n\t\t\t\t<p>\n\t\t\t\t\tLe quadrotte di moquette SCHATEX<sup>\u00ae<\/sup> possono essere posate su vari superfici come cemento, parquet o laminato. Non vanno bene per\u00f2 per pavimentiazioni morbide e flessibili come tappeti. \n\t\t\t\t<\/p>\n\t\t\t<\/div>\n\t\t<\/div>\n\t\t<hr>\n\t\t<p class=\"col-sm-12 font-weight-bold collapsed\" data-toggle=\"collapse\" data-target=\"#faq10\" aria-expanded=\"false\" aria-controls=\"faq10\">\n\t\t\t<i class=\"bi\"><\/i>10. Quali sono le diverse direzioni di posa?\n\t\t<\/p>\n\t\t<div class=\"collapse\" id=\"faq10\">\n\t\t\t<div class=\"card card-body\">\n\t\t\t\t<p>\n\t\t\t\t\tLe quadrotte di moquette possono essere posate in diversi modi. Potete scegliere se dare ai vostri pavimenti un effetto visivo monocolore o multicolore. Le nostre collezioni offrono un&#8217;ampia selezione di colori diversi che possono essere facilmente combinati in modo da creare design unici e personalizzati. Per quanto riguarda l&#8217;aspetto tecnico della posa, potete scegliere tra tre diverse direzioni di posa:\n\t\t\t\t\t<\/br><\/br>\n\t\t\t\t\t<span class=\"font-italic font-weight-bold\">&#8211; Scacchiera (quarto di giro):<\/span> In uno schema a scacchiera, le quadrotte sono disposte con un angolo di 90 gradi l&#8217;una rispetto all&#8217;altra, creando un effetto a piastrelle.\n\t\t\t\t\t<\/br><\/br>\n\t\t\t\t\t<span class=\"font-italic font-weight-bold\">&#8211; Monolitico:<\/span> In caso di installazione monolitica, le frecce sul retro delle piastrelle devono puntare tutte nella stessa direzione.\n\t\t\t\t\t<\/br><\/br>\n\t\t\t\t\t<span class=\"font-italic font-weight-bold\">&#8211; Posa a caso:<\/span> Con questa direzione di posa, puoi disporre le tue piastrelle come vuoi e ottenere l&#8217;effetto visivo che desideri senza dover seguire istruzioni speciali.\n\t\t\t\t<\/p>\n\t\t\t<\/div>\n\t\t<\/div>\n\t\t<hr>\n\t\t<p class=\"col-sm-12 font-weight-bold collapsed\" data-toggle=\"collapse\" data-target=\"#faq11\" aria-expanded=\"false\" aria-controls=\"faq11\">\n\t\t\t<i class=\"bi\"><\/i>11. Le quadrotte SCHATEX<sup>\u00ae<\/sup> possono essere combinate con il riscaldamento a pavimento?\n\t\t<\/p>\n\t\t<div class=\"collapse\" id=\"faq11\">\n\t\t\t<div class=\"card card-body\">\n\t\t\t\t<p>\n\t\t\t\t\tS\u00ec, tutte le quadrotte SCHATEX<sup>\u00ae<\/sup> possono essere combinate con il riscaldamento a pavimento.\n\t\t\t\t<\/p>\n\t\t\t<\/div>\n\t\t<\/div>\n\t\t<hr>\n\t\t<p class=\"col-sm-12 font-weight-bold collapsed\" data-toggle=\"collapse\" data-target=\"#faq12\" aria-expanded=\"false\" aria-controls=\"faq12\">\n\t\t\t<i class=\"bi\"><\/i>12. Sono le quadrotte di moquette SCHATEX<sup>\u00ae<\/sup> ecosostenibili?\n\t\t<\/p>\n\t\t<div class=\"collapse\" id=\"faq12\">\n\t\t\t<div class=\"card card-body\">\n\t\t\t\t<p>\n\t\t\t\t\tSCHATEX<sup>\u00ae<\/sup> si impegna nella protezione dell&#8217;ambiente e presta particolare attenzione alla sostenibilit\u00e0 ecologica. I prodotti sono fabbricati sulla base di condizioni ecologiche, dove anche il trasporto \u00e8 il pi\u00f9 possibile neutrale dal punto di vista climatico.\n\t\t\t\t<\/p>\n\t\t\t<\/div>\n\t\t<\/div>\n\t\t<hr>\n\t\t<p class=\"col-sm-12 font-weight-bold collapsed\" data-toggle=\"collapse\" data-target=\"#faq13\" aria-expanded=\"false\" aria-controls=\"faq13\">\n\t\t\t<i class=\"bi\"><\/i>13. Le quadrotte di moquette SCHATEX<sup>\u00ae<\/sup> sono adatte a chi soffre di allergie?\n\t\t<\/p>\n\t\t<div class=\"collapse\" id=\"faq13\">\n\t\t\t<div class=\"card card-body\">\n\t\t\t\t<p>\n\t\t\t\t\tContrariamente all\u2019opinione diffusa che i pavimenti di moquette abbiano un impatto negativo sulla salute della casa, \u00e8 possibile affermare che le quadrotte di moquette e le moquette sono la scelta migliore per avere in casa un\u2019aria interna sana e adatta alle allergie.  \n\t\t\t\t\tA differenza degli altri tipi di pavimentazione, i rivestimenti tessili hanno la capacit\u00e0 di bloccare gli allergeni nelle loro fibre. Le particelle allergeniche che non galleggiano nell&#8217;aria sono quindi difficili da respirare e possono essere facilmente rimosse passando l&#8217;aspirapolvere ogni giorno. \n\t\t\t\t<\/p>\n\t\t\t<\/div>\n\t\t<\/div>\n\t\t<hr>\n\t\t<p class=\"col-sm-12 font-weight-bold collapsed\" data-toggle=\"collapse\" data-target=\"#faq14\" aria-expanded=\"false\" aria-controls=\"faq14\">\n\t\t\t<i class=\"bi\"><\/i>14. Quali collezioni sono adatte per me?\n\t\t<\/p>\n\t\t<div class=\"collapse\" id=\"faq14\">\n\t\t\t<div class=\"card card-body\">\n\t\t\t\t<p>\n\t\t\t\t\tLa scelta perfetta delle quadrotte di moquette SCHATEX<sup>\u00ae<\/sup> dipende dall\u2019area in cui si intende usarle. Per esempio, la collezione SCHATEX Comfort \u00e8 particolarmente indicata per i soggiorni e le camere da letto, in moda da fornire alla tue stanze il giusto comfort, la collezione Schatex City, Schatex premium, Schatex Smartline e Schatex Space sono invece indicate per le aree commericali poco affollate. Invece, le collezioni SCHATEX Creatile, SCHATEX Effects, SCHATEX Smartline Plus, SCHATEX Traffic, SCHATEX Traffic Plus o SCHATEX Vision Stripes sono indicate per le aree con un\u2019alto tasso di traffico.\n\t\t\t\t<\/p>\n\t\t\t<\/div>\n\t\t<\/div>\n\t<\/div>\n<\/div>\n","protected":false},"excerpt":{"rendered":"<p>SCHATEX\u00ae &#8211; FAQ SCHATEX\u00ae by Scharpenack GmbH Vedi tutto &#x25BC; 1. Qual \u00e8 la differenza tra quadrotte di moquette e moquette? Le quadrotte di moquette e la moquette sono otticamente identiche. Infatti, \u00e8 possibile produrre quadrotte di moquette da un rotolo che viene utilizzato per la produzione di una moquette comune. La differenza tra questi &#8230; <a title=\"FAQ\" class=\"read-more\" href=\"https:\/\/schatex.com\/it\/servizi\/faq\/\" aria-label=\"Read more about FAQ\">Read more<\/a><\/p>\n","protected":false},"author":1,"featured_media":0,"parent":811,"menu_order":0,"comment_status":"closed","ping_status":"closed","template":"","meta":{"footnotes":""},"yoast_head":"<!-- This site is optimized with the Yoast SEO plugin v22.6 - https:\/\/yoast.com\/wordpress\/plugins\/seo\/ -->\n<title>SCHATEX | IT | FAQ<\/title>\n<meta name=\"robots\" content=\"index, follow, max-snippet:-1, max-image-preview:large, max-video-preview:-1\" \/>\n<link rel=\"canonical\" href=\"https:\/\/schatex.com\/it\/servizi\/faq\/\" \/>\n<meta property=\"og:locale\" content=\"en_GB\" \/>\n<meta property=\"og:type\" content=\"article\" \/>\n<meta property=\"og:title\" content=\"SCHATEX | IT | FAQ\" \/>\n<meta property=\"og:description\" content=\"SCHATEX\u00ae &#8211; FAQ SCHATEX\u00ae by Scharpenack GmbH Vedi tutto &#x25BC; 1. Qual \u00e8 la differenza tra quadrotte di moquette e moquette? Le quadrotte di moquette e la moquette sono otticamente identiche. Infatti, \u00e8 possibile produrre quadrotte di moquette da un rotolo che viene utilizzato per la produzione di una moquette comune. La differenza tra questi ... Read more\" \/>\n<meta property=\"og:url\" content=\"https:\/\/schatex.com\/it\/servizi\/faq\/\" \/>\n<meta property=\"og:site_name\" content=\"SCHATEX | IT\" \/>\n<meta property=\"article:modified_time\" content=\"2021-12-24T23:57:54+00:00\" \/>\n<meta name=\"twitter:card\" content=\"summary_large_image\" \/>\n<meta name=\"twitter:label1\" content=\"Estimated reading time\" \/>\n\t<meta name=\"twitter:data1\" content=\"7 minutes\" \/>\n<script type=\"application\/ld+json\" class=\"yoast-schema-graph\">{\"@context\":\"https:\/\/schema.org\",\"@graph\":[{\"@type\":\"WebPage\",\"@id\":\"https:\/\/schatex.com\/it\/servizi\/faq\/\",\"url\":\"https:\/\/schatex.com\/it\/servizi\/faq\/\",\"name\":\"SCHATEX | IT | FAQ\",\"isPartOf\":{\"@id\":\"https:\/\/schatex.com\/it\/#website\"},\"datePublished\":\"2020-05-18T21:19:11+00:00\",\"dateModified\":\"2021-12-24T23:57:54+00:00\",\"breadcrumb\":{\"@id\":\"https:\/\/schatex.com\/it\/servizi\/faq\/#breadcrumb\"},\"inLanguage\":\"en-GB\",\"potentialAction\":[{\"@type\":\"ReadAction\",\"target\":[\"https:\/\/schatex.com\/it\/servizi\/faq\/\"]}]},{\"@type\":\"BreadcrumbList\",\"@id\":\"https:\/\/schatex.com\/it\/servizi\/faq\/#breadcrumb\",\"itemListElement\":[{\"@type\":\"ListItem\",\"position\":1,\"name\":\"Home\",\"item\":\"https:\/\/schatex.com\/it\/\"},{\"@type\":\"ListItem\",\"position\":2,\"name\":\"Servizi\",\"item\":\"https:\/\/schatex.com\/it\/servizi\/\"},{\"@type\":\"ListItem\",\"position\":3,\"name\":\"FAQ\"}]},{\"@type\":\"WebSite\",\"@id\":\"https:\/\/schatex.com\/it\/#website\",\"url\":\"https:\/\/schatex.com\/it\/\",\"name\":\"SCHATEX | IT\",\"description\":\"Teppichfliesen f\u00fcr Wohnen &amp; Gewerbe\",\"publisher\":{\"@id\":\"https:\/\/schatex.com\/it\/#organization\"},\"potentialAction\":[{\"@type\":\"SearchAction\",\"target\":{\"@type\":\"EntryPoint\",\"urlTemplate\":\"https:\/\/schatex.com\/it\/?s={search_term_string}\"},\"query-input\":\"required name=search_term_string\"}],\"inLanguage\":\"en-GB\"},{\"@type\":\"Organization\",\"@id\":\"https:\/\/schatex.com\/it\/#organization\",\"name\":\"SCHATEX\",\"url\":\"https:\/\/schatex.com\/it\/\",\"logo\":{\"@type\":\"ImageObject\",\"inLanguage\":\"en-GB\",\"@id\":\"https:\/\/schatex.com\/it\/#\/schema\/logo\/image\/\",\"url\":\"https:\/\/schatex.com\/it\/wp-content\/uploads\/sites\/23\/2020\/05\/cropped-logo.png\",\"contentUrl\":\"https:\/\/schatex.com\/it\/wp-content\/uploads\/sites\/23\/2020\/05\/cropped-logo.png\",\"width\":476,\"height\":112,\"caption\":\"SCHATEX\"},\"image\":{\"@id\":\"https:\/\/schatex.com\/it\/#\/schema\/logo\/image\/\"}}]}<\/script>\n<!-- \/ Yoast SEO plugin. -->","yoast_head_json":{"title":"SCHATEX | IT | FAQ","robots":{"index":"index","follow":"follow","max-snippet":"max-snippet:-1","max-image-preview":"max-image-preview:large","max-video-preview":"max-video-preview:-1"},"canonical":"https:\/\/schatex.com\/it\/servizi\/faq\/","og_locale":"en_GB","og_type":"article","og_title":"SCHATEX | IT | FAQ","og_description":"SCHATEX\u00ae &#8211; FAQ SCHATEX\u00ae by Scharpenack GmbH Vedi tutto &#x25BC; 1. Qual \u00e8 la differenza tra quadrotte di moquette e moquette? Le quadrotte di moquette e la moquette sono otticamente identiche. Infatti, \u00e8 possibile produrre quadrotte di moquette da un rotolo che viene utilizzato per la produzione di una moquette comune. La differenza tra questi ... Read more","og_url":"https:\/\/schatex.com\/it\/servizi\/faq\/","og_site_name":"SCHATEX | IT","article_modified_time":"2021-12-24T23:57:54+00:00","twitter_card":"summary_large_image","twitter_misc":{"Estimated reading time":"7 minutes"},"schema":{"@context":"https:\/\/schema.org","@graph":[{"@type":"WebPage","@id":"https:\/\/schatex.com\/it\/servizi\/faq\/","url":"https:\/\/schatex.com\/it\/servizi\/faq\/","name":"SCHATEX | IT | FAQ","isPartOf":{"@id":"https:\/\/schatex.com\/it\/#website"},"datePublished":"2020-05-18T21:19:11+00:00","dateModified":"2021-12-24T23:57:54+00:00","breadcrumb":{"@id":"https:\/\/schatex.com\/it\/servizi\/faq\/#breadcrumb"},"inLanguage":"en-GB","potentialAction":[{"@type":"ReadAction","target":["https:\/\/schatex.com\/it\/servizi\/faq\/"]}]},{"@type":"BreadcrumbList","@id":"https:\/\/schatex.com\/it\/servizi\/faq\/#breadcrumb","itemListElement":[{"@type":"ListItem","position":1,"name":"Home","item":"https:\/\/schatex.com\/it\/"},{"@type":"ListItem","position":2,"name":"Servizi","item":"https:\/\/schatex.com\/it\/servizi\/"},{"@type":"ListItem","position":3,"name":"FAQ"}]},{"@type":"WebSite","@id":"https:\/\/schatex.com\/it\/#website","url":"https:\/\/schatex.com\/it\/","name":"SCHATEX | IT","description":"Teppichfliesen f\u00fcr Wohnen &amp; Gewerbe","publisher":{"@id":"https:\/\/schatex.com\/it\/#organization"},"potentialAction":[{"@type":"SearchAction","target":{"@type":"EntryPoint","urlTemplate":"https:\/\/schatex.com\/it\/?s={search_term_string}"},"query-input":"required name=search_term_string"}],"inLanguage":"en-GB"},{"@type":"Organization","@id":"https:\/\/schatex.com\/it\/#organization","name":"SCHATEX","url":"https:\/\/schatex.com\/it\/","logo":{"@type":"ImageObject","inLanguage":"en-GB","@id":"https:\/\/schatex.com\/it\/#\/schema\/logo\/image\/","url":"https:\/\/schatex.com\/it\/wp-content\/uploads\/sites\/23\/2020\/05\/cropped-logo.png","contentUrl":"https:\/\/schatex.com\/it\/wp-content\/uploads\/sites\/23\/2020\/05\/cropped-logo.png","width":476,"height":112,"caption":"SCHATEX"},"image":{"@id":"https:\/\/schatex.com\/it\/#\/schema\/logo\/image\/"}}]}},"_links":{"self":[{"href":"https:\/\/schatex.com\/it\/wp-json\/wp\/v2\/pages\/953"}],"collection":[{"href":"https:\/\/schatex.com\/it\/wp-json\/wp\/v2\/pages"}],"about":[{"href":"https:\/\/schatex.com\/it\/wp-json\/wp\/v2\/types\/page"}],"author":[{"embeddable":true,"href":"https:\/\/schatex.com\/it\/wp-json\/wp\/v2\/users\/1"}],"replies":[{"embeddable":true,"href":"https:\/\/schatex.com\/it\/wp-json\/wp\/v2\/comments?post=953"}],"version-history":[{"count":66,"href":"https:\/\/schatex.com\/it\/wp-json\/wp\/v2\/pages\/953\/revisions"}],"predecessor-version":[{"id":5455,"href":"https:\/\/schatex.com\/it\/wp-json\/wp\/v2\/pages\/953\/revisions\/5455"}],"up":[{"embeddable":true,"href":"https:\/\/schatex.com\/it\/wp-json\/wp\/v2\/pages\/811"}],"wp:attachment":[{"href":"https:\/\/schatex.com\/it\/wp-json\/wp\/v2\/media?parent=953"}],"curies":[{"name":"wp","href":"https:\/\/api.w.org\/{rel}","templated":true}]}}