{"id":945,"date":"2020-05-18T23:16:18","date_gmt":"2020-05-18T21:16:18","guid":{"rendered":"http:\/\/dev.schatex.com\/it\/?page_id=945"},"modified":"2021-12-14T20:45:09","modified_gmt":"2021-12-14T19:45:09","slug":"produzione","status":"publish","type":"page","link":"https:\/\/schatex.com\/it\/chi-siamo\/produzione\/","title":{"rendered":"Produzione"},"content":{"rendered":"\n<div class=\"header-cover parallax\" style=\"background-image: url('\/wp-content\/uploads\/sites\/23\/2021\/05\/Header-Produktion.jpg');\">\n  <div class=\"teppichfliesen-header produktion-header\">\n     <h1>Come sono fatte le quadrotte di moquette?<\/h1>\n     <span>Qui puoi scoprire come sono realizzate le nostre quadrotte<\/span>\n  <\/div>\n  <div class=\"teppichfliesen-subheader\"><a class=\"text-uppercase\" href=\"#topProdukte\"> Scopri di pi\u00f9 <\/br> &#x25BC; <\/a><\/div>\n<\/div>\n\n\n\n<div class=\"container-fluid\">\n\t<div class=\"row home-row-1 fliesen-row-1 under-header-row\">\n\t\t<div class=\"col-md-6 text-center\" style=\"margin: auto;\">\n\t\t\t<img decoding=\"async\" src=\"\/wp-content\/uploads\/sites\/23\/2020\/05\/Rechtecks.png\">\n\t\t<\/div>\n\t\t<div class=\"col-md-6\">\n\t\t\t<h3 class=\"font-weight-bold under-header-row\">Cos\u00ec \u00e8 come vengono realizzate le quadrotte di moquette<\/h3>\n\t\t\t<p class=\"text-left\">\n\t\t\t\tIl processo di produzione per le quadrotte di moquette \u00e8 abbastanza complesso, ed infatti comprende molti pi\u00f9 passaggi della produzione di una classica moquette a metro. \n\n\t\t\t\tL\u2019altissima qualit\u00e0 delle nostre quadrotte \u00e8 data dall\u2019eccellente gestione delle materie prime e delle fasi di produzione di ogni singolo prodotto.\n\t\t\t<\/p>\n\t\t<\/div>\n\t<\/div>\n\t<div id=\"topProdukte\" class=\"row produktion-row-2\">\n\t\t<div class=\"col-lg-6 col-bg p-0\">\n\t\t\t<div style=\"background-image: url('\/wp-content\/uploads\/sites\/23\/2021\/05\/CIMG9328.jpg');\"><\/div>\n\t\t<\/div>\n\t\t<div class=\"col-lg-6\">\n\t\t\t<h2 class=\"font-weight-bold\">La scelta del materiale del rivestimento determina il processo di produzione<\/h2>\n\t\t\t<p class=\"text-left\">\n\t\t\t\tIl design finale delle quadrotte di moquette \u00e8 gi\u00e0 determinato con la prima fase di produzione: la scelta del materiale di rivestimento, sotto forma di prodotti tessili in rotolo (velluto, loop, hair tile, &#8230;) determina quale composizione e quantit\u00e0 di materiale sono necessarie per costruire e stabilizzare l&#8217;attrezzatura posteriore, quindi il dorso della quadrotta. Infine, il macchinario e le altre fasi di produzione si adattano a questo.\n\t\t\t\t<br><br>\n\t\t\t\tIl materiale tessile utilizzato come materiale di base \u00e8 identico a quello di un classico tappeto in rotolo ed \u00e8 di solito un po&#8217; pi\u00f9 largo di 2 m, in modo che attraverso la fine si possano sempre fare dei tagli appropriati per le piastrelle di tappeto in formati di 50 x 50 cm, 100 x 100 cm o 100 x 200 cm.\n\t\t\t<\/p>\n\t\t<\/div>\n\t<\/div>\n\t<div class=\"row pr-details-row-4 parallax\" style=\"background-image: url('\/wp-content\/uploads\/sites\/23\/2021\/06\/Zitat-1@2x.jpg');\">\n\t\t<div class=\"col\">\n\t\t\t<h3>\u201e Nicht jede Teppichfliese wird gleich produziert: Das Obermaterial bestimmt, welche Anforderungen die R\u00fcckenausr\u00fcstung erf\u00fcllen muss. \u201d\n\t\t\t\t<span>Sebastian Blomberg<\/span>\n\t\t\t\t<span class=\"font-weight-normal\">Produktmanager<\/span>\n\t\t\t<\/h3>\n\t\t<\/div>\n\t<\/div>\n\t<div class=\"row produktion-row-3\">\n\t\t<div class=\"col-lg-6\">\n\t\t\t<h2 class=\"font-weight-bold\">L\u2019unione perfetta: l\u2019incontro tra il materiale di rivestimento superiore e quello posteriore<\/h2>\n\t\t\t<p class=\"text-left\">\n\t\t\t\tLa stabilit\u00e0 dimensionale e il peso proprio delle quadrotte sono due caratteristiche che rendono il prodotto autoposante (ulteriori informazioni disponibili sulla pagina \u201cguida alla posa\u201d), ma anche resistente contro il freddo e l\u2019esposizione al calore.\n\t\t\t\t<br><br>\n\t\t\t\tPer ottenere queste caratteristiche \u00e8 necessario che vi sia un supporto multistrato. Come primo passaggio la materia prima viene bagnata con la parte inferiore all\u2019interno di bitume liquido, attraverso un sistema a rulli. Un primo strato di bitume viene poi applicato uniformemente sul materiale. L\u2019asciugatura del bitume \u00e8 fondamentale per la determinazione della resistenza della quadrotta.\n\t\t\t<\/p>\t\n\t\t<\/div>\n\t\t<div class=\"col-lg-6 col-bg p-0\">\n\t\t\t<div style=\"background-image: url('\/wp-content\/uploads\/sites\/23\/2021\/06\/Produktion-die-Hochzeit@2x.jpg');\"><\/div>\n\t\t<\/div>\n\t\t<div class=\"col-lg-6 col-bg p-0\">\n\t\t\t<div style=\"background-image: url('\/wp-content\/uploads\/sites\/23\/2021\/05\/CIMG9321.jpg');\"><\/div>\n\t\t<\/div>\n\t\t<div class=\"col-lg-6\">\n\t\t\t<h2 class=\"font-weight-bold\">Stabilit\u00e0 grazie al tessuto in fibra di vetro fuso<\/h2>\n\t\t\t<p class=\"text-left\">\n\t\t\t\tNella seconda fase di produzione, una copertura in fibra di vetro viene posta liberamente sullo strato di bitume. A sua volta viene effettuata nuovamente una seconda applicazione di bitume, completandosi cos\u00ec la struttura tecnicamente necessaria per la realizzazione del lato posteriore. Come parte del processo di produzione finale, 2 o 3 secondi dopo l&#8217;applicazione del bitume liquido viene laminato un vello di copertura per la finitura sul quale sono stati precedentemente stampati i numeri di lotto e le frecce per indicare la direzione di posa.\n\t\t\t\t<br><br>\n\t\t\t\tIl retro \u00e8 composto da due strati di bitume con una copertura in fibra di vetro fusa in mezzo e un mantello di copertura. Le quantit\u00e0 esatte di materiale devono essere adattate individualmente ad ogni collezione e al formato di piastrelle da produrre. Solo in questo modo le quadrotte finiscono per avere le loro propriet\u00e0 uniche, che le distinguono dalla tradizionale moquette in rotolo.\n\t\t\t<\/p>\n\t\t<\/div>\n\t\t<div class=\"col-lg-6\">\n\t\t\t<h2 class=\"font-weight-bold\">Taglio e formattazione &#8211; finitura<\/h2>\n\t\t\t<p class=\"text-left\">\n\t\t\t\tL\u2019ultima fase del processo di produzione \u00e8 il taglio della &#8220;merce in rotolo&#8221; nei formati desiderati &#8211; di solito quadrotte 50 x 50 cm. Il materiale passa attraverso una sezione in cui il coltello a rotazione rapida taglia il materiale in bobina dal basso nelle dimensioni desiderate. La precisione dimensionale \u00e8 controllata con precisione dalla tecnologia laser. Le quadrotte poi finite vengono solo imballate nelle scatole ed etichettate con l&#8217;aiuto di robot.\n\t\t\t\t<br><br>\n\t\t\t\tSe hai delle domande, chiamaci o inviaci un&#8217;e-mail. Il nostro team di assistenza \u00e8 a tua disposizione.\n\t\t\t<\/p>\n\t\t<\/div>\n\t\t<div class=\"col-lg-6 col-bg p-0\">\n\t\t\t<div style=\"background-image: url('\/wp-content\/uploads\/sites\/23\/2021\/05\/CIMG9315.jpg');\"><\/div>\n\t\t<\/div>\n\t<\/div>\n\t<div class=\"row pr-details-row-4 produktion-quote-2 parallax\" style=\"background-image: url('\/wp-content\/uploads\/sites\/23\/2021\/06\/Zitat-b.jpg')\">\n\t\t<div class=\"col\">\n\t\t\t<h3>\u201d Eine hochwertige Materialauswahl und ein auf jedes Produkt individuell angepasster Produktionsprozess sind das Geheimnis f\u00fcr eine perfekte Qualit\u00e4t. \u201d\n\t\t\t\t<span>Charles Rodrigu\u00e8s<\/span>\n\t\t\t\t<span class=\"font-weight-normal\">Gesch\u00e4ftsf\u00fchrer<\/span>\n\t\t\t<\/h3>\n\t\t<\/div>\n\t<\/div>\n<\/div>\n","protected":false},"excerpt":{"rendered":"<p>Come sono fatte le quadrotte di moquette? Qui puoi scoprire come sono realizzate le nostre quadrotte Scopri di pi\u00f9 &#x25BC; Cos\u00ec \u00e8 come vengono realizzate le quadrotte di moquette Il processo di produzione per le quadrotte di moquette \u00e8 abbastanza complesso, ed infatti comprende molti pi\u00f9 passaggi della produzione di una classica moquette a metro. &#8230; <a title=\"Produzione\" class=\"read-more\" href=\"https:\/\/schatex.com\/it\/chi-siamo\/produzione\/\" aria-label=\"Read more about Produzione\">Read more<\/a><\/p>\n","protected":false},"author":1,"featured_media":0,"parent":787,"menu_order":0,"comment_status":"closed","ping_status":"closed","template":"","meta":{"footnotes":""},"yoast_head":"<!-- This site is optimized with the Yoast SEO plugin v22.6 - https:\/\/yoast.com\/wordpress\/plugins\/seo\/ -->\n<title>Wie werden Teppichfliesen hergestellt? | SCHATEX\u00ae \u2013 Die Marke f\u00fcr Teppichfliesen<\/title>\n<meta name=\"description\" content=\"Herstellung von Teppichfliesen | SCHATEX\u00ae - Die Marke f\u00fcr Teppichfliesen | Jetzt mehr erfahren!\" \/>\n<meta name=\"robots\" content=\"index, follow, max-snippet:-1, max-image-preview:large, max-video-preview:-1\" \/>\n<link rel=\"canonical\" href=\"https:\/\/schatex.com\/it\/chi-siamo\/produzione\/\" \/>\n<meta property=\"og:locale\" content=\"en_GB\" \/>\n<meta property=\"og:type\" content=\"article\" \/>\n<meta property=\"og:title\" content=\"Wie werden Teppichfliesen hergestellt? | SCHATEX\u00ae \u2013 Die Marke f\u00fcr Teppichfliesen\" \/>\n<meta property=\"og:description\" content=\"Herstellung von Teppichfliesen | SCHATEX\u00ae - Die Marke f\u00fcr Teppichfliesen | Jetzt mehr erfahren!\" \/>\n<meta property=\"og:url\" content=\"https:\/\/schatex.com\/it\/chi-siamo\/produzione\/\" \/>\n<meta property=\"og:site_name\" content=\"SCHATEX | IT\" \/>\n<meta property=\"article:modified_time\" content=\"2021-12-14T19:45:09+00:00\" \/>\n<meta property=\"og:image\" content=\"https:\/\/schatex.com\/wp-content\/uploads\/sites\/23\/2020\/05\/Rechtecks.png\" \/>\n<meta name=\"twitter:card\" content=\"summary_large_image\" \/>\n<meta name=\"twitter:label1\" content=\"Estimated reading time\" \/>\n\t<meta name=\"twitter:data1\" content=\"3 minutes\" \/>\n<script type=\"application\/ld+json\" class=\"yoast-schema-graph\">{\"@context\":\"https:\/\/schema.org\",\"@graph\":[{\"@type\":\"WebPage\",\"@id\":\"https:\/\/schatex.com\/it\/chi-siamo\/produzione\/\",\"url\":\"https:\/\/schatex.com\/it\/chi-siamo\/produzione\/\",\"name\":\"Wie werden Teppichfliesen hergestellt? | SCHATEX\u00ae \u2013 Die Marke f\u00fcr Teppichfliesen\",\"isPartOf\":{\"@id\":\"https:\/\/schatex.com\/it\/#website\"},\"datePublished\":\"2020-05-18T21:16:18+00:00\",\"dateModified\":\"2021-12-14T19:45:09+00:00\",\"description\":\"Herstellung von Teppichfliesen | SCHATEX\u00ae - Die Marke f\u00fcr Teppichfliesen | Jetzt mehr erfahren!\",\"breadcrumb\":{\"@id\":\"https:\/\/schatex.com\/it\/chi-siamo\/produzione\/#breadcrumb\"},\"inLanguage\":\"en-GB\",\"potentialAction\":[{\"@type\":\"ReadAction\",\"target\":[\"https:\/\/schatex.com\/it\/chi-siamo\/produzione\/\"]}]},{\"@type\":\"BreadcrumbList\",\"@id\":\"https:\/\/schatex.com\/it\/chi-siamo\/produzione\/#breadcrumb\",\"itemListElement\":[{\"@type\":\"ListItem\",\"position\":1,\"name\":\"Home\",\"item\":\"https:\/\/schatex.com\/it\/\"},{\"@type\":\"ListItem\",\"position\":2,\"name\":\"Chi siamo\",\"item\":\"https:\/\/schatex.com\/it\/chi-siamo\/\"},{\"@type\":\"ListItem\",\"position\":3,\"name\":\"Produzione\"}]},{\"@type\":\"WebSite\",\"@id\":\"https:\/\/schatex.com\/it\/#website\",\"url\":\"https:\/\/schatex.com\/it\/\",\"name\":\"SCHATEX | IT\",\"description\":\"Teppichfliesen f\u00fcr Wohnen &amp; Gewerbe\",\"publisher\":{\"@id\":\"https:\/\/schatex.com\/it\/#organization\"},\"potentialAction\":[{\"@type\":\"SearchAction\",\"target\":{\"@type\":\"EntryPoint\",\"urlTemplate\":\"https:\/\/schatex.com\/it\/?s={search_term_string}\"},\"query-input\":\"required name=search_term_string\"}],\"inLanguage\":\"en-GB\"},{\"@type\":\"Organization\",\"@id\":\"https:\/\/schatex.com\/it\/#organization\",\"name\":\"SCHATEX\",\"url\":\"https:\/\/schatex.com\/it\/\",\"logo\":{\"@type\":\"ImageObject\",\"inLanguage\":\"en-GB\",\"@id\":\"https:\/\/schatex.com\/it\/#\/schema\/logo\/image\/\",\"url\":\"https:\/\/schatex.com\/it\/wp-content\/uploads\/sites\/23\/2020\/05\/cropped-logo.png\",\"contentUrl\":\"https:\/\/schatex.com\/it\/wp-content\/uploads\/sites\/23\/2020\/05\/cropped-logo.png\",\"width\":476,\"height\":112,\"caption\":\"SCHATEX\"},\"image\":{\"@id\":\"https:\/\/schatex.com\/it\/#\/schema\/logo\/image\/\"}}]}<\/script>\n<!-- \/ Yoast SEO plugin. -->","yoast_head_json":{"title":"Wie werden Teppichfliesen hergestellt? | SCHATEX\u00ae \u2013 Die Marke f\u00fcr Teppichfliesen","description":"Herstellung von Teppichfliesen | SCHATEX\u00ae - Die Marke f\u00fcr Teppichfliesen | Jetzt mehr erfahren!","robots":{"index":"index","follow":"follow","max-snippet":"max-snippet:-1","max-image-preview":"max-image-preview:large","max-video-preview":"max-video-preview:-1"},"canonical":"https:\/\/schatex.com\/it\/chi-siamo\/produzione\/","og_locale":"en_GB","og_type":"article","og_title":"Wie werden Teppichfliesen hergestellt? | SCHATEX\u00ae \u2013 Die Marke f\u00fcr Teppichfliesen","og_description":"Herstellung von Teppichfliesen | SCHATEX\u00ae - Die Marke f\u00fcr Teppichfliesen | Jetzt mehr erfahren!","og_url":"https:\/\/schatex.com\/it\/chi-siamo\/produzione\/","og_site_name":"SCHATEX | IT","article_modified_time":"2021-12-14T19:45:09+00:00","og_image":[{"url":"https:\/\/schatex.com\/wp-content\/uploads\/sites\/23\/2020\/05\/Rechtecks.png"}],"twitter_card":"summary_large_image","twitter_misc":{"Estimated reading time":"3 minutes"},"schema":{"@context":"https:\/\/schema.org","@graph":[{"@type":"WebPage","@id":"https:\/\/schatex.com\/it\/chi-siamo\/produzione\/","url":"https:\/\/schatex.com\/it\/chi-siamo\/produzione\/","name":"Wie werden Teppichfliesen hergestellt? | SCHATEX\u00ae \u2013 Die Marke f\u00fcr Teppichfliesen","isPartOf":{"@id":"https:\/\/schatex.com\/it\/#website"},"datePublished":"2020-05-18T21:16:18+00:00","dateModified":"2021-12-14T19:45:09+00:00","description":"Herstellung von Teppichfliesen | SCHATEX\u00ae - Die Marke f\u00fcr Teppichfliesen | Jetzt mehr erfahren!","breadcrumb":{"@id":"https:\/\/schatex.com\/it\/chi-siamo\/produzione\/#breadcrumb"},"inLanguage":"en-GB","potentialAction":[{"@type":"ReadAction","target":["https:\/\/schatex.com\/it\/chi-siamo\/produzione\/"]}]},{"@type":"BreadcrumbList","@id":"https:\/\/schatex.com\/it\/chi-siamo\/produzione\/#breadcrumb","itemListElement":[{"@type":"ListItem","position":1,"name":"Home","item":"https:\/\/schatex.com\/it\/"},{"@type":"ListItem","position":2,"name":"Chi siamo","item":"https:\/\/schatex.com\/it\/chi-siamo\/"},{"@type":"ListItem","position":3,"name":"Produzione"}]},{"@type":"WebSite","@id":"https:\/\/schatex.com\/it\/#website","url":"https:\/\/schatex.com\/it\/","name":"SCHATEX | IT","description":"Teppichfliesen f\u00fcr Wohnen &amp; Gewerbe","publisher":{"@id":"https:\/\/schatex.com\/it\/#organization"},"potentialAction":[{"@type":"SearchAction","target":{"@type":"EntryPoint","urlTemplate":"https:\/\/schatex.com\/it\/?s={search_term_string}"},"query-input":"required name=search_term_string"}],"inLanguage":"en-GB"},{"@type":"Organization","@id":"https:\/\/schatex.com\/it\/#organization","name":"SCHATEX","url":"https:\/\/schatex.com\/it\/","logo":{"@type":"ImageObject","inLanguage":"en-GB","@id":"https:\/\/schatex.com\/it\/#\/schema\/logo\/image\/","url":"https:\/\/schatex.com\/it\/wp-content\/uploads\/sites\/23\/2020\/05\/cropped-logo.png","contentUrl":"https:\/\/schatex.com\/it\/wp-content\/uploads\/sites\/23\/2020\/05\/cropped-logo.png","width":476,"height":112,"caption":"SCHATEX"},"image":{"@id":"https:\/\/schatex.com\/it\/#\/schema\/logo\/image\/"}}]}},"_links":{"self":[{"href":"https:\/\/schatex.com\/it\/wp-json\/wp\/v2\/pages\/945"}],"collection":[{"href":"https:\/\/schatex.com\/it\/wp-json\/wp\/v2\/pages"}],"about":[{"href":"https:\/\/schatex.com\/it\/wp-json\/wp\/v2\/types\/page"}],"author":[{"embeddable":true,"href":"https:\/\/schatex.com\/it\/wp-json\/wp\/v2\/users\/1"}],"replies":[{"embeddable":true,"href":"https:\/\/schatex.com\/it\/wp-json\/wp\/v2\/comments?post=945"}],"version-history":[{"count":63,"href":"https:\/\/schatex.com\/it\/wp-json\/wp\/v2\/pages\/945\/revisions"}],"predecessor-version":[{"id":5445,"href":"https:\/\/schatex.com\/it\/wp-json\/wp\/v2\/pages\/945\/revisions\/5445"}],"up":[{"embeddable":true,"href":"https:\/\/schatex.com\/it\/wp-json\/wp\/v2\/pages\/787"}],"wp:attachment":[{"href":"https:\/\/schatex.com\/it\/wp-json\/wp\/v2\/media?parent=945"}],"curies":[{"name":"wp","href":"https:\/\/api.w.org\/{rel}","templated":true}]}}