{"id":943,"date":"2020-05-18T23:15:20","date_gmt":"2020-05-18T21:15:20","guid":{"rendered":"http:\/\/dev.schatex.com\/it\/?page_id=943"},"modified":"2021-12-13T14:37:55","modified_gmt":"2021-12-13T13:37:55","slug":"su-di-noi","status":"publish","type":"page","link":"https:\/\/schatex.com\/it\/chi-siamo\/su-di-noi\/","title":{"rendered":"Su di noi"},"content":{"rendered":"\n<div class=\"header-cover parallax\" style=\"background-image: url('\/wp-content\/uploads\/sites\/23\/2021\/05\/Header-uber-uns.jpg');\">\n\t<div class=\"teppichfliesen-header\">\n\t   <h1>SCHATEX<sup>\u00ae<\/sup> &#8211; Su di noi<\/h1>\n\t   <span>Forniamo prodotti esclusivi, garantendo l\u2019altissima qualit\u00e0 delle nostre collezioni<\/span>\n\t<\/div>\n\t<div class=\"teppichfliesen-subheader\"> <a href=\"#topProdukte\"> Vedi tutto <\/br> &#x25BC; <\/a> <\/div>\n<\/div>\n\n\n\n<div class=\"container-fluid\">\n\t<div class=\"row home-row-1 fliesen-row-1 under-header-row\">\n\t  <div class=\"col-md-6 text-center\" style=\"margin: auto;\">\n\t\t<img decoding=\"async\" src=\"\/wp-content\/uploads\/sites\/23\/2020\/05\/Rechtecks.png\">\n\t  <\/div>\n\t  <div class=\"col-md-6\">\n\t\t<h3 class=\" font-weight-bold\">Su di noi \u2013 Cosa significa SCHATEX<sup>\u00ae<\/sup><\/h3>\n\t\t<p>La nostra gamma di prodotti, sempre in costante crescita, \u00e8 orientata a soddisfare le esigenze dei nostri clienti. SCHATEX<sup>\u00ae<\/sup> &#8211; le quadrotte di moquette per uso residenziale e commerciale.\n        <\/p>\n\t  <\/div>\n\t<\/div>\n\t<div id=\"topProdukte\" class=\"row home-row-2 ueberuns-row-2\">\n\t  <div class=\"col-lg-6\">\n\t\t<h2 class=\"font-weight-bold\">La nostra promessa di qualit\u00e0<\/h2>\n\t\t<p class=\"text-left\">Ci\u00f2 che differenzia SCHATEX \u00e8 l\u2019eccellenza delle nostre quadrotte e listoni di moquette. Nelle nostre collezioni si trovano:<\/p>\n\t\t<ul>\n\t\t  <li>Prodotti di alta qualit\u00e0<\/li>\n\t\t  <li>Ampia gamma di colori e design<\/li>\n\t\t  <li>Prodotti adatti ad ogni esigenza &#8211; casa, ufficio, hotel, fiera, &#8230;<\/li>\n\t\t  <li>Ottimo rapporto prezzo\/prestazioni rispetto al mercato<\/li>\n\t\t  <li>Consegna veloce e una solida rete logistica internazionale<\/li>\n\t\t<\/ul>\n\t\t<p class=\"text-left\">\n            La nostra gamma di prodotti, sempre in costante crescita, \u00e8 orientata alle esigenze dei nostri clienti. Ed \u00e8 per questo motivo che, come fornitori specializzati in quadrotte di moquette, offriamo anche l\u2019opportunit\u00e0 di creare prodotti su misura o con disegni personalizzati &#8211; anche per grandi quantit\u00e0. Il nostro team sar\u00e0 lieto di assistervi in qualsiasi momento.\n        <\/p>\n\t  <\/div>\n\t  <div class=\"col-lg-6 col-bg\">\n\t\t<div style=\"background-image: url('\/wp-content\/uploads\/sites\/23\/2021\/05\/Unsere-Qualitatsversprechen.jpg');\"><\/div>\n\t  <\/div>\n\t  <div class=\"col-lg-6 col-bg\">\n\t\t<div style=\"background-image: url('\/wp-content\/uploads\/sites\/23\/2021\/05\/Der-okologische-Gedanke.jpg');\"><\/div>\n\t  <\/div>\n\t  <div class=\"col-lg-6\">\n\t\t<h2 class=\"font-weight-bold\">Il nostro pensiero ecologico<\/h2>\n\t\t<p class=\"text-left\">\n            Con le quadrotte di moquette abbiamo deciso di dare una svolta sostenibile, non solo alla nostra impresa, ma anche alla nostra vita. Infatti, le quadrotte di moquette sono considerate dei prodotti ecologici, sia per quanto riguarda le loro caratteristiche qualitative, sia per le loro propriet\u00e0 modulari e di posa \u2013 per cui non vi \u00e8 il rischio di spreco del prodotto. <\/br><\/br>\n            L\u2019uso responsabile e sostenibile delle risorse del nostro pianeta \u00e8 di fondamentale importanza per noi.  Noi di SCHATEX cerchiamo sempre di tener conto il pi\u00f9 possibile delle condizioni ecologiche durante la produzione dei nostri prodotti. Per quanto concerne le materie prime, stiamo dando sempre pi\u00f9 importanza all\u2019uso di materiali riciclati come il filato <span class=\"font-weight-bold\">ECONYL<\/span>.\n        <\/p>\n\t  <\/div>\n\t<\/div>\n\t<div class=\"row parallax pr-details-row-4\">\n\t  <div class=\"col\">\n\t\t<h3>\u201d Eine hochwertige Materialauswahl und ein auf jedes Produkt individuell angepasster Produktionsprozess sind das Geheimnis f\u00fcr eine perfekte Qualit\u00e4t. \u201d\n\t\t  <span>Charles Rodrigu\u00e8s<\/span>\n\t\t  <span class=\"font-weight-normal\">Gesch\u00e4ftsf\u00fchrer<\/span>\n\t\t<\/h3>\n\t  <\/div>\n\t<\/div>\n\t<div class=\"row home-row-2 ueberuns-row-2\">\n\t  <div class=\"col-lg-6\">\n\t\t<h2 class=\"font-weight-bold\">Distribuzione Professionale<\/h2>\n\t\t<p class=\"text-left\">\n            Il commercio specializzato dei pavimenti \u00e8 ci\u00f2 che ci sta a cuore. Per questo motivo i nostri dipendenti competenti saranno lieti di darvi consigli dettagliati sulla gamma di prodotti in loco, al telefono o via e-mail. <\/br><\/br>\n            Non siamo attivi solo in Germania, ma il tutto il mondo. I <a href=\"\/it\/distribuzione\/\" class=\"font-weight-bold\" target=\"_blank\" rel=\"noopener\">nostri rappresentati sul campo<\/a> saranno felici di fornirti informazioni su tutti i nostri prodotti \u2013 facciamo sempre del nostro meglio per essere un partner affidabile su cui puoi sempre contare.\n        <\/p>\n\t  <\/div>\n\t  <div class=\"col-lg-6 col-bg\">\n\t\t<div style=\"background-image: url('\/wp-content\/uploads\/sites\/23\/2021\/05\/Professioneller-Vertrieb.jpg');\"><\/div>\n\t  <\/div>\n\t<\/div>\n\t<div class=\"row home-row-2 ueberuns-row-3\">\n\t  <div class=\"col-lg-6 text-center\" style=\"margin: auto;\">\n\t\t<a href=\"https:\/\/www.heimtex.de\/\" target=\"_blank\" rel=\"noopener\"><img decoding=\"async\" src=\"\/wp-content\/uploads\/sites\/23\/2020\/12\/heimtex-logo.png\"><\/a>\n\t  <\/div>\n\t  <div class=\"col-lg-6\">\n\t\t<h2 class=\"font-weight-bold\">Attivit\u00e0 d\u2019associazione svolta \u2013 Le quadrotte di moquette sotto i riflettori<\/h2>\n\t\t<p class=\"text-left\">\n            Noi di SCHATEX siamo <a href=\"https:\/\/www.heimtex.de\/\" class=\"font-weight-bold\" target=\"_blank\" rel=\"noopener\"><u>membri dell\u2019Associazione dell\u2019industria tessile domestica tedesca, Heimtex,<\/u><\/a> e sosteniamo la percezione pubblica dei pavimenti tessili modulari attraverso le nostre attivit\u00e0 associative. <\/br><\/br>\n\n            Le quadrotte di moquette sono un rivestimento per pavimenti pratico e sostenibile con vantaggi imbattibili.\n        <\/p>\n\t  <\/div>\n\t<\/div>\n  <\/div>\n","protected":false},"excerpt":{"rendered":"<p>SCHATEX\u00ae &#8211; Su di noi Forniamo prodotti esclusivi, garantendo l\u2019altissima qualit\u00e0 delle nostre collezioni Vedi tutto &#x25BC; Su di noi \u2013 Cosa significa SCHATEX\u00ae La nostra gamma di prodotti, sempre in costante crescita, \u00e8 orientata a soddisfare le esigenze dei nostri clienti. SCHATEX\u00ae &#8211; le quadrotte di moquette per uso residenziale e commerciale. La nostra &#8230; <a title=\"Su di noi\" class=\"read-more\" href=\"https:\/\/schatex.com\/it\/chi-siamo\/su-di-noi\/\" aria-label=\"Read more about Su di noi\">Read more<\/a><\/p>\n","protected":false},"author":1,"featured_media":0,"parent":787,"menu_order":0,"comment_status":"closed","ping_status":"closed","template":"","meta":{"footnotes":""},"yoast_head":"<!-- This site is optimized with the Yoast SEO plugin v22.6 - https:\/\/yoast.com\/wordpress\/plugins\/seo\/ -->\n<title>Su di noi | SCHATEX | IT \u2013 Die Marke f\u00fcr Teppichfliesen<\/title>\n<meta name=\"description\" content=\"SCHATEX | IT | SCHATEX | IT - Die Marke f\u00fcr Teppichfliesen | Entdecken Sie Top-Produkte f\u00fcr Wohnen &amp; Gewerbe!\" \/>\n<meta name=\"robots\" content=\"index, follow, max-snippet:-1, max-image-preview:large, max-video-preview:-1\" \/>\n<link rel=\"canonical\" href=\"https:\/\/schatex.com\/it\/chi-siamo\/su-di-noi\/\" \/>\n<meta property=\"og:locale\" content=\"en_GB\" \/>\n<meta property=\"og:type\" content=\"article\" \/>\n<meta property=\"og:title\" content=\"Su di noi | SCHATEX | IT \u2013 Die Marke f\u00fcr Teppichfliesen\" \/>\n<meta property=\"og:description\" content=\"SCHATEX | IT | SCHATEX | IT - Die Marke f\u00fcr Teppichfliesen | Entdecken Sie Top-Produkte f\u00fcr Wohnen &amp; Gewerbe!\" \/>\n<meta property=\"og:url\" content=\"https:\/\/schatex.com\/it\/chi-siamo\/su-di-noi\/\" \/>\n<meta property=\"og:site_name\" content=\"SCHATEX | IT\" \/>\n<meta property=\"article:modified_time\" content=\"2021-12-13T13:37:55+00:00\" \/>\n<meta property=\"og:image\" content=\"https:\/\/schatex.com\/wp-content\/uploads\/sites\/23\/2020\/05\/Rechtecks.png\" \/>\n<meta name=\"twitter:card\" content=\"summary_large_image\" \/>\n<meta name=\"twitter:label1\" content=\"Estimated reading time\" \/>\n\t<meta name=\"twitter:data1\" content=\"3 minutes\" \/>\n<script type=\"application\/ld+json\" class=\"yoast-schema-graph\">{\"@context\":\"https:\/\/schema.org\",\"@graph\":[{\"@type\":\"WebPage\",\"@id\":\"https:\/\/schatex.com\/it\/chi-siamo\/su-di-noi\/\",\"url\":\"https:\/\/schatex.com\/it\/chi-siamo\/su-di-noi\/\",\"name\":\"Su di noi | SCHATEX | IT \u2013 Die Marke f\u00fcr Teppichfliesen\",\"isPartOf\":{\"@id\":\"https:\/\/schatex.com\/it\/#website\"},\"datePublished\":\"2020-05-18T21:15:20+00:00\",\"dateModified\":\"2021-12-13T13:37:55+00:00\",\"description\":\"SCHATEX | IT | SCHATEX | IT - Die Marke f\u00fcr Teppichfliesen | Entdecken Sie Top-Produkte f\u00fcr Wohnen & Gewerbe!\",\"breadcrumb\":{\"@id\":\"https:\/\/schatex.com\/it\/chi-siamo\/su-di-noi\/#breadcrumb\"},\"inLanguage\":\"en-GB\",\"potentialAction\":[{\"@type\":\"ReadAction\",\"target\":[\"https:\/\/schatex.com\/it\/chi-siamo\/su-di-noi\/\"]}]},{\"@type\":\"BreadcrumbList\",\"@id\":\"https:\/\/schatex.com\/it\/chi-siamo\/su-di-noi\/#breadcrumb\",\"itemListElement\":[{\"@type\":\"ListItem\",\"position\":1,\"name\":\"Home\",\"item\":\"https:\/\/schatex.com\/it\/\"},{\"@type\":\"ListItem\",\"position\":2,\"name\":\"Chi siamo\",\"item\":\"https:\/\/schatex.com\/it\/chi-siamo\/\"},{\"@type\":\"ListItem\",\"position\":3,\"name\":\"Su di noi\"}]},{\"@type\":\"WebSite\",\"@id\":\"https:\/\/schatex.com\/it\/#website\",\"url\":\"https:\/\/schatex.com\/it\/\",\"name\":\"SCHATEX | IT\",\"description\":\"Teppichfliesen f\u00fcr Wohnen &amp; Gewerbe\",\"publisher\":{\"@id\":\"https:\/\/schatex.com\/it\/#organization\"},\"potentialAction\":[{\"@type\":\"SearchAction\",\"target\":{\"@type\":\"EntryPoint\",\"urlTemplate\":\"https:\/\/schatex.com\/it\/?s={search_term_string}\"},\"query-input\":\"required name=search_term_string\"}],\"inLanguage\":\"en-GB\"},{\"@type\":\"Organization\",\"@id\":\"https:\/\/schatex.com\/it\/#organization\",\"name\":\"SCHATEX\",\"url\":\"https:\/\/schatex.com\/it\/\",\"logo\":{\"@type\":\"ImageObject\",\"inLanguage\":\"en-GB\",\"@id\":\"https:\/\/schatex.com\/it\/#\/schema\/logo\/image\/\",\"url\":\"https:\/\/schatex.com\/it\/wp-content\/uploads\/sites\/23\/2020\/05\/cropped-logo.png\",\"contentUrl\":\"https:\/\/schatex.com\/it\/wp-content\/uploads\/sites\/23\/2020\/05\/cropped-logo.png\",\"width\":476,\"height\":112,\"caption\":\"SCHATEX\"},\"image\":{\"@id\":\"https:\/\/schatex.com\/it\/#\/schema\/logo\/image\/\"}}]}<\/script>\n<!-- \/ Yoast SEO plugin. -->","yoast_head_json":{"title":"Su di noi | SCHATEX | IT \u2013 Die Marke f\u00fcr Teppichfliesen","description":"SCHATEX | IT | SCHATEX | IT - Die Marke f\u00fcr Teppichfliesen | Entdecken Sie Top-Produkte f\u00fcr Wohnen & Gewerbe!","robots":{"index":"index","follow":"follow","max-snippet":"max-snippet:-1","max-image-preview":"max-image-preview:large","max-video-preview":"max-video-preview:-1"},"canonical":"https:\/\/schatex.com\/it\/chi-siamo\/su-di-noi\/","og_locale":"en_GB","og_type":"article","og_title":"Su di noi | SCHATEX | IT \u2013 Die Marke f\u00fcr Teppichfliesen","og_description":"SCHATEX | IT | SCHATEX | IT - Die Marke f\u00fcr Teppichfliesen | Entdecken Sie Top-Produkte f\u00fcr Wohnen & Gewerbe!","og_url":"https:\/\/schatex.com\/it\/chi-siamo\/su-di-noi\/","og_site_name":"SCHATEX | IT","article_modified_time":"2021-12-13T13:37:55+00:00","og_image":[{"url":"https:\/\/schatex.com\/wp-content\/uploads\/sites\/23\/2020\/05\/Rechtecks.png"}],"twitter_card":"summary_large_image","twitter_misc":{"Estimated reading time":"3 minutes"},"schema":{"@context":"https:\/\/schema.org","@graph":[{"@type":"WebPage","@id":"https:\/\/schatex.com\/it\/chi-siamo\/su-di-noi\/","url":"https:\/\/schatex.com\/it\/chi-siamo\/su-di-noi\/","name":"Su di noi | SCHATEX | IT \u2013 Die Marke f\u00fcr Teppichfliesen","isPartOf":{"@id":"https:\/\/schatex.com\/it\/#website"},"datePublished":"2020-05-18T21:15:20+00:00","dateModified":"2021-12-13T13:37:55+00:00","description":"SCHATEX | IT | SCHATEX | IT - Die Marke f\u00fcr Teppichfliesen | Entdecken Sie Top-Produkte f\u00fcr Wohnen & Gewerbe!","breadcrumb":{"@id":"https:\/\/schatex.com\/it\/chi-siamo\/su-di-noi\/#breadcrumb"},"inLanguage":"en-GB","potentialAction":[{"@type":"ReadAction","target":["https:\/\/schatex.com\/it\/chi-siamo\/su-di-noi\/"]}]},{"@type":"BreadcrumbList","@id":"https:\/\/schatex.com\/it\/chi-siamo\/su-di-noi\/#breadcrumb","itemListElement":[{"@type":"ListItem","position":1,"name":"Home","item":"https:\/\/schatex.com\/it\/"},{"@type":"ListItem","position":2,"name":"Chi siamo","item":"https:\/\/schatex.com\/it\/chi-siamo\/"},{"@type":"ListItem","position":3,"name":"Su di noi"}]},{"@type":"WebSite","@id":"https:\/\/schatex.com\/it\/#website","url":"https:\/\/schatex.com\/it\/","name":"SCHATEX | IT","description":"Teppichfliesen f\u00fcr Wohnen &amp; Gewerbe","publisher":{"@id":"https:\/\/schatex.com\/it\/#organization"},"potentialAction":[{"@type":"SearchAction","target":{"@type":"EntryPoint","urlTemplate":"https:\/\/schatex.com\/it\/?s={search_term_string}"},"query-input":"required name=search_term_string"}],"inLanguage":"en-GB"},{"@type":"Organization","@id":"https:\/\/schatex.com\/it\/#organization","name":"SCHATEX","url":"https:\/\/schatex.com\/it\/","logo":{"@type":"ImageObject","inLanguage":"en-GB","@id":"https:\/\/schatex.com\/it\/#\/schema\/logo\/image\/","url":"https:\/\/schatex.com\/it\/wp-content\/uploads\/sites\/23\/2020\/05\/cropped-logo.png","contentUrl":"https:\/\/schatex.com\/it\/wp-content\/uploads\/sites\/23\/2020\/05\/cropped-logo.png","width":476,"height":112,"caption":"SCHATEX"},"image":{"@id":"https:\/\/schatex.com\/it\/#\/schema\/logo\/image\/"}}]}},"_links":{"self":[{"href":"https:\/\/schatex.com\/it\/wp-json\/wp\/v2\/pages\/943"}],"collection":[{"href":"https:\/\/schatex.com\/it\/wp-json\/wp\/v2\/pages"}],"about":[{"href":"https:\/\/schatex.com\/it\/wp-json\/wp\/v2\/types\/page"}],"author":[{"embeddable":true,"href":"https:\/\/schatex.com\/it\/wp-json\/wp\/v2\/users\/1"}],"replies":[{"embeddable":true,"href":"https:\/\/schatex.com\/it\/wp-json\/wp\/v2\/comments?post=943"}],"version-history":[{"count":46,"href":"https:\/\/schatex.com\/it\/wp-json\/wp\/v2\/pages\/943\/revisions"}],"predecessor-version":[{"id":5407,"href":"https:\/\/schatex.com\/it\/wp-json\/wp\/v2\/pages\/943\/revisions\/5407"}],"up":[{"embeddable":true,"href":"https:\/\/schatex.com\/it\/wp-json\/wp\/v2\/pages\/787"}],"wp:attachment":[{"href":"https:\/\/schatex.com\/it\/wp-json\/wp\/v2\/media?parent=943"}],"curies":[{"name":"wp","href":"https:\/\/api.w.org\/{rel}","templated":true}]}}