{"id":69,"date":"2019-12-13T14:23:45","date_gmt":"2019-12-13T13:23:45","guid":{"rendered":"http:\/\/dev.schatex.com\/it\/?page_id=69"},"modified":"2021-12-05T15:45:43","modified_gmt":"2021-12-05T14:45:43","slug":"listoni-di-moquette","status":"publish","type":"page","link":"https:\/\/schatex.com\/it\/prodotti\/listoni-di-moquette\/","title":{"rendered":"Listoni di moquette"},"content":{"rendered":"\n<div class=\"header-cover parallax\" style=\"background-image: url('\/wp-content\/uploads\/sites\/23\/2020\/12\/Teppichdielen-header.jpg');\">\n  <div class=\"teppichfliesen-header\">\n     <h1>Teppichdielen<\/h1>\n     <span>Im Format 25 x 100 cm imitieren Teppichdielen <\/br>den beliebten \u201ePlanken-Look\u201c<\/span>\n  <\/div>\n  <div class=\"teppichfliesen-subheader\"> <a href=\"#topProdukte\"> Alle Ansehen <\/br> &#x25BC; <\/a> <\/div>\n<\/div>\n\n\n\n<div class=\"container-fluid\">\n  <div class=\"row home-row-1 fliesen-row-1 under-header-row\">\n    <div class=\"col-md-6 text-center\" style=\"margin: auto;\">\n      <img decoding=\"async\" src=\"\/wp-content\/uploads\/sites\/23\/2020\/05\/Rechtecks.png\">\n    <\/div>\n    <div class=\"col-md-6\">\n      <h3 class=\"text-uppercase font-weight-bold\">SCHATEX<sup>\u00ae<\/sup> &#8211; Teppichdielen \u2013 die Kollektionen\n\n<\/h3>\n      <p>Produkte von SCHATEX<sup>\u00ae<\/sup> stehen f\u00fcr hochwertige Spitzenqualit\u00e4t und elegantes Design. Unterschiedliche Dessins und Farben sowie verschiedene Konstruktionen zeigen, dass die Vielfalt der SCHATEX<sup>\u00ae<\/sup>-Kollektionen gro\u00df ist und keine W\u00fcnsche offen l\u00e4sst. Bei weiteren Fragen zu unserem Produktsortiment kontaktieren Sie bitte unsere Service-Hotline.<\/p>\n    <\/div>\n  <\/div>\n  <div id=\"topProdukte\" class=\"row fliesen-row-2\">\n    <div class=\"col-sm-6\">\n      <a href=\"\/teppichdielen\/schatex-living-planks\">\n        <img decoding=\"async\" src=\"\/wp-content\/uploads\/sites\/23\/2020\/12\/Living-Planks.jpg\">\n        <h4 class=\"produkt-title font-weight-bold\">SCHATEX<sup>\u00ae<\/sup> \u2013 Living Planks<\/h4>\n      <\/a>\n    <\/div>\n  <\/div>\n<\/div>\n","protected":false},"excerpt":{"rendered":"<p>Teppichdielen Im Format 25 x 100 cm imitieren Teppichdielen den beliebten \u201ePlanken-Look\u201c Alle Ansehen &#x25BC; SCHATEX\u00ae &#8211; Teppichdielen \u2013 die Kollektionen Produkte von SCHATEX\u00ae stehen f\u00fcr hochwertige Spitzenqualit\u00e4t und elegantes Design. Unterschiedliche Dessins und Farben sowie verschiedene Konstruktionen zeigen, dass die Vielfalt der SCHATEX\u00ae-Kollektionen gro\u00df ist und keine W\u00fcnsche offen l\u00e4sst. Bei weiteren Fragen zu &#8230; <a title=\"Listoni di moquette\" class=\"read-more\" href=\"https:\/\/schatex.com\/it\/prodotti\/listoni-di-moquette\/\" aria-label=\"Read more about Listoni di moquette\">Read more<\/a><\/p>\n","protected":false},"author":1,"featured_media":0,"parent":68,"menu_order":2,"comment_status":"closed","ping_status":"closed","template":"","meta":{"footnotes":""},"yoast_head":"<!-- This site is optimized with the Yoast SEO plugin v22.6 - https:\/\/yoast.com\/wordpress\/plugins\/seo\/ -->\n<title>SCHATEX\u00ae Teppichdielen | Kollektionen f\u00fcr Wohnen &amp; Gewerbe<\/title>\n<meta name=\"description\" content=\"SCHATEX\u00ae-Kollektionen | Die Marke f\u00fcr lose verlegbare Teppichdielen | Entdecken Sie Top-Produkte f\u00fcr Wohnen &amp; Gewerbe!\" \/>\n<meta name=\"robots\" content=\"index, follow, max-snippet:-1, max-image-preview:large, max-video-preview:-1\" \/>\n<link rel=\"canonical\" href=\"https:\/\/schatex.com\/it\/prodotti\/listoni-di-moquette\/\" \/>\n<meta property=\"og:locale\" content=\"en_GB\" \/>\n<meta property=\"og:type\" content=\"article\" \/>\n<meta property=\"og:title\" content=\"SCHATEX\u00ae Teppichdielen | Kollektionen f\u00fcr Wohnen &amp; Gewerbe\" \/>\n<meta property=\"og:description\" content=\"SCHATEX\u00ae-Kollektionen | Die Marke f\u00fcr lose verlegbare Teppichdielen | Entdecken Sie Top-Produkte f\u00fcr Wohnen &amp; Gewerbe!\" \/>\n<meta property=\"og:url\" content=\"https:\/\/schatex.com\/it\/prodotti\/listoni-di-moquette\/\" \/>\n<meta property=\"og:site_name\" content=\"SCHATEX | IT\" \/>\n<meta property=\"article:modified_time\" content=\"2021-12-05T14:45:43+00:00\" \/>\n<meta property=\"og:image\" content=\"https:\/\/schatex.com\/wp-content\/uploads\/sites\/23\/2020\/05\/Rechtecks.png\" \/>\n<meta name=\"twitter:card\" content=\"summary_large_image\" \/>\n<meta name=\"twitter:label1\" content=\"Estimated reading time\" \/>\n\t<meta name=\"twitter:data1\" content=\"1 minute\" \/>\n<script type=\"application\/ld+json\" class=\"yoast-schema-graph\">{\"@context\":\"https:\/\/schema.org\",\"@graph\":[{\"@type\":\"WebPage\",\"@id\":\"https:\/\/schatex.com\/it\/prodotti\/listoni-di-moquette\/\",\"url\":\"https:\/\/schatex.com\/it\/prodotti\/listoni-di-moquette\/\",\"name\":\"SCHATEX\u00ae Teppichdielen | Kollektionen f\u00fcr Wohnen & Gewerbe\",\"isPartOf\":{\"@id\":\"https:\/\/schatex.com\/it\/#website\"},\"datePublished\":\"2019-12-13T13:23:45+00:00\",\"dateModified\":\"2021-12-05T14:45:43+00:00\",\"description\":\"SCHATEX\u00ae-Kollektionen | Die Marke f\u00fcr lose verlegbare Teppichdielen | Entdecken Sie Top-Produkte f\u00fcr Wohnen & Gewerbe!\",\"breadcrumb\":{\"@id\":\"https:\/\/schatex.com\/it\/prodotti\/listoni-di-moquette\/#breadcrumb\"},\"inLanguage\":\"en-GB\",\"potentialAction\":[{\"@type\":\"ReadAction\",\"target\":[\"https:\/\/schatex.com\/it\/prodotti\/listoni-di-moquette\/\"]}]},{\"@type\":\"BreadcrumbList\",\"@id\":\"https:\/\/schatex.com\/it\/prodotti\/listoni-di-moquette\/#breadcrumb\",\"itemListElement\":[{\"@type\":\"ListItem\",\"position\":1,\"name\":\"Home\",\"item\":\"https:\/\/schatex.com\/it\/\"},{\"@type\":\"ListItem\",\"position\":2,\"name\":\"Prodotti\",\"item\":\"https:\/\/schatex.com\/it\/prodotti\/\"},{\"@type\":\"ListItem\",\"position\":3,\"name\":\"Listoni di moquette\"}]},{\"@type\":\"WebSite\",\"@id\":\"https:\/\/schatex.com\/it\/#website\",\"url\":\"https:\/\/schatex.com\/it\/\",\"name\":\"SCHATEX | IT\",\"description\":\"Teppichfliesen f\u00fcr Wohnen &amp; Gewerbe\",\"publisher\":{\"@id\":\"https:\/\/schatex.com\/it\/#organization\"},\"potentialAction\":[{\"@type\":\"SearchAction\",\"target\":{\"@type\":\"EntryPoint\",\"urlTemplate\":\"https:\/\/schatex.com\/it\/?s={search_term_string}\"},\"query-input\":\"required name=search_term_string\"}],\"inLanguage\":\"en-GB\"},{\"@type\":\"Organization\",\"@id\":\"https:\/\/schatex.com\/it\/#organization\",\"name\":\"SCHATEX\",\"url\":\"https:\/\/schatex.com\/it\/\",\"logo\":{\"@type\":\"ImageObject\",\"inLanguage\":\"en-GB\",\"@id\":\"https:\/\/schatex.com\/it\/#\/schema\/logo\/image\/\",\"url\":\"https:\/\/schatex.com\/it\/wp-content\/uploads\/sites\/23\/2020\/05\/cropped-logo.png\",\"contentUrl\":\"https:\/\/schatex.com\/it\/wp-content\/uploads\/sites\/23\/2020\/05\/cropped-logo.png\",\"width\":476,\"height\":112,\"caption\":\"SCHATEX\"},\"image\":{\"@id\":\"https:\/\/schatex.com\/it\/#\/schema\/logo\/image\/\"}}]}<\/script>\n<!-- \/ Yoast SEO plugin. -->","yoast_head_json":{"title":"SCHATEX\u00ae Teppichdielen | Kollektionen f\u00fcr Wohnen & Gewerbe","description":"SCHATEX\u00ae-Kollektionen | Die Marke f\u00fcr lose verlegbare Teppichdielen | Entdecken Sie Top-Produkte f\u00fcr Wohnen & Gewerbe!","robots":{"index":"index","follow":"follow","max-snippet":"max-snippet:-1","max-image-preview":"max-image-preview:large","max-video-preview":"max-video-preview:-1"},"canonical":"https:\/\/schatex.com\/it\/prodotti\/listoni-di-moquette\/","og_locale":"en_GB","og_type":"article","og_title":"SCHATEX\u00ae Teppichdielen | Kollektionen f\u00fcr Wohnen & Gewerbe","og_description":"SCHATEX\u00ae-Kollektionen | Die Marke f\u00fcr lose verlegbare Teppichdielen | Entdecken Sie Top-Produkte f\u00fcr Wohnen & Gewerbe!","og_url":"https:\/\/schatex.com\/it\/prodotti\/listoni-di-moquette\/","og_site_name":"SCHATEX | IT","article_modified_time":"2021-12-05T14:45:43+00:00","og_image":[{"url":"https:\/\/schatex.com\/wp-content\/uploads\/sites\/23\/2020\/05\/Rechtecks.png"}],"twitter_card":"summary_large_image","twitter_misc":{"Estimated reading time":"1 minute"},"schema":{"@context":"https:\/\/schema.org","@graph":[{"@type":"WebPage","@id":"https:\/\/schatex.com\/it\/prodotti\/listoni-di-moquette\/","url":"https:\/\/schatex.com\/it\/prodotti\/listoni-di-moquette\/","name":"SCHATEX\u00ae Teppichdielen | Kollektionen f\u00fcr Wohnen & Gewerbe","isPartOf":{"@id":"https:\/\/schatex.com\/it\/#website"},"datePublished":"2019-12-13T13:23:45+00:00","dateModified":"2021-12-05T14:45:43+00:00","description":"SCHATEX\u00ae-Kollektionen | Die Marke f\u00fcr lose verlegbare Teppichdielen | Entdecken Sie Top-Produkte f\u00fcr Wohnen & Gewerbe!","breadcrumb":{"@id":"https:\/\/schatex.com\/it\/prodotti\/listoni-di-moquette\/#breadcrumb"},"inLanguage":"en-GB","potentialAction":[{"@type":"ReadAction","target":["https:\/\/schatex.com\/it\/prodotti\/listoni-di-moquette\/"]}]},{"@type":"BreadcrumbList","@id":"https:\/\/schatex.com\/it\/prodotti\/listoni-di-moquette\/#breadcrumb","itemListElement":[{"@type":"ListItem","position":1,"name":"Home","item":"https:\/\/schatex.com\/it\/"},{"@type":"ListItem","position":2,"name":"Prodotti","item":"https:\/\/schatex.com\/it\/prodotti\/"},{"@type":"ListItem","position":3,"name":"Listoni di moquette"}]},{"@type":"WebSite","@id":"https:\/\/schatex.com\/it\/#website","url":"https:\/\/schatex.com\/it\/","name":"SCHATEX | IT","description":"Teppichfliesen f\u00fcr Wohnen &amp; Gewerbe","publisher":{"@id":"https:\/\/schatex.com\/it\/#organization"},"potentialAction":[{"@type":"SearchAction","target":{"@type":"EntryPoint","urlTemplate":"https:\/\/schatex.com\/it\/?s={search_term_string}"},"query-input":"required name=search_term_string"}],"inLanguage":"en-GB"},{"@type":"Organization","@id":"https:\/\/schatex.com\/it\/#organization","name":"SCHATEX","url":"https:\/\/schatex.com\/it\/","logo":{"@type":"ImageObject","inLanguage":"en-GB","@id":"https:\/\/schatex.com\/it\/#\/schema\/logo\/image\/","url":"https:\/\/schatex.com\/it\/wp-content\/uploads\/sites\/23\/2020\/05\/cropped-logo.png","contentUrl":"https:\/\/schatex.com\/it\/wp-content\/uploads\/sites\/23\/2020\/05\/cropped-logo.png","width":476,"height":112,"caption":"SCHATEX"},"image":{"@id":"https:\/\/schatex.com\/it\/#\/schema\/logo\/image\/"}}]}},"_links":{"self":[{"href":"https:\/\/schatex.com\/it\/wp-json\/wp\/v2\/pages\/69"}],"collection":[{"href":"https:\/\/schatex.com\/it\/wp-json\/wp\/v2\/pages"}],"about":[{"href":"https:\/\/schatex.com\/it\/wp-json\/wp\/v2\/types\/page"}],"author":[{"embeddable":true,"href":"https:\/\/schatex.com\/it\/wp-json\/wp\/v2\/users\/1"}],"replies":[{"embeddable":true,"href":"https:\/\/schatex.com\/it\/wp-json\/wp\/v2\/comments?post=69"}],"version-history":[{"count":115,"href":"https:\/\/schatex.com\/it\/wp-json\/wp\/v2\/pages\/69\/revisions"}],"predecessor-version":[{"id":5360,"href":"https:\/\/schatex.com\/it\/wp-json\/wp\/v2\/pages\/69\/revisions\/5360"}],"up":[{"embeddable":true,"href":"https:\/\/schatex.com\/it\/wp-json\/wp\/v2\/pages\/68"}],"wp:attachment":[{"href":"https:\/\/schatex.com\/it\/wp-json\/wp\/v2\/media?parent=69"}],"curies":[{"name":"wp","href":"https:\/\/api.w.org\/{rel}","templated":true}]}}