{"id":42,"date":"2019-12-13T13:47:16","date_gmt":"2019-12-13T12:47:16","guid":{"rendered":"http:\/\/dev.schatex.com\/it\/?page_id=42"},"modified":"2021-12-05T21:54:30","modified_gmt":"2021-12-05T20:54:30","slug":"schatex","status":"publish","type":"page","link":"https:\/\/schatex.com\/it\/","title":{"rendered":"SCHATEX"},"content":{"rendered":"\n<div id=\"slider\" class=\"carousel slide text-center\" data-ride=\"carousel\">\n\n\t<!-- Indicators -->\n\t<ul class=\"carousel-indicators\">\n\t  <li data-target=\"#slider\" data-slide-to=\"0\" class=\"active\"><\/li>\n\t  <li data-target=\"#slider\" data-slide-to=\"1\"><\/li>\n\t<\/ul>\n  \n\t<!-- The slideshow -->\n\t<div class=\"carousel-inner\">\n\t  <div class=\"carousel-item active\">\n\t\t<img decoding=\"async\" src=\"\/wp-content\/uploads\/sites\/23\/2020\/05\/Slide-1.jpg\" alt=\"SCHATEX\">\n\t\t<div class=\"carousel-caption\">\n\t\t  <h1>SCHATEX<sup>\u00ae<\/sup> \u2013 Le quadrotte moquette che stavi cercando<\/h1>\n\t\t  <h2 class=\"mb-5\">Innovative quadrotte di moquette per uso residenziale e commerciale<\/h2>\n\t\t  <a class=\"btn btn-success btn-slide shadow-lg mt-4\" href=\"\/it\/prodotti\/quadrotte-di-moquette\/\">Scopri tutte le collezioni<\/a>\n\t\t  <a class=\"btn btn-info btn-slide shadow-lg mt-4\" href=\"\/it\/contatti\/\">Contattaci<\/a>\n\t\t<\/div>\n\t  <\/div>\n\t  <div class=\"carousel-item\">\n\t\t<img decoding=\"async\" src=\"\/wp-content\/uploads\/sites\/23\/2020\/05\/Slider__2.jpg\" alt=\"SCHATEX Teppichfliesen\">\n\t\t<div class=\"carousel-caption\">\n\t\t  <h3>Nuovo<\/h3>\n\t\t  <h1 class=\"mb-3\">SCHATEX<sup>\u00ae<\/sup> \u2013 True Colours<\/h1>\n\t\t  <h2 class=\"mb-5\">Lasciati conquistare dai nostri colori e sperimenta infinite combinazioni<\/h2>\n\t\t  <a class=\"btn btn-success btn-slide shadow-lg\" href=\"\/it\/prodotti\/quadrotte-di-moquette\/schatex-true-colours\">Scopri la collezione<\/a>\n\t\t<\/div>\n\t  <\/div>\n\t<\/div>\n  \n\t<!-- Left and right controls -->\n\t<a class=\"carousel-control-prev\" href=\"#slider\" data-slide=\"prev\">\n\t  <span class=\"carousel-control-prev-icon\"><\/span>\n\t<\/a>\n\t<a class=\"carousel-control-next\" href=\"#slider\" data-slide=\"next\">\n\t  <span class=\"carousel-control-next-icon\"><\/span>\n\t<\/a>\n  <\/div>\n\n\n\n<div class=\"container-fluid\">\n    <div class=\"row home-row-1\">\n        <div class=\"row col-lg-4 text-left\">\n            <div class=\"col-4 text-right p-0\">\n                <img decoding=\"async\" src=\"\/wp-content\/uploads\/sites\/23\/2021\/02\/USP Icons_kreativ.svg\">\n            <\/div>\n            <div class=\"col-8\">\n                <h3 class=\"text-uppercase font-weight-bold d-inline\">Creativit\u00e0<\/h3>\n                <p>Scegli tra oltre 100 colori<\/p>\n            <\/div>\n        <\/div>\n        <div class=\"row col-lg-4 text-left\">\n            <div class=\"col-4 text-right p-0\">\n                <img decoding=\"async\" src=\"\/wp-content\/uploads\/sites\/23\/2021\/02\/USP_Icons_verlegen.svg\">\n            <\/div>\n            <div class=\"col-8\">\n                <h3 class=\"text-uppercase font-weight-bold d-inline\">POSA FACILE<\/h3>\n                <p>La posa non \u00e8 mai stata cos\u00ec facile grazie all\u2019alta resistenza e alta qualit\u00e0 del dorso che rende la nostra moquette autoposante<\/p>\n            <\/div>\n        <\/div>\n        <div class=\"row col-lg-4 text-left\">\n            <div class=\"col-4 text-right p-0\">\n                <img decoding=\"async\" src=\"\/wp-content\/uploads\/sites\/23\/2021\/02\/USP_Icons_wohnen_gewerbe.svg\">\n            <\/div>\n            <div class=\"col-8\">\n                <h3 class=\"text-uppercase font-weight-bold d-inline\">USO RESIDENZIALE E COMMERCIALE<\/h3>\n                <p>Offriamo la pi\u00f9 alta qualit\u00e0 per soddisfare tutte le esigenze<\/p>\n            <\/div>\n        <\/div>\n    <\/div>\n    <div class=\"row home-row-2 home-row-padding text-center\">\n        <div class=\"col-lg-6 col-bg p-0\">\n            <div style=\"background-image: url('\/wp-content\/uploads\/sites\/23\/2021\/05\/row-1.jpg');\"><\/div>\n        <\/div>\n        <div class=\"col-lg-6\">\n            <h2 class=\"font-weight-bold text-uppercase text-left\">SU DI NOI<\/h2>\n            <h3 class=\"text-left\">Le quadrotte di moquette sono la nostra passione<\/h3>\n            <p class=\"text-left\">L\u2019altissima qualit\u00e0 delle quadrotte di moquette di SCHATEX<sup>\u00ae<\/sup> \u00e8 sinonimo di funzionalit\u00e0 e design. All\u2019interno della nostra collezione \u00e8 possibile trovare sia modelli base, studiati e realizzati per aree con un basso livello di traffico, che rivestimenti tessili componibili adatti a fiere e aree ristoro, ma soprattutto la nostra gamma vanta prodotti realizzati con i materiali pi\u00f9 raffinati e pregiati, riservati per settori pi\u00f9 esclusivi. In aggiunta alla nostra ben assortita collezione, \u00e8 anche possibile realizzare prodotti personalizzati, e unici nel loro genere, per soddisfare le esigenze di tutti i nostri clienti.\n\t\t\t<\/br><\/br>\n\t\t\tLe quadrotte di moquette SCHATEX<sup>\u00ae<\/sup> sono realizzate con materie prime di altissima qualit\u00e0, utilizzando i pi\u00f9 moderni impianti di produzione. Grazie al nostro attento e meticoloso controllo qualit\u00e0, garantiamo prodotti di prima classe \u2013 <span class=\"font-italic\">Made in Europe<\/span>.\n\t\t\t<\/p>\n            <a href=\"\/it\/contattaci\" class=\"btn btn-info btn-slide shadow-lg\">Contattaci<\/a>\n        <\/div>\n        <div class=\"col-lg-6\">\n            <h2 class=\"font-weight-bold text-uppercase text-left\">VARIETA\u2019 ED INNOVAZIONE DEI PRODOTTI<\/h2>\n            <h3 class=\"text-left\">Crea il tuo pavimento personalizzato con le nostre quadrotte di moquette<\/h3>\n            <p class=\"text-left\">\n\t\t\t\tDiversi modelli di superficie (velour, loop pile, \u2026) e design accentuati che permettono un\u2019ampia variet\u00e0 di usi. <\/br><\/br>\n\t\t\t\tUno dei vantaggi delle moquette \u00e8 la loro capacit\u00e0 di rendere qualsiasi ambiente un posto caldo e accogliente, donando anche un aspetto elegante e moderno, e riuscendo a differenziarsi da tutti gli altri tipi di pavimentazione. Le collezioni SCHATEX offrono un\u2019ampia gamma di colori, consentendo una posa personalizzata. <\/br><\/br>\n\t\t\t\tDivertiti a combinare le nostre quadrotte di moquette e crea bellissime ed uniche combinazioni di colori, rendendo speciali i tuoi ambienti!\n\t\t\t<\/p>\n            <a href=\"\/it\/prodotti\/quadrotte-di-moquette\/\" class=\"btn btn-success btn-slide shadow-lg\">Scopri tutte le collezioni<\/a>\n        <\/div>\n        <div class=\"col-lg-6 col-bg p-0\">\n            <div style=\"background-image: url('\/wp-content\/uploads\/sites\/23\/2021\/05\/PRODUKTVIELFALT-UND-INNOVATION.jpg');\"><\/div>\n        <\/div>\n        <div class=\"col-lg-6 col-bg p-0\">\n            <div style=\"background-image: url('\/wp-content\/uploads\/sites\/23\/2021\/05\/row-3.jpg');\"><\/div>\n        <\/div>\n        <div class=\"col-lg-6\">\n            <h2 class=\"font-weight-bold text-uppercase text-left\">QUALITA\u2019 E SODDISFAZIONE<\/h2>\n            <h3 class=\"text-left\">La moquette a quadrotte perfetta per ogni necessit\u00e0<\/h3>\n            <p class=\"text-left\">\n\t\t\t\tDa anni le quadrotte di moquette sono la nostra specialit\u00e0 e punto di forza, ed \u00e8 proprio ci\u00f2 che ci distingue da tutti gli altri fornitori. Con SCHATEX troverai sempre un professionista pronto ad aiutarti nella tua scelta \u2013 che sia per la tua casa o per il tuo locale commerciale, noi siamo qui per consigliarti il meglio del meglio. <\/br><\/br>\n\t\t\t\tDesideri una consulenza individuale? Hai delle domande tecniche o vuoi semplicemente toglierti una curiosit\u00e0? Il nostro team sar\u00e0 pronto ad aiutarti al telefono o via e-mail.\n\t\t\t<\/p>\n            <a href=\"\/it\/contattaci\" class=\"btn btn-info btn-slide shadow-lg\">Contattaci<\/a>\n        <\/div>\n    <\/div>\n    <div class=\"row carousel-row text-center\">\n        <div id=\"homeCarousel1\" class=\"carousel slide w-75\" data-ride=\"carousel\">\n            <div class=\"carousel-inner w-100\" role=\"listbox\">\n                <div class=\"carousel-item row no-gutters active\">\n                    <div class=\"col-md-3 col-sm-6 float-left\">\n\t\t\t\t\t\t<a href=\"\/it\/prodotti\/quadrotte-di-moquette\/schatex-true-colours\">\n\t\t\t\t\t\t\t<img decoding=\"async\" class=\"img-fluid shadow\" src=\"\/wp-content\/uploads\/sites\/23\/2021\/11\/Homepage-Slider-\u2013-1.jpg\">\n\t\t\t\t\t\t<\/a>\n\t\t\t\t\t<\/div>\n                    <div class=\"col-md-3 col-sm-6 float-left\">\n\t\t\t\t\t\t<a href=\"\/it\/prodotti\/quadrotte-di-moquette\">\n\t\t\t\t\t\t\t<img decoding=\"async\" class=\"img-fluid shadow\" src=\"\/it\/wp-content\/uploads\/sites\/23\/2021\/12\/IT-Prodotti-1.jpg\">\n\t\t\t\t\t\t<\/a>\n\t\t\t\t\t<\/div>\n                    <div class=\"col-md-3 col-sm-6 float-left\">\n\t\t\t\t\t\t<a href=\"\/it\/prodotti\/quadrotte-di-moquette\/schatex-simply-soft\">\n\t\t\t\t\t\t\t<img decoding=\"async\" class=\"img-fluid shadow\" src=\"\/wp-content\/uploads\/sites\/23\/2021\/11\/Homepage-Slider-\u2013-7.jpg\">\n\t\t\t\t\t\t<\/a>\n\t\t\t\t\t<\/div>\n                    <div class=\"col-md-3 col-sm-6 float-left\">\n\t\t\t\t\t\t<a href=\"\/it\/prodotti\/quadrotte-di-moquette\/schatex-interloop\">\n\t\t\t\t\t\t\t<img decoding=\"async\" class=\"img-fluid shadow\" src=\"\/wp-content\/uploads\/sites\/23\/2021\/11\/Homepage-Slider-\u2013-4.jpg\">\n\t\t\t\t\t\t<\/a>\n\t\t\t\t\t<\/div>\n                <\/div>\n                <div class=\"carousel-item row no-gutters\">\n                    <div class=\"col-md-3 col-sm-6 float-left\">\n\t\t\t\t\t\t<a href=\"\/it\/prodotti\/quadrotte-di-moquette\/schatex-traffic-plus\">\n\t\t\t\t\t\t\t<img decoding=\"async\" class=\"img-fluid shadow\" src=\"\/wp-content\/uploads\/sites\/23\/2021\/11\/Homepage-Slider-\u2013-2.jpg\">\n\t\t\t\t\t\t<\/a>\n\t\t\t\t\t<\/div>\n                    <div class=\"col-md-3 col-sm-6 float-left\">\n\t\t\t\t\t\t<a href=\"\/it\/prodotti\/quadrotte-di-moquette\/schatex-traffic\">\n\t\t\t\t\t\t\t<img decoding=\"async\" class=\"img-fluid shadow\" src=\"\/wp-content\/uploads\/sites\/23\/2021\/11\/Homepage-Slider-\u2013-3.jpg\">\n\t\t\t\t\t\t<\/a>\n\t\t\t\t\t<\/div>\n                    <div class=\"col-md-3 col-sm-6 float-left\">\n\t\t\t\t\t\t<a href=\"\/it\/prodotti\/quadrotte-di-moquette\">\n\t\t\t\t\t\t\t<img decoding=\"async\" class=\"img-fluid shadow\" src=\"\/it\/wp-content\/uploads\/sites\/23\/2021\/12\/IT-Prodotti-1.jpg\">\n\t\t\t\t\t\t<\/a>\n\t\t\t\t\t<\/div>\n                    <div class=\"col-md-3 col-sm-6 float-left\">\n\t\t\t\t\t\t<a href=\"\/it\/prodotti\/quadrotte-di-moquette\/schatex-smartline-plus\">\n\t\t\t\t\t\t\t<img decoding=\"async\" class=\"img-fluid shadow\" src=\"\/wp-content\/uploads\/sites\/23\/2021\/11\/Homepage-Slider-\u2013-6.jpg\">\n\t\t\t\t\t\t<\/a>\n\t\t\t\t\t<\/div>\n                <\/div>\n                <div class=\"carousel-item row no-gutters\">\n                    <div class=\"col-md-3 col-sm-6 float-left\">\n\t\t\t\t\t\t<a href=\"\/it\/prodotti\/quadrotte-di-moquette\/schatex-warm-welcome\">\n\t\t\t\t\t\t\t<img decoding=\"async\" class=\"img-fluid shadow\" src=\"\/wp-content\/uploads\/sites\/23\/2021\/11\/Homepage-Slider-\u2013-11.jpg\">\n\t\t\t\t\t\t<\/a>\n\t\t\t\t\t<\/div>\n                    <div class=\"col-md-3 col-sm-6 float-left\">\n\t\t\t\t\t\t<a href=\"\/it\/prodotti\/quadrotte-di-moquette\/schatex-living\">\n\t\t\t\t\t\t\t<img decoding=\"async\" class=\"img-fluid shadow\" src=\"\/wp-content\/uploads\/sites\/23\/2021\/11\/Homepage-Slider-\u2013-10.jpg\">\n\t\t\t\t\t\t<\/a>\n\t\t\t\t\t<\/div>\n                    <div class=\"col-md-3 col-sm-6 float-left\">\n\t\t\t\t\t\t<a href=\"\/it\/prodotti\/quadrotte-di-moquette\/schatex-entrance\">\n\t\t\t\t\t\t\t<img decoding=\"async\" class=\"img-fluid shadow\" src=\"\/wp-content\/uploads\/sites\/23\/2021\/11\/Homepage-Slider-\u2013-9.jpg\">\n\t\t\t\t\t\t<\/a>\n\t\t\t\t\t<\/div>\n                    <div class=\"col-md-3 col-sm-6 float-left\">\n\t\t\t\t\t\t<a href=\"\/it\/prodotti\/quadrotte-di-moquette\">\n\t\t\t\t\t\t\t<img decoding=\"async\" class=\"img-fluid shadow\" src=\"\/it\/wp-content\/uploads\/sites\/23\/2021\/12\/IT-Prodotti-1.jpg\">\n\t\t\t\t\t\t<\/a>\n\t\t\t\t\t<\/div>\n                <\/div>\n            <\/div>\n            <a class=\"carousel-control-prev\" href=\"#homeCarousel1\" role=\"button\" data-slide=\"prev\">\n                <span class=\"carousel-control-prev-icon\" aria-hidden=\"true\"><\/span>\n                <span class=\"sr-only\">Previous<\/span>\n            <\/a>\n            <a class=\"carousel-control-next\" href=\"#homeCarousel1\" role=\"button\" data-slide=\"next\">\n                <span class=\"carousel-control-next-icon\" aria-hidden=\"true\"><\/span>\n                <span class=\"sr-only\">Next<\/span>\n            <\/a>\n        <\/div>\n        <div id=\"homeCarousel2\" class=\"carousel slide w-75\" data-ride=\"carousel\">\n            <div class=\"carousel-inner w-100\" role=\"listbox\">\n                <div class=\"carousel-item row no-gutters active\">\n                    <div class=\"col-md-3 col-sm-6 float-left\">\n\t\t\t\t\t\t<a href=\"\/it\/prodotti\/accessori\/\">\n\t\t\t\t\t\t\t<img decoding=\"async\" class=\"img-fluid shadow\" src=\"\/it\/wp-content\/uploads\/sites\/23\/2021\/12\/Homepage-Slider-\u2013-20.jpg\">\n\t\t\t\t\t\t<\/a>\n\t\t\t\t\t<\/div>\n\t\t\t\t\t<div class=\"col-md-3 col-sm-6 float-left\">\n\t\t\t\t\t\t<a href=\"\/it\/prodotti\/accessori\/\">\n\t\t\t\t\t\t\t<img decoding=\"async\" class=\"img-fluid shadow\" src=\"\/it\/wp-content\/uploads\/sites\/23\/2021\/12\/IT-Accessori.jpg\">\n\t\t\t\t\t\t<\/a>\t\t\t\t\t\n\t\t\t\t\t<\/div>\n\t\t\t\t\t<div class=\"col-md-3 col-sm-6 float-left\">\n\t\t\t\t\t\t<a href=\"\/it\/prodotti\/accessori\/\">\n\t\t\t\t\t\t\t<img decoding=\"async\" class=\"img-fluid shadow\" src=\"\/it\/wp-content\/uploads\/sites\/23\/2021\/12\/Homepage-Slider-\u2013-19.jpg\">\n\t\t\t\t\t\t<\/a>\n\t\t\t\t\t<\/div>\n                    <div class=\"col-md-3 col-sm-6 float-left\">\n\t\t\t\t\t\t<a href=\"\/it\/prodotti\/accessori\/\">\n\t\t\t\t\t\t\t<img decoding=\"async\" class=\"img-fluid shadow\" src=\"\/it\/wp-content\/uploads\/sites\/23\/2021\/12\/Homepage-Slider-\u2013-18.jpg\">\n\t\t\t\t\t\t<\/a>\n\t\t\t\t\t<\/div>\n                <\/div>\n                <div class=\"carousel-item row no-gutters\">\n                    <div class=\"col-md-3 col-sm-6 float-left\">\n\t\t\t\t\t\t<a href=\"\/it\/prodotti\/accessori\/\">\n\t\t\t\t\t\t\t<img decoding=\"async\" class=\"img-fluid shadow\" src=\"\/it\/wp-content\/uploads\/sites\/23\/2021\/12\/Homepage-Slider-\u2013-20.jpg\">\n\t\t\t\t\t\t<\/a>\n\t\t\t\t\t<\/div>\n\t\t\t\t\t<div class=\"col-md-3 col-sm-6 float-left\">\n\t\t\t\t\t\t<a href=\"\/it\/prodotti\/accessori\/\">\n\t\t\t\t\t\t\t<img decoding=\"async\" class=\"img-fluid shadow\" src=\"\/it\/wp-content\/uploads\/sites\/23\/2021\/12\/IT-Accessori.jpg\">\n\t\t\t\t\t\t<\/a>\t\t\t\t\t\n\t\t\t\t\t<\/div>\n\t\t\t\t\t<div class=\"col-md-3 col-sm-6 float-left\">\n\t\t\t\t\t\t<a href=\"\/it\/prodotti\/accessori\/\">\n\t\t\t\t\t\t\t<img decoding=\"async\" class=\"img-fluid shadow\" src=\"\/it\/wp-content\/uploads\/sites\/23\/2021\/12\/Homepage-Slider-\u2013-19.jpg\">\n\t\t\t\t\t\t<\/a>\n\t\t\t\t\t<\/div>\n                    <div class=\"col-md-3 col-sm-6 float-left\">\n\t\t\t\t\t\t<a href=\"\/it\/prodotti\/accessori\/\">\n\t\t\t\t\t\t\t<img decoding=\"async\" class=\"img-fluid shadow\" src=\"\/it\/wp-content\/uploads\/sites\/23\/2021\/12\/Homepage-Slider-\u2013-18.jpg\">\n\t\t\t\t\t\t<\/a>\n\t\t\t\t\t<\/div>\n                <\/div>\n            <\/div>\n            <a class=\"carousel-control-prev\" href=\"#homeCarousel2\" role=\"button\" data-slide=\"prev\">\n                <span class=\"carousel-control-prev-icon\" aria-hidden=\"true\"><\/span>\n                <span class=\"sr-only\">Previous<\/span>\n            <\/a>\n            <a class=\"carousel-control-next\" href=\"#homeCarousel2\" role=\"button\" data-slide=\"next\">\n                <span class=\"carousel-control-next-icon\" aria-hidden=\"true\"><\/span>\n                <span class=\"sr-only\">Next<\/span>\n            <\/a>\n        <\/div>\n    <\/div>\n<\/div>\n<div class=\"container-fluid\">\n\t<div class=\"row home-row-4 text-center\">\n\t  <div class=\"col-sm-12\"><h2 class=\"font-weight-bold text-uppercase text-center\">Nuove collezioni<\/h2><\/div>\n\t  <div class=\"col-md-4 col-sm-6\">\n\t\t<a href=\"\/it\/prodotti\/quadrotte-di-moquette\/schatex-true-colours\">\n\t\t  <img decoding=\"async\" src=\"\/wp-content\/uploads\/sites\/23\/2020\/06\/neue-3.jpg\">\n\t\t  <h4 class=\"font-weight-bold\">SCHATEX<sup>\u00ae<\/sup> \u2013 True Colours<\/h4>\n\t\t<\/a>\n\t  <\/div>\n\t  <div class=\"col-md-4 col-sm-6\">\n\t\t<a href=\"\/it\/prodotti\/quadrotte-di-moquette\/schatex-interloop\">\n\t\t  <img decoding=\"async\" src=\"\/wp-content\/uploads\/sites\/23\/2020\/06\/neue-2.jpg\">\n\t\t  <h4 class=\"font-weight-bold\">SCHATEX<sup>\u00ae<\/sup> \u2013 Interloop<\/h4>\n\t\t<\/a>\n\t  <\/div>\n\t  <div class=\"col-md-4 col-sm-6\">\n\t\t<a href=\"\/it\/prodotti\/quadrotte-di-moquette\/schatex-warm-welcome\">\n\t\t  <img decoding=\"async\" src=\"\/wp-content\/uploads\/sites\/23\/2020\/06\/neue-1.jpg\">\n\t\t  <h4 class=\"font-weight-bold\">SCHATEX<sup>\u00ae<\/sup> \u2013 Warm Welcome<\/h4>\n\t\t<\/a>\n\t  <\/div>\n\t<\/div>\n<\/div>\n\n\n\n<p><\/p>\n","protected":false},"excerpt":{"rendered":"<p>SCHATEX\u00ae \u2013 Le quadrotte moquette che stavi cercando Innovative quadrotte di moquette per uso residenziale e commerciale Scopri tutte le collezioni Contattaci Nuovo SCHATEX\u00ae \u2013 True Colours Lasciati conquistare dai nostri colori e sperimenta infinite combinazioni Scopri la collezione Creativit\u00e0 Scegli tra oltre 100 colori POSA FACILE La posa non \u00e8 mai stata cos\u00ec facile &#8230; <a title=\"SCHATEX\" class=\"read-more\" href=\"https:\/\/schatex.com\/it\/\" aria-label=\"Read more about SCHATEX\">Read more<\/a><\/p>\n","protected":false},"author":1,"featured_media":0,"parent":0,"menu_order":0,"comment_status":"closed","ping_status":"closed","template":"","meta":{"footnotes":""},"yoast_head":"<!-- This site is optimized with the Yoast SEO plugin v22.6 - https:\/\/yoast.com\/wordpress\/plugins\/seo\/ -->\n<title>SCHATEX | IT<\/title>\n<meta name=\"description\" content=\"Teppichfliesen von SCHATEX\u00ae | Die Marke f\u00fcr lose verlegbare Teppichfliesen | Entdecken Sie Top-Produkte f\u00fcr Wohnen &amp; Gewerbe!\" \/>\n<meta name=\"robots\" content=\"index, follow, max-snippet:-1, max-image-preview:large, max-video-preview:-1\" \/>\n<link rel=\"canonical\" href=\"https:\/\/schatex.com\/it\/\" \/>\n<meta property=\"og:locale\" content=\"en_GB\" \/>\n<meta property=\"og:type\" content=\"article\" \/>\n<meta property=\"og:title\" content=\"SCHATEX | IT\" \/>\n<meta property=\"og:description\" content=\"Teppichfliesen von SCHATEX\u00ae | Die Marke f\u00fcr lose verlegbare Teppichfliesen | Entdecken Sie Top-Produkte f\u00fcr Wohnen &amp; Gewerbe!\" \/>\n<meta property=\"og:url\" content=\"https:\/\/schatex.com\/it\/\" \/>\n<meta property=\"og:site_name\" content=\"SCHATEX | IT\" \/>\n<meta property=\"article:modified_time\" content=\"2021-12-05T20:54:30+00:00\" \/>\n<meta property=\"og:image\" content=\"https:\/\/schatex.com\/wp-content\/uploads\/sites\/23\/2020\/05\/Slide-1.jpg\" \/>\n<meta name=\"twitter:card\" content=\"summary_large_image\" \/>\n<meta name=\"twitter:label1\" content=\"Estimated reading time\" \/>\n\t<meta name=\"twitter:data1\" content=\"8 minutes\" \/>\n<script type=\"application\/ld+json\" class=\"yoast-schema-graph\">{\"@context\":\"https:\/\/schema.org\",\"@graph\":[{\"@type\":\"WebPage\",\"@id\":\"https:\/\/schatex.com\/it\/\",\"url\":\"https:\/\/schatex.com\/it\/\",\"name\":\"SCHATEX | IT\",\"isPartOf\":{\"@id\":\"https:\/\/schatex.com\/it\/#website\"},\"datePublished\":\"2019-12-13T12:47:16+00:00\",\"dateModified\":\"2021-12-05T20:54:30+00:00\",\"description\":\"Teppichfliesen von SCHATEX\u00ae | Die Marke f\u00fcr lose verlegbare Teppichfliesen | Entdecken Sie Top-Produkte f\u00fcr Wohnen & Gewerbe!\",\"breadcrumb\":{\"@id\":\"https:\/\/schatex.com\/it\/#breadcrumb\"},\"inLanguage\":\"en-GB\",\"potentialAction\":[{\"@type\":\"ReadAction\",\"target\":[\"https:\/\/schatex.com\/it\/\"]}]},{\"@type\":\"BreadcrumbList\",\"@id\":\"https:\/\/schatex.com\/it\/#breadcrumb\",\"itemListElement\":[{\"@type\":\"ListItem\",\"position\":1,\"name\":\"Home\",\"item\":\"https:\/\/schatex.com\/it\/\"},{\"@type\":\"ListItem\",\"position\":2,\"name\":\"SCHATEX\"}]},{\"@type\":\"WebSite\",\"@id\":\"https:\/\/schatex.com\/it\/#website\",\"url\":\"https:\/\/schatex.com\/it\/\",\"name\":\"SCHATEX | IT\",\"description\":\"Teppichfliesen f\u00fcr Wohnen &amp; Gewerbe\",\"publisher\":{\"@id\":\"https:\/\/schatex.com\/it\/#organization\"},\"potentialAction\":[{\"@type\":\"SearchAction\",\"target\":{\"@type\":\"EntryPoint\",\"urlTemplate\":\"https:\/\/schatex.com\/it\/?s={search_term_string}\"},\"query-input\":\"required name=search_term_string\"}],\"inLanguage\":\"en-GB\"},{\"@type\":\"Organization\",\"@id\":\"https:\/\/schatex.com\/it\/#organization\",\"name\":\"SCHATEX\",\"url\":\"https:\/\/schatex.com\/it\/\",\"logo\":{\"@type\":\"ImageObject\",\"inLanguage\":\"en-GB\",\"@id\":\"https:\/\/schatex.com\/it\/#\/schema\/logo\/image\/\",\"url\":\"https:\/\/schatex.com\/it\/wp-content\/uploads\/sites\/23\/2020\/05\/cropped-logo.png\",\"contentUrl\":\"https:\/\/schatex.com\/it\/wp-content\/uploads\/sites\/23\/2020\/05\/cropped-logo.png\",\"width\":476,\"height\":112,\"caption\":\"SCHATEX\"},\"image\":{\"@id\":\"https:\/\/schatex.com\/it\/#\/schema\/logo\/image\/\"}}]}<\/script>\n<!-- \/ Yoast SEO plugin. -->","yoast_head_json":{"title":"SCHATEX | IT","description":"Teppichfliesen von SCHATEX\u00ae | Die Marke f\u00fcr lose verlegbare Teppichfliesen | Entdecken Sie Top-Produkte f\u00fcr Wohnen & Gewerbe!","robots":{"index":"index","follow":"follow","max-snippet":"max-snippet:-1","max-image-preview":"max-image-preview:large","max-video-preview":"max-video-preview:-1"},"canonical":"https:\/\/schatex.com\/it\/","og_locale":"en_GB","og_type":"article","og_title":"SCHATEX | IT","og_description":"Teppichfliesen von SCHATEX\u00ae | Die Marke f\u00fcr lose verlegbare Teppichfliesen | Entdecken Sie Top-Produkte f\u00fcr Wohnen & Gewerbe!","og_url":"https:\/\/schatex.com\/it\/","og_site_name":"SCHATEX | IT","article_modified_time":"2021-12-05T20:54:30+00:00","og_image":[{"url":"https:\/\/schatex.com\/wp-content\/uploads\/sites\/23\/2020\/05\/Slide-1.jpg"}],"twitter_card":"summary_large_image","twitter_misc":{"Estimated reading time":"8 minutes"},"schema":{"@context":"https:\/\/schema.org","@graph":[{"@type":"WebPage","@id":"https:\/\/schatex.com\/it\/","url":"https:\/\/schatex.com\/it\/","name":"SCHATEX | IT","isPartOf":{"@id":"https:\/\/schatex.com\/it\/#website"},"datePublished":"2019-12-13T12:47:16+00:00","dateModified":"2021-12-05T20:54:30+00:00","description":"Teppichfliesen von SCHATEX\u00ae | Die Marke f\u00fcr lose verlegbare Teppichfliesen | Entdecken Sie Top-Produkte f\u00fcr Wohnen & Gewerbe!","breadcrumb":{"@id":"https:\/\/schatex.com\/it\/#breadcrumb"},"inLanguage":"en-GB","potentialAction":[{"@type":"ReadAction","target":["https:\/\/schatex.com\/it\/"]}]},{"@type":"BreadcrumbList","@id":"https:\/\/schatex.com\/it\/#breadcrumb","itemListElement":[{"@type":"ListItem","position":1,"name":"Home","item":"https:\/\/schatex.com\/it\/"},{"@type":"ListItem","position":2,"name":"SCHATEX"}]},{"@type":"WebSite","@id":"https:\/\/schatex.com\/it\/#website","url":"https:\/\/schatex.com\/it\/","name":"SCHATEX | IT","description":"Teppichfliesen f\u00fcr Wohnen &amp; Gewerbe","publisher":{"@id":"https:\/\/schatex.com\/it\/#organization"},"potentialAction":[{"@type":"SearchAction","target":{"@type":"EntryPoint","urlTemplate":"https:\/\/schatex.com\/it\/?s={search_term_string}"},"query-input":"required name=search_term_string"}],"inLanguage":"en-GB"},{"@type":"Organization","@id":"https:\/\/schatex.com\/it\/#organization","name":"SCHATEX","url":"https:\/\/schatex.com\/it\/","logo":{"@type":"ImageObject","inLanguage":"en-GB","@id":"https:\/\/schatex.com\/it\/#\/schema\/logo\/image\/","url":"https:\/\/schatex.com\/it\/wp-content\/uploads\/sites\/23\/2020\/05\/cropped-logo.png","contentUrl":"https:\/\/schatex.com\/it\/wp-content\/uploads\/sites\/23\/2020\/05\/cropped-logo.png","width":476,"height":112,"caption":"SCHATEX"},"image":{"@id":"https:\/\/schatex.com\/it\/#\/schema\/logo\/image\/"}}]}},"_links":{"self":[{"href":"https:\/\/schatex.com\/it\/wp-json\/wp\/v2\/pages\/42"}],"collection":[{"href":"https:\/\/schatex.com\/it\/wp-json\/wp\/v2\/pages"}],"about":[{"href":"https:\/\/schatex.com\/it\/wp-json\/wp\/v2\/types\/page"}],"author":[{"embeddable":true,"href":"https:\/\/schatex.com\/it\/wp-json\/wp\/v2\/users\/1"}],"replies":[{"embeddable":true,"href":"https:\/\/schatex.com\/it\/wp-json\/wp\/v2\/comments?post=42"}],"version-history":[{"count":360,"href":"https:\/\/schatex.com\/it\/wp-json\/wp\/v2\/pages\/42\/revisions"}],"predecessor-version":[{"id":5385,"href":"https:\/\/schatex.com\/it\/wp-json\/wp\/v2\/pages\/42\/revisions\/5385"}],"wp:attachment":[{"href":"https:\/\/schatex.com\/it\/wp-json\/wp\/v2\/media?parent=42"}],"curies":[{"name":"wp","href":"https:\/\/api.w.org\/{rel}","templated":true}]}}