{"id":3674,"date":"2021-03-21T17:21:52","date_gmt":"2021-03-21T16:21:52","guid":{"rendered":"http:\/\/dev.schatex.com\/it\/?page_id=3674"},"modified":"2025-07-22T08:58:28","modified_gmt":"2025-07-22T06:58:28","slug":"impronta","status":"publish","type":"page","link":"https:\/\/schatex.com\/it\/impronta\/","title":{"rendered":"Impronta"},"content":{"rendered":"\n<div class=\"header-cover parallax\" style=\"background-image: url('\/wp-content\/uploads\/sites\/23\/2021\/06\/Header_Flag_2x.jpg');\">\n  <div class=\"teppichfliesen-header\"> \n     <h1>SCHATEX<sup>\u00ae<\/sup> &#8211; Impressum<\/h1>\n     <span>SCHATEX<sup>\u00ae<\/sup> by Scharpenack GmbH<\/span>\n  <\/div>\n  <div class=\"teppichfliesen-subheader\"> <a href=\"#topProdukte\"> Alle Ansehen <br> \u25bc <\/a> <\/div>\n<\/div>\n\n\n\n<div class=\"container-fluid p-0\">\n    <div class=\"row home-row-1 fliesen-row-1 under-header-row container-fluid m-0\">\n\t\t<div class=\"col-md-6 text-center\" style=\"margin: auto;\">\n\t\t\t<img decoding=\"async\" src=\"\/wp-content\/uploads\/sites\/23\/2020\/05\/Rechtecks.png\">\n\t\t<\/div>\n\t\t<div class=\"col-md-6\">\n\t\t\t<h3 class=\"text-uppercase font-weight-bold\">Sie interessieren sich f\u00fcr unsere Teppichfliesen?<\/h3>\n\t\t\t<p class=\"text-left\">Das gesamte SCHATEX-Produktsortiment ist ausschlie\u00dflich bei Fachh\u00e4ndlern erh\u00e4ltlich. <\/br><\/br> M\u00f6chten auch Sie SCHATEX-Teppichfliesen vertreiben oder haben allgemeine Fragen zu unseren Produkten? Dann z\u00f6gern Sie nicht und nehmen Sie Kontakt mit uns auf.<\/p>\n\t\t\t<a class=\"btn font-weight-bold pl-0\" href=\"\/kontakt\" style=\"color:#A3C851\"><u>Zum Kontaktformular<\/u> <i class=\"bi bi-caret-right-fill\"><\/i><\/a>\n\t\t<\/div>\n\t<\/div>\n<\/div>\n\n\n\n<div class=\"container-lg\"> \n    <div class=\"downloads-row-2 px-4\" id=\"topProdukte\">\n        <h2 class=\"text-uppercase font-weight-bold mb-3\">Impressum<\/h2>\n        <h3 class=\"font-weight-normal mb-0\" style=\"font-family: 'Open Sans';\">Angaben gem\u00e4\u00df \u00a7 5 TMG<\/h3>\n        <p class=\"mt-3\">\n\t\t\tScharpenack GmbH <\/br> \n\t\t\tHochstra\u00dfe 10<\/br>\n\t\t\t42105 Wuppertal<\/br><\/br>\n\t\t\tSCHATEX\u00ae ist eine eingetragene Marke der Scharpenack GmbH\n\t\t<\/p>\n\t\t<h3>Vertreten durch<\/h3>\n\t\t<p>\n\t\t\tHerrn Dirck Scharpenack\n\t\t<\/p>\n\t\t<h3>Kontakt<\/h3>\n\t\t<p>\n\t\t\tTelefon: <a class=\"text-primary\" href=\"tel:0049020227025823\">+49 (0) 202 27 02 58 23<\/a> <\/br>\n\t\t\tTelefax: +49 (0) 202 27 02 71 51 <\/br>\n\t\t\tE-Mail: <a class=\"text-primary\" href=\"mailto:info@schatex.com\/it\">info@schatex.com\/it<\/a> <\/br><\/br>\n\t\t<\/p>\n\t\t<h3>Registereintrag<\/h3>\n\t\t<p>\n\t\t\tEintragung im Handelsregister. <\/br>\n\t\t\tRegistergericht: Amtsgericht Wuppertal <\/br>\n\t\t \tRegisternummer: HRB 23407\n\t\t<\/p>\n\t\t<h3>Umsatzsteuer-ID<\/h3>\n\t\t<p>\n\t\t\tUmsatzsteuer-Identifikationsnummer gem\u00e4\u00df \u00a727 a Umsatzsteuergesetz: DE815280998\n\t\t<\/p>\n\t\t<h3>Haftungsausschluss<\/h3>\n\t\t<p>\n\t\t\t<span class=\"font-weight-bold\">Haftung f\u00fcr Inhalte<\/span> <\/br>\n\t\t\tDie Inhalte unserer Seiten wurden mit gr\u00f6\u00dfter Sorgfalt erstellt. F\u00fcr die Richtigkeit, Vollst\u00e4ndigkeit und Aktualit\u00e4t der Inhalte k\u00f6nnen wir jedoch keine Gew\u00e4hr \u00fcbernehmen. Als Diensteanbieter sind wir gem\u00e4\u00df \u00a7 7 Abs.1 TMG f\u00fcr eigene Inhalte auf diesen Seiten nach den allgemeinen Gesetzen verantwortlich. Nach \u00a7\u00a7 8 bis 10 TMG sind wir als Diensteanbieter jedoch nicht verpflichtet, \u00fcbermittelte oder gespeicherte fremde Informationen zu \u00fcberwachen oder nach Umst\u00e4nden zu forschen, die auf eine rechtswidrige T\u00e4tigkeit hinweisen. Verpflichtungen zur Entfernung oder Sperrung der Nutzung von Informationen nach den allgemeinen Gesetzen bleiben hiervon unber\u00fchrt. Eine diesbez\u00fcgliche Haftung ist jedoch erst ab dem Zeitpunkt der Kenntnis einer konkreten Rechtsverletzung m\u00f6glich. Bei Bekanntwerden von entsprechenden Rechtsverletzungen werden wir diese Inhalte umgehend entfernen. <\/br><\/br>\n\t\t\t<span class=\"font-weight-bold\">Haftung f\u00fcr Links<\/span> <\/br>\n\t\t\tUnser Angebot enth\u00e4lt Links zu externen Webseiten Dritter, auf deren Inhalte wir keinen Einfluss haben. Deshalb k\u00f6nnen wir f\u00fcr diese fremden Inhalte auch keine Gew\u00e4hr \u00fcbernehmen. F\u00fcr die Inhalte der verlinkten Seiten ist stets der jeweilige Anbieter oder Betreiber der Seiten verantwortlich. Die verlinkten Seiten wurden zum Zeitpunkt der Verlinkung auf m\u00f6gliche Rechtsverst\u00f6\u00dfe \u00fcberpr\u00fcft. Rechtswidrige Inhalte waren zum Zeitpunkt der Verlinkung nicht erkennbar. Eine permanente inhaltliche Kontrolle der verlinkten Seiten ist jedoch ohne konkrete Anhaltspunkte einer Rechtsverletzung nicht zumutbar. Bei Bekanntwerden von Rechtsverletzungen werden wir derartige Links umgehend entfernen. <\/br><\/br>\n\t\t\t<span class=\"font-weight-bold\">Urheberrecht<\/span> <\/br>\n\t\t\tDie durch die Seitenbetreiber erstellten Inhalte und Werke auf diesen Seiten unterliegen dem deutschen Urheberrecht. Die Vervielf\u00e4ltigung, Bearbeitung, Verbreitung und jede Art der Verwertung au\u00dferhalb der Grenzen des Urheberrechtes bed\u00fcrfen der schriftlichen Zustimmung des jeweiligen Autors bzw. Erstellers. Downloads und Kopien dieser Seite sind nur f\u00fcr den privaten, nicht kommerziellen Gebrauch gestattet. Soweit die Inhalte auf dieser Seite nicht vom Betreiber erstellt wurden, werden die Urheberrechte Dritter beachtet. Insbesondere werden Inhalte Dritter als solche gekennzeichnet. Sollten Sie trotzdem auf eine Urheberrechtsverletzung aufmerksam werden, bitten wir um einen entsprechenden Hinweis. Bei Bekanntwerden von Rechtsverletzungen werden wir derartige Inhalte umgehend entfernen. <\/br><\/br>\n\t\t\t<span class=\"font-weight-bold\">Datenschutz<\/span> <\/br>\n\t\t\tDie Nutzung unserer Webseite ist in der Regel ohne Angabe personenbezogener Daten m\u00f6glich. Soweit auf unseren Seiten personenbezogene Daten (beispielsweise Name, Anschrift oder eMail-Adressen) erhoben werden, erfolgt dies, soweit m\u00f6glich, stets auf freiwilliger Basis. Diese Daten werden ohne Ihre ausdr\u00fcckliche Zustimmung nicht an Dritte weitergegeben. <\/br><\/br>\n\t\t\tWir weisen darauf hin, dass die Daten\u00fcbertragung im Internet (z.B. bei der Kommunikation per E-Mail) Sicherheitsl\u00fccken aufweisen kann. Ein l\u00fcckenloser Schutz der Daten vor dem Zugriff durch Dritte ist nicht m\u00f6glich. <\/br><\/br>\n\t\t\tDer Nutzung von im Rahmen der Impressumspflicht ver\u00f6ffentlichten Kontaktdaten durch Dritte zur \u00dcbersendung von nicht ausdr\u00fccklich angeforderter Werbung und Informationsmaterialien wird hiermit ausdr\u00fccklich widersprochen. Die Betreiber der Seiten behalten sich ausdr\u00fccklich rechtliche Schritte im Falle der unverlangten Zusendung von Werbeinformationen, etwa durch Spam-Mails, vor. <\/br><\/br>\n\t\t\t<span class=\"font-weight-bold\">Datenschutzerkl\u00e4rung f\u00fcr die Nutzung von Google Analytics<\/span> <\/br>\n\t\t\tDiese Website benutzt Google Analytics, einen Webanalysedienst der Google Inc. (\u201cGoogle\u201d). Google Analytics verwendet sog. \u201cCookies\u201d, Textdateien, die auf Ihrem Computer gespeichert werden und die eine Analyse der Benutzung der Website durch Sie erm\u00f6glichen. Die durch den Cookie erzeugten Informationen \u00fcber Ihre Benutzung dieser Website werden in der Regel an einen Server von Google in den USA \u00fcbertragen und dort gespeichert. Im Falle der Aktivierung der IP-Anonymisierung auf dieser Webseite wird Ihre IP-Adresse von Google jedoch innerhalb von Mitgliedstaaten der Europ\u00e4ischen Union oder in anderen Vertragsstaaten des Abkommens \u00fcber den Europ\u00e4ischen Wirtschaftsraum zuvor gek\u00fcrzt. <\/br><\/br>\n\t\t\tNur in Ausnahmef\u00e4llen wird die volle IP-Adresse an einen Server von Google in den USA \u00fcbertragen und dort gek\u00fcrzt. Im Auftrag des Betreibers dieser Website wird Google diese Informationen benutzen, um Ihre Nutzung der Website auszuwerten, um Reports \u00fcber die Websiteaktivit\u00e4ten zusammenzustellen und um weitere mit der Websitenutzung und der Internetnutzung verbundene Dienstleistungen gegen\u00fcber dem Websitebetreiber zu erbringen. Die im Rahmen von Google Analytics von Ihrem Browser \u00fcbermittelte IP-Adresse wird nicht mit anderen Daten von Google zusammengef\u00fchrt. Sie k\u00f6nnen die Speicherung der Cookies durch eine entsprechende Einstellung Ihrer Browser-Software verhindern; wir weisen Sie jedoch darauf hin, dass Sie in diesem Fall gegebenenfalls nicht s\u00e4mtliche Funktionen dieser Website vollumf\u00e4nglich werden nutzen k\u00f6nnen. Sie k\u00f6nnen dar\u00fcber hinaus die Erfassung der durch das Cookie erzeugten und auf Ihre Nutzung der Website bezogenen Daten (inkl. Ihrer IP-Adresse) an Google sowie die Verarbeitung dieser Daten durch Google verhindern, indem sie das unter dem folgenden Link verf\u00fcgbare Browser-Plugin herunterladen und installieren: <a class=\"text-primary\" href=\"http:\/\/tools.google.com\/dlpage\/gaoptout?hl=de\">http:\/\/tools.google.com\/dlpage\/gaoptout?hl=de<\/a>. <\/br><\/br>\n\t\t\tQuellenangaben: <a class=\"text-primary\" href=\"http:\/\/www.e-recht24.de\/muster-disclaimer.htm\" target=\"_blank\" rel=\"noopener\">eRecht24<\/a>, dem Portal zum Internetrecht von Rechtsanwalt S\u00f6ren Siebert, <a href=\"http:\/\/www.google.com\/analytics\/terms\/de.html\" target=\"_blank\" rel=\"noopener\">Google Analytics Datenschutzerkl\u00e4rung<\/a> <\/br><\/br>\n\t\t<\/p>\n\t<\/div>\n<\/div>\n","protected":false},"excerpt":{"rendered":"<p>SCHATEX\u00ae &#8211; Impressum SCHATEX\u00ae by Scharpenack GmbH Alle Ansehen \u25bc Sie interessieren sich f\u00fcr unsere Teppichfliesen? Das gesamte SCHATEX-Produktsortiment ist ausschlie\u00dflich bei Fachh\u00e4ndlern erh\u00e4ltlich. M\u00f6chten auch Sie SCHATEX-Teppichfliesen vertreiben oder haben allgemeine Fragen zu unseren Produkten? Dann z\u00f6gern Sie nicht und nehmen Sie Kontakt mit uns auf. Zum Kontaktformular Impressum Angaben gem\u00e4\u00df \u00a7 5 TMG &#8230; <a title=\"Impronta\" class=\"read-more\" href=\"https:\/\/schatex.com\/it\/impronta\/\" aria-label=\"Read more about Impronta\">Read more<\/a><\/p>\n","protected":false},"author":1,"featured_media":0,"parent":0,"menu_order":0,"comment_status":"closed","ping_status":"closed","template":"","meta":{"footnotes":""},"yoast_head":"<!-- This site is optimized with the Yoast SEO plugin v22.6 - https:\/\/yoast.com\/wordpress\/plugins\/seo\/ -->\n<title>SCHATEX | IT | Impronta<\/title>\n<meta name=\"robots\" content=\"index, follow, max-snippet:-1, max-image-preview:large, max-video-preview:-1\" \/>\n<link rel=\"canonical\" href=\"https:\/\/schatex.com\/it\/impronta\/\" \/>\n<meta property=\"og:locale\" content=\"en_GB\" \/>\n<meta property=\"og:type\" content=\"article\" \/>\n<meta property=\"og:title\" content=\"SCHATEX | IT | Impronta\" \/>\n<meta property=\"og:description\" content=\"SCHATEX\u00ae &#8211; Impressum SCHATEX\u00ae by Scharpenack GmbH Alle Ansehen \u25bc Sie interessieren sich f\u00fcr unsere Teppichfliesen? Das gesamte SCHATEX-Produktsortiment ist ausschlie\u00dflich bei Fachh\u00e4ndlern erh\u00e4ltlich. M\u00f6chten auch Sie SCHATEX-Teppichfliesen vertreiben oder haben allgemeine Fragen zu unseren Produkten? Dann z\u00f6gern Sie nicht und nehmen Sie Kontakt mit uns auf. Zum Kontaktformular Impressum Angaben gem\u00e4\u00df \u00a7 5 TMG ... Read more\" \/>\n<meta property=\"og:url\" content=\"https:\/\/schatex.com\/it\/impronta\/\" \/>\n<meta property=\"og:site_name\" content=\"SCHATEX | IT\" \/>\n<meta property=\"article:modified_time\" content=\"2025-07-22T06:58:28+00:00\" \/>\n<meta name=\"twitter:card\" content=\"summary_large_image\" \/>\n<meta name=\"twitter:label1\" content=\"Estimated reading time\" \/>\n\t<meta name=\"twitter:data1\" content=\"4 minutes\" \/>\n<script type=\"application\/ld+json\" class=\"yoast-schema-graph\">{\"@context\":\"https:\/\/schema.org\",\"@graph\":[{\"@type\":\"WebPage\",\"@id\":\"https:\/\/schatex.com\/it\/impronta\/\",\"url\":\"https:\/\/schatex.com\/it\/impronta\/\",\"name\":\"SCHATEX | IT | Impronta\",\"isPartOf\":{\"@id\":\"https:\/\/schatex.com\/it\/#website\"},\"datePublished\":\"2021-03-21T16:21:52+00:00\",\"dateModified\":\"2025-07-22T06:58:28+00:00\",\"breadcrumb\":{\"@id\":\"https:\/\/schatex.com\/it\/impronta\/#breadcrumb\"},\"inLanguage\":\"en-GB\",\"potentialAction\":[{\"@type\":\"ReadAction\",\"target\":[\"https:\/\/schatex.com\/it\/impronta\/\"]}]},{\"@type\":\"BreadcrumbList\",\"@id\":\"https:\/\/schatex.com\/it\/impronta\/#breadcrumb\",\"itemListElement\":[{\"@type\":\"ListItem\",\"position\":1,\"name\":\"Home\",\"item\":\"https:\/\/schatex.com\/it\/\"},{\"@type\":\"ListItem\",\"position\":2,\"name\":\"Impronta\"}]},{\"@type\":\"WebSite\",\"@id\":\"https:\/\/schatex.com\/it\/#website\",\"url\":\"https:\/\/schatex.com\/it\/\",\"name\":\"SCHATEX | IT\",\"description\":\"Teppichfliesen f\u00fcr Wohnen &amp; Gewerbe\",\"publisher\":{\"@id\":\"https:\/\/schatex.com\/it\/#organization\"},\"potentialAction\":[{\"@type\":\"SearchAction\",\"target\":{\"@type\":\"EntryPoint\",\"urlTemplate\":\"https:\/\/schatex.com\/it\/?s={search_term_string}\"},\"query-input\":\"required name=search_term_string\"}],\"inLanguage\":\"en-GB\"},{\"@type\":\"Organization\",\"@id\":\"https:\/\/schatex.com\/it\/#organization\",\"name\":\"SCHATEX\",\"url\":\"https:\/\/schatex.com\/it\/\",\"logo\":{\"@type\":\"ImageObject\",\"inLanguage\":\"en-GB\",\"@id\":\"https:\/\/schatex.com\/it\/#\/schema\/logo\/image\/\",\"url\":\"https:\/\/schatex.com\/it\/wp-content\/uploads\/sites\/23\/2020\/05\/cropped-logo.png\",\"contentUrl\":\"https:\/\/schatex.com\/it\/wp-content\/uploads\/sites\/23\/2020\/05\/cropped-logo.png\",\"width\":476,\"height\":112,\"caption\":\"SCHATEX\"},\"image\":{\"@id\":\"https:\/\/schatex.com\/it\/#\/schema\/logo\/image\/\"}}]}<\/script>\n<!-- \/ Yoast SEO plugin. -->","yoast_head_json":{"title":"SCHATEX | IT | Impronta","robots":{"index":"index","follow":"follow","max-snippet":"max-snippet:-1","max-image-preview":"max-image-preview:large","max-video-preview":"max-video-preview:-1"},"canonical":"https:\/\/schatex.com\/it\/impronta\/","og_locale":"en_GB","og_type":"article","og_title":"SCHATEX | IT | Impronta","og_description":"SCHATEX\u00ae &#8211; Impressum SCHATEX\u00ae by Scharpenack GmbH Alle Ansehen \u25bc Sie interessieren sich f\u00fcr unsere Teppichfliesen? Das gesamte SCHATEX-Produktsortiment ist ausschlie\u00dflich bei Fachh\u00e4ndlern erh\u00e4ltlich. M\u00f6chten auch Sie SCHATEX-Teppichfliesen vertreiben oder haben allgemeine Fragen zu unseren Produkten? Dann z\u00f6gern Sie nicht und nehmen Sie Kontakt mit uns auf. Zum Kontaktformular Impressum Angaben gem\u00e4\u00df \u00a7 5 TMG ... Read more","og_url":"https:\/\/schatex.com\/it\/impronta\/","og_site_name":"SCHATEX | IT","article_modified_time":"2025-07-22T06:58:28+00:00","twitter_card":"summary_large_image","twitter_misc":{"Estimated reading time":"4 minutes"},"schema":{"@context":"https:\/\/schema.org","@graph":[{"@type":"WebPage","@id":"https:\/\/schatex.com\/it\/impronta\/","url":"https:\/\/schatex.com\/it\/impronta\/","name":"SCHATEX | IT | Impronta","isPartOf":{"@id":"https:\/\/schatex.com\/it\/#website"},"datePublished":"2021-03-21T16:21:52+00:00","dateModified":"2025-07-22T06:58:28+00:00","breadcrumb":{"@id":"https:\/\/schatex.com\/it\/impronta\/#breadcrumb"},"inLanguage":"en-GB","potentialAction":[{"@type":"ReadAction","target":["https:\/\/schatex.com\/it\/impronta\/"]}]},{"@type":"BreadcrumbList","@id":"https:\/\/schatex.com\/it\/impronta\/#breadcrumb","itemListElement":[{"@type":"ListItem","position":1,"name":"Home","item":"https:\/\/schatex.com\/it\/"},{"@type":"ListItem","position":2,"name":"Impronta"}]},{"@type":"WebSite","@id":"https:\/\/schatex.com\/it\/#website","url":"https:\/\/schatex.com\/it\/","name":"SCHATEX | IT","description":"Teppichfliesen f\u00fcr Wohnen &amp; Gewerbe","publisher":{"@id":"https:\/\/schatex.com\/it\/#organization"},"potentialAction":[{"@type":"SearchAction","target":{"@type":"EntryPoint","urlTemplate":"https:\/\/schatex.com\/it\/?s={search_term_string}"},"query-input":"required name=search_term_string"}],"inLanguage":"en-GB"},{"@type":"Organization","@id":"https:\/\/schatex.com\/it\/#organization","name":"SCHATEX","url":"https:\/\/schatex.com\/it\/","logo":{"@type":"ImageObject","inLanguage":"en-GB","@id":"https:\/\/schatex.com\/it\/#\/schema\/logo\/image\/","url":"https:\/\/schatex.com\/it\/wp-content\/uploads\/sites\/23\/2020\/05\/cropped-logo.png","contentUrl":"https:\/\/schatex.com\/it\/wp-content\/uploads\/sites\/23\/2020\/05\/cropped-logo.png","width":476,"height":112,"caption":"SCHATEX"},"image":{"@id":"https:\/\/schatex.com\/it\/#\/schema\/logo\/image\/"}}]}},"_links":{"self":[{"href":"https:\/\/schatex.com\/it\/wp-json\/wp\/v2\/pages\/3674"}],"collection":[{"href":"https:\/\/schatex.com\/it\/wp-json\/wp\/v2\/pages"}],"about":[{"href":"https:\/\/schatex.com\/it\/wp-json\/wp\/v2\/types\/page"}],"author":[{"embeddable":true,"href":"https:\/\/schatex.com\/it\/wp-json\/wp\/v2\/users\/1"}],"replies":[{"embeddable":true,"href":"https:\/\/schatex.com\/it\/wp-json\/wp\/v2\/comments?post=3674"}],"version-history":[{"count":29,"href":"https:\/\/schatex.com\/it\/wp-json\/wp\/v2\/pages\/3674\/revisions"}],"predecessor-version":[{"id":5480,"href":"https:\/\/schatex.com\/it\/wp-json\/wp\/v2\/pages\/3674\/revisions\/5480"}],"wp:attachment":[{"href":"https:\/\/schatex.com\/it\/wp-json\/wp\/v2\/media?parent=3674"}],"curies":[{"name":"wp","href":"https:\/\/api.w.org\/{rel}","templated":true}]}}