{"id":3660,"date":"2021-03-20T02:56:30","date_gmt":"2021-03-20T01:56:30","guid":{"rendered":"http:\/\/dev.schatex.com\/it\/?page_id=3660"},"modified":"2025-07-22T08:58:50","modified_gmt":"2025-07-22T06:58:50","slug":"privacy-policy","status":"publish","type":"page","link":"https:\/\/schatex.com\/it\/privacy-policy\/","title":{"rendered":"Privacy Policy"},"content":{"rendered":"\n<div class=\"header-cover parallax\" style=\"background-image: url('\/wp-content\/uploads\/sites\/23\/2021\/06\/Header_Flag_2x.jpg');\">\n  <div class=\"teppichfliesen-header\"> \n     <h1>SCHATEX<sup>\u00ae<\/sup> &#8211; Datenschutzerkl\u00e4rung<\/h1>\n     <span>SCHATEX<sup>\u00ae<\/sup> by Scharpenack GmbH<\/span>\n  <\/div>\n  <div class=\"teppichfliesen-subheader\"> <a href=\"#topProdukte\"> Alle Ansehen <br> \u25bc <\/a> <\/div>\n<\/div>\n\n\n\n<div class=\"container-fluid p-0\">\n    <div class=\"row home-row-1 fliesen-row-1 under-header-row container-fluid m-0\">\n\t\t<div class=\"col-md-6 text-center\" style=\"margin: auto;\">\n\t\t\t<img decoding=\"async\" src=\"\/wp-content\/uploads\/sites\/23\/2020\/05\/Rechtecks.png\">\n\t\t<\/div>\n\t\t<div class=\"col-md-6\">\n\t\t\t<h3 class=\"text-uppercase font-weight-bold\">Sie m\u00f6chten  in Ihrem Sortiment?<\/h3>\n\t\t\t<p class=\"text-left\">Das gesamte SCHATEX-Produktsortiment ist ausschlie\u00dflich bei Fachh\u00e4ndlern erh\u00e4ltlich. M\u00f6chten auch Sie SCHATEX-Teppichfliesen vertreiben oder haben allgemeine Fragen zu unseren Produkten? Dann z\u00f6gern Sie nicht und nehmen Sie Kontakt mit uns auf.<\/p>\n\t\t\t<a class=\"btn font-weight-bold pl-0\" href=\"\/kontakt\" style=\"color:#A3C851\"><u>Zum Kontaktformular<\/u> <i class=\"bi bi-caret-right-fill\"><\/i><\/a>\n\t\t<\/div>\n\t<\/div>\n<\/div>\n\t\n<div class=\"container-lg\">\n\t<div class=\"row downloads-row-2 px-4\" id=\"topProdukte\">\n        <h2 class=\"text-uppercase font-weight-bold mb-0\">Datenschutzerkl\u00e4rung <style>@media (max-width: 960px){.teppichfliesen-header h1 {font-size: 2em;}}<\/style><\/h2>\n        <p class=\"mt-0\">\n\t\t\tStand: Mai 2018 <\/br><\/br>\n\t\t\tDiese Datenschutzerkl\u00e4rung kl\u00e4rt Sie \u00fcber die Art, den Umfang und Zweck der Verarbeitung ihrer personenbezogenen Daten (nachfolgend kurz \u201eDaten\u201c) durch uns und Ihre diesbez\u00fcglichen Rechte auf.\n\t\t<\/p>\n\t\t<h3>1. Wer ist f\u00fcr die Datenverarbeitung verantwortlich und an wen kann ich mich wenden<\/h3>\n\t\t<p>\n\t\t\tVerantwortlich im Sinne der Datenschutz-Grundverordnung ist: <\/br><\/br>\n\t\t\tScharpenack GmbH <\/br>\n\t\t\tHochstra\u00dfe 10<\/br>\n\t\t\t42105 Wuppertal<\/br><\/br>\n\t\t\tTelefon: <a class=\"text-primary\" href=\"tel:020227025823\">0202 \u2013 27 02 58 23<\/a> <\/br>\n\t\t\tFax: 0202 \u2013 27 02 71 51 <\/br><\/br>\n\t\t\tE-Mail: <a class=\"text-primary\" href=\"mailto:info@scharpenack-gmbh.de\"><\/a>info@scharpenack-gmbh.de <\/br>\n\t\t\tWeb: <a class=\"text-primary\" href=\"http:\/\/www.schatex.com\/it\"><\/a>www.schatex.com\/it <\/br><\/br>\n\t\t\tSofern Sie der Erhebung, Verarbeitung oder Nutzung Ihrer Daten gem\u00e4\u00df den datenschutzrechtlichen Bestimmungen insgesamt oder f\u00fcr einzelne Ma\u00dfnahmen widersprechen m\u00f6chten, richten Sie Ihren Widerspruch an die oben genannte Anschrift oder per E-Mail an die oben genannte E-Mail-Adresse.\n\t\t<\/p>\n\t\t<h3>2. Auf welcher Rechtsgrundlage verarbeiten wir Ihre Daten<\/h3>\n\t\t<p>\n\t\t\tZun\u00e4chst teilen wir Ihnen gem\u00e4\u00df Art. 13 DSGVO im Folgenden die Rechtsgrundlagen unserer Datenverarbeitungen mit. Wird die Rechtsgrundlage in dieser Datenschutzerkl\u00e4rung nicht ausdr\u00fccklich genannt, so gilt das Folgende: Haben Sie zu der Verarbeitung Ihrer personenbezogenen Daten Ihre Einwilligung gegeben, ist die Rechtsgrundlage Art. 6 Abs. 1 lit. a und Art. 7 DSGVO, erfolgt die Verarbeitung zur Erf\u00fcllung unserer Leistungen und Durchf\u00fchrung vertraglicher Ma\u00dfnahmen sowie Beantwortung von Anfragen ist die Rechtsgrundlage Art. 6 Abs. 1 lit. b DSGVO, erfolgt die Verarbeitung zur Erf\u00fcllung unserer rechtlichen Verpflichtungen ist die Rechtsgrundlage Art. 6 Abs. 1 lit. c DSGVO und erfolgt die Verarbeitung zur Wahrung unserer berechtigten Interessen ist die Rechtsgrundlage Art. 6 Abs. 1 lit. f DSGVO. Ist eine Verarbeitung personenbezogener Daten erforderlich, um lebenswichtige Interessen der betroffenen Person oder einer anderen nat\u00fcrlichen Person zu sch\u00fctzen, dient Art. 6 Abs. 1 lit. d DSGVO als Rechtsgrundlage. <\/br><\/br>\n\t\t\tErfolgt eine Verarbeitung auf Grundlage Ihrer Einwilligung, so k\u00f6nnen Sie diese jederzeit mit Wirkung f\u00fcr die Zukunft widerrufen. Ihren Widerruf k\u00f6nnen Sie per Post an oben genannte Anschrift oder per E-Mail an die oben genannte E-Mail-Adresse \u00fcbermitteln. <\/br><\/br>\n\t\t\tF\u00fcr den Fall, dass wir im Rahmen unserer Verarbeitung Daten gegen\u00fcber anderen Personen und Unternehmen (Auftragsverarbeitern oder Dritten) offenbaren, Daten an diese \u00fcbermitteln oder ihnen sonst Zugriff auf die Daten gew\u00e4hren, erfolgt dies ausschlie\u00dflich auf Grundlage einer gesetzlichen Erlaubnis (z.B. wenn eine \u00dcbermittlung der Daten an Dritte, wie an Zahlungsdienstleister, gem. Art. 6 Abs. 1 lit. b DSGVO zur Vertragserf\u00fcllung erforderlich ist), Sie eingewilligt haben, eine rechtliche Verpflichtung dies vorsieht oder auf Grundlage unserer berechtigten Interessen (z.B. beim Einsatz von Beauftragten, Webhostern, etc. gem, Art 6 Abs. 1 lit. C DSGVO). <\/br><\/br>\n\t\t\tF\u00fcr den Fall, dass wir Dritte mit der Verarbeitung von Daten beauftragen, geschieht dies auf Grundlage des Art. 28 DSGVO. (sog. \u201eAuftragsverarbeitung\u201c).\n\t\t<\/p>\n\t\t<h3>3. Welche Daten werden verarbeitet<\/h3>\n\t\t<p>\n\t\t\t<span class=\"font-weight-bold d-block\">Cookies<\/span>\n\t\t\tWir setzen Cookies auf unserer Internetseite ein. Dies erfolgt, um Anfragen und Anforderungen des Interessenten zuordnen zu k\u00f6nnen. Bei Cookies handelt es sich um kleine Textdateien, die auf Ihrem Computersystem abgelegt werden. Durch den Einsatz von Cookies werden wir in die Lage versetzt, die H\u00e4ufigkeit von Seitenaufrufen und die allgemeine Navigation zu messen. Wir weisen Sie darauf hin, dass einige dieser Cookies von unserem Server auf Ihr Computersystem \u00fcberspielt werden, wobei es sich dabei meist um so genannte \u201eSession-Cookies\u201c handelt. \u201eSession-Cookies\u201c zeichnen sich dadurch aus, dass diese automatisch nach Ende der Browser-Sitzung wieder von Ihrer Festplatte gel\u00f6scht werden. Andere Cookies verbleiben auf Ihrem Computersystem und erm\u00f6glichen es uns, Ihr Computersystem bei Ihrem n\u00e4chsten Besuch wieder zu erkennen (sog. dauerhafte Cookies). Sofern Ihr Browser dies zul\u00e4sst, k\u00f6nnen Sie Cookies jederzeit ablehnen. Bitte beachten Sie, dass bestimmte Funktionen dieser Website m\u00f6glicherweise nicht oder nur eingeschr\u00e4nkt genutzt werden k\u00f6nnen, wenn Ihr Browser so eingestellt ist, dass keine Cookies (unserer Website) angenommen werden. <\/br><\/br>\n\t\t\t<span class=\"font-weight-bold d-block\">Hosting<\/span>\n\t\t\tDie von uns in Anspruch genommenen Hosting-Leistungen dienen der Zurverf\u00fcgungstellung der folgenden Leistungen: Infrastruktur- und Plattformdienstleistungen, Rechenkapazit\u00e4t, Speicherplatz und Datenbankdienste, Sicherheitsleistungen sowie technische Wartungsleistungen, die wir zum Zwecke des Betriebs dieses Onlineangebotes einsetzen. F\u00fcr diese Zwecke verarbeiten wir, bzw. unser Hostinganbieter Ihre Date auf Grundlage unserer berechtigten Interessen an einer effizienten und sicheren Zurverf\u00fcgungstellung dieses Onlineangebotes gem. Art. 6 Abs. 1 lit. f DSGVO i.V.m. Art. 28 DSGVO (Abschluss Auftragsverarbeitungsvertrag). <\/br><\/br>\n\t\t\t<span class=\"font-weight-bold d-block\">Erhebung von Zugriffsdaten und Logfiles<\/span>\n\t\t\tWir, bzw. unser Hostinganbieter, erhebt auf Grundlage unserer berechtigten Interessen im Sinne des Art. 6 Abs. 1 lit. f. DSGVO Daten \u00fcber jeden Zugriff auf den Server, auf dem sich dieser Dienst befindet (sogenannte Serverlogfiles). Zu den Zugriffsdaten geh\u00f6ren Datum und Uhrzeit des Abrufs, Name der abgerufenen Webseite, die \u00fcbertragene Datenmenge, die Meldung \u00fcber erfolgreichen Abruf, der Browsertyp nebst Version, das Betriebssystem des Nutzers, die zuvor besuchte Seite (sog. \u201eReferrer URL\u201c), die IP-Adresse und der anfragende Provider. Logfile-Informationen werden aus f\u00fcr die Dauer von maximal 7 Tagen gespeichert und danach gel\u00f6scht. Daten, deren weitere Aufbewahrung zu Beweiszwecken erforderlich ist, sind bis zur endg\u00fcltigen Kl\u00e4rung des jeweiligen Vorfalls von der L\u00f6schung ausgenommen. <\/br><\/br>\n\t\t\t<span class=\"font-weight-bold d-block\">Kontaktaufnahme<\/span>\n\t\t\tBei der Kontaktaufnahme mit uns (z.B. per Kontaktformular, E-Mail, Telefon oder via sozialer Medien) werden die Angaben des Nutzers zur Bearbeitung der Kontaktanfrage und deren Abwicklung gem. Art. 6 Abs. 1 lit. b) DSGVO verarbeitet. Die L\u00f6schung der Daten erfolgt nach abgeschlossener Bearbeitung Ihrer Anfrage. <\/br><\/br>\n\t\t\tDiese Daten geben wir nicht ohne Ihre Einwilligung weiter. Sie k\u00f6nnen diese Einwilligung jederzeit ohne Angabe von Gr\u00fcnden widerrufen. Dazu reicht eine formlose Mitteilung per E-Mail an uns. Die Rechtm\u00e4\u00dfigkeit der bis zum Widerruf erfolgten Datenverarbeitungsvorg\u00e4nge bleibt vom Widerruf unber\u00fchrt. <\/br><\/br>\n\t\t\tDie von Ihnen im Kontaktformular eingegebenen Daten verbleiben bei uns, bis Sie uns zur L\u00f6schung auffordern, Ihre Einwilligung zur Speicherung widerrufen oder der Zweck f\u00fcr die Datenspeicherung entf\u00e4llt (z.B. nach abgeschlossener Bearbeitung Ihrer Anfrage). Zwingende gesetzliche Bestimmungen \u2013 insbesondere Aufbewahrungsfristen \u2013 bleiben unber\u00fchrt.\n\t\t<\/p>\n\t\t<h3>4. Wie sicher sind meine Daten<\/h3>\n\t\t<p>\n\t\t\tS\u00e4mtliche Daten, die Sie uns zur Verf\u00fcgung stellen, werden aus Sicherheitsgr\u00fcnden mit dem SSL-(Secure Socket Layer)-Verfahren verschl\u00fcsselt und \u00fcbertragen. Bei SSL handelt es sich um ein bew\u00e4hrtes und weltweit verwendetes Verschl\u00fcsselungssystem, mit dessen Hilfe Ihr Browser Ihre Daten automatisch vor Absendung an uns verschl\u00fcsselt. Eine verschl\u00fcsselte Verbindung erkennen Sie daran, dass die Adresszeile des Browsers von \u201chttp:\/\/\u201d auf \u201chttps:\/\/\u201d wechselt und an dem Schloss-Symbol in Ihrer Browserzeile.\t\n\t\t<\/p>\n\t\t<h3 class=\"mb-0\">5. Welche Rechte habe ich als betroffene Person<\/h3>\n\t\t<p>\n\t\t\tSie k\u00f6nnen jederzeit <\/br><\/br>\n\t\t\t\u2022 Auskunft \u00fcber die von Ihnen bei uns gespeicherten bzw. verarbeiteten Daten erhalten <\/br>\n\t\t\t\u2022 Berichtigung oder L\u00f6schung Ihrer Daten verlangen <\/br>\n\t\t\t\u2022 Einschr\u00e4nkung der Verarbeitung Ihrer Daten verlangen <\/br>\n\t\t\t\u2022 Widerspruch gegen die Verarbeitung Ihrer Daten erheben <\/br>\n\t\t\t\u2022 die \u00dcbertragbarkeit Ihrer Daten einfordern <\/br>\n\t\t\t\u2022 Beschwerde bei der Datenschutz Aufsichtsbeh\u00f6rde einreichen. Ihre zust\u00e4ndige Aufsichtsbeh\u00f6rde ist die Ihres Wohnortes. Eine Liste der Aufsichtsbeh\u00f6rden finden Sie hier: <a class=\"text-primary\" href=\"https:\/\/www.bfdi.bund.de\/DE\/Infothek\/Anschriften_Links\/anschriften_links-node.html\"> https:\/\/www.bfdi.bund.de\/DE\/Infothek\/Anschriften_Links\/anschriften_links-node.html <\/a>\n\t\t<\/p>\n\t\t<h3>6. Wie lange werden meine Daten gespeichert<\/h3>\n\t\t<p>\n\t\t\tDie von uns verarbeiteten Daten werden nach Ma\u00dfgabe der Art. 17 und 18 DSGVO gel\u00f6scht oder in ihrer Verarbeitung eingeschr\u00e4nkt. Sobald die Daten f\u00fcr ihre Zweckbestimmung nicht mehr erforderlich sind und der L\u00f6schung keine gesetzlichen Aufbewahrungspflichten entgegenstehen, werden die bei uns gespeicherten Daten gel\u00f6scht. Sofern die Daten nicht gel\u00f6scht werden, weil sie f\u00fcr andere und gesetzlich zul\u00e4ssige Zwecke erforderlich sind, wird deren Verarbeitung eingeschr\u00e4nkt. D.h. die Daten werden gesperrt und nicht f\u00fcr andere Zwecke verarbeitet. Das gilt z.B. f\u00fcr Daten, die aus handels- oder steuerrechtlichen Gr\u00fcnden aufbewahrt werden m\u00fcssen. Nach gesetzlichen Vorgaben in Deutschland erfolgt die Aufbewahrung insbesondere f\u00fcr 6 Jahre gem\u00e4\u00df \u00a7 257 Abs. 1 HGB sowie f\u00fcr 10 Jahre gem\u00e4\u00df \u00a7 147 Abs. 1 AO.\t\n\t\t<\/p>\n\t\t<h3>7. Webanalyse- Tools<\/h3>\n\t\t<p>\n\t\t\tAus unseren Webseiten haben wir verschiedene Analysedienste eingebunden. \u00dcber die Dienste werden Informationen \u00fcber Ihren Besuch auf unserer Webseite erhoben, damit wir die Funktionalit\u00e4t unserer Webseite nachvollziehen und nutzerfreundlicher gestalten k\u00f6nnen. Die Datenverarbeitung erfolgt ausschlie\u00dflich statistisch. Ihre IP-Adresse wird daher standardm\u00e4\u00dfig um das letzte Oktett gek\u00fcrzt. so dass die zuvor personenbezogenen Nutzerdaten direkt anonymisiert werden und keine Zuordnung zu einem individuellen Nutzer erfolgen kann. <\/br><\/br>\n\t\t\tDie Datenverarbeitung erfolgt auf Grundlage von Art. 6 Abs. 1 lit. f DSGVO. Der Websitebetreiber hat ein berechtigtes Interesse an der Analyse des Nutzerverhaltens, um sowohl sein Webangebot als auch seine Werbung zu optimieren. <\/br><\/br>\n\t\t\tAuf unserer Webseite sind folgende Analysedienste eingebunden: <\/br><\/br>\n\t\t\tGoogle Analytics mit Anonymisierungsfunktion <\/br><\/br>\n\t\t\tWir setzen den Webanalysedienst Google Analytics der Firma Google Inc., 1600 Amphitheatre Parkway, Mountain View, CA 94043 USA (nachfolgend \u201eGoogle\u201c) ein. <\/br><\/br>\n\t\t\tGoogle ist unter dem Privacy-Shield-Abkommen zertifiziert und bietet hierdurch eine Garantie, das europ\u00e4ische Datenschutzrecht einzuhalten. N\u00e4here Informationen zum Privacy-Shield-Abkommen finden Sie hier:<\/br><\/br>\n\t\t\t<a class=\"text-primary\" href=\"https:\/\/www.privacyshield.gov\/participant?id=a2zt000000001L5AAI&#038;status=Active\">https:\/\/www.privacyshield.gov\/participant?id=a2zt000000001L5AAI&#038;status=Active<\/a> <\/br><\/br>\n\t\t\tGoogle Analytics verwendet Cookies. Die durch das Cookie erzeugten Informationen \u00fcber die Benutzung des Onlineangebotes durch die Nutzer werden in der Regel an einen Server von Google in den USA \u00fcbertragen und dort gespeichert. Google wird diese Informationen in unserem Auftrag benutzen, um die Nutzung unseres Onlineangebotes durch die Nutzer auszuwerten, um Statistiken \u00fcber die Aktivit\u00e4ten innerhalb unserer Onlineangebotes zusammenzustellen und um weitere mit der Nutzung dieses Onlineangebotes und der Internetnutzung verbundene Dienstleistungen uns gegen\u00fcber zu erbringen. Dabei k\u00f6nnen aus den verarbeiteten Daten pseudonyme Nutzungsprofile der Nutzer erstellt werden. Wir setzen Google Analytics nur mit aktivierter IP-Anonymisierung ein. Das bedeutet, die IP-Adresse der Nutzer wird von Google innerhalb von Mitgliedstaaten der Europ\u00e4ischen Union oder in anderen Vertragsstaaten des Abkommens \u00fcber den Europ\u00e4ischen Wirtschaftsraum gek\u00fcrzt. Die von dem Browser des Nutzers \u00fcbermittelte IP-Adresse wird nicht mit anderen Daten von Google zusammengef\u00fchrt. Die Nutzer k\u00f6nnen die Speicherung der Cookies durch eine entsprechende Einstellung ihrer Browser-Software verhindern; die Nutzer k\u00f6nnen dar\u00fcber hinaus die Erfassung der durch das Cookie erzeugten und auf ihre Nutzung des Onlineangebotes bezogenen Daten an Google sowie die Verarbeitung dieser Daten durch Google verhindern, indem sie das unter dem folgenden Link verf\u00fcgbare Browser-Plugin herunterladen und installieren: <\/br><\/br> <a class=\"text-primary\" href=\"http:\/\/tools.google.com\/dlpage\/gaoptout?hl=de\">http:\/\/tools.google.com\/dlpage\/gaoptout?hl=de<\/a>  <\/br><\/br>\n\t\t\tWir weisen Sie jedoch darauf hin, dass Sie in diesem Fall gegebenenfalls nicht s\u00e4mtliche Funktionen dieser Website vollumf\u00e4nglich werden nutzen k\u00f6nnen. Alternativ zum Browser-Plugin oder innerhalb von Browsern auf mobilen Ger\u00e4ten klicken Sie bitte auf den folgenden Link, um ein Opt-Out-Cookie zu setzen, der die Erfassung durch Google Analytics innerhalb dieser Website zuk\u00fcnftig verhindert (dieses Opt-Out-Cookie funktioniert nur in diesem Browser und nur f\u00fcr diese Domain, l\u00f6schen Sie Ihre Cookies in diesem Browser, m\u00fcssen Sie diesen Link erneut klicken): \n\t\t\tGoogle Analytics deaktivieren <\/br><\/br>\n\t\t\tWeitere Informationen entnehmen Sie bitte der Datenschutzerkl\u00e4rung von Google: <\/br><\/br>\n\t\t\t<a class=\"text-primary\" href=\"https:\/\/www.google.com\/policies\/privacy\/\">https:\/\/www.google.com\/policies\/privacy\/<\/a> \t\n\t\t<\/p>\n\t\t<h3>8. Links<\/h3>\n\t\t<p>\n\t\t\tUnsere Webseite enth\u00e4lt Links zu Webseiten anderer Anbieter auf die sich diese Datenschutzerkl\u00e4rung nicht erstreckt. Nach dem Anklicken der eingebundenen Grafik werden Sie auf die Seite des jeweiligen Anbieters weitergeleitet, d.h. erst dann werden Nutzerinformationen an den jeweiligen Anbieter \u00fcbertragen. Informationen zum Umgang mit Ihren personenbezogenen Daten bei Nutzung dieser Webseiten entnehmen Sie bitte den jeweiligen Datenschutzbestimmungen der Anbieter. Soweit mit der Nutzung der Internetseiten anderer Anbieter die Erhebung, Verarbeitung oder Nutzung personenbezogener Daten verbunden ist, beachten Sie bitte die Datenschutzhinweise der jeweiligen Anbieter\t\n\t\t<\/p>\n\t<\/div>\n\t<div class=\"row mb-5\">\n\t\t<div class=\"col-md-6 offset-md-3 mb-5\">\n\t\t\t<div class=\"col download-btn text-center\">\n\t\t\t\t<img decoding=\"async\" src=\"\/wp-content\/uploads\/sites\/23\/2020\/11\/Download_icon.png\">\n\t\t\t\t<a href=\"#\">Download Datenschutzerkl\u00e4rung<\/a>\n\t\t\t<\/div>\n\t\t<\/div>\n\t<\/div>\n<\/div>\n","protected":false},"excerpt":{"rendered":"<p>SCHATEX\u00ae &#8211; Datenschutzerkl\u00e4rung SCHATEX\u00ae by Scharpenack GmbH Alle Ansehen \u25bc Sie m\u00f6chten in Ihrem Sortiment? Das gesamte SCHATEX-Produktsortiment ist ausschlie\u00dflich bei Fachh\u00e4ndlern erh\u00e4ltlich. M\u00f6chten auch Sie SCHATEX-Teppichfliesen vertreiben oder haben allgemeine Fragen zu unseren Produkten? Dann z\u00f6gern Sie nicht und nehmen Sie Kontakt mit uns auf. Zum Kontaktformular Datenschutzerkl\u00e4rung Stand: Mai 2018 Diese Datenschutzerkl\u00e4rung kl\u00e4rt &#8230; <a title=\"Privacy Policy\" class=\"read-more\" href=\"https:\/\/schatex.com\/it\/privacy-policy\/\" aria-label=\"Read more about Privacy Policy\">Read more<\/a><\/p>\n","protected":false},"author":1,"featured_media":0,"parent":0,"menu_order":0,"comment_status":"closed","ping_status":"closed","template":"","meta":{"footnotes":""},"yoast_head":"<!-- This site is optimized with the Yoast SEO plugin v22.6 - https:\/\/yoast.com\/wordpress\/plugins\/seo\/ -->\n<title>SCHATEX | IT | Privacy Policy<\/title>\n<meta name=\"robots\" content=\"index, follow, max-snippet:-1, max-image-preview:large, max-video-preview:-1\" \/>\n<link rel=\"canonical\" href=\"https:\/\/schatex.com\/it\/privacy-policy\/\" \/>\n<meta property=\"og:locale\" content=\"en_GB\" \/>\n<meta property=\"og:type\" content=\"article\" \/>\n<meta property=\"og:title\" content=\"SCHATEX | IT | Privacy Policy\" \/>\n<meta property=\"og:description\" content=\"SCHATEX\u00ae &#8211; Datenschutzerkl\u00e4rung SCHATEX\u00ae by Scharpenack GmbH Alle Ansehen \u25bc Sie m\u00f6chten in Ihrem Sortiment? Das gesamte SCHATEX-Produktsortiment ist ausschlie\u00dflich bei Fachh\u00e4ndlern erh\u00e4ltlich. M\u00f6chten auch Sie SCHATEX-Teppichfliesen vertreiben oder haben allgemeine Fragen zu unseren Produkten? Dann z\u00f6gern Sie nicht und nehmen Sie Kontakt mit uns auf. Zum Kontaktformular Datenschutzerkl\u00e4rung Stand: Mai 2018 Diese Datenschutzerkl\u00e4rung kl\u00e4rt ... Read more\" \/>\n<meta property=\"og:url\" content=\"https:\/\/schatex.com\/it\/privacy-policy\/\" \/>\n<meta property=\"og:site_name\" content=\"SCHATEX | IT\" \/>\n<meta property=\"article:modified_time\" content=\"2025-07-22T06:58:50+00:00\" \/>\n<meta name=\"twitter:card\" content=\"summary_large_image\" \/>\n<meta name=\"twitter:label1\" content=\"Estimated reading time\" \/>\n\t<meta name=\"twitter:data1\" content=\"9 minutes\" \/>\n<script type=\"application\/ld+json\" class=\"yoast-schema-graph\">{\"@context\":\"https:\/\/schema.org\",\"@graph\":[{\"@type\":\"WebPage\",\"@id\":\"https:\/\/schatex.com\/it\/privacy-policy\/\",\"url\":\"https:\/\/schatex.com\/it\/privacy-policy\/\",\"name\":\"SCHATEX | IT | Privacy Policy\",\"isPartOf\":{\"@id\":\"https:\/\/schatex.com\/it\/#website\"},\"datePublished\":\"2021-03-20T01:56:30+00:00\",\"dateModified\":\"2025-07-22T06:58:50+00:00\",\"breadcrumb\":{\"@id\":\"https:\/\/schatex.com\/it\/privacy-policy\/#breadcrumb\"},\"inLanguage\":\"en-GB\",\"potentialAction\":[{\"@type\":\"ReadAction\",\"target\":[\"https:\/\/schatex.com\/it\/privacy-policy\/\"]}]},{\"@type\":\"BreadcrumbList\",\"@id\":\"https:\/\/schatex.com\/it\/privacy-policy\/#breadcrumb\",\"itemListElement\":[{\"@type\":\"ListItem\",\"position\":1,\"name\":\"Home\",\"item\":\"https:\/\/schatex.com\/it\/\"},{\"@type\":\"ListItem\",\"position\":2,\"name\":\"Privacy Policy\"}]},{\"@type\":\"WebSite\",\"@id\":\"https:\/\/schatex.com\/it\/#website\",\"url\":\"https:\/\/schatex.com\/it\/\",\"name\":\"SCHATEX | IT\",\"description\":\"Teppichfliesen f\u00fcr Wohnen &amp; Gewerbe\",\"publisher\":{\"@id\":\"https:\/\/schatex.com\/it\/#organization\"},\"potentialAction\":[{\"@type\":\"SearchAction\",\"target\":{\"@type\":\"EntryPoint\",\"urlTemplate\":\"https:\/\/schatex.com\/it\/?s={search_term_string}\"},\"query-input\":\"required name=search_term_string\"}],\"inLanguage\":\"en-GB\"},{\"@type\":\"Organization\",\"@id\":\"https:\/\/schatex.com\/it\/#organization\",\"name\":\"SCHATEX\",\"url\":\"https:\/\/schatex.com\/it\/\",\"logo\":{\"@type\":\"ImageObject\",\"inLanguage\":\"en-GB\",\"@id\":\"https:\/\/schatex.com\/it\/#\/schema\/logo\/image\/\",\"url\":\"https:\/\/schatex.com\/it\/wp-content\/uploads\/sites\/23\/2020\/05\/cropped-logo.png\",\"contentUrl\":\"https:\/\/schatex.com\/it\/wp-content\/uploads\/sites\/23\/2020\/05\/cropped-logo.png\",\"width\":476,\"height\":112,\"caption\":\"SCHATEX\"},\"image\":{\"@id\":\"https:\/\/schatex.com\/it\/#\/schema\/logo\/image\/\"}}]}<\/script>\n<!-- \/ Yoast SEO plugin. -->","yoast_head_json":{"title":"SCHATEX | IT | Privacy Policy","robots":{"index":"index","follow":"follow","max-snippet":"max-snippet:-1","max-image-preview":"max-image-preview:large","max-video-preview":"max-video-preview:-1"},"canonical":"https:\/\/schatex.com\/it\/privacy-policy\/","og_locale":"en_GB","og_type":"article","og_title":"SCHATEX | IT | Privacy Policy","og_description":"SCHATEX\u00ae &#8211; Datenschutzerkl\u00e4rung SCHATEX\u00ae by Scharpenack GmbH Alle Ansehen \u25bc Sie m\u00f6chten in Ihrem Sortiment? Das gesamte SCHATEX-Produktsortiment ist ausschlie\u00dflich bei Fachh\u00e4ndlern erh\u00e4ltlich. M\u00f6chten auch Sie SCHATEX-Teppichfliesen vertreiben oder haben allgemeine Fragen zu unseren Produkten? Dann z\u00f6gern Sie nicht und nehmen Sie Kontakt mit uns auf. Zum Kontaktformular Datenschutzerkl\u00e4rung Stand: Mai 2018 Diese Datenschutzerkl\u00e4rung kl\u00e4rt ... Read more","og_url":"https:\/\/schatex.com\/it\/privacy-policy\/","og_site_name":"SCHATEX | IT","article_modified_time":"2025-07-22T06:58:50+00:00","twitter_card":"summary_large_image","twitter_misc":{"Estimated reading time":"9 minutes"},"schema":{"@context":"https:\/\/schema.org","@graph":[{"@type":"WebPage","@id":"https:\/\/schatex.com\/it\/privacy-policy\/","url":"https:\/\/schatex.com\/it\/privacy-policy\/","name":"SCHATEX | IT | Privacy Policy","isPartOf":{"@id":"https:\/\/schatex.com\/it\/#website"},"datePublished":"2021-03-20T01:56:30+00:00","dateModified":"2025-07-22T06:58:50+00:00","breadcrumb":{"@id":"https:\/\/schatex.com\/it\/privacy-policy\/#breadcrumb"},"inLanguage":"en-GB","potentialAction":[{"@type":"ReadAction","target":["https:\/\/schatex.com\/it\/privacy-policy\/"]}]},{"@type":"BreadcrumbList","@id":"https:\/\/schatex.com\/it\/privacy-policy\/#breadcrumb","itemListElement":[{"@type":"ListItem","position":1,"name":"Home","item":"https:\/\/schatex.com\/it\/"},{"@type":"ListItem","position":2,"name":"Privacy Policy"}]},{"@type":"WebSite","@id":"https:\/\/schatex.com\/it\/#website","url":"https:\/\/schatex.com\/it\/","name":"SCHATEX | IT","description":"Teppichfliesen f\u00fcr Wohnen &amp; Gewerbe","publisher":{"@id":"https:\/\/schatex.com\/it\/#organization"},"potentialAction":[{"@type":"SearchAction","target":{"@type":"EntryPoint","urlTemplate":"https:\/\/schatex.com\/it\/?s={search_term_string}"},"query-input":"required name=search_term_string"}],"inLanguage":"en-GB"},{"@type":"Organization","@id":"https:\/\/schatex.com\/it\/#organization","name":"SCHATEX","url":"https:\/\/schatex.com\/it\/","logo":{"@type":"ImageObject","inLanguage":"en-GB","@id":"https:\/\/schatex.com\/it\/#\/schema\/logo\/image\/","url":"https:\/\/schatex.com\/it\/wp-content\/uploads\/sites\/23\/2020\/05\/cropped-logo.png","contentUrl":"https:\/\/schatex.com\/it\/wp-content\/uploads\/sites\/23\/2020\/05\/cropped-logo.png","width":476,"height":112,"caption":"SCHATEX"},"image":{"@id":"https:\/\/schatex.com\/it\/#\/schema\/logo\/image\/"}}]}},"_links":{"self":[{"href":"https:\/\/schatex.com\/it\/wp-json\/wp\/v2\/pages\/3660"}],"collection":[{"href":"https:\/\/schatex.com\/it\/wp-json\/wp\/v2\/pages"}],"about":[{"href":"https:\/\/schatex.com\/it\/wp-json\/wp\/v2\/types\/page"}],"author":[{"embeddable":true,"href":"https:\/\/schatex.com\/it\/wp-json\/wp\/v2\/users\/1"}],"replies":[{"embeddable":true,"href":"https:\/\/schatex.com\/it\/wp-json\/wp\/v2\/comments?post=3660"}],"version-history":[{"count":15,"href":"https:\/\/schatex.com\/it\/wp-json\/wp\/v2\/pages\/3660\/revisions"}],"predecessor-version":[{"id":5481,"href":"https:\/\/schatex.com\/it\/wp-json\/wp\/v2\/pages\/3660\/revisions\/5481"}],"wp:attachment":[{"href":"https:\/\/schatex.com\/it\/wp-json\/wp\/v2\/media?parent=3660"}],"curies":[{"name":"wp","href":"https:\/\/api.w.org\/{rel}","templated":true}]}}