{"id":957,"date":"2020-05-18T23:20:46","date_gmt":"2020-05-18T21:20:46","guid":{"rendered":"http:\/\/dev.schatex.com\/fr-clone\/?page_id=957"},"modified":"2021-09-30T12:13:55","modified_gmt":"2021-09-30T10:13:55","slug":"instructions-de-pose","status":"publish","type":"page","link":"https:\/\/schatex.com\/fr\/service\/instructions-de-pose\/","title":{"rendered":"Instructions de pose"},"content":{"rendered":"\n<div class=\"header-cover parallax\" style=\"background-image: url('\/wp-content\/uploads\/sites\/11\/2021\/06\/Temporary-Header.jpg');\">\n\t<div class=\"teppichfliesen-header\">\n\t\t<h1>SCHATEX<sup>\u00ae<\/sup> &#8211; Instructions de pose<\/h1>\n\t\t<span>Comment poser correctement nos dalles de moquette!<\/span>\n\t<\/div>\n\t<div class=\"teppichfliesen-subheader\"> <a href=\"#topProdukte\"> En savoir plus <\/br> &#x25BC; <\/a> <\/div>\n<\/div>\n\n\n\n<div class=\"container-fluid\">\n\t<div class=\"row home-row-1 fliesen-row-1 under-header-row\">\n\t\t<div class=\"col-md-6 text-center\" style=\"margin: auto;\">\n\t\t\t<img decoding=\"async\" src=\"\/wp-content\/uploads\/sites\/11\/2020\/05\/Rechtecks.png\">\n\t\t<\/div>\n\t\t<div class=\"col-md-6\">\n\t\t\t<h3 class=\"font-weight-bold\">Dalles de moquette SCHATEX<sup>\u00ae<\/sup>&#8211; Instructions de pose<\/h3>\n\t\t\t<p>\n            Une pose correcte et ex\u00e9cut\u00e9e avec le plus grand soin est d\u00e9cisive, car elle aura une influence directe sur la long\u00e9vit\u00e9 et le maintien de la qualit\u00e9 des dalles de moquette.  <\/br><\/br>\n\n            Si vous voulez profiter longtemps de nos produits, veuillez suivre le plus attentivement possible nos <a class=\"font-weight-bold\" href=\"\/wp-content\/uploads\/sites\/11\/2021\/01\/Verlegeanleitung.pdf\" target=\"_blank\" style=\"color:#0093BF;\" rel=\"noopener\">instructions relatives \u00e0 la pose des dalles<\/a>.\n            <\/p>\n\t\t<\/div>\n\t<\/div>\n\t<div id=\"topProdukte\" class=\"row produktion-row-2\">\n\t\t<div class=\"col-lg-6 col-bg p-0\">\n\t\t\t<div style=\"background-image: url('\/wp-content\/uploads\/sites\/11\/2021\/06\/Verlegeanleitung-1.jpg');\"><\/div>\n\t\t<\/div>\n\t\t<div class=\"col-lg-6\">\n\t\t\t<h2 class=\"font-weight-bold\">1. Pr\u00e9paration<\/h2>\n\t\t\t<p class=\"text-left\">\n\t\t\t\tIl est n\u00e9cessaire de respecter quelques r\u00e8gles avant d\u2019installer vos dalles de moquette. Les mesures suivantes vous d\u00e9tailleront l\u2019installation et vous aideront \u00e0 planifier la pose des dalles. \n\t\t\t<\/p>\n\t\t\t<h2 class=\"font-weight-bold\">1.1 Uniformit\u00e9 des couleurs et des num\u00e9ros de lot<\/h2>\n\t\t\t<p class=\"text-left\">\n\t\t\t\tSi vous souhaitez installer des dalles de moquette SCHATEX<sup>\u00ae<\/sup>-dansplusieurs pi\u00e8ces ou bien sur une grande surface, pensez \u00e0 v\u00e9rifier que la couleuret le num\u00e9ro de lot du rev\u00eatement soient bien identiques car de l\u00e9g\u00e8res variations de couleurs peuvent se produire lors du processus de production.\n\t\t\t\t<\/br><\/br>\n\t\t\t\tRangez les dalles de moquette par lot afin que vos pi\u00e8ces soient parfaitement assorties. Une v\u00e9rification de ces param\u00e8tres est \u00e9galement recommand\u00e9e lors de la r\u00e9ception d\u2019une quantit\u00e9 r\u00e9duite de marchandise parce que tout \u00e9change ou r\u00e9clamation sera impossible une fois les dalles pos\u00e9es.\n\t\t\t\t<\/br><\/br>\n\t\t\t\t<span class=\"font-weight-bold\"><u>Attention<\/u><\/span>: M\u00eame en utilisant des dalles de moquette poss\u00e9dant le m\u00eame num\u00e9ro de lot, de l\u00e9g\u00e8res variations de couleurs issues du processus de production sont in\u00e9vitables.\n\t\t\t<\/p>\n\t\t<\/div>\n\t<\/div>\n\t<div class=\"row pr-details-row-4 verlegung-quote-1 parallax\" style=\"max-height: 350px; background-image: url('\/wp-content\/uploads\/sites\/11\/2021\/06\/Zitat-Gruen.jpg');\">\n\t\t<div class=\"col\">\n\t\t\t<h3>\u201e Nos produits sont con\u00e7us dans l\u2019optique qu\u2019ils puissent avoir longue dur\u00e9e de vie. Afin que la fonctionnalit\u00e9 de ceux-ci soit garantie \u00e0 long terme, nous vous demandons d&#8217;\u00e9tudier attentivement la brochure d&#8217;installation et les instructions de nettoyage et d&#8217;entretien. \u201c\n\t\t\t\t<span>Carsten Reul<\/span>\n\t\t\t\t<span class=\"font-weight-normal\">Ing\u00e9nieur d&#8217;application<\/span>\n\t\t\t<\/h3>\n\t\t<\/div>\n\t<\/div>\n\t<div class=\"row produktion-row-3\">\n\t\t<div class=\"col-lg-6\">\n\t\t\t<h2 class=\"font-weight-bold\">1.2 Acclimatation<\/h2>\n\t\t\t<p class=\"text-left\">\n\t\t\t\tAvant la pose des dalles de moquette, il est absolument n\u00e9cessaire de les sortir de leur emballage et de les conserver \u00e0 platdurant 24 h \u00e0 temp\u00e9rature ambiante. Le produit peut donc s\u2019acclimater aux conditions locales.\n\t\t\t\t<\/br><\/br>\n\t\t\t\tLa temp\u00e9rature minimale pour l\u2019acclimatation et la pose des dalles de moquette est 15\u00b0 C.\n\t\t\t\t<\/br><\/br>\n\t\t\t<\/p>\n\t\t<\/div>\n\t\t<div class=\"col-lg-6 col-bg p-0\">\n\t\t\t<div style=\"background-image: url('\/wp-content\/uploads\/sites\/11\/2021\/06\/Verlegeanleitung-Aklimatisierung.jpg');\"><\/div>\n\t\t<\/div>\n\t\t<div class=\"col-lg-6 col-bg p-0\">\n\t\t\t<div style=\"background-image: url('\/wp-content\/uploads\/sites\/11\/2021\/06\/Verlegeanleitung-3.jpg');\"><\/div>\n\t\t<\/div>\n\t\t<div class=\"col-lg-6\">\n\t\t\t<h2 class=\"font-weight-bold\">1.3 Support<\/h2>\n\t\t\t<p class=\"text-left\">\n\t\t\t\tEn ce qui concerne le support, en g\u00e9n\u00e9ral, chaque sol devra \u00eatre dur, propre, sec et plan. Assurez-vousque le sol est compl\u00e8tement sec. Au cas o\u00f9 vous disposez d\u2019un chauffage par le sol, arr\u00eatez-le au minimum 48 h avant la pose et consultez la fiche technique pour plus d\u2019informations concernant la temp\u00e9rature maximale.\n\t\t\t\t<\/br><\/br>\n\t\t\t\tLes dalles de moquette SCHATEX<sup>\u00ae<\/sup> ne sont pas adapt\u00e9es \u00e0 une pose sur un rev\u00eatement de sol dit <em>souple<\/em> tels que les tapis.\n\t\t\t<\/p>\n\t\t\t<h2 class=\"font-weight-bold\">1.3.1 Sols en b\u00e9ton<\/h2>\n\t\t\t<p class=\"text-left\">\n\t\t\t\tLes sols en b\u00e9ton doivent rester secs et isol\u00e9s de toute humidit\u00e9. Il faut donc faire particuli\u00e8rement attention en rez-de-chauss\u00e9e ou dans les pi\u00e8ces en sous-sol.\n\t\t\t<\/p>\n\t\t\t<h2 class=\"font-weight-bold\">1.3.2 Sols PVC, vinyles, en marbre, carrelages etc.<\/h2>\n\t\t\t<p class=\"text-left\">\n\t\t\t\tToute irr\u00e9gularit\u00e9 ou in\u00e9galit\u00e9 du sol doit \u00eatre \u00e9galis\u00e9e \u00e0 l\u2019aide d\u2019unragr\u00e9age. Pour les sols contenant du PVC, il faut appliquer une couche de jonction ou une couche interm\u00e9diaire car des r\u00e9actions chimiques peuvent se produire entre l\u2019envers des dalles et le support. Le mat\u00e9riau de la couche de jonction d\u00e9pend du support et doit \u00eatre s\u00e9lectionn\u00e9 au pr\u00e9alable par un expert.\n\t\t\t<\/p>\n\t\t\t<h2 class=\"font-weight-bold\">1.3.3 Planchers en bois<\/h2>\n\t\t\t<p class=\"text-left\">\n\t\t\t\tPour les sols en bois, il faut v\u00e9rifier au pr\u00e9alable la solidit\u00e9 des planches, puis reboucher les in\u00e9galit\u00e9s et les poncer, si n\u00e9cessaire. Des diff\u00e9rences de niveau \u00e9ventuelles peuvent \u00eatre rectifi\u00e9es parfaitement par des fins panneaux en bois reconstitu\u00e9s ou par des plaques en bois.\n\t\t\t<\/p>\n\t\t\t<h2 class=\"font-weight-bold\">1.3.4. L\u2019asphalte<\/h2>\n\t\t\t<p class=\"text-left\">\n\t\t\t\tEn cas d\u2019asphalte, une couche de jonction doit \u00eatre appliqu\u00e9e entre la dalle de moquette et le sol (voir 1.3.2)\n\t\t\t<\/p>\n\t\t<\/div>\n\t\t<div class=\"col-lg-6\">\n\t\t\t<h2 class=\"font-weight-bold\">2. Conception<\/h2>\n\t\t\t<p class=\"text-left\">\n\t\t\t\tAvant de commencer \u00e0 poser vos dalles de moquette, il est important de planifier chaque \u00e9tape de ce travail. Afin d\u2019obtenir un r\u00e9sultat optimal, veuillez suivre les \u00e9tapes indiqu\u00e9es ci-dessous.\n\t\t\t<\/p>\n\t\t\t<h2 class=\"font-weight-bold\">2.1 Les outils<\/h2>\n\t\t\t<p class=\"text-left\">\n\t\t\t\tPour la pose de vos dalles, il vous faut un m\u00e8tre-ruban, une r\u00e9glette et un morceau de craie afin de bien d\u00e9finir et marquer le point de d\u00e9part de l\u2019installation, ainsi qu\u2019un couteau \u00e0 tapis pour d\u00e9couper les dalles. De plus, pour les dalles de moquette install\u00e9es dans des domaines fortement fr\u00e9quent\u00e9s (ex. des couloirs ou \u00e0 proximit\u00e9 d\u2019une porte) ou le long des parois de la pi\u00e8ce, il est conseill\u00e9 de stabiliser le tout avec un ruban adh\u00e9sif \u00e0 double-face sans dissolvant ou \u00e0 l\u2019aide d\u2019une fixation antid\u00e9rapante.\n\t\t\t<\/p>\n\t\t<\/div>\n\t\t<div class=\"col-lg-6 col-bg p-0\">\n\t\t\t<div style=\"background-image: url('\/wp-content\/uploads\/sites\/11\/2021\/06\/Verlegeanleitung-5.jpg');\"><\/div>\n\t\t<\/div>\n\t\t<div class=\"col-lg-6 col-bg p-0\">\n\t\t\t<div style=\"background-image: url('\/wp-content\/uploads\/sites\/11\/2021\/06\/Verlegeanleitung-8.jpg');\"><\/div>\n\t\t<\/div>\n\t\t<div class=\"col-lg-6\">\n\t\t\t<h2 class=\"font-weight-bold\">2.2 L\u2019alignement de la pose<\/h2>\n\t\t\t<p class=\"text-left\">\n\t\t\t\tIl existe des m\u00e9thodes diverses pour poser les dalles de moquette SCHATEX<sup>\u00ae<\/sup>. La mani\u00e8re de la pose d\u00e9terminera l\u2019aspect visuel du rev\u00eatement de sol dans vos pi\u00e8ces et il est donc indispensable qu\u2019elle soit bien r\u00e9fl\u00e9chie et planifi\u00e9e \u00e0 l\u2019avance.\n\t\t\t\t<\/br><\/br>\n\t\t\t\tLa m\u00e9thode de pose dite <em>monolithique<\/em> est la m\u00e9thode classique. Selon celle-ci il faut installer toutes les dalles dans la direction indiqu\u00e9e par la fl\u00e8che se trouvant au dos des dalles.\n\t\t\t\t<\/br><\/br>\n\t\t\t\tEn fonction de la structure de la surface, cette m\u00e9thode cr\u00e9era une apparence ext\u00e9rieure sans couture et donnera l\u2019impression d\u2019un rev\u00eatement de sol continu. Cependant, en ce qui concerne les dalles tuft\u00e9es avec des boucles, il existe une possibilit\u00e9 devoir de petites d\u00e9marcations. Une autre m\u00e9thode consiste \u00e0 poser les dalles en damiers, il s\u2019agit de la m\u00e9thode <em>damier<\/em>. \n\t\t\t\t<\/br><\/br>\n\t\t\t\tLors de la pose, chaque dalle devra \u00eatre tourn\u00e9e d\u2019un quart de tour afin que la fl\u00e8che situ\u00e9e au dos n\u2019indique jamais la m\u00eame direction.\n\t\t\t<\/p>\n\t\t<\/div>\n\t\t<div class=\"col-lg-6\">\n\t\t\t<h2 class=\"font-weight-bold\">2.3 Point de d\u00e9part<\/h2>\n\t\t\t<p class=\"text-left\">\n\t\t\t\tD\u00e9terminez d\u2019abord le centre de la pi\u00e8ce : Dessinez au sol deux lignes orthogonales \u00e0 la craie partant du milieu de la longueur de la pi\u00e8ce et de la largeur. Le point d\u2019intersection des deux lignes d\u00e9signera le centre de la pi\u00e8ce et donc le point de d\u00e9part de la pose de vos dalles de moquette. V\u00e9rifiez ensuite combien de dalles peuvent \u00eatre install\u00e9es entre le centre de la pi\u00e8ce et les parois. Les dalles install\u00e9es en bordure devront \u00eatre d\u00e9coup\u00e9es et devront correspondre au moins \u00e0 une moiti\u00e9 de dalle. \n\t\t\t\t<\/br><\/br>\n\t\t\t\tEn outre, il faut veiller \u00e0 ce que les dalles en bordures oppos\u00e9es aient les m\u00eames dimensions. Placez le point de d\u00e9part de mani\u00e8re \u00e0 ce que les conditions mentionn\u00e9es ci-dessus soient respect\u00e9es.\n\t\t\t<\/p>\n\t\t<\/div>\n\t\t<div class=\"col-lg-6 col-bg p-0\">\n\t\t\t<div style=\"background-image: url('\/wp-content\/uploads\/sites\/11\/2021\/06\/Verlegeanleitung-5.jpg');\"><\/div>\n\t\t<\/div>\n\t\t<div class=\"col-lg-6 col-bg p-0\">\n\t\t\t<div style=\"background-image: url('\/wp-content\/uploads\/sites\/11\/2021\/06\/Verlegeanleitung-9.jpg');\"><\/div>\n\t\t<\/div>\n\t\t<div class=\"col-lg-6\">\n\t\t\t<h2 class=\"font-weight-bold\">3. Pose<\/h2>\n\t\t\t<p class=\"text-left\">\n\t\t\t\tEn partant maintenant du point de d\u00e9part d\u00e9sign\u00e9 au pr\u00e9alable (voire 2.3), veuillez installer les dalles le long des lignes trac\u00e9es \u00e0 la craie afin de cr\u00e9er deux rang\u00e9es de dalles qui se coupent en angle droit au centre de la pi\u00e8ce. Dans ce but, la premi\u00e8re dalle doit \u00eatre fix\u00e9e avec une bande adh\u00e9sive ou une fixation antid\u00e9rapante sur l\u2019angle droit form\u00e9 par l\u2019intersection entre les deux lignes.\n\t\t\t\t<\/br><\/br>\n\t\t\t\tLors de la pose, faites bien attention \u00e0 poser les dalles bout \u00e0 bout afin de garantir des bordures optimales sur tous les c\u00f4t\u00e9s de la dalle. Il faut toujours contr\u00f4ler la bonne disposition des dalles. En ce qui concerne les dalles \u00e0 longs poils, il faut particuli\u00e8rement faire attention \u00e0 ce que des fils ne se coincent pas entre deux dalles. \n\t\t\t\t<\/br><\/br>\n\t\t\t\tLes dalles en bordures devront \u00eatre d\u00e9coup\u00e9es \u00e0 l\u2019aide d\u2019une r\u00e9glette et d\u2019un couteau \u00e0 tapis. Pour ce faire, il suffit de retourner la dalle et de commencer \u00e0 couper. Pensez aussi \u00e0 bien fixer les dalles en bordures mais aussi les dalles dites \u00abclefs\u00bb (dalles plac\u00e9es dans les parties les plus fr\u00e9quent\u00e9es d\u2019une pi\u00e8ce comme par exemple les couloirs ou \u00e0 proximit\u00e9 d\u2019une porte). Les bords de coupe sont install\u00e9s en direction des parois. Il devrait maintenant y avoir quatre carr\u00e9s o\u00f9 il faut installer les dalles de moquette. Commencez par le milieu et installez les dalles de mani\u00e8re pyramidale et uniforme en direction des parois.\n\t\t\t<\/p>\n\t\t<\/div>\n\t\t<div class=\"col-lg-6\">\n\t\t\t<h2 class=\"font-weight-bold\">Veuillez noter!<\/h2>\n\t\t\t<p class=\"text-left\">\n\t\t\t\tLe non-respect de ces instructions de pose peut conduire \u00e0 une perte de la garantie des d\u00e9fauts de la chose vendue. Veuillez donc suivre attentivement chaque \u00e9tape d\u00e9crite dans ce document.\n\t\t\t\t<\/br><\/br>\n\t\t\t\tEn cas de questions ou de demande d\u2019information, n\u2019h\u00e9sitez pas \u00e0 nous appeler au num\u00e9ro de t\u00e9l\u00e9phone ci-dessous.\n\t\t\t<\/p>\n\t\t<\/div>\n\t\t<div class=\"col-lg-6 col-bg p-0\">\n\t\t\t<div style=\"background-image: url('\/wp-content\/uploads\/sites\/11\/2021\/06\/Verlegeanleitung-2.jpg');\"><\/div>\n\t\t<\/div>\n\t<\/div>\n<\/div>\n\n\n\n<p><\/p>\n","protected":false},"excerpt":{"rendered":"<p>SCHATEX\u00ae &#8211; Instructions de pose Comment poser correctement nos dalles de moquette! En savoir plus &#x25BC; Dalles de moquette SCHATEX\u00ae&#8211; Instructions de pose Une pose correcte et ex\u00e9cut\u00e9e avec le plus grand soin est d\u00e9cisive, car elle aura une influence directe sur la long\u00e9vit\u00e9 et le maintien de la qualit\u00e9 des dalles de moquette. Si &#8230; <a title=\"Instructions de pose\" class=\"read-more\" href=\"https:\/\/schatex.com\/fr\/service\/instructions-de-pose\/\" aria-label=\"Read more about Instructions de pose\">Read more<\/a><\/p>\n","protected":false},"author":1,"featured_media":0,"parent":811,"menu_order":0,"comment_status":"closed","ping_status":"closed","template":"","meta":{"footnotes":""},"yoast_head":"<!-- This site is optimized with the Yoast SEO plugin v22.6 - https:\/\/yoast.com\/wordpress\/plugins\/seo\/ -->\n<title>Verlegeanleitung f\u00fcr Teppichfliesen | SCHATEX\u00ae \u2013 Die Marke f\u00fcr Teppichfliesen<\/title>\n<meta name=\"description\" content=\"Teppichfliesen richtig verlegen | SCHATEX\u00ae - Die Marke f\u00fcr Teppichfliesen | Lesen Sie hier unsere Verlegehinweise!\" \/>\n<meta name=\"robots\" content=\"index, follow, max-snippet:-1, max-image-preview:large, max-video-preview:-1\" \/>\n<link rel=\"canonical\" href=\"https:\/\/schatex.com\/fr\/service\/instructions-de-pose\/\" \/>\n<meta property=\"og:locale\" content=\"en_US\" \/>\n<meta property=\"og:type\" content=\"article\" \/>\n<meta property=\"og:title\" content=\"Verlegeanleitung f\u00fcr Teppichfliesen | SCHATEX\u00ae \u2013 Die Marke f\u00fcr Teppichfliesen\" \/>\n<meta property=\"og:description\" content=\"Teppichfliesen richtig verlegen | SCHATEX\u00ae - Die Marke f\u00fcr Teppichfliesen | Lesen Sie hier unsere Verlegehinweise!\" \/>\n<meta property=\"og:url\" content=\"https:\/\/schatex.com\/fr\/service\/instructions-de-pose\/\" \/>\n<meta property=\"og:site_name\" content=\"SCHATEX | FR\" \/>\n<meta property=\"article:modified_time\" content=\"2021-09-30T10:13:55+00:00\" \/>\n<meta property=\"og:image\" content=\"https:\/\/schatex.com\/wp-content\/uploads\/sites\/11\/2020\/05\/Rechtecks.png\" \/>\n<meta name=\"twitter:card\" content=\"summary_large_image\" \/>\n<meta name=\"twitter:label1\" content=\"Est. reading time\" \/>\n\t<meta name=\"twitter:data1\" content=\"6 minutes\" \/>\n<script type=\"application\/ld+json\" class=\"yoast-schema-graph\">{\"@context\":\"https:\/\/schema.org\",\"@graph\":[{\"@type\":\"WebPage\",\"@id\":\"https:\/\/schatex.com\/fr\/service\/instructions-de-pose\/\",\"url\":\"https:\/\/schatex.com\/fr\/service\/instructions-de-pose\/\",\"name\":\"Verlegeanleitung f\u00fcr Teppichfliesen | SCHATEX\u00ae \u2013 Die Marke f\u00fcr Teppichfliesen\",\"isPartOf\":{\"@id\":\"https:\/\/schatex.com\/fr\/#website\"},\"datePublished\":\"2020-05-18T21:20:46+00:00\",\"dateModified\":\"2021-09-30T10:13:55+00:00\",\"description\":\"Teppichfliesen richtig verlegen | SCHATEX\u00ae - Die Marke f\u00fcr Teppichfliesen | Lesen Sie hier unsere Verlegehinweise!\",\"breadcrumb\":{\"@id\":\"https:\/\/schatex.com\/fr\/service\/instructions-de-pose\/#breadcrumb\"},\"inLanguage\":\"en-US\",\"potentialAction\":[{\"@type\":\"ReadAction\",\"target\":[\"https:\/\/schatex.com\/fr\/service\/instructions-de-pose\/\"]}]},{\"@type\":\"BreadcrumbList\",\"@id\":\"https:\/\/schatex.com\/fr\/service\/instructions-de-pose\/#breadcrumb\",\"itemListElement\":[{\"@type\":\"ListItem\",\"position\":1,\"name\":\"Home\",\"item\":\"https:\/\/schatex.com\/fr\/\"},{\"@type\":\"ListItem\",\"position\":2,\"name\":\"Service\",\"item\":\"https:\/\/schatex.com\/fr\/service\/\"},{\"@type\":\"ListItem\",\"position\":3,\"name\":\"Instructions de pose\"}]},{\"@type\":\"WebSite\",\"@id\":\"https:\/\/schatex.com\/fr\/#website\",\"url\":\"https:\/\/schatex.com\/fr\/\",\"name\":\"SCHATEX | FR\",\"description\":\"Des dalles de moquette pour vos espaces r\u00e9sidentiels et professionnels\",\"publisher\":{\"@id\":\"https:\/\/schatex.com\/fr\/#organization\"},\"potentialAction\":[{\"@type\":\"SearchAction\",\"target\":{\"@type\":\"EntryPoint\",\"urlTemplate\":\"https:\/\/schatex.com\/fr\/?s={search_term_string}\"},\"query-input\":\"required name=search_term_string\"}],\"inLanguage\":\"en-US\"},{\"@type\":\"Organization\",\"@id\":\"https:\/\/schatex.com\/fr\/#organization\",\"name\":\"SCHATEX\",\"url\":\"https:\/\/schatex.com\/fr\/\",\"logo\":{\"@type\":\"ImageObject\",\"inLanguage\":\"en-US\",\"@id\":\"https:\/\/schatex.com\/fr\/#\/schema\/logo\/image\/\",\"url\":\"https:\/\/schatex.com\/fr-clone\/wp-content\/uploads\/sites\/11\/2020\/05\/cropped-logo.png\",\"contentUrl\":\"https:\/\/schatex.com\/fr-clone\/wp-content\/uploads\/sites\/11\/2020\/05\/cropped-logo.png\",\"width\":476,\"height\":112,\"caption\":\"SCHATEX\"},\"image\":{\"@id\":\"https:\/\/schatex.com\/fr\/#\/schema\/logo\/image\/\"}}]}<\/script>\n<!-- \/ Yoast SEO plugin. -->","yoast_head_json":{"title":"Verlegeanleitung f\u00fcr Teppichfliesen | SCHATEX\u00ae \u2013 Die Marke f\u00fcr Teppichfliesen","description":"Teppichfliesen richtig verlegen | SCHATEX\u00ae - Die Marke f\u00fcr Teppichfliesen | Lesen Sie hier unsere Verlegehinweise!","robots":{"index":"index","follow":"follow","max-snippet":"max-snippet:-1","max-image-preview":"max-image-preview:large","max-video-preview":"max-video-preview:-1"},"canonical":"https:\/\/schatex.com\/fr\/service\/instructions-de-pose\/","og_locale":"en_US","og_type":"article","og_title":"Verlegeanleitung f\u00fcr Teppichfliesen | SCHATEX\u00ae \u2013 Die Marke f\u00fcr Teppichfliesen","og_description":"Teppichfliesen richtig verlegen | SCHATEX\u00ae - Die Marke f\u00fcr Teppichfliesen | Lesen Sie hier unsere Verlegehinweise!","og_url":"https:\/\/schatex.com\/fr\/service\/instructions-de-pose\/","og_site_name":"SCHATEX | FR","article_modified_time":"2021-09-30T10:13:55+00:00","og_image":[{"url":"https:\/\/schatex.com\/wp-content\/uploads\/sites\/11\/2020\/05\/Rechtecks.png"}],"twitter_card":"summary_large_image","twitter_misc":{"Est. reading time":"6 minutes"},"schema":{"@context":"https:\/\/schema.org","@graph":[{"@type":"WebPage","@id":"https:\/\/schatex.com\/fr\/service\/instructions-de-pose\/","url":"https:\/\/schatex.com\/fr\/service\/instructions-de-pose\/","name":"Verlegeanleitung f\u00fcr Teppichfliesen | SCHATEX\u00ae \u2013 Die Marke f\u00fcr Teppichfliesen","isPartOf":{"@id":"https:\/\/schatex.com\/fr\/#website"},"datePublished":"2020-05-18T21:20:46+00:00","dateModified":"2021-09-30T10:13:55+00:00","description":"Teppichfliesen richtig verlegen | SCHATEX\u00ae - Die Marke f\u00fcr Teppichfliesen | Lesen Sie hier unsere Verlegehinweise!","breadcrumb":{"@id":"https:\/\/schatex.com\/fr\/service\/instructions-de-pose\/#breadcrumb"},"inLanguage":"en-US","potentialAction":[{"@type":"ReadAction","target":["https:\/\/schatex.com\/fr\/service\/instructions-de-pose\/"]}]},{"@type":"BreadcrumbList","@id":"https:\/\/schatex.com\/fr\/service\/instructions-de-pose\/#breadcrumb","itemListElement":[{"@type":"ListItem","position":1,"name":"Home","item":"https:\/\/schatex.com\/fr\/"},{"@type":"ListItem","position":2,"name":"Service","item":"https:\/\/schatex.com\/fr\/service\/"},{"@type":"ListItem","position":3,"name":"Instructions de pose"}]},{"@type":"WebSite","@id":"https:\/\/schatex.com\/fr\/#website","url":"https:\/\/schatex.com\/fr\/","name":"SCHATEX | FR","description":"Des dalles de moquette pour vos espaces r\u00e9sidentiels et professionnels","publisher":{"@id":"https:\/\/schatex.com\/fr\/#organization"},"potentialAction":[{"@type":"SearchAction","target":{"@type":"EntryPoint","urlTemplate":"https:\/\/schatex.com\/fr\/?s={search_term_string}"},"query-input":"required name=search_term_string"}],"inLanguage":"en-US"},{"@type":"Organization","@id":"https:\/\/schatex.com\/fr\/#organization","name":"SCHATEX","url":"https:\/\/schatex.com\/fr\/","logo":{"@type":"ImageObject","inLanguage":"en-US","@id":"https:\/\/schatex.com\/fr\/#\/schema\/logo\/image\/","url":"https:\/\/schatex.com\/fr-clone\/wp-content\/uploads\/sites\/11\/2020\/05\/cropped-logo.png","contentUrl":"https:\/\/schatex.com\/fr-clone\/wp-content\/uploads\/sites\/11\/2020\/05\/cropped-logo.png","width":476,"height":112,"caption":"SCHATEX"},"image":{"@id":"https:\/\/schatex.com\/fr\/#\/schema\/logo\/image\/"}}]}},"_links":{"self":[{"href":"https:\/\/schatex.com\/fr\/wp-json\/wp\/v2\/pages\/957"}],"collection":[{"href":"https:\/\/schatex.com\/fr\/wp-json\/wp\/v2\/pages"}],"about":[{"href":"https:\/\/schatex.com\/fr\/wp-json\/wp\/v2\/types\/page"}],"author":[{"embeddable":true,"href":"https:\/\/schatex.com\/fr\/wp-json\/wp\/v2\/users\/1"}],"replies":[{"embeddable":true,"href":"https:\/\/schatex.com\/fr\/wp-json\/wp\/v2\/comments?post=957"}],"version-history":[{"count":46,"href":"https:\/\/schatex.com\/fr\/wp-json\/wp\/v2\/pages\/957\/revisions"}],"predecessor-version":[{"id":5214,"href":"https:\/\/schatex.com\/fr\/wp-json\/wp\/v2\/pages\/957\/revisions\/5214"}],"up":[{"embeddable":true,"href":"https:\/\/schatex.com\/fr\/wp-json\/wp\/v2\/pages\/811"}],"wp:attachment":[{"href":"https:\/\/schatex.com\/fr\/wp-json\/wp\/v2\/media?parent=957"}],"curies":[{"name":"wp","href":"https:\/\/api.w.org\/{rel}","templated":true}]}}