{"id":955,"date":"2020-05-18T23:20:01","date_gmt":"2020-05-18T21:20:01","guid":{"rendered":"http:\/\/dev.schatex.com\/fr-clone\/?page_id=955"},"modified":"2021-09-30T17:15:49","modified_gmt":"2021-09-30T15:15:49","slug":"instructions-dentretien","status":"publish","type":"page","link":"https:\/\/schatex.com\/fr\/service\/instructions-dentretien\/","title":{"rendered":"Instructions d\u2019entretien"},"content":{"rendered":"\n<div class=\"header-cover parallax\" style=\"background-image: url('\/wp-content\/uploads\/sites\/11\/2021\/05\/Temporary-Header-1.jpg');\">\n\t<div class=\"teppichfliesen-header\">\n\t\t<h1>SCHATEX<sup>\u00ae<\/sup> &#8211; Instructions d\u2019entretien<\/h1>\n\t\t<span>Comment entretenir correctement nos dalles de moquette?<\/span>\n\t<\/div>\n\t<div class=\"teppichfliesen-subheader\"> <a href=\"#topProdukte\"> En savoir plus <\/br> &#x25BC; <\/a> <\/div>\n<\/div>\n\n\n\n<div class=\"container-fluid\">\n\t<div class=\"row home-row-1 fliesen-row-1 under-header-row\">\n\t\t<div class=\"col-md-6 text-center\" style=\"margin: auto;\">\n\t\t\t<img decoding=\"async\" src=\"\/wp-content\/uploads\/sites\/11\/2020\/05\/Rechtecks.png\">\n\t\t<\/div>\n\t\t<div class=\"col-md-6\">\n\t\t\t<h3 class=\"font-weight-bold\">Dalles de moquette SCHATEX<sup>\u00ae<\/sup> &#8211; Conseils d\u2019entretien<\/h3>\n\t\t\t<p>\n\t\t\t\tUn <span class=\"font-weight-bold\">entretien soigneux et appropri\u00e9<\/span> est d&#8217;une importance capitale, car il constitue la base sur laquelle repose la long\u00e9vit\u00e9 et le maintien de la haute qualit\u00e9 des dalles de moquette. <\/br><\/br>\n\t\t\t\tAfin de profiter de notre produit pendant longtemps, veuillez suivre notre <a class=\"font-weight-bold\" href=\"\/wp-content\/uploads\/sites\/11\/2021\/01\/Pflegeanleitung.pdf\" target=\"_blank\" style=\"color:#0093BF;\" rel=\"noopener\">notice d\u2019entretien<\/a> le plus fid\u00e8lement possible.\n\t\t\t<\/p>\n\t\t<\/div>\n\t<\/div>\n\t<div id=\"topProdukte\" class=\"row produktion-row-2\">\n\t\t<div class=\"col-lg-6 col-bg p-0\">\n\t\t\t<div style=\"background-image: url('\/wp-content\/uploads\/sites\/11\/2021\/05\/Pflegeanleitung-1.jpg');\"><\/div>\n\t\t<\/div>\n\t\t<div class=\"col-lg-6\">\n\t\t\t<h2 class=\"font-weight-bold\">Un nettoyage et un entretien r\u00e9guliers vous garantissent un confort durable<\/h2>\n\t\t\t<p class=\"text-left\">\n\t\t\t\tNous sommes heureux que vous ayez choisi les dalles de moquette de SCHATEX<sup>\u00ae<\/sup>. Afin que vous puissiez profiter durablement de ces dalles de moquette autoplombantes et en conserver la qualit\u00e9 et l&#8217;aspect attrayant le plus longtemps possible, il est important d&#8217;accorder une attention particuli\u00e8re <span class=\"font-weight-bold\">au nettoyage et \u00e0 l&#8217;entretien<\/span>.\n\t\t\t\t<\/br><\/br> \n\t\t\t\tGr\u00e2ce \u00e0 la technologie moderne contenue dans les dalles SCHATEX<sup>\u00ae<\/sup>les efforts de nettoyage et d&#8217;entretien sont r\u00e9duits \u00e0 un minimum quotidien. Vous pouvez vous d\u00e9barrasser de la poussi\u00e8re et salet\u00e9 quotidiennes en <span class=\"font-weight-bold\">passant r\u00e9guli\u00e8rement l&#8217;aspirateur<\/span>. Pour plus d\u2019efficacit\u00e9, vous pouvez vous munir d\u2019un aspirateur avec une brosse rotative m\u00e9canis\u00e9e.\n\t\t\t<\/p>\n\t<\/div>\n\t<div class=\"col-lg-6\">\n\t\t<h2 class=\"font-weight-bold\">Quel entretien pour les taches les plus tenaces?<\/h2>\n\t\t<p class=\"text-left\">\n\t\t\tPour \u00e9ponger les liquides renvers\u00e9s sur votre rev\u00eatement de sol, vous n\u2019aurez qu\u2019\u00e0 tamponner avec une serviette en papier classique. Pour plus d\u2019efficacit\u00e9, il est recommand\u00e9 de traiter la tache <span class=\"font-weight-bold\">dans les plus brefs d\u00e9lais<\/span>. En cas de r\u00e9sidus solides, il est indispensable de gratter imm\u00e9diatement la t\u00e2che (nettoyez-la <span class=\"font-weight-bold\">toujours de l\u2019ext\u00e9rieur vers l\u2019int\u00e9rieur<\/span>).\n\t\t\t<\/br><\/br>\n\t\t\tVous pouvez aussi tr\u00e8s bien enlever la dalle afin de la nettoyer s\u00e9par\u00e9ment \u00e0 <span class=\"font-weight-bold\">l\u2019eau chaude<\/span> ou bien avec une \u00e9ponge. Si la tache r\u00e9siste, vous pouvez brosser votre <span class=\"font-weight-bold\">dalle avec une brosse et du d\u00e9tergent doux<\/span>. Apr\u00e8s avoir nettoy\u00e9 le rev\u00eatement, veuillez rincer soigneusement la dalle afin d\u2019enlever le d\u00e9tergent et faites s\u00e9chez avant de repositionner votre dalle \u00e0 sa place.\n\t\t<\/p>\n\t<\/div>\n\t<div class=\"col-lg-6 col-bg p-0\">\n\t\t<div style=\"background-image: url('\/wp-content\/uploads\/sites\/11\/2021\/05\/Pflegeanleitung-2.jpg');\"><\/div>\n\t<\/div>\n<\/div>\n<div class=\"row pr-details-row-4 parallax\" style=\"background-image: url('\/wp-content\/uploads\/sites\/11\/2021\/06\/Zitat-g.jpg')\">\n\t<div class=\"col\">\n\t\t<h3>\u201e Les dalles de moquette \u00e9tant g\u00e9n\u00e9ralement pos\u00e9es en pose autoplombante, chaque dalle peut facilement \u00eatre retir\u00e9e individuellement pour \u00eatre nettoy\u00e9e par un professionnel, puis r\u00e9int\u00e9gr\u00e9e \u00e0 l\u2019ensemble du rev\u00eatement. \u201c\n\t\t\t<span>Carsten Reul<\/span>\n\t\t\t<span class=\"font-weight-normal\">ing\u00e9nieur en applications<\/span>\n\t\t<\/h3>\n\t<\/div>\n<\/div>\n<div class=\"row pflege-row-3\">\n\t<div class=\"col-lg-6 col-bg p-0\">\n\t\t<div style=\"background-image: url('\/wp-content\/uploads\/sites\/11\/2021\/05\/Pflegeanleitung-3.jpg');\"><\/div>\n\t<\/div>\n\t<div class=\"col-lg-6\">\n\t\t<h2 class=\"font-weight-bold\">Que faire une fois vos dalles nettoy\u00e9es?<\/h2>\n\t\t<p class=\"text-left\">\n\t\t\tAvant de la repositionner, il faut laisser la dalle de moquette s\u00e9cher compl\u00e8tement. Les radiateurs ou autres sources de chaleur artificielle ne conviennent absolument pas pour le s\u00e9chage, car ils peuvent endommager le carreau et r\u00e9duire sa dur\u00e9e de vie. Pr\u00e9f\u00e9rez un s\u00e9chage \u00e0 l\u2019air libre.\n\t\t\t<\/br><\/br>\n\t\t\tUne fois que la dalle de moquette SCHATEX<sup>\u00ae<\/sup> est compl\u00e8tement s\u00e8che, vous pouvez la <span class=\"font-weight-bold\">r\u00e9installer sur le sol sans aucun probl\u00e8me<\/span>. Ce faisant, veuillez faire attention au sens de l&#8217;installation (voir les <a class=\"font-weight-bold\" href=\"\/wp-content\/uploads\/sites\/11\/2021\/01\/Verlegeanleitung.pdf\" target=\"_blank\" style=\"color:#0093BF;\" rel=\"noopener\">instructions d&#8217;installation pour plus de d\u00e9tails<\/a>).\n\t\t<\/p>\n\t<\/div>\n\t<div class=\"col-lg-6\">\n\t\t<h2 class=\"font-weight-bold\">Pour toute r\u00e9ponse \u00e0 vos questions, nous serons ravis de vous aider!<\/h2>\n\t\t<p class=\"text-left text-primary\">\n\t\t\tSi vous avez d&#8217;autres questions concernant l&#8217;entretien et le nettoyage de nos produits, n\u2019h\u00e9sitez pas \u00e0 nous contacter par e-mail ou par t\u00e9l\u00e9phone aux coordonn\u00e9es indiqu\u00e9es ci-dessous.\n\t\t\t<\/br><\/br>\n\t\t\tNotre \u00e9quipe technique se fera un plaisir de r\u00e9pondre \u00e0 toutes vos questions.\n\t\t<\/p>\n\t<\/div>\n\t<div class=\"col-lg-6 col-bg p-0\">\n\t\t<div style=\"background-image: url('\/wp-content\/uploads\/sites\/11\/2021\/05\/Pflegeanleitung-4.jpg');\"><\/div>\n\t<\/div>\n<\/div>\n<div class=\"row pr-details-row-4 produktion-quote-2 parallax\" style=\"background-image: url('\/wp-content\/uploads\/sites\/11\/2021\/06\/Zitat-b.jpg');\">\n\t<div class=\"col\">\n\t\t<h3>\u201e Des techniques de fabrication ultramodernes garantissent la qualit\u00e9 \u00e9lev\u00e9e de vos dalles de moquette. \u201c\n\t\t\t<span>Charles Rodrigu\u00e8s<\/span>\n\t\t\t<span class=\"font-weight-normal\">Directeur g\u00e9n\u00e9ral<\/span>\n\t\t<\/h3>\n\t<\/div>\n<\/div>\n<\/div>\n","protected":false},"excerpt":{"rendered":"<p>SCHATEX\u00ae &#8211; Instructions d\u2019entretien Comment entretenir correctement nos dalles de moquette? En savoir plus &#x25BC; Dalles de moquette SCHATEX\u00ae &#8211; Conseils d\u2019entretien Un entretien soigneux et appropri\u00e9 est d&#8217;une importance capitale, car il constitue la base sur laquelle repose la long\u00e9vit\u00e9 et le maintien de la haute qualit\u00e9 des dalles de moquette. Afin de profiter &#8230; <a title=\"Instructions d\u2019entretien\" class=\"read-more\" href=\"https:\/\/schatex.com\/fr\/service\/instructions-dentretien\/\" aria-label=\"Read more about Instructions d\u2019entretien\">Read more<\/a><\/p>\n","protected":false},"author":1,"featured_media":0,"parent":811,"menu_order":0,"comment_status":"closed","ping_status":"closed","template":"","meta":{"footnotes":""},"yoast_head":"<!-- This site is optimized with the Yoast SEO plugin v22.6 - https:\/\/yoast.com\/wordpress\/plugins\/seo\/ -->\n<title>Pflegeanleitung f\u00fcr Teppichfliesen | SCHATEX\u00ae \u2013 Die Marke f\u00fcr Teppichfliesen<\/title>\n<meta name=\"description\" content=\"Teppichfliesen richtig verlegen | SCHATEX\u00ae - Die Marke f\u00fcr Teppichfliesen | Lesen Sie hier unsere Verlegehinweise!\" \/>\n<meta name=\"robots\" content=\"index, follow, max-snippet:-1, max-image-preview:large, max-video-preview:-1\" \/>\n<link rel=\"canonical\" href=\"https:\/\/schatex.com\/fr\/service\/instructions-dentretien\/\" \/>\n<meta property=\"og:locale\" content=\"en_US\" \/>\n<meta property=\"og:type\" content=\"article\" \/>\n<meta property=\"og:title\" content=\"Pflegeanleitung f\u00fcr Teppichfliesen | SCHATEX\u00ae \u2013 Die Marke f\u00fcr Teppichfliesen\" \/>\n<meta property=\"og:description\" content=\"Teppichfliesen richtig verlegen | SCHATEX\u00ae - Die Marke f\u00fcr Teppichfliesen | Lesen Sie hier unsere Verlegehinweise!\" \/>\n<meta property=\"og:url\" content=\"https:\/\/schatex.com\/fr\/service\/instructions-dentretien\/\" \/>\n<meta property=\"og:site_name\" content=\"SCHATEX | FR\" \/>\n<meta property=\"article:modified_time\" content=\"2021-09-30T15:15:49+00:00\" \/>\n<meta property=\"og:image\" content=\"https:\/\/schatex.com\/wp-content\/uploads\/sites\/11\/2020\/05\/Rechtecks.png\" \/>\n<meta name=\"twitter:card\" content=\"summary_large_image\" \/>\n<meta name=\"twitter:label1\" content=\"Est. reading time\" \/>\n\t<meta name=\"twitter:data1\" content=\"3 minutes\" \/>\n<script type=\"application\/ld+json\" class=\"yoast-schema-graph\">{\"@context\":\"https:\/\/schema.org\",\"@graph\":[{\"@type\":\"WebPage\",\"@id\":\"https:\/\/schatex.com\/fr\/service\/instructions-dentretien\/\",\"url\":\"https:\/\/schatex.com\/fr\/service\/instructions-dentretien\/\",\"name\":\"Pflegeanleitung f\u00fcr Teppichfliesen | SCHATEX\u00ae \u2013 Die Marke f\u00fcr Teppichfliesen\",\"isPartOf\":{\"@id\":\"https:\/\/schatex.com\/fr\/#website\"},\"datePublished\":\"2020-05-18T21:20:01+00:00\",\"dateModified\":\"2021-09-30T15:15:49+00:00\",\"description\":\"Teppichfliesen richtig verlegen | SCHATEX\u00ae - Die Marke f\u00fcr Teppichfliesen | Lesen Sie hier unsere Verlegehinweise!\",\"breadcrumb\":{\"@id\":\"https:\/\/schatex.com\/fr\/service\/instructions-dentretien\/#breadcrumb\"},\"inLanguage\":\"en-US\",\"potentialAction\":[{\"@type\":\"ReadAction\",\"target\":[\"https:\/\/schatex.com\/fr\/service\/instructions-dentretien\/\"]}]},{\"@type\":\"BreadcrumbList\",\"@id\":\"https:\/\/schatex.com\/fr\/service\/instructions-dentretien\/#breadcrumb\",\"itemListElement\":[{\"@type\":\"ListItem\",\"position\":1,\"name\":\"Home\",\"item\":\"https:\/\/schatex.com\/fr\/\"},{\"@type\":\"ListItem\",\"position\":2,\"name\":\"Service\",\"item\":\"https:\/\/schatex.com\/fr\/service\/\"},{\"@type\":\"ListItem\",\"position\":3,\"name\":\"Instructions d\u2019entretien\"}]},{\"@type\":\"WebSite\",\"@id\":\"https:\/\/schatex.com\/fr\/#website\",\"url\":\"https:\/\/schatex.com\/fr\/\",\"name\":\"SCHATEX | FR\",\"description\":\"Des dalles de moquette pour vos espaces r\u00e9sidentiels et professionnels\",\"publisher\":{\"@id\":\"https:\/\/schatex.com\/fr\/#organization\"},\"potentialAction\":[{\"@type\":\"SearchAction\",\"target\":{\"@type\":\"EntryPoint\",\"urlTemplate\":\"https:\/\/schatex.com\/fr\/?s={search_term_string}\"},\"query-input\":\"required name=search_term_string\"}],\"inLanguage\":\"en-US\"},{\"@type\":\"Organization\",\"@id\":\"https:\/\/schatex.com\/fr\/#organization\",\"name\":\"SCHATEX\",\"url\":\"https:\/\/schatex.com\/fr\/\",\"logo\":{\"@type\":\"ImageObject\",\"inLanguage\":\"en-US\",\"@id\":\"https:\/\/schatex.com\/fr\/#\/schema\/logo\/image\/\",\"url\":\"https:\/\/schatex.com\/fr-clone\/wp-content\/uploads\/sites\/11\/2020\/05\/cropped-logo.png\",\"contentUrl\":\"https:\/\/schatex.com\/fr-clone\/wp-content\/uploads\/sites\/11\/2020\/05\/cropped-logo.png\",\"width\":476,\"height\":112,\"caption\":\"SCHATEX\"},\"image\":{\"@id\":\"https:\/\/schatex.com\/fr\/#\/schema\/logo\/image\/\"}}]}<\/script>\n<!-- \/ Yoast SEO plugin. -->","yoast_head_json":{"title":"Pflegeanleitung f\u00fcr Teppichfliesen | SCHATEX\u00ae \u2013 Die Marke f\u00fcr Teppichfliesen","description":"Teppichfliesen richtig verlegen | SCHATEX\u00ae - Die Marke f\u00fcr Teppichfliesen | Lesen Sie hier unsere Verlegehinweise!","robots":{"index":"index","follow":"follow","max-snippet":"max-snippet:-1","max-image-preview":"max-image-preview:large","max-video-preview":"max-video-preview:-1"},"canonical":"https:\/\/schatex.com\/fr\/service\/instructions-dentretien\/","og_locale":"en_US","og_type":"article","og_title":"Pflegeanleitung f\u00fcr Teppichfliesen | SCHATEX\u00ae \u2013 Die Marke f\u00fcr Teppichfliesen","og_description":"Teppichfliesen richtig verlegen | SCHATEX\u00ae - Die Marke f\u00fcr Teppichfliesen | Lesen Sie hier unsere Verlegehinweise!","og_url":"https:\/\/schatex.com\/fr\/service\/instructions-dentretien\/","og_site_name":"SCHATEX | FR","article_modified_time":"2021-09-30T15:15:49+00:00","og_image":[{"url":"https:\/\/schatex.com\/wp-content\/uploads\/sites\/11\/2020\/05\/Rechtecks.png"}],"twitter_card":"summary_large_image","twitter_misc":{"Est. reading time":"3 minutes"},"schema":{"@context":"https:\/\/schema.org","@graph":[{"@type":"WebPage","@id":"https:\/\/schatex.com\/fr\/service\/instructions-dentretien\/","url":"https:\/\/schatex.com\/fr\/service\/instructions-dentretien\/","name":"Pflegeanleitung f\u00fcr Teppichfliesen | SCHATEX\u00ae \u2013 Die Marke f\u00fcr Teppichfliesen","isPartOf":{"@id":"https:\/\/schatex.com\/fr\/#website"},"datePublished":"2020-05-18T21:20:01+00:00","dateModified":"2021-09-30T15:15:49+00:00","description":"Teppichfliesen richtig verlegen | SCHATEX\u00ae - Die Marke f\u00fcr Teppichfliesen | Lesen Sie hier unsere Verlegehinweise!","breadcrumb":{"@id":"https:\/\/schatex.com\/fr\/service\/instructions-dentretien\/#breadcrumb"},"inLanguage":"en-US","potentialAction":[{"@type":"ReadAction","target":["https:\/\/schatex.com\/fr\/service\/instructions-dentretien\/"]}]},{"@type":"BreadcrumbList","@id":"https:\/\/schatex.com\/fr\/service\/instructions-dentretien\/#breadcrumb","itemListElement":[{"@type":"ListItem","position":1,"name":"Home","item":"https:\/\/schatex.com\/fr\/"},{"@type":"ListItem","position":2,"name":"Service","item":"https:\/\/schatex.com\/fr\/service\/"},{"@type":"ListItem","position":3,"name":"Instructions d\u2019entretien"}]},{"@type":"WebSite","@id":"https:\/\/schatex.com\/fr\/#website","url":"https:\/\/schatex.com\/fr\/","name":"SCHATEX | FR","description":"Des dalles de moquette pour vos espaces r\u00e9sidentiels et professionnels","publisher":{"@id":"https:\/\/schatex.com\/fr\/#organization"},"potentialAction":[{"@type":"SearchAction","target":{"@type":"EntryPoint","urlTemplate":"https:\/\/schatex.com\/fr\/?s={search_term_string}"},"query-input":"required name=search_term_string"}],"inLanguage":"en-US"},{"@type":"Organization","@id":"https:\/\/schatex.com\/fr\/#organization","name":"SCHATEX","url":"https:\/\/schatex.com\/fr\/","logo":{"@type":"ImageObject","inLanguage":"en-US","@id":"https:\/\/schatex.com\/fr\/#\/schema\/logo\/image\/","url":"https:\/\/schatex.com\/fr-clone\/wp-content\/uploads\/sites\/11\/2020\/05\/cropped-logo.png","contentUrl":"https:\/\/schatex.com\/fr-clone\/wp-content\/uploads\/sites\/11\/2020\/05\/cropped-logo.png","width":476,"height":112,"caption":"SCHATEX"},"image":{"@id":"https:\/\/schatex.com\/fr\/#\/schema\/logo\/image\/"}}]}},"_links":{"self":[{"href":"https:\/\/schatex.com\/fr\/wp-json\/wp\/v2\/pages\/955"}],"collection":[{"href":"https:\/\/schatex.com\/fr\/wp-json\/wp\/v2\/pages"}],"about":[{"href":"https:\/\/schatex.com\/fr\/wp-json\/wp\/v2\/types\/page"}],"author":[{"embeddable":true,"href":"https:\/\/schatex.com\/fr\/wp-json\/wp\/v2\/users\/1"}],"replies":[{"embeddable":true,"href":"https:\/\/schatex.com\/fr\/wp-json\/wp\/v2\/comments?post=955"}],"version-history":[{"count":35,"href":"https:\/\/schatex.com\/fr\/wp-json\/wp\/v2\/pages\/955\/revisions"}],"predecessor-version":[{"id":5223,"href":"https:\/\/schatex.com\/fr\/wp-json\/wp\/v2\/pages\/955\/revisions\/5223"}],"up":[{"embeddable":true,"href":"https:\/\/schatex.com\/fr\/wp-json\/wp\/v2\/pages\/811"}],"wp:attachment":[{"href":"https:\/\/schatex.com\/fr\/wp-json\/wp\/v2\/media?parent=955"}],"curies":[{"name":"wp","href":"https:\/\/api.w.org\/{rel}","templated":true}]}}