{"id":953,"date":"2020-05-18T23:19:11","date_gmt":"2020-05-18T21:19:11","guid":{"rendered":"http:\/\/dev.schatex.com\/fr-clone\/?page_id=953"},"modified":"2021-08-15T16:37:33","modified_gmt":"2021-08-15T14:37:33","slug":"faq","status":"publish","type":"page","link":"https:\/\/schatex.com\/fr\/service\/faq\/","title":{"rendered":"FAQ"},"content":{"rendered":"\n<div class=\"header-cover parallax\" style=\"background-image: url('\/wp-content\/uploads\/sites\/11\/2021\/06\/Header_Flag_2x.jpg');\">\n  <div class=\"teppichfliesen-header\">\n     <h1>SCHATEX<sup>\u00ae<\/sup> &#8211; FAQ<\/h1>\n     <span>SCHATEX<sup>\u00ae<\/sup> by Scharpenack GmbH<\/span>\n  <\/div>\n  <div class=\"teppichfliesen-subheader\"> <a href=\"#topProdukte\"> Tout voir <\/br> &#x25BC; <\/a> <\/div>\n<\/div>\n\n\n\n<div class=\"container-lg\">\n\t<div class=\"row faq-row-1\" id=\"topProdukte\">\n\t\t<p class=\"col-sm-12 font-weight-bold collapsed\" data-toggle=\"collapse\" data-target=\"#faq1\" aria-expanded=\"false\" aria-controls=\"faq1\">\n\t\t\t<i class=\"bi\" id=\"collapseOneSquare\"><\/i>1.\tQuelle est la diff\u00e9rence entre la dalle de moquette et la moquette en rouleau?\n\t\t<\/p>\n\t\t<div class=\"collapse\" id=\"faq1\">\n\t\t\t<div class=\"card card-body\">\n\t\t\t\t<p>\n\t\t\t\t\tVisuellement, les dalles de moquette et la moquette en rouleaux sont identiques. La diff\u00e9rence entre les deux rev\u00eatements de sol textiles est que la dalle de moquette est plus souple et plus facile \u00e0 transporter et \u00e0 installer, ce qui permet de r\u00e9duire la quantit\u00e9 de chutes et de d\u00e9chets. Contrairement \u00e0 la moquette en rouleau, il est extr\u00eamement facile de remplacer une ou plusieurs dalles individuellement si elles sont endommag\u00e9es. \n\t\t\t\t<\/p>\n\t\t\t<\/div>\n\t\t<\/div>\n\t\t<hr>\n\t\t<p class=\"col-sm-12 font-weight-bold collapsed\" data-toggle=\"collapse\" data-target=\"#faq2\" aria-expanded=\"false\" aria-controls=\"faq2\">\n\t\t\t<i class=\"bi\"><\/i>2. Qu&#8217;est-ce que la pose flottante?\n\t\t<\/p>\n\t\t<div class=\"collapse\" id=\"faq2\">\n\t\t\t<div class=\"card card-body\">\n\t\t\t\t<p>\n\t\t\t\t\tLa pose flottante est beaucoup plus pratique que la pose coll\u00e9e. Vous pouvez simplement poser votre dalle de moquette sur le sol sans avoir recours \u00e0 de la colle ou \u00e0 des adh\u00e9sifs (sauf pour la premi\u00e8re dalle). Toutefois, dans les zones \u00e0 fort trafic, telles que les all\u00e9es ou les escaliers, vous avez la possibilit\u00e9 de fixer la dalle de moquette SCHATEX<sup>\u00ae<\/sup> \u00e0 l&#8217;aide d&#8217;un adh\u00e9sif. \n\t\t\t\t<\/p>\n\t\t\t<\/div>\n\t\t<\/div>\n\t\t<hr>\n\t\t<p class=\"col-sm-12 font-weight-bold collapsed\" data-toggle=\"collapse\" data-target=\"#faq3\" aria-expanded=\"false\" aria-controls=\"faq3\">\n\t\t\t<i class=\"bi\"><\/i>3. Quels sont les avantages des dalles de moquette de la marque SCHATEX<sup>\u00ae<\/sup>?\n\t\t<\/p>\n\t\t<div class=\"collapse\" id=\"faq3\">\n\t\t\t<div class=\"card card-body\">\n\t\t\t\t<p>\n\t\t\t\t\tLes dalles de moquette SCHATEX<sup>\u00ae<\/sup> pr\u00e9sentent de nombreux avantages. D&#8217;une part, gr\u00e2ce au choix de mati\u00e8res premi\u00e8res de haute qualit\u00e9 et d&#8217;un support renforc\u00e9, elles pr\u00e9sentent un profil technique remarquable et sont:<\/br><\/br>\n\t\t\t\t\n\t\t\t\t\t<ul>\n\t\t\t\t\t\t<li>\tr\u00e9sistantes<\/li>\n\t\t\t\t\t\t<li>\tpolyvalentes<\/li>\n\t\t\t\t\t\t<li>\trobustes<\/li>\n\t\t\t\t\t\t<li>\tantistatiques<\/li>\n\t\t\t\t\t\t<li>\tantid\u00e9rapantes<\/li>\n\t\t\t\t\t\t<li>\tdifficilement inflammables<\/li>\n\t\t\t\t\t\t<li>\tind\u00e9formables<\/li>\n\t\t\t\t\t\t<li>\tflexibles<\/li>\n\t\t\t\t\t\t<li>\tdurables<\/li>\n\t\t\t\t\t\t<li>\tet pourtant \u00e9conomiques <\/li>\n\t\t\t\t\t<\/ul>\n\n\t\t\t\t\tDe plus, elles sont <span class=\"font-weight-bold\">extr\u00eamement rapides et faciles \u00e0 installer et \u00e0 entretenir<\/span>. Gr\u00e2ce \u00e0 leur poids important, elles peuvent \u00eatre pos\u00e9es sur le sol sans utiliser de colle, gr\u00e2ce \u00e0 la pose dite &#8220;flottante&#8221; ou &#8220;libre&#8221;. Les dalles de moquette peuvent \u00eatre remplac\u00e9es individuellement si elles sont endommag\u00e9es ou en fin de vie. L&#8217;installation flottante vous offre une vari\u00e9t\u00e9 d&#8217;options d&#8217;installation, car vous pouvez choisir l\u2019orientation des dalles. Les dalles de moquette SCHATEX<sup>\u00ae<\/sup> marquent aussi des points pour leur haute r\u00e9sistance aux rayons UV. Un autre avantage est leur effet positif sur la sant\u00e9 de l&#8217;habitat. Certaines collections SCHATEX<sup>\u00ae<\/sup> sont \u00e9galement adapt\u00e9es \u00e0 une exposition r\u00e9guli\u00e8re aux chaises \u00e0 roulettes &#8211; notamment les collections SCHATEX Traffic et SCHATEX Smartline.\n\t\t\t\t<\/p>\n\t\t\t<\/div>\n\t\t<\/div>\n\t\t<hr>\n\t\t<p class=\"col-sm-12 font-weight-bold collapsed\" data-toggle=\"collapse\" data-target=\"#faq4\" aria-expanded=\"false\" aria-controls=\"faq4\">\n\t\t\t<i class=\"bi\"><\/i>4. Comment les dalles de moquette SCHATEX<sup>\u00ae<\/sup> sont-elles fabriqu\u00e9es?\n\t\t<\/p>\n\t\t<div class=\"collapse\" id=\"faq4\">\n\t\t\t<div class=\"card card-body\">\n\t\t\t\t<p>\n\t\t\t\t\tUne dalle de moquette SCHATEX<sup>\u00ae<\/sup> est fabriqu\u00e9e \u00e0 partir de rouleaux bruts de 2 m\u00e8tres de large avec un support en latex. Dans un premier temps, le produit non trait\u00e9 est tremp\u00e9 dans un bain de bitume liquide. Entre deux applications de bitume, une ou m\u00eame deux couches de fibre de verre sont ajout\u00e9es. Une toile de protection est ensuite plac\u00e9e dessus afin de prot\u00e9ger la couche de bitume de la salet\u00e9. Le produit est ensuite coup\u00e9 avec des couteaux rotatifs pour lui donner un format appropri\u00e9. Vous pouvez trouver plus d&#8217;informations sur la production \n\t\t\t\t\t<a class=\"text-info\" href=\"\/fr\/a-propos\/production\/\">ici<\/a>. <\/p>\n\t\t\t\t<\/div>\n\t\t\t<\/div>\n\t\t\t<hr>\n\t\t\t<p class=\"col-sm-12 font-weight-bold collapsed\" data-toggle=\"collapse\" data-target=\"#faq5\" aria-expanded=\"false\" aria-controls=\"faq5\">\n\t\t\t\t<i class=\"bi\"><\/i>5.\tQuelles sont les diff\u00e9rentes structures de surface?\n\t\t\t<\/p>\n\t\t\t<div class=\"collapse\" id=\"faq5\">\n\t\t\t\t<div class=\"card card-body\">\n\t\t\t\t\t<p>\n\t\t\t\t\t\t<span class=\"font-italic font-weight-bold\">Boucl\u00e9e:<\/span> Les fibres forment des boucles dont chaque extr\u00e9mit\u00e9 est ancr\u00e9e \u00e0 l&#8217;arri\u00e8re du rev\u00eatement. Les moquettes boucl\u00e9es sont r\u00e9sistantes \u00e0 l&#8217;usure et conviennent particuli\u00e8rement aux zones \u00e0 fort trafic. \n\t\t\t\t\t<\/br><\/br>\n\t\t\t\t\t<span class=\"font-italic font-weight-bold\">Velours coup\u00e9:<\/span> La fabrication de la moquette en velours coup\u00e9 est similaire \u00e0 celle boucl\u00e9e, sauf qu\u2019une fois les boucles fix\u00e9es, ces derni\u00e8res sont coup\u00e9es. Cela cr\u00e9e un toucher de surface particuli\u00e8rement doux et velout\u00e9. Les moquettes en velours sont donc particuli\u00e8rement chaleureuses et confortables, et ainsi adapt\u00e9es \u00e0 la chambre \u00e0 coucher.\n\t\t\t\t<\/br><\/br>\n\t\t\t\t<span class=\"font-italic font-weight-bold\">Saxony:<\/span> La moquette Saxony est une moquette en velours dont les fils les plus longs ont \u00e9t\u00e9 thermofix\u00e9s pour donner au produit une texture granuleuse. Ces moquettes sont \u00e9galement particuli\u00e8rement adapt\u00e9es \u00e0 la chambre \u00e0 coucher.\n\t\t\t<\/br><\/br>\n\t\t\t<span class=\"font-italic font-weight-bold\">Velours fris\u00e9:<\/span> la moquette fris\u00e9e est constitu\u00e9e de longues fibres imbriqu\u00e9es, coup\u00e9es \u00e0 chaud, qui lui donnent un aspect ondul\u00e9.\n\t\t<\/br><\/br>\n\t\t<span class=\"font-italic font-weight-bold\">Textur\u00e9e:<\/span> la moquette textur\u00e9e est constitu\u00e9e de boucles courtes et longues, ce qui cr\u00e9\u00e9e des jeux de relief sur la surface.\n\t<\/p>\n<\/div>\n<\/div>\n<hr>\n<p class=\"col-sm-12 font-weight-bold collapsed\" data-toggle=\"collapse\" data-target=\"#faq6\" aria-expanded=\"false\" aria-controls=\"faq6\">\n\t<i class=\"bi\"><\/i>6.\tDans quelles zones pouvez-vous installer les dalles de moquette SCHATEX<sup>\u00ae<\/sup>?\n<\/p>\n<div class=\"collapse\" id=\"faq6\">\n\t<div class=\"card card-body\">\n\t\t<p>\n\t\t\tEn fonction de la classe d&#8217;utilisation, vous pouvez installer vos dalles de moquette SCHATEX<sup>\u00ae<\/sup> dans diff\u00e9rentes zones:\n\t\t<\/br><\/br>&#8211; Classes d&#8217;utilisation 21 \u00e0 23: ces classes d&#8217;utilisation conviennent aux espaces priv\u00e9s, notamment dans le salon, la chambre \u00e0 coucher ou dans les couloirs d&#8217;entr\u00e9e. Pour un passage peu fr\u00e9quent, une classe d\u2019usage 21 ou 22 sera suffisante ; pour les trafics plus importants \u00e0 la maison, une classe d\u2019usage 23 sera mieux adapt\u00e9e.\n\t<\/br><\/br>&#8211; Classe d&#8217;utilisation 31 \u00e0 33: Les dalles de moquette ayant une classe d&#8217;utilisation plus \u00e9lev\u00e9e conviennent \u00e0 une installation dans des zones fortement fr\u00e9quent\u00e9es, telles que les bureaux, les h\u00f4tels, les restaurants ou les foires commerciales, avec une transition entre un usage l\u00e9ger et un usage intensif.\n<\/p>\n<\/div>\n<\/div>\n<hr>\n<p class=\"col-sm-12 font-weight-bold collapsed\" data-toggle=\"collapse\" data-target=\"#faq7\" aria-expanded=\"false\" aria-controls=\"faq7\">\n\t<i class=\"bi\"><\/i>7.\tComment installer les dalles de moquette SCHATEX<sup>\u00ae<\/sup>?\n<\/p>\n<div class=\"collapse\" id=\"faq7\">\n\t<div class=\"card card-body\">\n\t\t<p>\n\t\t\tPour commencer, il est important de v\u00e9rifier que le coloris et le num\u00e9ro de bain sont identiques. Votre support doit \u00eatre solide, stable, propre, plat et sec. Veillez \u00e9galement \u00e0 \u00e9teindre votre chauffage par le sol au moins 48 heures avant la pose. Retirez ensuite toutes les dalles de leur emballage et stockez-les \u00e0 une temp\u00e9rature ambiante de 24\u00b0C. Les dalles de moquette sont faciles et rapides \u00e0 installer, ce qui rend la pose accessible m\u00eame aux moins habiles en bricolage. Tracez maintenant deux lignes orthogonales \u00e0 la craie sur le sol au milieu de la pi\u00e8ce, en partant du milieu de la longueur et de la largeur de la pi\u00e8ce. Lorsque vous faites cela, l&#8217;intersection correspondra au point de d\u00e9part de la pose de vos dalles de moquette. Ensuite, posez vos dalles le long des lignes que vous avez trac\u00e9es pr\u00e9c\u00e9demment. La toute premi\u00e8re dalle doit \u00eatre fix\u00e9e avec du ruban adh\u00e9sif ou une fixation antid\u00e9rapante, perpendiculairement \u00e0 l&#8217;intersection. Vous n&#8217;avez pas besoin de colle ou de ruban adh\u00e9sif pour les autres dalles.\t<\/div>\n\t\t<\/p>\n\t<\/div>\n\t<hr>\n\t<p class=\"col-sm-12 font-weight-bold collapsed\" data-toggle=\"collapse\" data-target=\"#faq8\" aria-expanded=\"false\" aria-controls=\"faq8\">\n\t\t<i class=\"bi\"><\/i>8.\tComment nettoyer et entretenir les dalles de moquette SCHATEX<sup>\u00ae<\/sup>?\n\t<\/p>\n\t<div class=\"collapse\" id=\"faq8\">\n\t\t<div class=\"card card-body\">\n\t\t\t<p>\n\t\t\t\tLes dalles de moquette SCHATEX<sup>\u00ae<\/sup> sont tr\u00e8s faciles et rapides \u00e0 nettoyer et \u00e0 entretenir. La salet\u00e9 et la poussi\u00e8re peuvent \u00eatre facilement \u00e9limin\u00e9es avec un aspirateur. Si des liquides sont renvers\u00e9s sur le sol, ils peuvent \u00eatre \u00e9pong\u00e9s avec une serviette en papier standard. Pour \u00e9viter d\u2019agrandir la tache lors du nettoyage, il est pr\u00e9f\u00e9rable de frotter de l&#8217;ext\u00e9rieur vers l&#8217;int\u00e9rieur. Si la tache persiste, il suffit de retirer la dalle et de la nettoyer \u00e0 l&#8217;eau chaude ou \u00e0 l&#8217;\u00e9ponge. Une brosse et un d\u00e9tergent doux peuvent \u00eatre utilis\u00e9s pendant ce processus. Ensuite, rincez soigneusement votre dalle de moquette et essuyez le liquide restant avec une serviette en papier. Laissez s\u00e9cher la dalle de moquette avant de la r\u00e9installer sur votre sol. Toutefois, nous vous d\u00e9conseillons fortement de faire s\u00e9cher la dalle de moquette sur un radiateur ou toute autre forme de chaleur artificielle.\t<\/div>\n\t\t\t<\/p>\n\t\t<\/div>\n\t\t<hr>\n\t\t<p class=\"col-sm-12 font-weight-bold collapsed\" data-toggle=\"collapse\" data-target=\"#faq9\" aria-expanded=\"false\" aria-controls=\"faq9\">\n\t\t\t<i class=\"bi\"><\/i>9.\tSur quel support installez-vous les dalles de moquette?\n\t\t<\/p>\n\t\t<div class=\"collapse\" id=\"faq9\">\n\t\t\t<div class=\"card card-body\">\n\t\t\t\t<p>\n\t\t\t\t\tLes dalles de moquette SCHATEX<sup>\u00ae<\/sup> peuvent \u00eatre pos\u00e9es sur diff\u00e9rents supports tels que le b\u00e9ton, le parquet ou le stratifi\u00e9, mais elles ne sont pas adapt\u00e9es aux rev\u00eatements de sol souples tels que les moquettes.\n\t\t\t\t<\/p>\n\t\t\t<\/div>\n\t\t<\/div>\n\t\t<hr>\n\t\t<p class=\"col-sm-12 font-weight-bold collapsed\" data-toggle=\"collapse\" data-target=\"#faq10\" aria-expanded=\"false\" aria-controls=\"faq10\">\n\t\t\t<i class=\"bi\"><\/i>10.\tQuelles sont les diff\u00e9rentes m\u00e9thodes d&#8217;installation?\n\t\t<\/p>\n\t\t<div class=\"collapse\" id=\"faq10\">\n\t\t\t<div class=\"card card-body\">\n\t\t\t\t<p>\n\t\t\t\t\tLes dalles de moquette peuvent \u00eatre install\u00e9es de diff\u00e9rentes mani\u00e8res. Pour commencer, vous pouvez d\u00e9cider de l&#8217;effet visuel que vous voulez donner \u00e0 votre int\u00e9rieur en choisissant un sol uni ou multicolore. Notre assortiment offre une s\u00e9lection vari\u00e9e de couleurs diff\u00e9rentes qui peuvent se combiner, vous permettant de cr\u00e9er des designs uniques. Pour l&#8217;aspect technique de la pose, vous pouvez choisir entre trois sens de pose diff\u00e9rents:\n\t\t\t\t\t<span class=\"font-italic font-weight-bold\">&#8211; motif en damier:<\/span> les dalles de moquette sont dispos\u00e9es \u00e0 un angle de 90 degr\u00e9s les unes par rapport aux autres.\n\t\t\t\t<\/br><\/br>\n\t\t\t\t<span class=\"font-italic font-weight-bold\">&#8211; motif monolithique:<\/span> les fl\u00e8ches au dos des dalles doivent toutes pointer dans la m\u00eame direction.\n\t\t\t<\/br><\/br>\n\t\t\t<span class=\"font-italic font-weight-bold\">&#8211; motif de pose al\u00e9atoire:<\/span> ce mode de pose vous permet de disposer vos carreaux comme vous le souhaitez et d&#8217;obtenir l&#8217;effet visuel souhait\u00e9 sans avoir \u00e0 suivre d&#8217;instructions particuli\u00e8res. \n\t\t<\/p>\n\t<\/div>\n<\/div>\n<hr>\n<p class=\"col-sm-12 font-weight-bold collapsed\" data-toggle=\"collapse\" data-target=\"#faq11\" aria-expanded=\"false\" aria-controls=\"faq11\">\n\t<i class=\"bi\"><\/i>11.\tLes dalles de moquette SCHATEX<sup>\u00ae<\/sup> peuvent-elles \u00eatre combin\u00e9es avec un chauffage par le sol?\n<\/p>\n<div class=\"collapse\" id=\"faq11\">\n\t<div class=\"card card-body\">\n\t\t<p>\n\t\t\tOui, toutes les dalles de moquette SCHATEX<sup>\u00ae<\/sup> peuvent \u00eatre combin\u00e9es avec un chauffage par le sol.\n\t\t<\/p>\n\t<\/div>\n<\/div>\n<hr>\n<p class=\"col-sm-12 font-weight-bold collapsed\" data-toggle=\"collapse\" data-target=\"#faq12\" aria-expanded=\"false\" aria-controls=\"faq12\">\n\t<i class=\"bi\"><\/i>12.\tLes dalles de moquette de SCHATEX<sup>\u00ae<\/sup> sont-elles respectueuses de l&#8217;environnement?\n<\/p>\n<div class=\"collapse\" id=\"faq12\">\n\t<div class=\"card card-body\">\n\t\t<p>\n\t\t\tSCHATEX<sup>\u00ae<\/sup> s&#8217;engage \u00e0 prot\u00e9ger l&#8217;environnement et accorde une attention particuli\u00e8re \u00e0 la durabilit\u00e9 \u00e9cologique. Les produits sont fabriqu\u00e9s dans des conditions respectueuses de l&#8217;environnement, et le transport est aussi neutre que possible pour le climat.\n\t\t<\/p>\n\t<\/div>\n<\/div>\n<hr>\n<p class=\"col-sm-12 font-weight-bold collapsed\" data-toggle=\"collapse\" data-target=\"#faq13\" aria-expanded=\"false\" aria-controls=\"faq13\">\n\t<i class=\"bi\"><\/i>13.\tLes dalles de moquette conviennent-elles aux personnes allergiques?\n<\/p>\n<div class=\"collapse\" id=\"faq13\">\n\t<div class=\"card card-body\">\n\t\t<p>\n\t\t\tContrairement \u00e0 la croyance populaire selon laquelle les rev\u00eatements de sol textiles ont un impact n\u00e9gatif sur la sant\u00e9, vous constaterez que les moquettes et les dalles sont en fait l\u2019une des meilleures options pour un air int\u00e9rieur sain et favorable aux allergies. Contrairement aux sols lisses, les rev\u00eatements de sol textiles ont la capacit\u00e9 de retenir les allerg\u00e8nes dans leurs fibres. Les particules allerg\u00e8nes qui ne sont pas en suspension dans l&#8217;air sont donc difficiles \u00e0 inhaler et peuvent \u00eatre facilement \u00e9limin\u00e9es en passant r\u00e9guli\u00e8rement l&#8217;aspirateur sur votre sol. \n\t\t<\/p>\n\t<\/div>\n<\/div>\n<hr>\n<p class=\"col-sm-12 font-weight-bold collapsed\" data-toggle=\"collapse\" data-target=\"#faq14\" aria-expanded=\"false\" aria-controls=\"faq14\">\n\t<i class=\"bi\"><\/i>14.\tQuelles sont les collections qui me conviennent?\n<\/p>\n<div class=\"collapse\" id=\"faq14\">\n\t<div class=\"card card-body\">\n\t\t<p>\n\t\t\tPour trouver la dalle de moquette SCHATEX<sup>\u00ae<\/sup> qui vous convient le mieux, cela d\u00e9pend avant tout du domaine d&#8217;utilisation. Par exemple, la collection SCHATEX Simply Soft est particuli\u00e8rement adapt\u00e9e \u00e0 l&#8217;espace de vie, de sorte que vous pouvez donner \u00e0 votre salon ou \u00e0 votre chambre \u00e0 coucher un niveau de confort parfait. La collection SCHATEX Smartline est particuli\u00e8rement adapt\u00e9e aux pi\u00e8ces moins fr\u00e9quent\u00e9es des utilisations professionnelles. Dans les zones \u00e0 fort trafic, vous pouvez facilement installer les collections SCHATEX Smartline Plus, SCHATEX Traffic ou SCHATEX Traffic Plus.\n\t\t<\/p>\n\t<\/div>\n<\/div>\n<\/div>\n<\/div>\n","protected":false},"excerpt":{"rendered":"<p>SCHATEX\u00ae &#8211; FAQ SCHATEX\u00ae by Scharpenack GmbH Tout voir &#x25BC; 1. Quelle est la diff\u00e9rence entre la dalle de moquette et la moquette en rouleau? Visuellement, les dalles de moquette et la moquette en rouleaux sont identiques. La diff\u00e9rence entre les deux rev\u00eatements de sol textiles est que la dalle de moquette est plus souple &#8230; <a title=\"FAQ\" class=\"read-more\" href=\"https:\/\/schatex.com\/fr\/service\/faq\/\" aria-label=\"Read more about FAQ\">Read more<\/a><\/p>\n","protected":false},"author":1,"featured_media":0,"parent":811,"menu_order":0,"comment_status":"closed","ping_status":"closed","template":"","meta":{"footnotes":""},"yoast_head":"<!-- This site is optimized with the Yoast SEO plugin v22.6 - https:\/\/yoast.com\/wordpress\/plugins\/seo\/ -->\n<title>FAQ - SCHATEX | FR<\/title>\n<meta name=\"robots\" content=\"index, follow, max-snippet:-1, max-image-preview:large, max-video-preview:-1\" \/>\n<link rel=\"canonical\" href=\"https:\/\/schatex.com\/fr\/service\/faq\/\" \/>\n<meta property=\"og:locale\" content=\"en_US\" \/>\n<meta property=\"og:type\" content=\"article\" \/>\n<meta property=\"og:title\" content=\"FAQ - SCHATEX | FR\" \/>\n<meta property=\"og:description\" content=\"SCHATEX\u00ae &#8211; FAQ SCHATEX\u00ae by Scharpenack GmbH Tout voir &#x25BC; 1. Quelle est la diff\u00e9rence entre la dalle de moquette et la moquette en rouleau? Visuellement, les dalles de moquette et la moquette en rouleaux sont identiques. La diff\u00e9rence entre les deux rev\u00eatements de sol textiles est que la dalle de moquette est plus souple ... Read more\" \/>\n<meta property=\"og:url\" content=\"https:\/\/schatex.com\/fr\/service\/faq\/\" \/>\n<meta property=\"og:site_name\" content=\"SCHATEX | FR\" \/>\n<meta property=\"article:modified_time\" content=\"2021-08-15T14:37:33+00:00\" \/>\n<meta name=\"twitter:card\" content=\"summary_large_image\" \/>\n<meta name=\"twitter:label1\" content=\"Est. reading time\" \/>\n\t<meta name=\"twitter:data1\" content=\"7 minutes\" \/>\n<script type=\"application\/ld+json\" class=\"yoast-schema-graph\">{\"@context\":\"https:\/\/schema.org\",\"@graph\":[{\"@type\":\"WebPage\",\"@id\":\"https:\/\/schatex.com\/fr\/service\/faq\/\",\"url\":\"https:\/\/schatex.com\/fr\/service\/faq\/\",\"name\":\"FAQ - SCHATEX | FR\",\"isPartOf\":{\"@id\":\"https:\/\/schatex.com\/fr\/#website\"},\"datePublished\":\"2020-05-18T21:19:11+00:00\",\"dateModified\":\"2021-08-15T14:37:33+00:00\",\"breadcrumb\":{\"@id\":\"https:\/\/schatex.com\/fr\/service\/faq\/#breadcrumb\"},\"inLanguage\":\"en-US\",\"potentialAction\":[{\"@type\":\"ReadAction\",\"target\":[\"https:\/\/schatex.com\/fr\/service\/faq\/\"]}]},{\"@type\":\"BreadcrumbList\",\"@id\":\"https:\/\/schatex.com\/fr\/service\/faq\/#breadcrumb\",\"itemListElement\":[{\"@type\":\"ListItem\",\"position\":1,\"name\":\"Home\",\"item\":\"https:\/\/schatex.com\/fr\/\"},{\"@type\":\"ListItem\",\"position\":2,\"name\":\"Service\",\"item\":\"https:\/\/schatex.com\/fr\/service\/\"},{\"@type\":\"ListItem\",\"position\":3,\"name\":\"FAQ\"}]},{\"@type\":\"WebSite\",\"@id\":\"https:\/\/schatex.com\/fr\/#website\",\"url\":\"https:\/\/schatex.com\/fr\/\",\"name\":\"SCHATEX | FR\",\"description\":\"Des dalles de moquette pour vos espaces r\u00e9sidentiels et professionnels\",\"publisher\":{\"@id\":\"https:\/\/schatex.com\/fr\/#organization\"},\"potentialAction\":[{\"@type\":\"SearchAction\",\"target\":{\"@type\":\"EntryPoint\",\"urlTemplate\":\"https:\/\/schatex.com\/fr\/?s={search_term_string}\"},\"query-input\":\"required name=search_term_string\"}],\"inLanguage\":\"en-US\"},{\"@type\":\"Organization\",\"@id\":\"https:\/\/schatex.com\/fr\/#organization\",\"name\":\"SCHATEX\",\"url\":\"https:\/\/schatex.com\/fr\/\",\"logo\":{\"@type\":\"ImageObject\",\"inLanguage\":\"en-US\",\"@id\":\"https:\/\/schatex.com\/fr\/#\/schema\/logo\/image\/\",\"url\":\"https:\/\/schatex.com\/fr-clone\/wp-content\/uploads\/sites\/11\/2020\/05\/cropped-logo.png\",\"contentUrl\":\"https:\/\/schatex.com\/fr-clone\/wp-content\/uploads\/sites\/11\/2020\/05\/cropped-logo.png\",\"width\":476,\"height\":112,\"caption\":\"SCHATEX\"},\"image\":{\"@id\":\"https:\/\/schatex.com\/fr\/#\/schema\/logo\/image\/\"}}]}<\/script>\n<!-- \/ Yoast SEO plugin. -->","yoast_head_json":{"title":"FAQ - SCHATEX | FR","robots":{"index":"index","follow":"follow","max-snippet":"max-snippet:-1","max-image-preview":"max-image-preview:large","max-video-preview":"max-video-preview:-1"},"canonical":"https:\/\/schatex.com\/fr\/service\/faq\/","og_locale":"en_US","og_type":"article","og_title":"FAQ - SCHATEX | FR","og_description":"SCHATEX\u00ae &#8211; FAQ SCHATEX\u00ae by Scharpenack GmbH Tout voir &#x25BC; 1. Quelle est la diff\u00e9rence entre la dalle de moquette et la moquette en rouleau? Visuellement, les dalles de moquette et la moquette en rouleaux sont identiques. La diff\u00e9rence entre les deux rev\u00eatements de sol textiles est que la dalle de moquette est plus souple ... Read more","og_url":"https:\/\/schatex.com\/fr\/service\/faq\/","og_site_name":"SCHATEX | FR","article_modified_time":"2021-08-15T14:37:33+00:00","twitter_card":"summary_large_image","twitter_misc":{"Est. reading time":"7 minutes"},"schema":{"@context":"https:\/\/schema.org","@graph":[{"@type":"WebPage","@id":"https:\/\/schatex.com\/fr\/service\/faq\/","url":"https:\/\/schatex.com\/fr\/service\/faq\/","name":"FAQ - SCHATEX | FR","isPartOf":{"@id":"https:\/\/schatex.com\/fr\/#website"},"datePublished":"2020-05-18T21:19:11+00:00","dateModified":"2021-08-15T14:37:33+00:00","breadcrumb":{"@id":"https:\/\/schatex.com\/fr\/service\/faq\/#breadcrumb"},"inLanguage":"en-US","potentialAction":[{"@type":"ReadAction","target":["https:\/\/schatex.com\/fr\/service\/faq\/"]}]},{"@type":"BreadcrumbList","@id":"https:\/\/schatex.com\/fr\/service\/faq\/#breadcrumb","itemListElement":[{"@type":"ListItem","position":1,"name":"Home","item":"https:\/\/schatex.com\/fr\/"},{"@type":"ListItem","position":2,"name":"Service","item":"https:\/\/schatex.com\/fr\/service\/"},{"@type":"ListItem","position":3,"name":"FAQ"}]},{"@type":"WebSite","@id":"https:\/\/schatex.com\/fr\/#website","url":"https:\/\/schatex.com\/fr\/","name":"SCHATEX | FR","description":"Des dalles de moquette pour vos espaces r\u00e9sidentiels et professionnels","publisher":{"@id":"https:\/\/schatex.com\/fr\/#organization"},"potentialAction":[{"@type":"SearchAction","target":{"@type":"EntryPoint","urlTemplate":"https:\/\/schatex.com\/fr\/?s={search_term_string}"},"query-input":"required name=search_term_string"}],"inLanguage":"en-US"},{"@type":"Organization","@id":"https:\/\/schatex.com\/fr\/#organization","name":"SCHATEX","url":"https:\/\/schatex.com\/fr\/","logo":{"@type":"ImageObject","inLanguage":"en-US","@id":"https:\/\/schatex.com\/fr\/#\/schema\/logo\/image\/","url":"https:\/\/schatex.com\/fr-clone\/wp-content\/uploads\/sites\/11\/2020\/05\/cropped-logo.png","contentUrl":"https:\/\/schatex.com\/fr-clone\/wp-content\/uploads\/sites\/11\/2020\/05\/cropped-logo.png","width":476,"height":112,"caption":"SCHATEX"},"image":{"@id":"https:\/\/schatex.com\/fr\/#\/schema\/logo\/image\/"}}]}},"_links":{"self":[{"href":"https:\/\/schatex.com\/fr\/wp-json\/wp\/v2\/pages\/953"}],"collection":[{"href":"https:\/\/schatex.com\/fr\/wp-json\/wp\/v2\/pages"}],"about":[{"href":"https:\/\/schatex.com\/fr\/wp-json\/wp\/v2\/types\/page"}],"author":[{"embeddable":true,"href":"https:\/\/schatex.com\/fr\/wp-json\/wp\/v2\/users\/1"}],"replies":[{"embeddable":true,"href":"https:\/\/schatex.com\/fr\/wp-json\/wp\/v2\/comments?post=953"}],"version-history":[{"count":66,"href":"https:\/\/schatex.com\/fr\/wp-json\/wp\/v2\/pages\/953\/revisions"}],"predecessor-version":[{"id":5177,"href":"https:\/\/schatex.com\/fr\/wp-json\/wp\/v2\/pages\/953\/revisions\/5177"}],"up":[{"embeddable":true,"href":"https:\/\/schatex.com\/fr\/wp-json\/wp\/v2\/pages\/811"}],"wp:attachment":[{"href":"https:\/\/schatex.com\/fr\/wp-json\/wp\/v2\/media?parent=953"}],"curies":[{"name":"wp","href":"https:\/\/api.w.org\/{rel}","templated":true}]}}