{"id":945,"date":"2020-05-18T23:16:18","date_gmt":"2020-05-18T21:16:18","guid":{"rendered":"http:\/\/dev.schatex.com\/fr-clone\/?page_id=945"},"modified":"2021-10-01T22:39:08","modified_gmt":"2021-10-01T20:39:08","slug":"production","status":"publish","type":"page","link":"https:\/\/schatex.com\/fr\/service\/production\/","title":{"rendered":"Production"},"content":{"rendered":"\n<div class=\"header-cover parallax\" style=\"background-image: url('\/wp-content\/uploads\/sites\/11\/2021\/05\/Header-Produktion.jpg');\">\n  <div class=\"teppichfliesen-header produktion-header\">\n     <h1>Comment sont fabriqu\u00e9es nos dalles de moquette?<\/h1>\n     <span>D\u00e9couvrez-le ici!<\/span>\n  <\/div>\n  <div class=\"teppichfliesen-subheader\"><a class=\"text-uppercase\" href=\"#topProdukte\"> En savoir plus <\/br> &#x25BC; <\/a><\/div>\n<\/div>\n\n\n\n<div class=\"container-fluid\">\n\t<div class=\"row home-row-1 fliesen-row-1 under-header-row\">\n\t\t<div class=\"col-md-6 text-center\" style=\"margin: auto;\">\n\t\t\t<img decoding=\"async\" src=\"\/wp-content\/uploads\/sites\/11\/2020\/05\/Rechtecks.png\">\n\t\t<\/div>\n\t\t<div class=\"col-md-6\">\n\t\t\t<h3 class=\"font-weight-bold under-header-row\">Comment sont fabriqu\u00e9es les dalles de moquette?<\/h3>\n\t\t\t<p class=\"text-left\">\n\t\t\t\tLe processus de production des dalles de moquette est complexe et comporte plus d\u2019\u00e9tapes que celui des moquettes classiques en rouleau.\n\n\t\t\t\tUne <span class=\"font-weight-bold\">excellente coordination entre les mati\u00e8res premi\u00e8res et les \u00e9tapes de production<\/span> est essentielle \u00e0 chaque type de produit sp\u00e9cifique afin d\u2019obtenir une dalle de moquette d\u2019une excellente qualit\u00e9.\n\t\t\t<\/p>\n\t\t<\/div>\n\t<\/div>\n\t<div id=\"topProdukte\" class=\"row produktion-row-2\">\n\t\t<div class=\"col-lg-6 col-bg p-0\">\n\t\t\t<div style=\"background-image: url('\/wp-content\/uploads\/sites\/11\/2021\/05\/CIMG9328.jpg');\"><\/div>\n\t\t<\/div>\n\t\t<div class=\"col-lg-6\">\n\t\t\t<h2 class=\"font-weight-bold\">Le choix du mat\u00e9riau de surface d\u00e9termine le processus de production<\/h2>\n\t\t\t<p class=\"text-left\">\n\t\t\t\tLa premi\u00e8re \u00e9tape de la production d\u00e9termine d\u00e9j\u00e0 le design final des dalles de moquette. En effet, <span class=\"font-weight-bold\">le choix du mat\u00e9riau de surface<\/span> qui formera un rouleau textile (velours, boucles, poils d\u2019animaux, &#8230;) d\u00e9termine la composition et les quantit\u00e9s de mat\u00e9riau n\u00e9cessaires pour la r\u00e9alisation ainsi que pour la stabilisation du support. Enfin, les machines et les \u00e9tapes ult\u00e9rieures de production sont \u00e9galement adapt\u00e9es.\n\t\t\t\t<br><br>\n\t\t\t\tLe mat\u00e9riau de surface textile utilis\u00e9 comme mat\u00e9riau de base est <span class=\"font-weight-bold\">identique \u00e0 celui d&#8217;une moquette classique en rouleau<\/span> et a g\u00e9n\u00e9ralement une largeur d&#8217;un peu plus de 2 m. Cela permet de produire des dalles de moquette dans des formats de 50 x 50 cm, 100 x 100 cm ou 100 x 200 cm.\n\t\t\t<\/p>\n\t\t<\/div>\n\t<\/div>\n\t<div class=\"row pr-details-row-4 parallax\" style=\"background-image: url('\/wp-content\/uploads\/sites\/11\/2021\/06\/Zitat-1@2x.jpg');\">\n\t\t<div class=\"col\">\n\t\t\t<h3>\u201e Toutes les dalles de moquette ne sont pas produites de la m\u00eame mani\u00e8re : le mat\u00e9riau de surface d\u00e9termine les exigences auxquelles la fabrication du support doit r\u00e9pondre. \u201d\n\t\t\t\t<span>Sebastian Blomberg<\/span>\n\t\t\t\t<span class=\"font-weight-normal\">Chef produit<\/span>\n\t\t\t<\/h3>\n\t\t<\/div>\n\t<\/div>\n\t<div class=\"row produktion-row-3\">\n\t\t<div class=\"col-lg-6\">\n\t\t\t<h2 class=\"font-weight-bold\">Le &#8220;mariage&#8221; : l\u2019association entre le mat\u00e9riau sup\u00e9rieur et l\u2019envers<\/h2>\n\t\t\t<p class=\"text-left\">\n\t\t\t\tLa haute qualit\u00e9 des dalles de moquette est due \u00e9galement \u00e0 leurs <span class=\"font-weight-bold\">propri\u00e9t\u00e9s &#8220;autoplombantes&#8221;<\/span> en ainsi qu\u2019\u00e0 leur bonne stabilit\u00e9 dimensionnelle (pour en savoir plus \u00e0 ce sujet, reportez-vous \u00e0 la page &#8220;Installation&#8221;). Elles sont \u00e9galement r\u00e9sistantes aux effets du froid et de la chaleur.\n\t\t\t\t<br><br>\n\t\t\t\tPour obtenir ces caract\u00e9ristiques de haute qualit\u00e9, un envers multicouche est n\u00e9cessaire. Pour ce faire, la mati\u00e8re premi\u00e8re est d&#8217;abord &#8220;baign\u00e9e&#8221;, face inf\u00e9rieure, dans du bitume liquide \u00e0 l&#8217;aide d&#8217;un syst\u00e8me de rouleaux. Au cours de ce processus, une <span class=\"font-weight-bold\">premi\u00e8re couche fine de bitume<\/span> est appliqu\u00e9e uniform\u00e9ment sur le mat\u00e9riau, ce qui, apr\u00e8s s\u00e9chage du bitume, cr\u00e9e la r\u00e9sistance initiale de la future dalle de moquette.\n\t\t\t<\/p>\t\n\t\t<\/div>\n\t\t<div class=\"col-lg-6 col-bg p-0\">\n\t\t\t<div style=\"background-image: url('\/wp-content\/uploads\/sites\/11\/2021\/06\/Produktion-die-Hochzeit@2x.jpg');\"><\/div>\n\t\t<\/div>\n\t\t<div class=\"col-lg-6 col-bg p-0\">\n\t\t\t<div style=\"background-image: url('\/wp-content\/uploads\/sites\/11\/2021\/05\/CIMG9321.jpg');\"><\/div>\n\t\t<\/div>\n\t\t<div class=\"col-lg-6\">\n\t\t\t<h2 class=\"font-weight-bold\">Une stabilit\u00e9 gr\u00e2ce \u00e0 un tissu en fibre de verre fusionn\u00e9<\/h2>\n\t\t\t<p class=\"text-left\">\n\t\t\t\tLors de\t l&#8217;\u00e9tape suivante, une <span class=\"font-weight-bold\">couche en fibre de verre<\/span> est pos\u00e9e sur la premi\u00e8re couche de bitume, qui est ensuite compl\u00e9t\u00e9e par une seconde application de bitume liquide dans un deuxi\u00e8me bain afin de renforcer le support et lui donner ainsi les caract\u00e9ristiques techniques n\u00e9cessaires. Enfin, dans le cadre du processus de production final, une couche de protection non-tiss\u00e9 est lamin\u00e9e 2 \u00e0 3 secondes apr\u00e8s l&#8217;application du bitume liquide. Les num\u00e9ros de lot et les fl\u00e8ches indiquant le sens de pose y sont imprim\u00e9s.\n\t\t\t\t<br><br>\n\t\t\t\t<span class=\"font-weight-bold\">L\u2019envers se compose donc de deux couches de bitume<\/span> avec une couche en fibre de verre fusionn\u00e9e entre elles, compl\u00e9t\u00e9es par une couche de protection non-tiss\u00e9. Les quantit\u00e9s exactes de mat\u00e9riaux doivent \u00eatre adapt\u00e9es individuellement \u00e0 chaque collection et au format des dalles \u00e0 produire. Ce n&#8217;est que de cette mani\u00e8re que les dalles de moquette obtiennent finalement leurs <span class=\"font-weight-bold\">leurs propri\u00e9t\u00e9s uniques<\/span>, qui les distinguent de la moquette classique en rouleau.\n\t\t\t<\/p>\n\t\t<\/div>\n\t\t<div class=\"col-lg-6\">\n\t\t\t<h2 class=\"font-weight-bold\">Finitions : d\u00e9coupage et formatage<\/h2>\n\t\t\t<p class=\"text-left\">\n\t\t\t\tPour finaliser la production, <span class=\"font-weight-bold\">le rouleau est d\u00e9coup\u00e9<\/span> aux formats souhait\u00e9s &#8211; g\u00e9n\u00e9ralement 50 x 50 cm. Au cours de ce processus, le mat\u00e9riau passe par une section dans laquelle des lames \u00e0 rotation rapide coupent le rouleau aux dimensions souhait\u00e9es, \u00e0 travers l\u2019envers. La <span class=\"font-weight-bold\">pr\u00e9cision dimensionnelle<\/span> est contr\u00f4l\u00e9e avec exactitude par une technologie laser. Les dalles de moquette finies sont ensuite emball\u00e9es dans des bo\u00eetes en carton et \u00e9tiquet\u00e9s \u00e0 l&#8217;aide de robots.\n\t\t\t\t<br><br>\n\t\t\t\tN\u2019h\u00e9sitez pas \u00e0 nous contacter, par e-mail ou par t\u00e9l\u00e9phone, pour plus de pr\u00e9cisions. Notre \u00e9quipe technique se fera un plaisir de vous aider.\n\t\t\t<\/p>\n\t\t<\/div>\n\t\t<div class=\"col-lg-6 col-bg p-0\">\n\t\t\t<div style=\"background-image: url('\/wp-content\/uploads\/sites\/11\/2021\/05\/CIMG9315.jpg');\"><\/div>\n\t\t<\/div>\n\t<\/div>\n\t<div class=\"row pr-details-row-4 produktion-quote-2 parallax\" style=\"background-image: url('\/wp-content\/uploads\/sites\/11\/2021\/06\/Zitat-b.jpg')\">\n\t\t<div class=\"col\">\n\t\t\t<h3>\u201d Une s\u00e9lection de mat\u00e9riaux haut de gamme et un processus de production adapt\u00e9 individuellement \u00e0 chaque produit sont le secret d&#8217;une qualit\u00e9 parfaite. \u201d\n\t\t\t\t<span>Charles Rodrigu\u00e8s<\/span>\n\t\t\t\t<span class=\"font-weight-normal\">Directeur g\u00e9n\u00e9ral<\/span>\n\t\t\t<\/h3>\n\t\t<\/div>\n\t<\/div>\n<\/div>\n","protected":false},"excerpt":{"rendered":"<p>Comment sont fabriqu\u00e9es nos dalles de moquette? D\u00e9couvrez-le ici! En savoir plus &#x25BC; Comment sont fabriqu\u00e9es les dalles de moquette? Le processus de production des dalles de moquette est complexe et comporte plus d\u2019\u00e9tapes que celui des moquettes classiques en rouleau. Une excellente coordination entre les mati\u00e8res premi\u00e8res et les \u00e9tapes de production est essentielle &#8230; <a title=\"Production\" class=\"read-more\" href=\"https:\/\/schatex.com\/fr\/service\/production\/\" aria-label=\"Read more about Production\">Read more<\/a><\/p>\n","protected":false},"author":1,"featured_media":0,"parent":811,"menu_order":0,"comment_status":"closed","ping_status":"closed","template":"","meta":{"footnotes":""},"yoast_head":"<!-- This site is optimized with the Yoast SEO plugin v22.6 - https:\/\/yoast.com\/wordpress\/plugins\/seo\/ -->\n<title>Wie werden Teppichfliesen hergestellt? | SCHATEX\u00ae \u2013 Die Marke f\u00fcr Teppichfliesen<\/title>\n<meta name=\"description\" content=\"Herstellung von Teppichfliesen | SCHATEX\u00ae - Die Marke f\u00fcr Teppichfliesen | Jetzt mehr erfahren!\" \/>\n<meta name=\"robots\" content=\"index, follow, max-snippet:-1, max-image-preview:large, max-video-preview:-1\" \/>\n<link rel=\"canonical\" href=\"https:\/\/schatex.com\/fr\/service\/production\/\" \/>\n<meta property=\"og:locale\" content=\"en_US\" \/>\n<meta property=\"og:type\" content=\"article\" \/>\n<meta property=\"og:title\" content=\"Wie werden Teppichfliesen hergestellt? | SCHATEX\u00ae \u2013 Die Marke f\u00fcr Teppichfliesen\" \/>\n<meta property=\"og:description\" content=\"Herstellung von Teppichfliesen | SCHATEX\u00ae - Die Marke f\u00fcr Teppichfliesen | Jetzt mehr erfahren!\" \/>\n<meta property=\"og:url\" content=\"https:\/\/schatex.com\/fr\/service\/production\/\" \/>\n<meta property=\"og:site_name\" content=\"SCHATEX | FR\" \/>\n<meta property=\"article:modified_time\" content=\"2021-10-01T20:39:08+00:00\" \/>\n<meta property=\"og:image\" content=\"https:\/\/schatex.com\/wp-content\/uploads\/sites\/11\/2020\/05\/Rechtecks.png\" \/>\n<meta name=\"twitter:card\" content=\"summary_large_image\" \/>\n<meta name=\"twitter:label1\" content=\"Est. reading time\" \/>\n\t<meta name=\"twitter:data1\" content=\"4 minutes\" \/>\n<script type=\"application\/ld+json\" class=\"yoast-schema-graph\">{\"@context\":\"https:\/\/schema.org\",\"@graph\":[{\"@type\":\"WebPage\",\"@id\":\"https:\/\/schatex.com\/fr\/service\/production\/\",\"url\":\"https:\/\/schatex.com\/fr\/service\/production\/\",\"name\":\"Wie werden Teppichfliesen hergestellt? | SCHATEX\u00ae \u2013 Die Marke f\u00fcr Teppichfliesen\",\"isPartOf\":{\"@id\":\"https:\/\/schatex.com\/fr\/#website\"},\"datePublished\":\"2020-05-18T21:16:18+00:00\",\"dateModified\":\"2021-10-01T20:39:08+00:00\",\"description\":\"Herstellung von Teppichfliesen | SCHATEX\u00ae - Die Marke f\u00fcr Teppichfliesen | Jetzt mehr erfahren!\",\"breadcrumb\":{\"@id\":\"https:\/\/schatex.com\/fr\/service\/production\/#breadcrumb\"},\"inLanguage\":\"en-US\",\"potentialAction\":[{\"@type\":\"ReadAction\",\"target\":[\"https:\/\/schatex.com\/fr\/service\/production\/\"]}]},{\"@type\":\"BreadcrumbList\",\"@id\":\"https:\/\/schatex.com\/fr\/service\/production\/#breadcrumb\",\"itemListElement\":[{\"@type\":\"ListItem\",\"position\":1,\"name\":\"Home\",\"item\":\"https:\/\/schatex.com\/fr\/\"},{\"@type\":\"ListItem\",\"position\":2,\"name\":\"Service\",\"item\":\"https:\/\/schatex.com\/fr\/service\/\"},{\"@type\":\"ListItem\",\"position\":3,\"name\":\"Production\"}]},{\"@type\":\"WebSite\",\"@id\":\"https:\/\/schatex.com\/fr\/#website\",\"url\":\"https:\/\/schatex.com\/fr\/\",\"name\":\"SCHATEX | FR\",\"description\":\"Des dalles de moquette pour vos espaces r\u00e9sidentiels et professionnels\",\"publisher\":{\"@id\":\"https:\/\/schatex.com\/fr\/#organization\"},\"potentialAction\":[{\"@type\":\"SearchAction\",\"target\":{\"@type\":\"EntryPoint\",\"urlTemplate\":\"https:\/\/schatex.com\/fr\/?s={search_term_string}\"},\"query-input\":\"required name=search_term_string\"}],\"inLanguage\":\"en-US\"},{\"@type\":\"Organization\",\"@id\":\"https:\/\/schatex.com\/fr\/#organization\",\"name\":\"SCHATEX\",\"url\":\"https:\/\/schatex.com\/fr\/\",\"logo\":{\"@type\":\"ImageObject\",\"inLanguage\":\"en-US\",\"@id\":\"https:\/\/schatex.com\/fr\/#\/schema\/logo\/image\/\",\"url\":\"https:\/\/schatex.com\/fr-clone\/wp-content\/uploads\/sites\/11\/2020\/05\/cropped-logo.png\",\"contentUrl\":\"https:\/\/schatex.com\/fr-clone\/wp-content\/uploads\/sites\/11\/2020\/05\/cropped-logo.png\",\"width\":476,\"height\":112,\"caption\":\"SCHATEX\"},\"image\":{\"@id\":\"https:\/\/schatex.com\/fr\/#\/schema\/logo\/image\/\"}}]}<\/script>\n<!-- \/ Yoast SEO plugin. -->","yoast_head_json":{"title":"Wie werden Teppichfliesen hergestellt? | SCHATEX\u00ae \u2013 Die Marke f\u00fcr Teppichfliesen","description":"Herstellung von Teppichfliesen | SCHATEX\u00ae - Die Marke f\u00fcr Teppichfliesen | Jetzt mehr erfahren!","robots":{"index":"index","follow":"follow","max-snippet":"max-snippet:-1","max-image-preview":"max-image-preview:large","max-video-preview":"max-video-preview:-1"},"canonical":"https:\/\/schatex.com\/fr\/service\/production\/","og_locale":"en_US","og_type":"article","og_title":"Wie werden Teppichfliesen hergestellt? | SCHATEX\u00ae \u2013 Die Marke f\u00fcr Teppichfliesen","og_description":"Herstellung von Teppichfliesen | SCHATEX\u00ae - Die Marke f\u00fcr Teppichfliesen | Jetzt mehr erfahren!","og_url":"https:\/\/schatex.com\/fr\/service\/production\/","og_site_name":"SCHATEX | FR","article_modified_time":"2021-10-01T20:39:08+00:00","og_image":[{"url":"https:\/\/schatex.com\/wp-content\/uploads\/sites\/11\/2020\/05\/Rechtecks.png"}],"twitter_card":"summary_large_image","twitter_misc":{"Est. reading time":"4 minutes"},"schema":{"@context":"https:\/\/schema.org","@graph":[{"@type":"WebPage","@id":"https:\/\/schatex.com\/fr\/service\/production\/","url":"https:\/\/schatex.com\/fr\/service\/production\/","name":"Wie werden Teppichfliesen hergestellt? | SCHATEX\u00ae \u2013 Die Marke f\u00fcr Teppichfliesen","isPartOf":{"@id":"https:\/\/schatex.com\/fr\/#website"},"datePublished":"2020-05-18T21:16:18+00:00","dateModified":"2021-10-01T20:39:08+00:00","description":"Herstellung von Teppichfliesen | SCHATEX\u00ae - Die Marke f\u00fcr Teppichfliesen | Jetzt mehr erfahren!","breadcrumb":{"@id":"https:\/\/schatex.com\/fr\/service\/production\/#breadcrumb"},"inLanguage":"en-US","potentialAction":[{"@type":"ReadAction","target":["https:\/\/schatex.com\/fr\/service\/production\/"]}]},{"@type":"BreadcrumbList","@id":"https:\/\/schatex.com\/fr\/service\/production\/#breadcrumb","itemListElement":[{"@type":"ListItem","position":1,"name":"Home","item":"https:\/\/schatex.com\/fr\/"},{"@type":"ListItem","position":2,"name":"Service","item":"https:\/\/schatex.com\/fr\/service\/"},{"@type":"ListItem","position":3,"name":"Production"}]},{"@type":"WebSite","@id":"https:\/\/schatex.com\/fr\/#website","url":"https:\/\/schatex.com\/fr\/","name":"SCHATEX | FR","description":"Des dalles de moquette pour vos espaces r\u00e9sidentiels et professionnels","publisher":{"@id":"https:\/\/schatex.com\/fr\/#organization"},"potentialAction":[{"@type":"SearchAction","target":{"@type":"EntryPoint","urlTemplate":"https:\/\/schatex.com\/fr\/?s={search_term_string}"},"query-input":"required name=search_term_string"}],"inLanguage":"en-US"},{"@type":"Organization","@id":"https:\/\/schatex.com\/fr\/#organization","name":"SCHATEX","url":"https:\/\/schatex.com\/fr\/","logo":{"@type":"ImageObject","inLanguage":"en-US","@id":"https:\/\/schatex.com\/fr\/#\/schema\/logo\/image\/","url":"https:\/\/schatex.com\/fr-clone\/wp-content\/uploads\/sites\/11\/2020\/05\/cropped-logo.png","contentUrl":"https:\/\/schatex.com\/fr-clone\/wp-content\/uploads\/sites\/11\/2020\/05\/cropped-logo.png","width":476,"height":112,"caption":"SCHATEX"},"image":{"@id":"https:\/\/schatex.com\/fr\/#\/schema\/logo\/image\/"}}]}},"_links":{"self":[{"href":"https:\/\/schatex.com\/fr\/wp-json\/wp\/v2\/pages\/945"}],"collection":[{"href":"https:\/\/schatex.com\/fr\/wp-json\/wp\/v2\/pages"}],"about":[{"href":"https:\/\/schatex.com\/fr\/wp-json\/wp\/v2\/types\/page"}],"author":[{"embeddable":true,"href":"https:\/\/schatex.com\/fr\/wp-json\/wp\/v2\/users\/1"}],"replies":[{"embeddable":true,"href":"https:\/\/schatex.com\/fr\/wp-json\/wp\/v2\/comments?post=945"}],"version-history":[{"count":62,"href":"https:\/\/schatex.com\/fr\/wp-json\/wp\/v2\/pages\/945\/revisions"}],"predecessor-version":[{"id":5229,"href":"https:\/\/schatex.com\/fr\/wp-json\/wp\/v2\/pages\/945\/revisions\/5229"}],"up":[{"embeddable":true,"href":"https:\/\/schatex.com\/fr\/wp-json\/wp\/v2\/pages\/811"}],"wp:attachment":[{"href":"https:\/\/schatex.com\/fr\/wp-json\/wp\/v2\/media?parent=945"}],"curies":[{"name":"wp","href":"https:\/\/api.w.org\/{rel}","templated":true}]}}