{"id":943,"date":"2020-05-18T23:15:20","date_gmt":"2020-05-18T21:15:20","guid":{"rendered":"http:\/\/dev.schatex.com\/fr-clone\/?page_id=943"},"modified":"2021-09-27T22:13:56","modified_gmt":"2021-09-27T20:13:56","slug":"a-propos","status":"publish","type":"page","link":"https:\/\/schatex.com\/fr\/a-propos\/","title":{"rendered":"\u00c0 propos"},"content":{"rendered":"\n<div class=\"header-cover parallax\" style=\"background-image: url('\/wp-content\/uploads\/sites\/11\/2021\/05\/Header-uber-uns.jpg');\">\n  <div class=\"teppichfliesen-header\">\n     <h1>SCHATEX<sup>\u00ae<\/sup> &#8211; \u00c0 propos de nous <\/h1>\n     <span>En tant que fournisseur de produits de qualit\u00e9, nous assurons des collections performantes pour toutes vos utilisations.<\/span>\n  <\/div>\n  <div class=\"teppichfliesen-subheader\"> <a href=\"#topProdukte\"> En savoir plus <\/br> &#x25BC; <\/a> <\/div>\n<\/div>\n\n\n\n<div class=\"container-fluid\">\n\t<div class=\"row home-row-1 fliesen-row-1 under-header-row\">\n\t  <div class=\"col-md-6 text-center\" style=\"margin: auto;\">\n\t\t<img decoding=\"async\" src=\"\/wp-content\/uploads\/sites\/11\/2020\/05\/Rechtecks.png\">\n\t  <\/div>\n\t  <div class=\"col-md-6\">\n\t\t<h3 class=\" font-weight-bold\">Notre philosophie<\/h3>\n\t\t<p>\n            <span class=\"font-weight-bold\">SCHATEX<sup>\u00ae<\/sup><\/span> est une marque de dalles de moquette <span class=\"font-weight-bold\">innovantes<\/span> et <span class=\"font-weight-bold\">polyvalentes<\/span> dont le si\u00e8ge se situe en <span class=\"font-weight-bold\">Rh\u00e9nanie-du-Nord-Westphalie<\/span>, Allemagne. En tant que marque de dalles de moquette, nous disposons d\u2019une <span class=\"font-weight-bold\">grande exp\u00e9rience<\/span> et <span class=\"font-weight-bold\">d\u2019un savoir-faire<\/span> qui n\u2019a pas son pareil. <\/br><\/br>\n            <span class=\"font-weight-bold\">Notre gamme de produit<\/span> ne cesse de gagner tant en quantit\u00e9 qu\u2019en qualit\u00e9, et ce dans le but de <span class=\"font-weight-bold\">satisfaire les moindres besoins de nos clients<\/span>.\n        <\/p>\n\t  <\/div>\n\t<\/div>\n\t<div id=\"topProdukte\" class=\"row home-row-2 ueberuns-row-2\">\n\t  <div class=\"col-lg-6\">\n\t\t<h2 class=\"font-weight-bold\">Notre promesse de qualit\u00e9<\/h2>\n\t\t<p class=\"text-left\">Les dalles de moquette de chez SCHATEX<sup>\u00ae<\/sup> peuvent \u00eatre aussi bien pos\u00e9es en domaine professionnel \u00e0 trafic intense que dans des habitations, et pr\u00e9sentent de nombreux avantages :<\/p>\n\t\t<ul>\n\t\t  <li>Produit de haute qualit\u00e9<\/li>\n\t\t  <li>Large \u00e9ventail de couleurs et de motifs<\/li>\n\t\t  <li>Des produits adapt\u00e9s \u00e0 chaque besoin &#8211; maison, bureau, h\u00f4tel, salon d\u2019exposition, &#8230;<\/li>\n\t\t  <li>Tr\u00e8s bon rapport qualit\u00e9\/prix par rapport au march\u00e9<\/li>\n\t\t  <li>Une livraison rapide et un solide r\u00e9seau logistique international<\/li>\n\t\t<\/ul>\n\t\t<p class=\"text-left\">\n            <span class=\"font-weight-bold\">En tant que fournisseur sp\u00e9cialis\u00e9 dans les dalles de moquette<\/span>, nous sommes \u00e9galement en mesure de produire des articles sur mesure ou des designs individuels pour des quantit\u00e9s plus importantes. Notre \u00e9quipe se fera un plaisir de vous aider !\n        <\/p>\n\t  <\/div>\n\t  <div class=\"col-lg-6 col-bg\">\n\t\t<div style=\"background-image: url('\/wp-content\/uploads\/sites\/11\/2021\/05\/Unsere-Qualitatsversprechen.jpg');\"><\/div>\n\t  <\/div>\n\t  <div class=\"col-lg-6 col-bg\">\n\t\t<div style=\"background-image: url('\/wp-content\/uploads\/sites\/11\/2021\/05\/Der-okologische-Gedanke.jpg');\"><\/div>\n\t  <\/div>\n\t  <div class=\"col-lg-6\">\n\t\t<h2 class=\"font-weight-bold\">Production &#038; Environnement<\/h2>\n\t\t<p class=\"text-left\">\n            Lors du processus de production de nos dalles de moquette, nous veillons \u00e0 n\u2019utiliser que des <span class=\"font-weight-bold\">mat\u00e9riaux de qualit\u00e9 sup\u00e9rieure<\/span>. Cette exigence envers nous-m\u00eame se retrouve dans nos produits car avec leur envers et leur couche d\u2019usure, nos dalles de moquette poss\u00e8dent une r\u00e9sistance \u00e0 toute \u00e9preuve. <\/br><\/br>\n            De plus, <span class=\"font-weight-bold\">des produits respectant l\u2019environnement<\/span> est une priorit\u00e9 pour notre soci\u00e9t\u00e9 et il est primordial pour nous que toutes les normes et crit\u00e8res environnementaux soient respect\u00e9s. C\u2019est pourquoi <span class=\"font-weight-bold\">nous utilisons un minimum de produits chimiques<\/span> lors de la production et que nous choisissons toujours le transport le moins polluant. En ce qui concerne les mati\u00e8res premi\u00e8res, nous mettons de plus en plus l&#8217;accent sur <span class=\"font-weight-bold\">l&#8217;utilisation de mat\u00e9riaux recycl\u00e9s<\/span> tels que le fil ECONYL.\n        <\/p>\n\t  <\/div>\n\t<\/div>\n\t<div class=\"row parallax pr-details-row-4\">\n\t  <div class=\"col\">\n\t\t<h3>\u201d La s\u00e9lection de mat\u00e9riaux de haute qualit\u00e9 et un processus de production adapt\u00e9 \u00e0 chaque produit sont le secret d&#8217;une qualit\u00e9 parfaite. \u201d\n\t\t  <span>Charles Rodrigu\u00e8s<\/span>\n\t\t  <span class=\"font-weight-normal\">Directeur g\u00e9n\u00e9ral<\/span>\n\t\t<\/h3>\n\t  <\/div>\n\t<\/div>\n\t<div class=\"row home-row-2 ueberuns-row-2\">\n\t  <div class=\"col-lg-6\">\n\t\t<h2 class=\"font-weight-bold\">Distribution professionnelle<\/h2>\n\t\t<p class=\"text-left\">\n            En outre, le choix de nos collaborateurs et de nos employ\u00e9s est fondamental pour qu\u2019il puisse vous conseiller correctement et en d\u00e9tails. <\/br><\/br>\n            Enfin, nous n\u2019avons pas vocation \u00e0 ne traiter et livrer qu\u2019en Allemagne, nous sommes \u00e9galement pr\u00e9sents \u00e0 l\u2019international et nos conseillers sont l\u00e0 pour vous donner un maximum d\u2019informations sur les produits de la marque SCHATEX. Un <span class=\"font-weight-bold\">service comp\u00e9tent<\/span> et <span class=\"font-weight-bold\">efficace<\/span> est notre priorit\u00e9 et en ce sens, SCHATEX<sup>\u00ae<\/sup> s\u2019impose comme un partenaire d\u2019affaire fiable et exp\u00e9riment\u00e9.\n        <\/p>\n\t  <\/div>\n\t  <div class=\"col-lg-6 col-bg\">\n\t\t<div style=\"background-image: url('\/wp-content\/uploads\/sites\/11\/2021\/05\/Professioneller-Vertrieb.jpg');\"><\/div>\n\t  <\/div>\n\t<\/div>\n\t<div class=\"row home-row-2 ueberuns-row-3\">\n\t  <div class=\"col-lg-6 text-center\" style=\"margin: auto;\">\n\t\t<a href=\"https:\/\/www.heimtex.de\/\" target=\"_blank\" rel=\"noopener\"><img decoding=\"async\" src=\"\/wp-content\/uploads\/sites\/11\/2020\/12\/heimtex-logo.png\"><\/a>\n\t  <\/div>\n\t  <div class=\"col-lg-6\">\n\t\t<h2 class=\"font-weight-bold\">Activit\u00e9s de l&#8217;association &#8211; Les dalles de moquette sous les projecteurs<\/h2>\n\t\t<p class=\"text-left\">\n            Nous sommes <a href=\"https:\/\/www.heimtex.de\/\" class=\"font-weight-bold\" target=\"_blank\" rel=\"noopener\"><u>membres de l&#8217;Association de l&#8217;industrie allemande du textile de maison<\/u><\/a> et soutenons la perception publique des rev\u00eatements de sol textiles modulaires par le biais des activit\u00e9s de notre association. <\/br><\/br>\n        <\/p>\n\t  <\/div>\n\t<\/div>\n  <\/div>\n","protected":false},"excerpt":{"rendered":"<p>SCHATEX\u00ae &#8211; \u00c0 propos de nous En tant que fournisseur de produits de qualit\u00e9, nous assurons des collections performantes pour toutes vos utilisations. En savoir plus &#x25BC; Notre philosophie SCHATEX\u00ae est une marque de dalles de moquette innovantes et polyvalentes dont le si\u00e8ge se situe en Rh\u00e9nanie-du-Nord-Westphalie, Allemagne. En tant que marque de dalles de &#8230; <a title=\"\u00c0 propos\" class=\"read-more\" href=\"https:\/\/schatex.com\/fr\/a-propos\/\" aria-label=\"Read more about \u00c0 propos\">Read more<\/a><\/p>\n","protected":false},"author":1,"featured_media":0,"parent":0,"menu_order":0,"comment_status":"closed","ping_status":"closed","template":"","meta":{"footnotes":""},"yoast_head":"<!-- This site is optimized with the Yoast SEO plugin v22.6 - https:\/\/yoast.com\/wordpress\/plugins\/seo\/ -->\n<title>\u00c0 propos - SCHATEX | FR \u2013 Die Marke f\u00fcr Teppichfliesen<\/title>\n<meta name=\"description\" content=\"SCHATEX | FR - SCHATEX | FR - Die Marke f\u00fcr Teppichfliesen | Entdecken Sie Top-Produkte f\u00fcr Wohnen &amp; Gewerbe!\" \/>\n<meta name=\"robots\" content=\"index, follow, max-snippet:-1, max-image-preview:large, max-video-preview:-1\" \/>\n<link rel=\"canonical\" href=\"https:\/\/schatex.com\/fr\/a-propos\/\" \/>\n<meta property=\"og:locale\" content=\"en_US\" \/>\n<meta property=\"og:type\" content=\"article\" \/>\n<meta property=\"og:title\" content=\"\u00c0 propos - SCHATEX | FR \u2013 Die Marke f\u00fcr Teppichfliesen\" \/>\n<meta property=\"og:description\" content=\"SCHATEX | FR - SCHATEX | FR - Die Marke f\u00fcr Teppichfliesen | Entdecken Sie Top-Produkte f\u00fcr Wohnen &amp; Gewerbe!\" \/>\n<meta property=\"og:url\" content=\"https:\/\/schatex.com\/fr\/a-propos\/\" \/>\n<meta property=\"og:site_name\" content=\"SCHATEX | FR\" \/>\n<meta property=\"article:modified_time\" content=\"2021-09-27T20:13:56+00:00\" \/>\n<meta property=\"og:image\" content=\"https:\/\/schatex.com\/wp-content\/uploads\/sites\/11\/2020\/05\/Rechtecks.png\" \/>\n<meta name=\"twitter:card\" content=\"summary_large_image\" \/>\n<meta name=\"twitter:label1\" content=\"Est. reading time\" \/>\n\t<meta name=\"twitter:data1\" content=\"3 minutes\" \/>\n<script type=\"application\/ld+json\" class=\"yoast-schema-graph\">{\"@context\":\"https:\/\/schema.org\",\"@graph\":[{\"@type\":\"WebPage\",\"@id\":\"https:\/\/schatex.com\/fr\/a-propos\/\",\"url\":\"https:\/\/schatex.com\/fr\/a-propos\/\",\"name\":\"\u00c0 propos - SCHATEX | FR \u2013 Die Marke f\u00fcr Teppichfliesen\",\"isPartOf\":{\"@id\":\"https:\/\/schatex.com\/fr\/#website\"},\"datePublished\":\"2020-05-18T21:15:20+00:00\",\"dateModified\":\"2021-09-27T20:13:56+00:00\",\"description\":\"SCHATEX | FR - SCHATEX | FR - Die Marke f\u00fcr Teppichfliesen | Entdecken Sie Top-Produkte f\u00fcr Wohnen & Gewerbe!\",\"breadcrumb\":{\"@id\":\"https:\/\/schatex.com\/fr\/a-propos\/#breadcrumb\"},\"inLanguage\":\"en-US\",\"potentialAction\":[{\"@type\":\"ReadAction\",\"target\":[\"https:\/\/schatex.com\/fr\/a-propos\/\"]}]},{\"@type\":\"BreadcrumbList\",\"@id\":\"https:\/\/schatex.com\/fr\/a-propos\/#breadcrumb\",\"itemListElement\":[{\"@type\":\"ListItem\",\"position\":1,\"name\":\"Home\",\"item\":\"https:\/\/schatex.com\/fr\/\"},{\"@type\":\"ListItem\",\"position\":2,\"name\":\"\u00c0 propos\"}]},{\"@type\":\"WebSite\",\"@id\":\"https:\/\/schatex.com\/fr\/#website\",\"url\":\"https:\/\/schatex.com\/fr\/\",\"name\":\"SCHATEX | FR\",\"description\":\"Des dalles de moquette pour vos espaces r\u00e9sidentiels et professionnels\",\"publisher\":{\"@id\":\"https:\/\/schatex.com\/fr\/#organization\"},\"potentialAction\":[{\"@type\":\"SearchAction\",\"target\":{\"@type\":\"EntryPoint\",\"urlTemplate\":\"https:\/\/schatex.com\/fr\/?s={search_term_string}\"},\"query-input\":\"required name=search_term_string\"}],\"inLanguage\":\"en-US\"},{\"@type\":\"Organization\",\"@id\":\"https:\/\/schatex.com\/fr\/#organization\",\"name\":\"SCHATEX\",\"url\":\"https:\/\/schatex.com\/fr\/\",\"logo\":{\"@type\":\"ImageObject\",\"inLanguage\":\"en-US\",\"@id\":\"https:\/\/schatex.com\/fr\/#\/schema\/logo\/image\/\",\"url\":\"https:\/\/schatex.com\/fr-clone\/wp-content\/uploads\/sites\/11\/2020\/05\/cropped-logo.png\",\"contentUrl\":\"https:\/\/schatex.com\/fr-clone\/wp-content\/uploads\/sites\/11\/2020\/05\/cropped-logo.png\",\"width\":476,\"height\":112,\"caption\":\"SCHATEX\"},\"image\":{\"@id\":\"https:\/\/schatex.com\/fr\/#\/schema\/logo\/image\/\"}}]}<\/script>\n<!-- \/ Yoast SEO plugin. -->","yoast_head_json":{"title":"\u00c0 propos - SCHATEX | FR \u2013 Die Marke f\u00fcr Teppichfliesen","description":"SCHATEX | FR - SCHATEX | FR - Die Marke f\u00fcr Teppichfliesen | Entdecken Sie Top-Produkte f\u00fcr Wohnen & Gewerbe!","robots":{"index":"index","follow":"follow","max-snippet":"max-snippet:-1","max-image-preview":"max-image-preview:large","max-video-preview":"max-video-preview:-1"},"canonical":"https:\/\/schatex.com\/fr\/a-propos\/","og_locale":"en_US","og_type":"article","og_title":"\u00c0 propos - SCHATEX | FR \u2013 Die Marke f\u00fcr Teppichfliesen","og_description":"SCHATEX | FR - SCHATEX | FR - Die Marke f\u00fcr Teppichfliesen | Entdecken Sie Top-Produkte f\u00fcr Wohnen & Gewerbe!","og_url":"https:\/\/schatex.com\/fr\/a-propos\/","og_site_name":"SCHATEX | FR","article_modified_time":"2021-09-27T20:13:56+00:00","og_image":[{"url":"https:\/\/schatex.com\/wp-content\/uploads\/sites\/11\/2020\/05\/Rechtecks.png"}],"twitter_card":"summary_large_image","twitter_misc":{"Est. reading time":"3 minutes"},"schema":{"@context":"https:\/\/schema.org","@graph":[{"@type":"WebPage","@id":"https:\/\/schatex.com\/fr\/a-propos\/","url":"https:\/\/schatex.com\/fr\/a-propos\/","name":"\u00c0 propos - SCHATEX | FR \u2013 Die Marke f\u00fcr Teppichfliesen","isPartOf":{"@id":"https:\/\/schatex.com\/fr\/#website"},"datePublished":"2020-05-18T21:15:20+00:00","dateModified":"2021-09-27T20:13:56+00:00","description":"SCHATEX | FR - SCHATEX | FR - Die Marke f\u00fcr Teppichfliesen | Entdecken Sie Top-Produkte f\u00fcr Wohnen & Gewerbe!","breadcrumb":{"@id":"https:\/\/schatex.com\/fr\/a-propos\/#breadcrumb"},"inLanguage":"en-US","potentialAction":[{"@type":"ReadAction","target":["https:\/\/schatex.com\/fr\/a-propos\/"]}]},{"@type":"BreadcrumbList","@id":"https:\/\/schatex.com\/fr\/a-propos\/#breadcrumb","itemListElement":[{"@type":"ListItem","position":1,"name":"Home","item":"https:\/\/schatex.com\/fr\/"},{"@type":"ListItem","position":2,"name":"\u00c0 propos"}]},{"@type":"WebSite","@id":"https:\/\/schatex.com\/fr\/#website","url":"https:\/\/schatex.com\/fr\/","name":"SCHATEX | FR","description":"Des dalles de moquette pour vos espaces r\u00e9sidentiels et professionnels","publisher":{"@id":"https:\/\/schatex.com\/fr\/#organization"},"potentialAction":[{"@type":"SearchAction","target":{"@type":"EntryPoint","urlTemplate":"https:\/\/schatex.com\/fr\/?s={search_term_string}"},"query-input":"required name=search_term_string"}],"inLanguage":"en-US"},{"@type":"Organization","@id":"https:\/\/schatex.com\/fr\/#organization","name":"SCHATEX","url":"https:\/\/schatex.com\/fr\/","logo":{"@type":"ImageObject","inLanguage":"en-US","@id":"https:\/\/schatex.com\/fr\/#\/schema\/logo\/image\/","url":"https:\/\/schatex.com\/fr-clone\/wp-content\/uploads\/sites\/11\/2020\/05\/cropped-logo.png","contentUrl":"https:\/\/schatex.com\/fr-clone\/wp-content\/uploads\/sites\/11\/2020\/05\/cropped-logo.png","width":476,"height":112,"caption":"SCHATEX"},"image":{"@id":"https:\/\/schatex.com\/fr\/#\/schema\/logo\/image\/"}}]}},"_links":{"self":[{"href":"https:\/\/schatex.com\/fr\/wp-json\/wp\/v2\/pages\/943"}],"collection":[{"href":"https:\/\/schatex.com\/fr\/wp-json\/wp\/v2\/pages"}],"about":[{"href":"https:\/\/schatex.com\/fr\/wp-json\/wp\/v2\/types\/page"}],"author":[{"embeddable":true,"href":"https:\/\/schatex.com\/fr\/wp-json\/wp\/v2\/users\/1"}],"replies":[{"embeddable":true,"href":"https:\/\/schatex.com\/fr\/wp-json\/wp\/v2\/comments?post=943"}],"version-history":[{"count":43,"href":"https:\/\/schatex.com\/fr\/wp-json\/wp\/v2\/pages\/943\/revisions"}],"predecessor-version":[{"id":5207,"href":"https:\/\/schatex.com\/fr\/wp-json\/wp\/v2\/pages\/943\/revisions\/5207"}],"wp:attachment":[{"href":"https:\/\/schatex.com\/fr\/wp-json\/wp\/v2\/media?parent=943"}],"curies":[{"name":"wp","href":"https:\/\/api.w.org\/{rel}","templated":true}]}}