{"id":939,"date":"2020-05-18T23:13:36","date_gmt":"2020-05-18T21:13:36","guid":{"rendered":"http:\/\/dev.schatex.com\/fr-clone\/?page_id=939"},"modified":"2021-09-25T11:27:45","modified_gmt":"2021-09-25T09:27:45","slug":"accessoires","status":"publish","type":"page","link":"https:\/\/schatex.com\/fr\/produits\/accessoires\/","title":{"rendered":"Accessoires"},"content":{"rendered":"\n<div class=\"header-cover parallax\" style=\"background-image: url('\/wp-content\/uploads\/sites\/11\/2020\/11\/Zubehoer_header.jpg');\">\n  <div class=\"teppichfliesen-header\">\n     <h1>Accessoires<\/h1>\n     <span>Les bons accessoires pour votre installation<\/span>\n  <\/div>\n  <div class=\"teppichfliesen-subheader\"> <a href=\"#topProdukte\"> Tout voir <\/br> &#x25BC; <\/a> <\/div>\n<\/div>\n\n\n\n<div class=\"container-fluid\">\n\t<div class=\"row home-row-1 fliesen-row-1 under-header-row\">\n\t  <div class=\"col-md-6 text-center\" style=\"margin: auto;\">\n\t\t<img decoding=\"async\" src=\"\/wp-content\/uploads\/sites\/11\/2020\/05\/Rechtecks.png\">\n\t  <\/div>\n\t  <div class=\"col-md-6\">\n\t\t<h3 class=\"text-uppercase font-weight-bold\">SCHATEX<sup>\u00ae<\/sup> \u2013 Accessories<\/h3>\n\t\t<p>\n\t\t\tEn plus des <span class=\"font-weight-bold\"> dalles de moquette et des lames de sol de premi\u00e8re qualit\u00e9,<\/span> nous proposons divers accessoires qui vous aideront dans l&#8217;installation de votre rev\u00eatement.<\/br><\/br>\n\n\t\t\tPar exemple, vous pouvez acheter les plinthes <span class=\"font-weight-bold\">SCHATEX<sup>\u00ae<\/sup><\/span>, qui sont faites sur mesure pour vous et assorties \u00e0 chaque produit. <\/br><\/br>\n\n\t\t\tNous proposons \u00e9galement des cutters professionnels et du ruban adh\u00e9sif de haute qualit\u00e9 pour la pose.\n\t\t<\/p>\n\t  <\/div>\n\t<\/div>\n\t<div id=\"topProdukte\" class=\"row fliesen-row-2\">\n\t  <div class=\"col-sm-6\">\n\t\t<a href=\"#\">\n\t\t  <img decoding=\"async\" src=\"\/wp-content\/uploads\/sites\/11\/2020\/05\/Fussleisten.jpg\">\n\t\t  <h4 class=\"produkt-title font-weight-bold\">SCHATEX<sup>\u00ae<\/sup> &#8211; Plinthes <span>Assorties \u00e0 chaque dalle de moquette<\/span><\/h4>\n\t\t<\/a>\n\t  <\/div>\n\t  <div class=\"col-sm-6\">\n\t\t<a href=\"#\">\n\t\t  <img decoding=\"async\" src=\"\/wp-content\/uploads\/sites\/11\/2021\/05\/SCHATEX-Cutter.jpg\">\n\t\t  <h4 class=\"produkt-title font-weight-bold\">Cutters<span> Accessoires de pose professionnels<\/span><\/h4>\n\t\t<\/a>\n\t  <\/div>\n\t  <div class=\"col-sm-6\">\n\t\t<a href=\"#\">\n\t\t  <img decoding=\"async\" src=\"\/wp-content\/uploads\/sites\/11\/2021\/05\/SCHATEX_Klebeband.jpg\">\n\t\t  <h4 class=\"produkt-title font-weight-bold\">Ruban adh\u00e9sif double-face<span> Accessoires de pose professionnels<\/span><\/h4>\n\t\t<\/a>\n\t  <\/div>\n\t<\/div>\n  <\/div>\n","protected":false},"excerpt":{"rendered":"<p>Accessoires Les bons accessoires pour votre installation Tout voir &#x25BC; SCHATEX\u00ae \u2013 Accessories En plus des dalles de moquette et des lames de sol de premi\u00e8re qualit\u00e9, nous proposons divers accessoires qui vous aideront dans l&#8217;installation de votre rev\u00eatement. Par exemple, vous pouvez acheter les plinthes SCHATEX\u00ae, qui sont faites sur mesure pour vous et &#8230; <a title=\"Accessoires\" class=\"read-more\" href=\"https:\/\/schatex.com\/fr\/produits\/accessoires\/\" aria-label=\"Read more about Accessoires\">Read more<\/a><\/p>\n","protected":false},"author":1,"featured_media":0,"parent":68,"menu_order":3,"comment_status":"closed","ping_status":"closed","template":"","meta":{"footnotes":""},"yoast_head":"<!-- This site is optimized with the Yoast SEO plugin v22.6 - https:\/\/yoast.com\/wordpress\/plugins\/seo\/ -->\n<title>SCHATEX\u00ae Zubeh\u00f6r | Kollektionen f\u00fcr Wohnen &amp; Gewerbe<\/title>\n<meta name=\"description\" content=\"Zubeh\u00f6r f\u00fcr SCHATEX\u00ae - Teppichfliesen | Die Marke f\u00fcr Teppichfliesen | Entdecken Sie Top-Produkte f\u00fcr Wohnen &amp; Gewerbe!\" \/>\n<meta name=\"robots\" content=\"index, follow, max-snippet:-1, max-image-preview:large, max-video-preview:-1\" \/>\n<link rel=\"canonical\" href=\"https:\/\/schatex.com\/fr\/produits\/accessoires\/\" \/>\n<meta property=\"og:locale\" content=\"en_US\" \/>\n<meta property=\"og:type\" content=\"article\" \/>\n<meta property=\"og:title\" content=\"SCHATEX\u00ae Zubeh\u00f6r | Kollektionen f\u00fcr Wohnen &amp; Gewerbe\" \/>\n<meta property=\"og:description\" content=\"Zubeh\u00f6r f\u00fcr SCHATEX\u00ae - Teppichfliesen | Die Marke f\u00fcr Teppichfliesen | Entdecken Sie Top-Produkte f\u00fcr Wohnen &amp; Gewerbe!\" \/>\n<meta property=\"og:url\" content=\"https:\/\/schatex.com\/fr\/produits\/accessoires\/\" \/>\n<meta property=\"og:site_name\" content=\"SCHATEX | FR\" \/>\n<meta property=\"article:modified_time\" content=\"2021-09-25T09:27:45+00:00\" \/>\n<meta property=\"og:image\" content=\"https:\/\/schatex.com\/wp-content\/uploads\/sites\/11\/2020\/05\/Rechtecks.png\" \/>\n<meta name=\"twitter:card\" content=\"summary_large_image\" \/>\n<meta name=\"twitter:label1\" content=\"Est. reading time\" \/>\n\t<meta name=\"twitter:data1\" content=\"2 minutes\" \/>\n<script type=\"application\/ld+json\" class=\"yoast-schema-graph\">{\"@context\":\"https:\/\/schema.org\",\"@graph\":[{\"@type\":\"WebPage\",\"@id\":\"https:\/\/schatex.com\/fr\/produits\/accessoires\/\",\"url\":\"https:\/\/schatex.com\/fr\/produits\/accessoires\/\",\"name\":\"SCHATEX\u00ae Zubeh\u00f6r | Kollektionen f\u00fcr Wohnen & Gewerbe\",\"isPartOf\":{\"@id\":\"https:\/\/schatex.com\/fr\/#website\"},\"datePublished\":\"2020-05-18T21:13:36+00:00\",\"dateModified\":\"2021-09-25T09:27:45+00:00\",\"description\":\"Zubeh\u00f6r f\u00fcr SCHATEX\u00ae - Teppichfliesen | Die Marke f\u00fcr Teppichfliesen | Entdecken Sie Top-Produkte f\u00fcr Wohnen & Gewerbe!\",\"breadcrumb\":{\"@id\":\"https:\/\/schatex.com\/fr\/produits\/accessoires\/#breadcrumb\"},\"inLanguage\":\"en-US\",\"potentialAction\":[{\"@type\":\"ReadAction\",\"target\":[\"https:\/\/schatex.com\/fr\/produits\/accessoires\/\"]}]},{\"@type\":\"BreadcrumbList\",\"@id\":\"https:\/\/schatex.com\/fr\/produits\/accessoires\/#breadcrumb\",\"itemListElement\":[{\"@type\":\"ListItem\",\"position\":1,\"name\":\"Home\",\"item\":\"https:\/\/schatex.com\/fr\/\"},{\"@type\":\"ListItem\",\"position\":2,\"name\":\"Produits\",\"item\":\"https:\/\/schatex.com\/fr\/produits\/\"},{\"@type\":\"ListItem\",\"position\":3,\"name\":\"Accessoires\"}]},{\"@type\":\"WebSite\",\"@id\":\"https:\/\/schatex.com\/fr\/#website\",\"url\":\"https:\/\/schatex.com\/fr\/\",\"name\":\"SCHATEX | FR\",\"description\":\"Des dalles de moquette pour vos espaces r\u00e9sidentiels et professionnels\",\"publisher\":{\"@id\":\"https:\/\/schatex.com\/fr\/#organization\"},\"potentialAction\":[{\"@type\":\"SearchAction\",\"target\":{\"@type\":\"EntryPoint\",\"urlTemplate\":\"https:\/\/schatex.com\/fr\/?s={search_term_string}\"},\"query-input\":\"required name=search_term_string\"}],\"inLanguage\":\"en-US\"},{\"@type\":\"Organization\",\"@id\":\"https:\/\/schatex.com\/fr\/#organization\",\"name\":\"SCHATEX\",\"url\":\"https:\/\/schatex.com\/fr\/\",\"logo\":{\"@type\":\"ImageObject\",\"inLanguage\":\"en-US\",\"@id\":\"https:\/\/schatex.com\/fr\/#\/schema\/logo\/image\/\",\"url\":\"https:\/\/schatex.com\/fr-clone\/wp-content\/uploads\/sites\/11\/2020\/05\/cropped-logo.png\",\"contentUrl\":\"https:\/\/schatex.com\/fr-clone\/wp-content\/uploads\/sites\/11\/2020\/05\/cropped-logo.png\",\"width\":476,\"height\":112,\"caption\":\"SCHATEX\"},\"image\":{\"@id\":\"https:\/\/schatex.com\/fr\/#\/schema\/logo\/image\/\"}}]}<\/script>\n<!-- \/ Yoast SEO plugin. -->","yoast_head_json":{"title":"SCHATEX\u00ae Zubeh\u00f6r | Kollektionen f\u00fcr Wohnen & Gewerbe","description":"Zubeh\u00f6r f\u00fcr SCHATEX\u00ae - Teppichfliesen | Die Marke f\u00fcr Teppichfliesen | Entdecken Sie Top-Produkte f\u00fcr Wohnen & Gewerbe!","robots":{"index":"index","follow":"follow","max-snippet":"max-snippet:-1","max-image-preview":"max-image-preview:large","max-video-preview":"max-video-preview:-1"},"canonical":"https:\/\/schatex.com\/fr\/produits\/accessoires\/","og_locale":"en_US","og_type":"article","og_title":"SCHATEX\u00ae Zubeh\u00f6r | Kollektionen f\u00fcr Wohnen & Gewerbe","og_description":"Zubeh\u00f6r f\u00fcr SCHATEX\u00ae - Teppichfliesen | Die Marke f\u00fcr Teppichfliesen | Entdecken Sie Top-Produkte f\u00fcr Wohnen & Gewerbe!","og_url":"https:\/\/schatex.com\/fr\/produits\/accessoires\/","og_site_name":"SCHATEX | FR","article_modified_time":"2021-09-25T09:27:45+00:00","og_image":[{"url":"https:\/\/schatex.com\/wp-content\/uploads\/sites\/11\/2020\/05\/Rechtecks.png"}],"twitter_card":"summary_large_image","twitter_misc":{"Est. reading time":"2 minutes"},"schema":{"@context":"https:\/\/schema.org","@graph":[{"@type":"WebPage","@id":"https:\/\/schatex.com\/fr\/produits\/accessoires\/","url":"https:\/\/schatex.com\/fr\/produits\/accessoires\/","name":"SCHATEX\u00ae Zubeh\u00f6r | Kollektionen f\u00fcr Wohnen & Gewerbe","isPartOf":{"@id":"https:\/\/schatex.com\/fr\/#website"},"datePublished":"2020-05-18T21:13:36+00:00","dateModified":"2021-09-25T09:27:45+00:00","description":"Zubeh\u00f6r f\u00fcr SCHATEX\u00ae - Teppichfliesen | Die Marke f\u00fcr Teppichfliesen | Entdecken Sie Top-Produkte f\u00fcr Wohnen & Gewerbe!","breadcrumb":{"@id":"https:\/\/schatex.com\/fr\/produits\/accessoires\/#breadcrumb"},"inLanguage":"en-US","potentialAction":[{"@type":"ReadAction","target":["https:\/\/schatex.com\/fr\/produits\/accessoires\/"]}]},{"@type":"BreadcrumbList","@id":"https:\/\/schatex.com\/fr\/produits\/accessoires\/#breadcrumb","itemListElement":[{"@type":"ListItem","position":1,"name":"Home","item":"https:\/\/schatex.com\/fr\/"},{"@type":"ListItem","position":2,"name":"Produits","item":"https:\/\/schatex.com\/fr\/produits\/"},{"@type":"ListItem","position":3,"name":"Accessoires"}]},{"@type":"WebSite","@id":"https:\/\/schatex.com\/fr\/#website","url":"https:\/\/schatex.com\/fr\/","name":"SCHATEX | FR","description":"Des dalles de moquette pour vos espaces r\u00e9sidentiels et professionnels","publisher":{"@id":"https:\/\/schatex.com\/fr\/#organization"},"potentialAction":[{"@type":"SearchAction","target":{"@type":"EntryPoint","urlTemplate":"https:\/\/schatex.com\/fr\/?s={search_term_string}"},"query-input":"required name=search_term_string"}],"inLanguage":"en-US"},{"@type":"Organization","@id":"https:\/\/schatex.com\/fr\/#organization","name":"SCHATEX","url":"https:\/\/schatex.com\/fr\/","logo":{"@type":"ImageObject","inLanguage":"en-US","@id":"https:\/\/schatex.com\/fr\/#\/schema\/logo\/image\/","url":"https:\/\/schatex.com\/fr-clone\/wp-content\/uploads\/sites\/11\/2020\/05\/cropped-logo.png","contentUrl":"https:\/\/schatex.com\/fr-clone\/wp-content\/uploads\/sites\/11\/2020\/05\/cropped-logo.png","width":476,"height":112,"caption":"SCHATEX"},"image":{"@id":"https:\/\/schatex.com\/fr\/#\/schema\/logo\/image\/"}}]}},"_links":{"self":[{"href":"https:\/\/schatex.com\/fr\/wp-json\/wp\/v2\/pages\/939"}],"collection":[{"href":"https:\/\/schatex.com\/fr\/wp-json\/wp\/v2\/pages"}],"about":[{"href":"https:\/\/schatex.com\/fr\/wp-json\/wp\/v2\/types\/page"}],"author":[{"embeddable":true,"href":"https:\/\/schatex.com\/fr\/wp-json\/wp\/v2\/users\/1"}],"replies":[{"embeddable":true,"href":"https:\/\/schatex.com\/fr\/wp-json\/wp\/v2\/comments?post=939"}],"version-history":[{"count":66,"href":"https:\/\/schatex.com\/fr\/wp-json\/wp\/v2\/pages\/939\/revisions"}],"predecessor-version":[{"id":5199,"href":"https:\/\/schatex.com\/fr\/wp-json\/wp\/v2\/pages\/939\/revisions\/5199"}],"up":[{"embeddable":true,"href":"https:\/\/schatex.com\/fr\/wp-json\/wp\/v2\/pages\/68"}],"wp:attachment":[{"href":"https:\/\/schatex.com\/fr\/wp-json\/wp\/v2\/media?parent=939"}],"curies":[{"name":"wp","href":"https:\/\/api.w.org\/{rel}","templated":true}]}}