{"id":936,"date":"2020-05-18T22:41:56","date_gmt":"2020-05-18T20:41:56","guid":{"rendered":"http:\/\/dev.schatex.com\/fr-clone\/?page_id=936"},"modified":"2021-09-25T11:16:30","modified_gmt":"2021-09-25T09:16:30","slug":"dalles-de-moquette","status":"publish","type":"page","link":"https:\/\/schatex.com\/fr\/produits\/dalles-de-moquette\/","title":{"rendered":"Dalles de moquette"},"content":{"rendered":"\n<div class=\"header-cover parallax\" style=\"background-image: url('\/wp-content\/uploads\/sites\/11\/2020\/12\/Teppichfliesen-Header.jpg');\">\n\t<div class=\"teppichfliesen-header\"> \n\t\t<h1>Dalles de moquette<\/h1>\n\t\t<span>Faites votre choix parmi plus de 100 produits <\/br>pour cr\u00e9er votre rev\u00eatement de sol<\/span>\n\t<\/div>\n\t<div class=\"teppichfliesen-subheader\"> <a href=\"#topProdukte\"> Voir les collections <\/br> &#x25BC; <\/a> <\/div>\n<\/div>\n\n\n\n<div class=\"container-fluid\">\n\t<div class=\"row home-row-1 fliesen-row-1 under-header-row\">\n\t  <div class=\"col-md-6 text-center\" style=\"margin: auto;\">\n\t\t<img decoding=\"async\" src=\"\/wp-content\/uploads\/sites\/11\/2020\/05\/Rechtecks.png\">\n\t  <\/div>\n\t  <div class=\"col-md-6\">\n\t\t<h3 class=\"text-uppercase font-weight-bold\">SCHATEX<sup>\u00ae<\/sup> \u2013 Dalles de moquette &#8211; Les collections<\/h3>\n\t\t<p>\n\t\t\tLes dalles de moquette de SCHATEX<sup>\u00ae<\/sup> sont synonymes de <span class=\"font-weight-bold\">qualit\u00e9, de design unique<\/span> et de <span class=\"font-weight-bold\">facilit\u00e9 d&#8217;installation<\/span>.\n\t\t<\/br><\/br>\n\t\t\tLa diversit\u00e9 des types de surface et des coloris permet un am\u00e9nagement <span class=\"font-weight-bold\">int\u00e9rieur personnalis\u00e9:<\/span> essayez diff\u00e9rents motifs de pose, m\u00e9langez les coloris et les structures de fibres \u2013 et faites de votre sol un rev\u00eatement cr\u00e9atif !\n\t\t<\/p>\n\t  <\/div>\n\t<\/div>\n\t<div id=\"topProdukte\" class=\"row home-row-4 fliesen-row-2 text-center\">\n        <div class=\"col-sm-6\">\n            <a href=\"\/fr\/dalle-de-moquette\/schatex-eco-professional\">\n              <img decoding=\"async\" src=\"\/wp-content\/uploads\/sites\/11\/2021\/05\/Eco-Professional.jpg\">\n              <h4 class=\"produkt-title font-weight-bold\">SCHATEX<sup>\u00ae<\/sup> \u2013 Eco Professional<\/h4>\n            <\/a>\n        <\/div>\n        <div class=\"col-sm-6\">\n            <a href=\"\/fr\/dalle-de-moquette\/schatex-entrance\">\n              <img decoding=\"async\" src=\"\/wp-content\/uploads\/sites\/11\/2021\/05\/Entrance.jpg\">\n              <h4 class=\"produkt-title font-weight-bold\">SCHATEX<sup>\u00ae<\/sup> \u2013 Entrance<\/h4>\n            <\/a>\n        <\/div>\n        <div class=\"col-sm-6\">\n            <a href=\"\/fr\/dalle-de-moquette\/schatex-interloop\">\n              <img decoding=\"async\" src=\"\/wp-content\/uploads\/sites\/11\/2021\/05\/Interloop.jpg\">\n              <h4 class=\"produkt-title font-weight-bold\">SCHATEX<sup>\u00ae<\/sup> \u2013 Interloop<\/h4>\n            <\/a>\n        <\/div>\n        <div class=\"col-sm-6\">\n            <a href=\"\/fr\/dalle-de-moquette\/schatex-living\">\n              <img decoding=\"async\" src=\"\/wp-content\/uploads\/sites\/11\/2021\/05\/Living.jpg\">\n              <h4 class=\"produkt-title font-weight-bold\">SCHATEX<sup>\u00ae<\/sup> \u2013 Living<\/h4>\n            <\/a>\n        <\/div>\n        <div class=\"col-sm-6\">\n            <a href=\"\/fr\/dalle-de-moquette\/schatex-simply-soft\">\n            <img decoding=\"async\" src=\"\/wp-content\/uploads\/sites\/11\/2021\/05\/Simply-Soft.jpg\">\n            <h4 class=\"produkt-title font-weight-bold\">SCHATEX<sup>\u00ae<\/sup> \u2013 Simply Soft<\/h4>\n            <\/a>\n        <\/div>\n        <div class=\"col-sm-6\">\n            <a href=\"\/fr\/dalle-de-moquette\/schatex-smartline\">\n            <img decoding=\"async\" src=\"\/wp-content\/uploads\/sites\/11\/2021\/05\/Smartline.jpg\">\n            <h4 class=\"produkt-title font-weight-bold\">SCHATEX<sup>\u00ae<\/sup> \u2013 Smartline<\/h4>\n            <\/a>\n        <\/div>\n        <div class=\"col-sm-6\">\n            <a href=\"\/fr\/dalle-de-moquette\/schatex-smartline-plus\">\n            <img decoding=\"async\" src=\"\/wp-content\/uploads\/sites\/11\/2021\/05\/Smartline-Plus.jpg\">\n            <h4 class=\"produkt-title font-weight-bold\">SCHATEX<sup>\u00ae<\/sup> \u2013 Smartline Plus<\/h4>\n            <\/a>\n        <\/div>\n        <div class=\"col-sm-6\">\n            <a href=\"\/fr\/dalle-de-moquette\/schatex-traffic\">\n            <img decoding=\"async\" src=\"\/wp-content\/uploads\/sites\/11\/2021\/05\/Traffic.jpg\">\n            <h4 class=\"produkt-title font-weight-bold\">SCHATEX<sup>\u00ae<\/sup> \u2013 Traffic<\/h4>\n            <\/a>\n        <\/div>\n        <div class=\"col-sm-6\">\n            <a href=\"\/fr\/dalle-de-moquette\/schatex-traffic-plus\">\n            <img decoding=\"async\" src=\"\/wp-content\/uploads\/sites\/11\/2021\/05\/Traffic-Plus.jpg\">\n            <h4 class=\"produkt-title font-weight-bold\">SCHATEX<sup>\u00ae<\/sup> \u2013 Traffic Plus<\/h4>\n            <\/a>\n        <\/div>\n        <div class=\"col-sm-6\">\n            <a href=\"\/fr\/dalle-de-moquette\/schatex-true-colours\">\n            <img decoding=\"async\" src=\"\/wp-content\/uploads\/sites\/11\/2021\/05\/True-Colours.jpg\">\n            <h4 class=\"produkt-title font-weight-bold\">SCHATEX<sup>\u00ae<\/sup> \u2013 True Colours<\/h4>\n            <\/a>\n        <\/div>\n        <div class=\"col-sm-6\">\n            <a href=\"\/fr\/dalle-de-moquette\/schatex-warm-welcome\">\n            <img decoding=\"async\" src=\"\/wp-content\/uploads\/sites\/11\/2021\/05\/Warm-welcome.jpg\">\n            <h4 class=\"produkt-title font-weight-bold\">SCHATEX<sup>\u00ae<\/sup> \u2013 Warm Welcome<\/h4>\n            <\/a>\n        <\/div>\n\t<\/div>\n  <\/div>\n","protected":false},"excerpt":{"rendered":"<p>Dalles de moquette Faites votre choix parmi plus de 100 produits pour cr\u00e9er votre rev\u00eatement de sol Voir les collections &#x25BC; SCHATEX\u00ae \u2013 Dalles de moquette &#8211; Les collections Les dalles de moquette de SCHATEX\u00ae sont synonymes de qualit\u00e9, de design unique et de facilit\u00e9 d&#8217;installation. La diversit\u00e9 des types de surface et des coloris &#8230; <a title=\"Dalles de moquette\" class=\"read-more\" href=\"https:\/\/schatex.com\/fr\/produits\/dalles-de-moquette\/\" aria-label=\"Read more about Dalles de moquette\">Read more<\/a><\/p>\n","protected":false},"author":1,"featured_media":0,"parent":68,"menu_order":0,"comment_status":"closed","ping_status":"closed","template":"","meta":{"footnotes":""},"yoast_head":"<!-- This site is optimized with the Yoast SEO plugin v22.6 - https:\/\/yoast.com\/wordpress\/plugins\/seo\/ -->\n<title>SCHATEX\u00ae Teppichfliesen | Kollektionen f\u00fcr Wohnen &amp; Gewerbe<\/title>\n<meta name=\"description\" content=\"SCHATEX\u00ae-Kollektionen | Die Marke f\u00fcr lose verlegbare Teppichfliesen | Entdecken Sie Top-Produkte f\u00fcr Wohnen &amp; Gewerbe!\" \/>\n<meta name=\"robots\" content=\"index, follow, max-snippet:-1, max-image-preview:large, max-video-preview:-1\" \/>\n<link rel=\"canonical\" href=\"https:\/\/schatex.com\/fr\/produits\/dalles-de-moquette\/\" \/>\n<meta property=\"og:locale\" content=\"en_US\" \/>\n<meta property=\"og:type\" content=\"article\" \/>\n<meta property=\"og:title\" content=\"SCHATEX\u00ae Teppichfliesen | Kollektionen f\u00fcr Wohnen &amp; Gewerbe\" \/>\n<meta property=\"og:description\" content=\"SCHATEX\u00ae-Kollektionen | Die Marke f\u00fcr lose verlegbare Teppichfliesen | Entdecken Sie Top-Produkte f\u00fcr Wohnen &amp; Gewerbe!\" \/>\n<meta property=\"og:url\" content=\"https:\/\/schatex.com\/fr\/produits\/dalles-de-moquette\/\" \/>\n<meta property=\"og:site_name\" content=\"SCHATEX | FR\" \/>\n<meta property=\"article:modified_time\" content=\"2021-09-25T09:16:30+00:00\" \/>\n<meta property=\"og:image\" content=\"https:\/\/schatex.com\/wp-content\/uploads\/sites\/11\/2020\/05\/Rechtecks.png\" \/>\n<meta name=\"twitter:card\" content=\"summary_large_image\" \/>\n<meta name=\"twitter:label1\" content=\"Est. reading time\" \/>\n\t<meta name=\"twitter:data1\" content=\"3 minutes\" \/>\n<script type=\"application\/ld+json\" class=\"yoast-schema-graph\">{\"@context\":\"https:\/\/schema.org\",\"@graph\":[{\"@type\":\"WebPage\",\"@id\":\"https:\/\/schatex.com\/fr\/produits\/dalles-de-moquette\/\",\"url\":\"https:\/\/schatex.com\/fr\/produits\/dalles-de-moquette\/\",\"name\":\"SCHATEX\u00ae Teppichfliesen | Kollektionen f\u00fcr Wohnen & Gewerbe\",\"isPartOf\":{\"@id\":\"https:\/\/schatex.com\/fr\/#website\"},\"datePublished\":\"2020-05-18T20:41:56+00:00\",\"dateModified\":\"2021-09-25T09:16:30+00:00\",\"description\":\"SCHATEX\u00ae-Kollektionen | Die Marke f\u00fcr lose verlegbare Teppichfliesen | Entdecken Sie Top-Produkte f\u00fcr Wohnen & Gewerbe!\",\"breadcrumb\":{\"@id\":\"https:\/\/schatex.com\/fr\/produits\/dalles-de-moquette\/#breadcrumb\"},\"inLanguage\":\"en-US\",\"potentialAction\":[{\"@type\":\"ReadAction\",\"target\":[\"https:\/\/schatex.com\/fr\/produits\/dalles-de-moquette\/\"]}]},{\"@type\":\"BreadcrumbList\",\"@id\":\"https:\/\/schatex.com\/fr\/produits\/dalles-de-moquette\/#breadcrumb\",\"itemListElement\":[{\"@type\":\"ListItem\",\"position\":1,\"name\":\"Home\",\"item\":\"https:\/\/schatex.com\/fr\/\"},{\"@type\":\"ListItem\",\"position\":2,\"name\":\"Produits\",\"item\":\"https:\/\/schatex.com\/fr\/produits\/\"},{\"@type\":\"ListItem\",\"position\":3,\"name\":\"Dalles de moquette\"}]},{\"@type\":\"WebSite\",\"@id\":\"https:\/\/schatex.com\/fr\/#website\",\"url\":\"https:\/\/schatex.com\/fr\/\",\"name\":\"SCHATEX | FR\",\"description\":\"Des dalles de moquette pour vos espaces r\u00e9sidentiels et professionnels\",\"publisher\":{\"@id\":\"https:\/\/schatex.com\/fr\/#organization\"},\"potentialAction\":[{\"@type\":\"SearchAction\",\"target\":{\"@type\":\"EntryPoint\",\"urlTemplate\":\"https:\/\/schatex.com\/fr\/?s={search_term_string}\"},\"query-input\":\"required name=search_term_string\"}],\"inLanguage\":\"en-US\"},{\"@type\":\"Organization\",\"@id\":\"https:\/\/schatex.com\/fr\/#organization\",\"name\":\"SCHATEX\",\"url\":\"https:\/\/schatex.com\/fr\/\",\"logo\":{\"@type\":\"ImageObject\",\"inLanguage\":\"en-US\",\"@id\":\"https:\/\/schatex.com\/fr\/#\/schema\/logo\/image\/\",\"url\":\"https:\/\/schatex.com\/fr-clone\/wp-content\/uploads\/sites\/11\/2020\/05\/cropped-logo.png\",\"contentUrl\":\"https:\/\/schatex.com\/fr-clone\/wp-content\/uploads\/sites\/11\/2020\/05\/cropped-logo.png\",\"width\":476,\"height\":112,\"caption\":\"SCHATEX\"},\"image\":{\"@id\":\"https:\/\/schatex.com\/fr\/#\/schema\/logo\/image\/\"}}]}<\/script>\n<!-- \/ Yoast SEO plugin. -->","yoast_head_json":{"title":"SCHATEX\u00ae Teppichfliesen | Kollektionen f\u00fcr Wohnen & Gewerbe","description":"SCHATEX\u00ae-Kollektionen | Die Marke f\u00fcr lose verlegbare Teppichfliesen | Entdecken Sie Top-Produkte f\u00fcr Wohnen & Gewerbe!","robots":{"index":"index","follow":"follow","max-snippet":"max-snippet:-1","max-image-preview":"max-image-preview:large","max-video-preview":"max-video-preview:-1"},"canonical":"https:\/\/schatex.com\/fr\/produits\/dalles-de-moquette\/","og_locale":"en_US","og_type":"article","og_title":"SCHATEX\u00ae Teppichfliesen | Kollektionen f\u00fcr Wohnen & Gewerbe","og_description":"SCHATEX\u00ae-Kollektionen | Die Marke f\u00fcr lose verlegbare Teppichfliesen | Entdecken Sie Top-Produkte f\u00fcr Wohnen & Gewerbe!","og_url":"https:\/\/schatex.com\/fr\/produits\/dalles-de-moquette\/","og_site_name":"SCHATEX | FR","article_modified_time":"2021-09-25T09:16:30+00:00","og_image":[{"url":"https:\/\/schatex.com\/wp-content\/uploads\/sites\/11\/2020\/05\/Rechtecks.png"}],"twitter_card":"summary_large_image","twitter_misc":{"Est. reading time":"3 minutes"},"schema":{"@context":"https:\/\/schema.org","@graph":[{"@type":"WebPage","@id":"https:\/\/schatex.com\/fr\/produits\/dalles-de-moquette\/","url":"https:\/\/schatex.com\/fr\/produits\/dalles-de-moquette\/","name":"SCHATEX\u00ae Teppichfliesen | Kollektionen f\u00fcr Wohnen & Gewerbe","isPartOf":{"@id":"https:\/\/schatex.com\/fr\/#website"},"datePublished":"2020-05-18T20:41:56+00:00","dateModified":"2021-09-25T09:16:30+00:00","description":"SCHATEX\u00ae-Kollektionen | Die Marke f\u00fcr lose verlegbare Teppichfliesen | Entdecken Sie Top-Produkte f\u00fcr Wohnen & Gewerbe!","breadcrumb":{"@id":"https:\/\/schatex.com\/fr\/produits\/dalles-de-moquette\/#breadcrumb"},"inLanguage":"en-US","potentialAction":[{"@type":"ReadAction","target":["https:\/\/schatex.com\/fr\/produits\/dalles-de-moquette\/"]}]},{"@type":"BreadcrumbList","@id":"https:\/\/schatex.com\/fr\/produits\/dalles-de-moquette\/#breadcrumb","itemListElement":[{"@type":"ListItem","position":1,"name":"Home","item":"https:\/\/schatex.com\/fr\/"},{"@type":"ListItem","position":2,"name":"Produits","item":"https:\/\/schatex.com\/fr\/produits\/"},{"@type":"ListItem","position":3,"name":"Dalles de moquette"}]},{"@type":"WebSite","@id":"https:\/\/schatex.com\/fr\/#website","url":"https:\/\/schatex.com\/fr\/","name":"SCHATEX | FR","description":"Des dalles de moquette pour vos espaces r\u00e9sidentiels et professionnels","publisher":{"@id":"https:\/\/schatex.com\/fr\/#organization"},"potentialAction":[{"@type":"SearchAction","target":{"@type":"EntryPoint","urlTemplate":"https:\/\/schatex.com\/fr\/?s={search_term_string}"},"query-input":"required name=search_term_string"}],"inLanguage":"en-US"},{"@type":"Organization","@id":"https:\/\/schatex.com\/fr\/#organization","name":"SCHATEX","url":"https:\/\/schatex.com\/fr\/","logo":{"@type":"ImageObject","inLanguage":"en-US","@id":"https:\/\/schatex.com\/fr\/#\/schema\/logo\/image\/","url":"https:\/\/schatex.com\/fr-clone\/wp-content\/uploads\/sites\/11\/2020\/05\/cropped-logo.png","contentUrl":"https:\/\/schatex.com\/fr-clone\/wp-content\/uploads\/sites\/11\/2020\/05\/cropped-logo.png","width":476,"height":112,"caption":"SCHATEX"},"image":{"@id":"https:\/\/schatex.com\/fr\/#\/schema\/logo\/image\/"}}]}},"_links":{"self":[{"href":"https:\/\/schatex.com\/fr\/wp-json\/wp\/v2\/pages\/936"}],"collection":[{"href":"https:\/\/schatex.com\/fr\/wp-json\/wp\/v2\/pages"}],"about":[{"href":"https:\/\/schatex.com\/fr\/wp-json\/wp\/v2\/types\/page"}],"author":[{"embeddable":true,"href":"https:\/\/schatex.com\/fr\/wp-json\/wp\/v2\/users\/1"}],"replies":[{"embeddable":true,"href":"https:\/\/schatex.com\/fr\/wp-json\/wp\/v2\/comments?post=936"}],"version-history":[{"count":148,"href":"https:\/\/schatex.com\/fr\/wp-json\/wp\/v2\/pages\/936\/revisions"}],"predecessor-version":[{"id":5197,"href":"https:\/\/schatex.com\/fr\/wp-json\/wp\/v2\/pages\/936\/revisions\/5197"}],"up":[{"embeddable":true,"href":"https:\/\/schatex.com\/fr\/wp-json\/wp\/v2\/pages\/68"}],"wp:attachment":[{"href":"https:\/\/schatex.com\/fr\/wp-json\/wp\/v2\/media?parent=936"}],"curies":[{"name":"wp","href":"https:\/\/api.w.org\/{rel}","templated":true}]}}