{"id":71,"date":"2019-12-13T14:23:45","date_gmt":"2019-12-13T13:23:45","guid":{"rendered":"http:\/\/dev.schatex.com\/fr-clone\/?page_id=71"},"modified":"2025-07-22T08:31:47","modified_gmt":"2025-07-22T06:31:47","slug":"contact","status":"publish","type":"page","link":"https:\/\/schatex.com\/fr\/contact\/","title":{"rendered":"Contact"},"content":{"rendered":"\n<div class=\"header-cover parallax\" style=\"background-image: url('\/wp-content\/uploads\/sites\/11\/2021\/06\/Header_Flag_2x.jpg');\">\n  <div class=\"teppichfliesen-header\"> \n     <h1>SCHATEX<sup>\u00ae<\/sup> &#8211; Contact<\/h1>\n     <span>SCHATEX<sup>\u00ae<\/sup> by Scharpenack GmbH<\/span>\n  <\/div>\n  <div class=\"teppichfliesen-subheader\"> <a href=\"#topProdukte\"> Tout voir <br> \u25bc <\/a> <\/div>\n<\/div>\n\n\n\n<div class=\"container-fluid p-0\">\n    <div id=\"topProdukte\" class=\"kontakt-row-1 text-left p-5\">\n        <div class=\"row p-3 text-center\">\n\t\t\t<div class=\"col-lg-2\" style=\"\n    max-width: 12.5% !important;\n    flex: 0 0 12.5%;\n\"><\/div>\n            <div class=\"col-lg-3 col-md-4 text-left pl-5\">\n                <h2 class=\"font-weight-bold mb-3\">Contact<\/h2>\n                <p>Scharpenack GmbH<br>\n                    Hochstra\u00dfe 10<br>\n                    42105 Wuppertal\n                <\/p>\n            <\/div>\n            <div class=\"col-lg-3 col-md-4 pt-5\">\n                <a href=\"020227025823\" class=\"d-block mb-3\" title=\"Call 020227025823 via 3CX\" tcxhref=\"020227025823\" target=\"_blank\" rel=\"noopener\"><span class=\"font-weight-bold\">Tel:<\/span> 0202 \u2013 27 02 58 23<\/a>\n                <a href=\"020227027151\" class=\"d-block\" title=\"Call 020227027151 via 3CX\" tcxhref=\"020227027151\" target=\"_blank\" rel=\"noopener\"><span class=\"font-weight-bold\">Fax:<\/span> 0202 \u2013 27 02 71 51<\/a>\n            <\/div>\n            <div class=\"col-lg-3 col-md-4 pt-5\">\n                <a href=\"\/\" class=\"text-primary d-block mb-3\">https:\/\/schatex.com<\/a>\n                <a href=\"emailto:info@schatex.com\" class=\"text-primary d-block\">info@schatex.com<\/a>\n            <\/div>\n        <\/div>\n    <\/div>\n\t<div class=\"kontakt-formular\">\n        <h1 class=\"text-uppercase font-weight-bold mb-5\">Formulaire de contact<\/h1>\n        \n<div class=\"wpcf7 no-js\" id=\"wpcf7-f5143-o1\" lang=\"en-US\" dir=\"ltr\">\n<div class=\"screen-reader-response\"><p role=\"status\" aria-live=\"polite\" aria-atomic=\"true\"><\/p> <ul><\/ul><\/div>\n<form action=\"\/fr\/wp-json\/wp\/v2\/pages\/71#wpcf7-f5143-o1\" method=\"post\" class=\"wpcf7-form init\" aria-label=\"Contact form\" novalidate=\"novalidate\" data-status=\"init\">\n<div style=\"display: none;\">\n<input type=\"hidden\" name=\"_wpcf7\" value=\"5143\" \/>\n<input type=\"hidden\" name=\"_wpcf7_version\" value=\"5.9.4\" \/>\n<input type=\"hidden\" name=\"_wpcf7_locale\" value=\"en_US\" \/>\n<input type=\"hidden\" name=\"_wpcf7_unit_tag\" value=\"wpcf7-f5143-o1\" \/>\n<input type=\"hidden\" name=\"_wpcf7_container_post\" value=\"0\" \/>\n<input type=\"hidden\" name=\"_wpcf7_posted_data_hash\" value=\"\" \/>\n<input type=\"hidden\" name=\"_wpcf7_recaptcha_response\" value=\"\" \/>\n<\/div>\n<p><label> Nom<br \/>\n<span class=\"wpcf7-form-control-wrap\" data-name=\"your-name\"><input size=\"40\" class=\"wpcf7-form-control wpcf7-text wpcf7-validates-as-required\" aria-required=\"true\" aria-invalid=\"false\" value=\"\" type=\"text\" name=\"your-name\" \/><\/span> <\/label>\n<\/p>\n<p><label> E-Mail (champs obligatoire)<br \/>\n<span class=\"wpcf7-form-control-wrap\" data-name=\"your-email\"><input size=\"40\" class=\"wpcf7-form-control wpcf7-email wpcf7-validates-as-required wpcf7-text wpcf7-validates-as-email\" aria-required=\"true\" aria-invalid=\"false\" value=\"\" type=\"email\" name=\"your-email\" \/><\/span> <\/label>\n<\/p>\n<p><label> Num\u00e9ro de t\u00e9l\u00e9phone<br \/>\n<span class=\"wpcf7-form-control-wrap\" data-name=\"tel-524\"><input size=\"40\" class=\"wpcf7-form-control wpcf7-tel wpcf7-validates-as-required wpcf7-text wpcf7-validates-as-tel\" aria-required=\"true\" aria-invalid=\"false\" placeholder=\"+33-1234567890\" value=\"\" type=\"tel\" name=\"tel-524\" \/><\/span> <\/label>\n<\/p>\n<p><label> Votre message<br \/>\n<span class=\"wpcf7-form-control-wrap\" data-name=\"your-message\"><textarea cols=\"40\" rows=\"10\" class=\"wpcf7-form-control wpcf7-textarea\" aria-invalid=\"false\" name=\"your-message\"><\/textarea><\/span> <\/label>\n<\/p>\n<p><span class=\"wpcf7-form-control-wrap\" data-name=\"acceptance-760\"><span class=\"wpcf7-form-control wpcf7-acceptance\"><span class=\"wpcf7-list-item\"><label><input type=\"checkbox\" name=\"acceptance-760\" value=\"1\" aria-invalid=\"false\" \/><span class=\"wpcf7-list-item-label\">J'accepte - \u00e0 tout moment et sans indication de motifs - que les donn\u00e9es que j'ai saisies soient collect\u00e9es et stock\u00e9es \u00e9lectroniquement par Scharpenack GmbH dans le but de traiter et de r\u00e9pondre \u00e0 ma demande. J'ai pris connaissance de la politique de confidentialit\u00e9 de Scharpenack GmbH.<\/span><\/label><\/span><\/span><\/span>\n<\/p>\n<p><input class=\"wpcf7-form-control wpcf7-submit has-spinner\" type=\"submit\" value=\"Envoyer votre message\" \/>\n<\/p><p style=\"display: none !important;\" class=\"akismet-fields-container\" data-prefix=\"_wpcf7_ak_\"><label>&#916;<textarea name=\"_wpcf7_ak_hp_textarea\" cols=\"45\" rows=\"8\" maxlength=\"100\"><\/textarea><\/label><input type=\"hidden\" id=\"ak_js_1\" name=\"_wpcf7_ak_js\" value=\"190\"\/><script>document.getElementById( \"ak_js_1\" ).setAttribute( \"value\", ( new Date() ).getTime() );<\/script><\/p><div class=\"wpcf7-response-output\" aria-hidden=\"true\"><\/div>\n<\/form>\n<\/div>\n\n    <\/div>\n<\/div>\n","protected":false},"excerpt":{"rendered":"<p>SCHATEX\u00ae &#8211; Contact SCHATEX\u00ae by Scharpenack GmbH Tout voir \u25bc Contact Scharpenack GmbH Hochstra\u00dfe 10 42105 Wuppertal Tel: 0202 \u2013 27 02 58 23 Fax: 0202 \u2013 27 02 71 51 https:\/\/schatex.com info@schatex.com Formulaire de contact<\/p>\n","protected":false},"author":1,"featured_media":0,"parent":0,"menu_order":0,"comment_status":"closed","ping_status":"closed","template":"","meta":{"footnotes":""},"yoast_head":"<!-- This site is optimized with the Yoast SEO plugin v22.6 - https:\/\/yoast.com\/wordpress\/plugins\/seo\/ -->\n<title>Contact - SCHATEX | FR<\/title>\n<meta name=\"robots\" content=\"index, follow, max-snippet:-1, max-image-preview:large, max-video-preview:-1\" \/>\n<link rel=\"canonical\" href=\"https:\/\/schatex.com\/fr\/contact\/\" \/>\n<meta property=\"og:locale\" content=\"en_US\" \/>\n<meta property=\"og:type\" content=\"article\" \/>\n<meta property=\"og:title\" content=\"Contact - SCHATEX | FR\" \/>\n<meta property=\"og:description\" content=\"SCHATEX\u00ae &#8211; Contact SCHATEX\u00ae by Scharpenack GmbH Tout voir \u25bc Contact Scharpenack GmbH Hochstra\u00dfe 10 42105 Wuppertal Tel: 0202 \u2013 27 02 58 23 Fax: 0202 \u2013 27 02 71 51 https:\/\/schatex.com info@schatex.com Formulaire de contact\" \/>\n<meta property=\"og:url\" content=\"https:\/\/schatex.com\/fr\/contact\/\" \/>\n<meta property=\"og:site_name\" content=\"SCHATEX | FR\" \/>\n<meta property=\"article:modified_time\" content=\"2025-07-22T06:31:47+00:00\" \/>\n<meta name=\"twitter:card\" content=\"summary_large_image\" \/>\n<meta name=\"twitter:label1\" content=\"Est. reading time\" \/>\n\t<meta name=\"twitter:data1\" content=\"1 minute\" \/>\n<script type=\"application\/ld+json\" class=\"yoast-schema-graph\">{\"@context\":\"https:\/\/schema.org\",\"@graph\":[{\"@type\":\"WebPage\",\"@id\":\"https:\/\/schatex.com\/fr\/contact\/\",\"url\":\"https:\/\/schatex.com\/fr\/contact\/\",\"name\":\"Contact - SCHATEX | FR\",\"isPartOf\":{\"@id\":\"https:\/\/schatex.com\/fr\/#website\"},\"datePublished\":\"2019-12-13T13:23:45+00:00\",\"dateModified\":\"2025-07-22T06:31:47+00:00\",\"breadcrumb\":{\"@id\":\"https:\/\/schatex.com\/fr\/contact\/#breadcrumb\"},\"inLanguage\":\"en-US\",\"potentialAction\":[{\"@type\":\"ReadAction\",\"target\":[\"https:\/\/schatex.com\/fr\/contact\/\"]}]},{\"@type\":\"BreadcrumbList\",\"@id\":\"https:\/\/schatex.com\/fr\/contact\/#breadcrumb\",\"itemListElement\":[{\"@type\":\"ListItem\",\"position\":1,\"name\":\"Home\",\"item\":\"https:\/\/schatex.com\/fr\/\"},{\"@type\":\"ListItem\",\"position\":2,\"name\":\"Contact\"}]},{\"@type\":\"WebSite\",\"@id\":\"https:\/\/schatex.com\/fr\/#website\",\"url\":\"https:\/\/schatex.com\/fr\/\",\"name\":\"SCHATEX | FR\",\"description\":\"Des dalles de moquette pour vos espaces r\u00e9sidentiels et professionnels\",\"publisher\":{\"@id\":\"https:\/\/schatex.com\/fr\/#organization\"},\"potentialAction\":[{\"@type\":\"SearchAction\",\"target\":{\"@type\":\"EntryPoint\",\"urlTemplate\":\"https:\/\/schatex.com\/fr\/?s={search_term_string}\"},\"query-input\":\"required name=search_term_string\"}],\"inLanguage\":\"en-US\"},{\"@type\":\"Organization\",\"@id\":\"https:\/\/schatex.com\/fr\/#organization\",\"name\":\"SCHATEX\",\"url\":\"https:\/\/schatex.com\/fr\/\",\"logo\":{\"@type\":\"ImageObject\",\"inLanguage\":\"en-US\",\"@id\":\"https:\/\/schatex.com\/fr\/#\/schema\/logo\/image\/\",\"url\":\"https:\/\/schatex.com\/fr-clone\/wp-content\/uploads\/sites\/11\/2020\/05\/cropped-logo.png\",\"contentUrl\":\"https:\/\/schatex.com\/fr-clone\/wp-content\/uploads\/sites\/11\/2020\/05\/cropped-logo.png\",\"width\":476,\"height\":112,\"caption\":\"SCHATEX\"},\"image\":{\"@id\":\"https:\/\/schatex.com\/fr\/#\/schema\/logo\/image\/\"}}]}<\/script>\n<!-- \/ Yoast SEO plugin. -->","yoast_head_json":{"title":"Contact - SCHATEX | FR","robots":{"index":"index","follow":"follow","max-snippet":"max-snippet:-1","max-image-preview":"max-image-preview:large","max-video-preview":"max-video-preview:-1"},"canonical":"https:\/\/schatex.com\/fr\/contact\/","og_locale":"en_US","og_type":"article","og_title":"Contact - SCHATEX | FR","og_description":"SCHATEX\u00ae &#8211; Contact SCHATEX\u00ae by Scharpenack GmbH Tout voir \u25bc Contact Scharpenack GmbH Hochstra\u00dfe 10 42105 Wuppertal Tel: 0202 \u2013 27 02 58 23 Fax: 0202 \u2013 27 02 71 51 https:\/\/schatex.com info@schatex.com Formulaire de contact","og_url":"https:\/\/schatex.com\/fr\/contact\/","og_site_name":"SCHATEX | FR","article_modified_time":"2025-07-22T06:31:47+00:00","twitter_card":"summary_large_image","twitter_misc":{"Est. reading time":"1 minute"},"schema":{"@context":"https:\/\/schema.org","@graph":[{"@type":"WebPage","@id":"https:\/\/schatex.com\/fr\/contact\/","url":"https:\/\/schatex.com\/fr\/contact\/","name":"Contact - SCHATEX | FR","isPartOf":{"@id":"https:\/\/schatex.com\/fr\/#website"},"datePublished":"2019-12-13T13:23:45+00:00","dateModified":"2025-07-22T06:31:47+00:00","breadcrumb":{"@id":"https:\/\/schatex.com\/fr\/contact\/#breadcrumb"},"inLanguage":"en-US","potentialAction":[{"@type":"ReadAction","target":["https:\/\/schatex.com\/fr\/contact\/"]}]},{"@type":"BreadcrumbList","@id":"https:\/\/schatex.com\/fr\/contact\/#breadcrumb","itemListElement":[{"@type":"ListItem","position":1,"name":"Home","item":"https:\/\/schatex.com\/fr\/"},{"@type":"ListItem","position":2,"name":"Contact"}]},{"@type":"WebSite","@id":"https:\/\/schatex.com\/fr\/#website","url":"https:\/\/schatex.com\/fr\/","name":"SCHATEX | FR","description":"Des dalles de moquette pour vos espaces r\u00e9sidentiels et professionnels","publisher":{"@id":"https:\/\/schatex.com\/fr\/#organization"},"potentialAction":[{"@type":"SearchAction","target":{"@type":"EntryPoint","urlTemplate":"https:\/\/schatex.com\/fr\/?s={search_term_string}"},"query-input":"required name=search_term_string"}],"inLanguage":"en-US"},{"@type":"Organization","@id":"https:\/\/schatex.com\/fr\/#organization","name":"SCHATEX","url":"https:\/\/schatex.com\/fr\/","logo":{"@type":"ImageObject","inLanguage":"en-US","@id":"https:\/\/schatex.com\/fr\/#\/schema\/logo\/image\/","url":"https:\/\/schatex.com\/fr-clone\/wp-content\/uploads\/sites\/11\/2020\/05\/cropped-logo.png","contentUrl":"https:\/\/schatex.com\/fr-clone\/wp-content\/uploads\/sites\/11\/2020\/05\/cropped-logo.png","width":476,"height":112,"caption":"SCHATEX"},"image":{"@id":"https:\/\/schatex.com\/fr\/#\/schema\/logo\/image\/"}}]}},"_links":{"self":[{"href":"https:\/\/schatex.com\/fr\/wp-json\/wp\/v2\/pages\/71"}],"collection":[{"href":"https:\/\/schatex.com\/fr\/wp-json\/wp\/v2\/pages"}],"about":[{"href":"https:\/\/schatex.com\/fr\/wp-json\/wp\/v2\/types\/page"}],"author":[{"embeddable":true,"href":"https:\/\/schatex.com\/fr\/wp-json\/wp\/v2\/users\/1"}],"replies":[{"embeddable":true,"href":"https:\/\/schatex.com\/fr\/wp-json\/wp\/v2\/comments?post=71"}],"version-history":[{"count":50,"href":"https:\/\/schatex.com\/fr\/wp-json\/wp\/v2\/pages\/71\/revisions"}],"predecessor-version":[{"id":5361,"href":"https:\/\/schatex.com\/fr\/wp-json\/wp\/v2\/pages\/71\/revisions\/5361"}],"wp:attachment":[{"href":"https:\/\/schatex.com\/fr\/wp-json\/wp\/v2\/media?parent=71"}],"curies":[{"name":"wp","href":"https:\/\/api.w.org\/{rel}","templated":true}]}}