{"id":70,"date":"2019-12-13T14:23:45","date_gmt":"2019-12-13T13:23:45","guid":{"rendered":"http:\/\/dev.schatex.com\/fr-clone\/?page_id=70"},"modified":"2022-06-15T11:17:45","modified_gmt":"2022-06-15T09:17:45","slug":"distribution","status":"publish","type":"page","link":"https:\/\/schatex.com\/fr\/distribution\/","title":{"rendered":"Distribution"},"content":{"rendered":"\n<div class=\"header-cover parallax\" style=\"background-image: url('\/wp-content\/uploads\/sites\/11\/2021\/06\/Vertrieb_2x.jpg');\">\n\t<div class=\"teppichfliesen-header\">\n\t\t<h1>SCHATEX<sup>\u00ae<\/sup> &#8211; Distribution<\/h1>\n\t\t<span>SCHATEX<sup>\u00ae<\/sup> by Scharpenack GmbH<\/span>\n\t<\/div>\n\t<div class=\"teppichfliesen-subheader\"> <a href=\"#topProdukte\"> Tout voir <\/br> &#x25BC; <\/a> <\/div>\n<\/div>\n\n\n\n<div class=\"container-fluid\">\n\t<div class=\"row home-row-1 fliesen-row-1 under-header-row px-5\">\n\t\t<div class=\"col-md-6 text-center\" style=\"margin: auto;\">\n\t\t\t<img decoding=\"async\" src=\"\/wp-content\/uploads\/sites\/11\/2020\/05\/Rechtecks.png\">\n\t\t<\/div>\n\t\t<div class=\"col-md-6\">\n\t\t\t<h3 class=\"text-uppercase font-weight-bold\">Vous souhaitez vous procurer des produits SCHATEX?<\/h3>\n\t\t\t<p>L&#8217;ensemble de la gamme SCHATEX est disponible chez certains revendeurs sp\u00e9cialis\u00e9s. Vous souhaitez commercialiser les dalles de moquette SCHATEX? Ou bien vous souhaitez plus d\u2019informations sur nos produits ? Alors n&#8217;h\u00e9sitez pas \u00e0 nous contacter !<\/p>\n\t\t\t<a class=\"btn font-weight-bold pl-0\" href=\"\/fr\/contact\" style=\"color:#A3C851\"><u>Zum Kontaktformular<\/u> <b class=\"fa fa-caret-right ml-2 d-none\"><\/b><\/a>\n\t\t<\/div>\n\t<\/div>\n\t<div class=\"row vertrieb-row-2 px-5\" id=\"topProdukte\">\n\t\t<div class=\"col-sm-12 pl-0 mb-2\">\n\t\t\t<h3 class=\"text-uppercase font-weight-bold\">REVENDEURS PARTENAIRES<\/h3>\n\t\t<\/div>\n\t\t<div class=\"col-md-4 p-0\">\n\t\t\t<a href=\"https:\/\/www.bricoflor.fr\/sol\/dalle-moquette.html\"><img decoding=\"async\" src=\"\/wp-content\/uploads\/sites\/11\/2022\/06\/BRICOFLOR-LOGO-FR.png\"><\/a>\n\t\t\t<h4 class=\"font-weight-bold mt-4\">BRICOFLOR Onlineshop<\/h4>\n\t\t\t<h4>Commandez facilement nos dalles de moquette SCHATEX sur la boutique en ligne BRICOFLOR:<\/h4>\n\t\t\t<a href=\"https:\/\/www.bricoflor.fr\/sol\/dalle-moquette.html\" target=\"_blank\" rel=\"noopener\">www.bricoflor.fr<\/a>\n\t\t<\/div>\n                <div class=\"col-md-1 p-0\">\n                <\/div>\n                <div class=\"col-md-4 p-0\">\n\t\t\t<a href=\"https:\/\/www.avenuedusol.com\/dalle-moquette.html\"><img decoding=\"async\" src=\"https:\/\/schatex.com\/fr\/wp-content\/uploads\/sites\/11\/2022\/06\/Avenue_du_Sol_Logo_no_slogan_800x800px.png\"><\/a>\n\t\t\t<h4 class=\"font-weight-bold mt-4\">Avenue du Sol<\/h4>\n\t\t\t<h4>Commandez facilement nos dalles de moquette SCHATEX sur la boutique en ligne Avenue du Sol:<\/h4>\n\t\t\t<a href=\"https:\/\/www.avenuedusol.com\/dalle-moquette.html\" target=\"_blank\" rel=\"noopener\">www.avenuedusol.com<\/a>\n\t\t<\/div>\n\t<\/div>\n\t<div class=\"row home-row-4 text-left vertrieb-row-3 px-5\">\n\t\t<div class=\"col-sm-12\">\n\t\t\t<h2 class=\"text-uppercase\">G\u00e9rant<\/h2>\n\t\t<\/div>\n\t\t<div class=\"col-md-4 col-sm-6 mb-4\">\n\t\t\t<h4 class=\"font-weight-bold\">Directeurs g\u00e9n\u00e9raux<\/h4>\n\t\t\t<h4>Dirck Scharpenack<\/h4>\n\t\t\t<a href=\"emailto:scharpenack@schatex.com\">scharpenack@schatex.com<\/a>\n\t\t<\/div>\n\t\t<div class=\"col-md-8\"><\/div>\n\t\t<div class=\"col-md-4 col-sm-6 mb-4\">\n\t\t\t<h4 class=\"font-weight-bold\">Directeur des ventes pour l\u2018Allemagne, la Suisse et l\u2018Autriche<\/h4>\n\t\t\t<h4>Dirck Scharpenack<\/h4>\n\t\t\t<a href=\"emailto:scharpenack@schatex.com\">scharpenack@schatex.com<\/a>\n\t\t<\/div>\n\t\t<div class=\"col-md-4 col-sm-6 mb-4\">\n\t\t\t<h4 class=\"font-weight-bold\">Directeur des ventes pour la France, le B\u00e9n\u00e9lux et l\u2018Espagne<\/h4>\n\t\t\t<h4>Georges Vidal<\/h4>\n\t\t\t<a href=\"emailto:vidal@schatex.com\">vidal@schatex.com<\/a>\n\t\t<\/div>\n\t\t<div class=\"col-md-4 col-sm-6 mb-4\">\n\t\t\t<h4 class=\"font-weight-bold\">Directeur des ventes pour le Royaume-Uni, l\u2019Irlande et la Scandinavie<\/h4>\n\t\t\t<h4>Nico J\u00e4ger<\/h4>\n\t\t\t<a href=\"emailto:jaeger@schatex.com\">jaeger@schatex.com<\/a>\n\t\t<\/div>\n\t\t<div class=\"col-md-4 col-sm-6 mb-4\">\n\t\t\t<h4 class=\"font-weight-bold\">Responsable marketing et produits<\/h4>\n\t\t\t<h4>Simon Blombach<\/h4>\n\t\t\t<a href=\"emailto:blombach@schatex.com\">blombach@schatex.com<\/a>\n\t\t<\/div>\n\t\t<div class=\"col-md-4 col-sm-6 mb-4\">\n\t\t\t<h4 class=\"font-weight-bold\">Responsable technique<\/h4>\n\t\t\t<h4>Karsten Roj<\/h4>\n\t\t\t<a href=\"emailto:roj@schatex.com\">roj@schatex.com<\/a>\n\t\t<\/div>\n\t<\/div>\n\t<div class=\"row vertrieb-row-4 pl-5\">\n\t\t<div class=\"col-sm-12 pl-0\">\n\t\t\t<p>Pour tout autre renseignement, n\u2019h\u00e9sitez pas \u00e0 nous contacter par t\u00e9l\u00e9phone au:<\/p>\n\t\t\t<a class=\"font-weight-bold\" href=\"tel:020227025823\"><i class=\"bi bi-telephone-fill\" aria-hidden=\"true\"><\/i> 0202 &#8211; 27 02 58 23<\/a>\n\t\t<\/div>\n\t<\/div>\n<\/div>\n","protected":false},"excerpt":{"rendered":"<p>SCHATEX\u00ae &#8211; Distribution SCHATEX\u00ae by Scharpenack GmbH Tout voir &#x25BC; Vous souhaitez vous procurer des produits SCHATEX? L&#8217;ensemble de la gamme SCHATEX est disponible chez certains revendeurs sp\u00e9cialis\u00e9s. Vous souhaitez commercialiser les dalles de moquette SCHATEX? Ou bien vous souhaitez plus d\u2019informations sur nos produits ? Alors n&#8217;h\u00e9sitez pas \u00e0 nous contacter ! Zum Kontaktformular &#8230; <a title=\"Distribution\" class=\"read-more\" href=\"https:\/\/schatex.com\/fr\/distribution\/\" aria-label=\"Read more about Distribution\">Read more<\/a><\/p>\n","protected":false},"author":1,"featured_media":0,"parent":0,"menu_order":0,"comment_status":"closed","ping_status":"closed","template":"","meta":{"footnotes":""},"yoast_head":"<!-- This site is optimized with the Yoast SEO plugin v22.6 - https:\/\/yoast.com\/wordpress\/plugins\/seo\/ -->\n<title>Distribution - SCHATEX | FR<\/title>\n<meta name=\"robots\" content=\"index, follow, max-snippet:-1, max-image-preview:large, max-video-preview:-1\" \/>\n<link rel=\"canonical\" href=\"https:\/\/schatex.com\/fr\/distribution\/\" \/>\n<meta property=\"og:locale\" content=\"en_US\" \/>\n<meta property=\"og:type\" content=\"article\" \/>\n<meta property=\"og:title\" content=\"Distribution - SCHATEX | FR\" \/>\n<meta property=\"og:description\" content=\"SCHATEX\u00ae &#8211; Distribution SCHATEX\u00ae by Scharpenack GmbH Tout voir &#x25BC; Vous souhaitez vous procurer des produits SCHATEX? L&#8217;ensemble de la gamme SCHATEX est disponible chez certains revendeurs sp\u00e9cialis\u00e9s. Vous souhaitez commercialiser les dalles de moquette SCHATEX? Ou bien vous souhaitez plus d\u2019informations sur nos produits ? Alors n&#8217;h\u00e9sitez pas \u00e0 nous contacter ! Zum Kontaktformular ... Read more\" \/>\n<meta property=\"og:url\" content=\"https:\/\/schatex.com\/fr\/distribution\/\" \/>\n<meta property=\"og:site_name\" content=\"SCHATEX | FR\" \/>\n<meta property=\"article:modified_time\" content=\"2022-06-15T09:17:45+00:00\" \/>\n<meta property=\"og:image\" content=\"https:\/\/schatex.com\/fr\/wp-content\/uploads\/sites\/11\/2022\/06\/Avenue_du_Sol_Logo_no_slogan_800x800px.png\" \/>\n<meta name=\"twitter:card\" content=\"summary_large_image\" \/>\n<meta name=\"twitter:label1\" content=\"Est. reading time\" \/>\n\t<meta name=\"twitter:data1\" content=\"2 minutes\" \/>\n<script type=\"application\/ld+json\" class=\"yoast-schema-graph\">{\"@context\":\"https:\/\/schema.org\",\"@graph\":[{\"@type\":\"WebPage\",\"@id\":\"https:\/\/schatex.com\/fr\/distribution\/\",\"url\":\"https:\/\/schatex.com\/fr\/distribution\/\",\"name\":\"Distribution - SCHATEX | FR\",\"isPartOf\":{\"@id\":\"https:\/\/schatex.com\/fr\/#website\"},\"primaryImageOfPage\":{\"@id\":\"https:\/\/schatex.com\/fr\/distribution\/#primaryimage\"},\"image\":{\"@id\":\"https:\/\/schatex.com\/fr\/distribution\/#primaryimage\"},\"thumbnailUrl\":\"https:\/\/schatex.com\/fr\/wp-content\/uploads\/sites\/11\/2022\/06\/Avenue_du_Sol_Logo_no_slogan_800x800px.png\",\"datePublished\":\"2019-12-13T13:23:45+00:00\",\"dateModified\":\"2022-06-15T09:17:45+00:00\",\"breadcrumb\":{\"@id\":\"https:\/\/schatex.com\/fr\/distribution\/#breadcrumb\"},\"inLanguage\":\"en-US\",\"potentialAction\":[{\"@type\":\"ReadAction\",\"target\":[\"https:\/\/schatex.com\/fr\/distribution\/\"]}]},{\"@type\":\"ImageObject\",\"inLanguage\":\"en-US\",\"@id\":\"https:\/\/schatex.com\/fr\/distribution\/#primaryimage\",\"url\":\"\",\"contentUrl\":\"\"},{\"@type\":\"BreadcrumbList\",\"@id\":\"https:\/\/schatex.com\/fr\/distribution\/#breadcrumb\",\"itemListElement\":[{\"@type\":\"ListItem\",\"position\":1,\"name\":\"Home\",\"item\":\"https:\/\/schatex.com\/fr\/\"},{\"@type\":\"ListItem\",\"position\":2,\"name\":\"Distribution\"}]},{\"@type\":\"WebSite\",\"@id\":\"https:\/\/schatex.com\/fr\/#website\",\"url\":\"https:\/\/schatex.com\/fr\/\",\"name\":\"SCHATEX | FR\",\"description\":\"Des dalles de moquette pour vos espaces r\u00e9sidentiels et professionnels\",\"publisher\":{\"@id\":\"https:\/\/schatex.com\/fr\/#organization\"},\"potentialAction\":[{\"@type\":\"SearchAction\",\"target\":{\"@type\":\"EntryPoint\",\"urlTemplate\":\"https:\/\/schatex.com\/fr\/?s={search_term_string}\"},\"query-input\":\"required name=search_term_string\"}],\"inLanguage\":\"en-US\"},{\"@type\":\"Organization\",\"@id\":\"https:\/\/schatex.com\/fr\/#organization\",\"name\":\"SCHATEX\",\"url\":\"https:\/\/schatex.com\/fr\/\",\"logo\":{\"@type\":\"ImageObject\",\"inLanguage\":\"en-US\",\"@id\":\"https:\/\/schatex.com\/fr\/#\/schema\/logo\/image\/\",\"url\":\"https:\/\/schatex.com\/fr-clone\/wp-content\/uploads\/sites\/11\/2020\/05\/cropped-logo.png\",\"contentUrl\":\"https:\/\/schatex.com\/fr-clone\/wp-content\/uploads\/sites\/11\/2020\/05\/cropped-logo.png\",\"width\":476,\"height\":112,\"caption\":\"SCHATEX\"},\"image\":{\"@id\":\"https:\/\/schatex.com\/fr\/#\/schema\/logo\/image\/\"}}]}<\/script>\n<!-- \/ Yoast SEO plugin. -->","yoast_head_json":{"title":"Distribution - SCHATEX | FR","robots":{"index":"index","follow":"follow","max-snippet":"max-snippet:-1","max-image-preview":"max-image-preview:large","max-video-preview":"max-video-preview:-1"},"canonical":"https:\/\/schatex.com\/fr\/distribution\/","og_locale":"en_US","og_type":"article","og_title":"Distribution - SCHATEX | FR","og_description":"SCHATEX\u00ae &#8211; Distribution SCHATEX\u00ae by Scharpenack GmbH Tout voir &#x25BC; Vous souhaitez vous procurer des produits SCHATEX? L&#8217;ensemble de la gamme SCHATEX est disponible chez certains revendeurs sp\u00e9cialis\u00e9s. Vous souhaitez commercialiser les dalles de moquette SCHATEX? Ou bien vous souhaitez plus d\u2019informations sur nos produits ? Alors n&#8217;h\u00e9sitez pas \u00e0 nous contacter ! Zum Kontaktformular ... Read more","og_url":"https:\/\/schatex.com\/fr\/distribution\/","og_site_name":"SCHATEX | FR","article_modified_time":"2022-06-15T09:17:45+00:00","og_image":[{"url":"https:\/\/schatex.com\/fr\/wp-content\/uploads\/sites\/11\/2022\/06\/Avenue_du_Sol_Logo_no_slogan_800x800px.png"}],"twitter_card":"summary_large_image","twitter_misc":{"Est. reading time":"2 minutes"},"schema":{"@context":"https:\/\/schema.org","@graph":[{"@type":"WebPage","@id":"https:\/\/schatex.com\/fr\/distribution\/","url":"https:\/\/schatex.com\/fr\/distribution\/","name":"Distribution - SCHATEX | FR","isPartOf":{"@id":"https:\/\/schatex.com\/fr\/#website"},"primaryImageOfPage":{"@id":"https:\/\/schatex.com\/fr\/distribution\/#primaryimage"},"image":{"@id":"https:\/\/schatex.com\/fr\/distribution\/#primaryimage"},"thumbnailUrl":"https:\/\/schatex.com\/fr\/wp-content\/uploads\/sites\/11\/2022\/06\/Avenue_du_Sol_Logo_no_slogan_800x800px.png","datePublished":"2019-12-13T13:23:45+00:00","dateModified":"2022-06-15T09:17:45+00:00","breadcrumb":{"@id":"https:\/\/schatex.com\/fr\/distribution\/#breadcrumb"},"inLanguage":"en-US","potentialAction":[{"@type":"ReadAction","target":["https:\/\/schatex.com\/fr\/distribution\/"]}]},{"@type":"ImageObject","inLanguage":"en-US","@id":"https:\/\/schatex.com\/fr\/distribution\/#primaryimage","url":"","contentUrl":""},{"@type":"BreadcrumbList","@id":"https:\/\/schatex.com\/fr\/distribution\/#breadcrumb","itemListElement":[{"@type":"ListItem","position":1,"name":"Home","item":"https:\/\/schatex.com\/fr\/"},{"@type":"ListItem","position":2,"name":"Distribution"}]},{"@type":"WebSite","@id":"https:\/\/schatex.com\/fr\/#website","url":"https:\/\/schatex.com\/fr\/","name":"SCHATEX | FR","description":"Des dalles de moquette pour vos espaces r\u00e9sidentiels et professionnels","publisher":{"@id":"https:\/\/schatex.com\/fr\/#organization"},"potentialAction":[{"@type":"SearchAction","target":{"@type":"EntryPoint","urlTemplate":"https:\/\/schatex.com\/fr\/?s={search_term_string}"},"query-input":"required name=search_term_string"}],"inLanguage":"en-US"},{"@type":"Organization","@id":"https:\/\/schatex.com\/fr\/#organization","name":"SCHATEX","url":"https:\/\/schatex.com\/fr\/","logo":{"@type":"ImageObject","inLanguage":"en-US","@id":"https:\/\/schatex.com\/fr\/#\/schema\/logo\/image\/","url":"https:\/\/schatex.com\/fr-clone\/wp-content\/uploads\/sites\/11\/2020\/05\/cropped-logo.png","contentUrl":"https:\/\/schatex.com\/fr-clone\/wp-content\/uploads\/sites\/11\/2020\/05\/cropped-logo.png","width":476,"height":112,"caption":"SCHATEX"},"image":{"@id":"https:\/\/schatex.com\/fr\/#\/schema\/logo\/image\/"}}]}},"_links":{"self":[{"href":"https:\/\/schatex.com\/fr\/wp-json\/wp\/v2\/pages\/70"}],"collection":[{"href":"https:\/\/schatex.com\/fr\/wp-json\/wp\/v2\/pages"}],"about":[{"href":"https:\/\/schatex.com\/fr\/wp-json\/wp\/v2\/types\/page"}],"author":[{"embeddable":true,"href":"https:\/\/schatex.com\/fr\/wp-json\/wp\/v2\/users\/1"}],"replies":[{"embeddable":true,"href":"https:\/\/schatex.com\/fr\/wp-json\/wp\/v2\/comments?post=70"}],"version-history":[{"count":62,"href":"https:\/\/schatex.com\/fr\/wp-json\/wp\/v2\/pages\/70\/revisions"}],"predecessor-version":[{"id":5350,"href":"https:\/\/schatex.com\/fr\/wp-json\/wp\/v2\/pages\/70\/revisions\/5350"}],"wp:attachment":[{"href":"https:\/\/schatex.com\/fr\/wp-json\/wp\/v2\/media?parent=70"}],"curies":[{"name":"wp","href":"https:\/\/api.w.org\/{rel}","templated":true}]}}