{"id":69,"date":"2019-12-13T14:23:45","date_gmt":"2019-12-13T13:23:45","guid":{"rendered":"http:\/\/dev.schatex.com\/fr-clone\/?page_id=69"},"modified":"2021-09-25T11:19:26","modified_gmt":"2021-09-25T09:19:26","slug":"lames-de-moquette","status":"publish","type":"page","link":"https:\/\/schatex.com\/fr\/produits\/lames-de-moquette\/","title":{"rendered":"Lames de moquette"},"content":{"rendered":"\n<div class=\"header-cover parallax\" style=\"background-image: url('\/wp-content\/uploads\/sites\/11\/2020\/12\/Teppichdielen-header.jpg');\">\n  <div class=\"teppichfliesen-header\">\n     <h1>Lames de moquette<\/h1>\n     <span>Par leur format 25 x 100 cm, les lames de moquette se d\u00e9marquent par leur style unique!<\/span>\n  <\/div>\n  <div class=\"teppichfliesen-subheader\"> <a href=\"#topProdukte\"> Voir les collections <\/br> &#x25BC; <\/a> <\/div>\n<\/div>\n\n\n\n<div class=\"container-fluid\">\n  <div class=\"row home-row-1 fliesen-row-1 under-header-row\">\n    <div class=\"col-md-6 text-center\" style=\"margin: auto;\">\n      <img decoding=\"async\" src=\"\/wp-content\/uploads\/sites\/11\/2020\/05\/Rechtecks.png\">\n    <\/div>\n    <div class=\"col-md-6\">\n      <h3 class=\"text-uppercase font-weight-bold\">SCHATEX<sup>\u00ae<\/sup> &#8211; Lames de moquette &#8211; Les collections\n\n<\/h3>\n      <p>Les produits SCHATEX<sup>\u00ae<\/sup> sont synonymes de qualit\u00e9 sup\u00e9rieure et de design \u00e9l\u00e9gant. D\u00e9couvrez ici nos produits au format lame et faites place \u00e0 un rev\u00eatement de sol textile singulier dans votre int\u00e9rieur ou vos locaux professionnels!<\/p>\n    <\/div>\n  <\/div>\n  <div id=\"topProdukte\" class=\"row fliesen-row-2\">\n    <div class=\"col-sm-6\">\n      <a href=\"\/fr\/lame-de-moquette\/schatex-living-planks\">\n        <img decoding=\"async\" src=\"\/wp-content\/uploads\/sites\/11\/2020\/12\/Living-Planks.jpg\">\n        <h4 class=\"produkt-title font-weight-bold\">SCHATEX<sup>\u00ae<\/sup> \u2013 Living Planks<\/h4>\n      <\/a>\n    <\/div>\n  <\/div>\n<\/div>\n","protected":false},"excerpt":{"rendered":"<p>Lames de moquette Par leur format 25 x 100 cm, les lames de moquette se d\u00e9marquent par leur style unique! Voir les collections &#x25BC; SCHATEX\u00ae &#8211; Lames de moquette &#8211; Les collections Les produits SCHATEX\u00ae sont synonymes de qualit\u00e9 sup\u00e9rieure et de design \u00e9l\u00e9gant. D\u00e9couvrez ici nos produits au format lame et faites place \u00e0 &#8230; <a title=\"Lames de moquette\" class=\"read-more\" href=\"https:\/\/schatex.com\/fr\/produits\/lames-de-moquette\/\" aria-label=\"Read more about Lames de moquette\">Read more<\/a><\/p>\n","protected":false},"author":1,"featured_media":0,"parent":68,"menu_order":2,"comment_status":"closed","ping_status":"closed","template":"","meta":{"footnotes":""},"yoast_head":"<!-- This site is optimized with the Yoast SEO plugin v22.6 - https:\/\/yoast.com\/wordpress\/plugins\/seo\/ -->\n<title>SCHATEX\u00ae Teppichdielen | Kollektionen f\u00fcr Wohnen &amp; Gewerbe<\/title>\n<meta name=\"description\" content=\"SCHATEX\u00ae-Kollektionen | Die Marke f\u00fcr lose verlegbare Teppichdielen | Entdecken Sie Top-Produkte f\u00fcr Wohnen &amp; Gewerbe!\" \/>\n<meta name=\"robots\" content=\"index, follow, max-snippet:-1, max-image-preview:large, max-video-preview:-1\" \/>\n<link rel=\"canonical\" href=\"https:\/\/schatex.com\/fr\/produits\/lames-de-moquette\/\" \/>\n<meta property=\"og:locale\" content=\"en_US\" \/>\n<meta property=\"og:type\" content=\"article\" \/>\n<meta property=\"og:title\" content=\"SCHATEX\u00ae Teppichdielen | Kollektionen f\u00fcr Wohnen &amp; Gewerbe\" \/>\n<meta property=\"og:description\" content=\"SCHATEX\u00ae-Kollektionen | Die Marke f\u00fcr lose verlegbare Teppichdielen | Entdecken Sie Top-Produkte f\u00fcr Wohnen &amp; Gewerbe!\" \/>\n<meta property=\"og:url\" content=\"https:\/\/schatex.com\/fr\/produits\/lames-de-moquette\/\" \/>\n<meta property=\"og:site_name\" content=\"SCHATEX | FR\" \/>\n<meta property=\"article:modified_time\" content=\"2021-09-25T09:19:26+00:00\" \/>\n<meta property=\"og:image\" content=\"https:\/\/schatex.com\/wp-content\/uploads\/sites\/11\/2020\/05\/Rechtecks.png\" \/>\n<meta name=\"twitter:card\" content=\"summary_large_image\" \/>\n<meta name=\"twitter:label1\" content=\"Est. reading time\" \/>\n\t<meta name=\"twitter:data1\" content=\"1 minute\" \/>\n<script type=\"application\/ld+json\" class=\"yoast-schema-graph\">{\"@context\":\"https:\/\/schema.org\",\"@graph\":[{\"@type\":\"WebPage\",\"@id\":\"https:\/\/schatex.com\/fr\/produits\/lames-de-moquette\/\",\"url\":\"https:\/\/schatex.com\/fr\/produits\/lames-de-moquette\/\",\"name\":\"SCHATEX\u00ae Teppichdielen | Kollektionen f\u00fcr Wohnen & Gewerbe\",\"isPartOf\":{\"@id\":\"https:\/\/schatex.com\/fr\/#website\"},\"datePublished\":\"2019-12-13T13:23:45+00:00\",\"dateModified\":\"2021-09-25T09:19:26+00:00\",\"description\":\"SCHATEX\u00ae-Kollektionen | Die Marke f\u00fcr lose verlegbare Teppichdielen | Entdecken Sie Top-Produkte f\u00fcr Wohnen & Gewerbe!\",\"breadcrumb\":{\"@id\":\"https:\/\/schatex.com\/fr\/produits\/lames-de-moquette\/#breadcrumb\"},\"inLanguage\":\"en-US\",\"potentialAction\":[{\"@type\":\"ReadAction\",\"target\":[\"https:\/\/schatex.com\/fr\/produits\/lames-de-moquette\/\"]}]},{\"@type\":\"BreadcrumbList\",\"@id\":\"https:\/\/schatex.com\/fr\/produits\/lames-de-moquette\/#breadcrumb\",\"itemListElement\":[{\"@type\":\"ListItem\",\"position\":1,\"name\":\"Home\",\"item\":\"https:\/\/schatex.com\/fr\/\"},{\"@type\":\"ListItem\",\"position\":2,\"name\":\"Produits\",\"item\":\"https:\/\/schatex.com\/fr\/produits\/\"},{\"@type\":\"ListItem\",\"position\":3,\"name\":\"Lames de moquette\"}]},{\"@type\":\"WebSite\",\"@id\":\"https:\/\/schatex.com\/fr\/#website\",\"url\":\"https:\/\/schatex.com\/fr\/\",\"name\":\"SCHATEX | FR\",\"description\":\"Des dalles de moquette pour vos espaces r\u00e9sidentiels et professionnels\",\"publisher\":{\"@id\":\"https:\/\/schatex.com\/fr\/#organization\"},\"potentialAction\":[{\"@type\":\"SearchAction\",\"target\":{\"@type\":\"EntryPoint\",\"urlTemplate\":\"https:\/\/schatex.com\/fr\/?s={search_term_string}\"},\"query-input\":\"required name=search_term_string\"}],\"inLanguage\":\"en-US\"},{\"@type\":\"Organization\",\"@id\":\"https:\/\/schatex.com\/fr\/#organization\",\"name\":\"SCHATEX\",\"url\":\"https:\/\/schatex.com\/fr\/\",\"logo\":{\"@type\":\"ImageObject\",\"inLanguage\":\"en-US\",\"@id\":\"https:\/\/schatex.com\/fr\/#\/schema\/logo\/image\/\",\"url\":\"https:\/\/schatex.com\/fr-clone\/wp-content\/uploads\/sites\/11\/2020\/05\/cropped-logo.png\",\"contentUrl\":\"https:\/\/schatex.com\/fr-clone\/wp-content\/uploads\/sites\/11\/2020\/05\/cropped-logo.png\",\"width\":476,\"height\":112,\"caption\":\"SCHATEX\"},\"image\":{\"@id\":\"https:\/\/schatex.com\/fr\/#\/schema\/logo\/image\/\"}}]}<\/script>\n<!-- \/ Yoast SEO plugin. -->","yoast_head_json":{"title":"SCHATEX\u00ae Teppichdielen | Kollektionen f\u00fcr Wohnen & Gewerbe","description":"SCHATEX\u00ae-Kollektionen | Die Marke f\u00fcr lose verlegbare Teppichdielen | Entdecken Sie Top-Produkte f\u00fcr Wohnen & Gewerbe!","robots":{"index":"index","follow":"follow","max-snippet":"max-snippet:-1","max-image-preview":"max-image-preview:large","max-video-preview":"max-video-preview:-1"},"canonical":"https:\/\/schatex.com\/fr\/produits\/lames-de-moquette\/","og_locale":"en_US","og_type":"article","og_title":"SCHATEX\u00ae Teppichdielen | Kollektionen f\u00fcr Wohnen & Gewerbe","og_description":"SCHATEX\u00ae-Kollektionen | Die Marke f\u00fcr lose verlegbare Teppichdielen | Entdecken Sie Top-Produkte f\u00fcr Wohnen & Gewerbe!","og_url":"https:\/\/schatex.com\/fr\/produits\/lames-de-moquette\/","og_site_name":"SCHATEX | FR","article_modified_time":"2021-09-25T09:19:26+00:00","og_image":[{"url":"https:\/\/schatex.com\/wp-content\/uploads\/sites\/11\/2020\/05\/Rechtecks.png"}],"twitter_card":"summary_large_image","twitter_misc":{"Est. reading time":"1 minute"},"schema":{"@context":"https:\/\/schema.org","@graph":[{"@type":"WebPage","@id":"https:\/\/schatex.com\/fr\/produits\/lames-de-moquette\/","url":"https:\/\/schatex.com\/fr\/produits\/lames-de-moquette\/","name":"SCHATEX\u00ae Teppichdielen | Kollektionen f\u00fcr Wohnen & Gewerbe","isPartOf":{"@id":"https:\/\/schatex.com\/fr\/#website"},"datePublished":"2019-12-13T13:23:45+00:00","dateModified":"2021-09-25T09:19:26+00:00","description":"SCHATEX\u00ae-Kollektionen | Die Marke f\u00fcr lose verlegbare Teppichdielen | Entdecken Sie Top-Produkte f\u00fcr Wohnen & Gewerbe!","breadcrumb":{"@id":"https:\/\/schatex.com\/fr\/produits\/lames-de-moquette\/#breadcrumb"},"inLanguage":"en-US","potentialAction":[{"@type":"ReadAction","target":["https:\/\/schatex.com\/fr\/produits\/lames-de-moquette\/"]}]},{"@type":"BreadcrumbList","@id":"https:\/\/schatex.com\/fr\/produits\/lames-de-moquette\/#breadcrumb","itemListElement":[{"@type":"ListItem","position":1,"name":"Home","item":"https:\/\/schatex.com\/fr\/"},{"@type":"ListItem","position":2,"name":"Produits","item":"https:\/\/schatex.com\/fr\/produits\/"},{"@type":"ListItem","position":3,"name":"Lames de moquette"}]},{"@type":"WebSite","@id":"https:\/\/schatex.com\/fr\/#website","url":"https:\/\/schatex.com\/fr\/","name":"SCHATEX | FR","description":"Des dalles de moquette pour vos espaces r\u00e9sidentiels et professionnels","publisher":{"@id":"https:\/\/schatex.com\/fr\/#organization"},"potentialAction":[{"@type":"SearchAction","target":{"@type":"EntryPoint","urlTemplate":"https:\/\/schatex.com\/fr\/?s={search_term_string}"},"query-input":"required name=search_term_string"}],"inLanguage":"en-US"},{"@type":"Organization","@id":"https:\/\/schatex.com\/fr\/#organization","name":"SCHATEX","url":"https:\/\/schatex.com\/fr\/","logo":{"@type":"ImageObject","inLanguage":"en-US","@id":"https:\/\/schatex.com\/fr\/#\/schema\/logo\/image\/","url":"https:\/\/schatex.com\/fr-clone\/wp-content\/uploads\/sites\/11\/2020\/05\/cropped-logo.png","contentUrl":"https:\/\/schatex.com\/fr-clone\/wp-content\/uploads\/sites\/11\/2020\/05\/cropped-logo.png","width":476,"height":112,"caption":"SCHATEX"},"image":{"@id":"https:\/\/schatex.com\/fr\/#\/schema\/logo\/image\/"}}]}},"_links":{"self":[{"href":"https:\/\/schatex.com\/fr\/wp-json\/wp\/v2\/pages\/69"}],"collection":[{"href":"https:\/\/schatex.com\/fr\/wp-json\/wp\/v2\/pages"}],"about":[{"href":"https:\/\/schatex.com\/fr\/wp-json\/wp\/v2\/types\/page"}],"author":[{"embeddable":true,"href":"https:\/\/schatex.com\/fr\/wp-json\/wp\/v2\/users\/1"}],"replies":[{"embeddable":true,"href":"https:\/\/schatex.com\/fr\/wp-json\/wp\/v2\/comments?post=69"}],"version-history":[{"count":118,"href":"https:\/\/schatex.com\/fr\/wp-json\/wp\/v2\/pages\/69\/revisions"}],"predecessor-version":[{"id":5198,"href":"https:\/\/schatex.com\/fr\/wp-json\/wp\/v2\/pages\/69\/revisions\/5198"}],"up":[{"embeddable":true,"href":"https:\/\/schatex.com\/fr\/wp-json\/wp\/v2\/pages\/68"}],"wp:attachment":[{"href":"https:\/\/schatex.com\/fr\/wp-json\/wp\/v2\/media?parent=69"}],"curies":[{"name":"wp","href":"https:\/\/api.w.org\/{rel}","templated":true}]}}