{"id":42,"date":"2019-12-13T13:47:16","date_gmt":"2019-12-13T12:47:16","guid":{"rendered":"http:\/\/dev.schatex.com\/fr-clone\/?page_id=42"},"modified":"2021-12-28T20:32:49","modified_gmt":"2021-12-28T19:32:49","slug":"schatex","status":"publish","type":"page","link":"https:\/\/schatex.com\/fr\/","title":{"rendered":"SCHATEX"},"content":{"rendered":"\n<div id=\"slider\" class=\"carousel slide text-center\" data-ride=\"carousel\">\n\n\t<!-- Indicators -->\n\t<ul class=\"carousel-indicators\">\n\t  <li data-target=\"#slider\" data-slide-to=\"0\" class=\"active\"><\/li>\n\t  <li data-target=\"#slider\" data-slide-to=\"1\"><\/li>\n\t<\/ul>\n  \n\t<!-- The slideshow -->\n\t<div class=\"carousel-inner\">\n\t  <div class=\"carousel-item active\">\n\t\t<img decoding=\"async\" src=\"\/wp-content\/uploads\/sites\/11\/2020\/05\/Slide-1.jpg\" alt=\"SCHATEX\">\n\t\t<div class=\"carousel-caption\">\n\t\t  <h1>SCHATEX<sup>\u00ae<\/sup> \u2013 la marque de dalles de moquette<\/h1>\n\t\t  <h2 class=\"mb-5\">Des dalles de moquette innovantes pour vos espaces r\u00e9sidentiels et professionnels !<\/h2>\n\t\t  <a class=\"btn btn-success btn-slide shadow-lg mt-4\" href=\"\/fr\/produits\/dalles-de-moquette\/\">D\u00e9couvrir toutes les collections<\/a>\n\t\t  <a class=\"btn btn-info btn-slide shadow-lg mt-4\" href=\"\/fr\/contact\/\">Formulaire de contact<\/a>\n\t\t<\/div>\n\t  <\/div>\n\t  <div class=\"carousel-item\">\n\t\t<img decoding=\"async\" src=\"\/wp-content\/uploads\/sites\/11\/2020\/05\/Slider__2.jpg\" alt=\"SCHATEX Teppichfliesen\">\n\t\t<div class=\"carousel-caption\">\n\t\t  <h3>Nouveaut\u00e9<\/h3>\n\t\t  <h1 class=\"mb-3\">SCHATEX<sup>\u00ae<\/sup> \u2013 True Colours<\/h1>\n\t\t  <h2 class=\"mb-5\">Des coloris vibrants associ\u00e9s \u00e0 une r\u00e9sistance hors pair<\/h2>\n\t\t  <a class=\"btn btn-success btn-slide shadow-lg\" href=\"\/fr\/produits\/dalles-de-moquette\/schatex-true-colours\">D\u00e9couvrir la collection<\/a>\n\t\t<\/div>\n\t  <\/div>\n\t<\/div>\n  \n\t<!-- Left and right controls -->\n\t<a class=\"carousel-control-prev\" href=\"#slider\" data-slide=\"prev\">\n\t  <span class=\"carousel-control-prev-icon\"><\/span>\n\t<\/a>\n\t<a class=\"carousel-control-next\" href=\"#slider\" data-slide=\"next\">\n\t  <span class=\"carousel-control-next-icon\"><\/span>\n\t<\/a>\n  \n  <\/div>\n\n\n\n<div class=\"container-fluid\">\n    <div class=\"row home-row-1\">\n        <div class=\"row col-lg-4 text-left\">\n            <div class=\"col-4 text-right p-0\">\n                <img decoding=\"async\" src=\"\/wp-content\/uploads\/sites\/19\/2021\/02\/USP Icons_kreativ.svg\">\n            <\/div>\n            <div class=\"col-8\">\n                <h3 class=\"text-uppercase font-weight-bold d-inline\">Creative<\/h3>\n                <p>Choose from over 100 colours and qualities<\/p>\n            <\/div>\n        <\/div>\n        <div class=\"row col-lg-4 text-left\">\n            <div class=\"col-4 text-right p-0\">\n                <img decoding=\"async\" src=\"\/wp-content\/uploads\/sites\/19\/2021\/02\/USP_Icons_verlegen.svg\">\n            <\/div>\n            <div class=\"col-8\">\n                <h3 class=\"text-uppercase font-weight-bold d-inline\">easy to lay<\/h3>\n                <p>Self-laying thanks to the high-quality heavy-duty coating on the back<\/p>\n            <\/div>\n        <\/div>\n        <div class=\"row col-lg-4 text-left\">\n            <div class=\"col-4 text-right p-0\">\n                <img decoding=\"async\" src=\"\/wp-content\/uploads\/sites\/19\/2021\/02\/USP_Icons_wohnen_gewerbe.svg\">\n            <\/div>\n            <div class=\"col-8\">\n                <h3 class=\"text-uppercase font-weight-bold d-inline\">For residential and commercial use<\/h3>\n                <p>The best product properties for every requirement<\/p>\n            <\/div>\n        <\/div>\n    <\/div>\n    <div class=\"row home-row-2 home-row-padding text-center\">\n        <div class=\"col-lg-6 col-bg p-0\">\n            <div style=\"background-image: url('\/wp-content\/uploads\/sites\/19\/2021\/05\/row-1.jpg');\"><\/div>\n        <\/div>\n        <div class=\"col-lg-6\">\n            <h2 class=\"font-weight-bold text-uppercase text-left\">About us<\/h2>\n            <h3 class=\"text-left\">Carpet tiles are our passion<\/h3>\n            <p class=\"text-left\">The high-quality carpet tiles of SCHATEX<sup>\u00ae<\/sup> stand for <span class=\"font-weight-bold\">functionality, quality and design<\/span>. Our collection spectrum ranges from entry-level qualities for low-traffic living spaces to modular textile floor coverings for trade fair or catering areas to top products for the upscale contract sector. In addition to the extensive standard range, individual products can also be made according to customer requirements.\n\t\t\t<\/br><\/br>\n\t\t\tCarpet tiles of SCHATEX<sup>\u00ae<\/sup> are made from high-quality raw materials and using the most modern production facilities, which, in combination with careful quality control, guarantee <span class=\"font-weight-bold\">first-class product properties<\/span> \u2013 <span class=\"font-italic\">Made in Europe<\/span>.\n\t\t\t<\/p>\n            <a href=\"\/en\/contact-us\" class=\"btn btn-info btn-slide shadow-lg\">Contact form<\/a>\n        <\/div>\n        <div class=\"col-lg-6\">\n            <h2 class=\"font-weight-bold text-uppercase text-left\">Product variety and innovation<\/h2>\n            <h3 class=\"text-left\">Create your own individual floor covering with carpet tiles<\/h3>\n            <p class=\"text-left\">\n\t\t\t\t<span class=\"font-weight-bold\">Diverse surface qualities<\/span> (velor, loop pile, &#8230;) and accentuating designs enable flexible use.<\/br><\/br>\n\t\t\t\tCozy textile carpet tiles create a pleasantly warm and friendly room ambience as well as a very special elegance and modernity like no other floor covering. A harmonious colour match within the SCHATEX<sup>\u00ae<\/sup>-collections enables <span class=\"font-weight-bold\">individual laying in every conceivable pattern<\/span> with different colours.<\/br><\/br>\n\t\t\t\tCreate your <span class=\"font-weight-bold\">unique floor covering<\/span> with our carpet tiles and set high standards in terms of innovative room culture.\n\t\t\t<\/p>\n            <a href=\"\/products\/carpet-tiles\" class=\"btn btn-success btn-slide shadow-lg\">Discover all collections<\/a>\n        <\/div>\n        <div class=\"col-lg-6 col-bg p-0\">\n            <div style=\"background-image: url('\/wp-content\/uploads\/sites\/19\/2021\/05\/PRODUKTVIELFALT-UND-INNOVATION.jpg');\"><\/div>\n        <\/div>\n        <div class=\"col-lg-6 col-bg p-0\">\n            <div style=\"background-image: url('\/wp-content\/uploads\/sites\/19\/2021\/05\/row-3.jpg');\"><\/div>\n        <\/div>\n        <div class=\"col-lg-6\">\n            <h2 class=\"font-weight-bold text-uppercase text-left\">Quality and satisfaction<\/h2>\n            <h3 class=\"text-left\">The perfect carpet tile for every requirement<\/h3>\n            <p class=\"text-left\">\n\t\t\t\tWhile other suppliers of floor coverings offer the entire spectrum, we have been a <span class=\"font-weight-bold\">pure professional<\/span> for carpet tiles for years. Benefit from our extensive experience in all areas of application \u2013 whether at home or in the commercial sector \u2013 you are always well advised with SCHATEX<sup>\u00ae<\/sup> carpet tiles.<\/br><\/br>\n\t\t\t\tWould you like individual advice? Do you have general questions or very specific technical questions? Our team will be happy to help you on the phone or by email.\n\t\t\t<\/p>\n            <a href=\"\/en\/contact-us\" class=\"btn btn-info btn-slide shadow-lg\">Contact form<\/a>\n        <\/div>\n    <\/div>\n    <div class=\"row carousel-row text-center\">\n        <div id=\"homeCarousel1\" class=\"carousel slide w-75\" data-ride=\"carousel\">\n            <div class=\"carousel-inner w-100\" role=\"listbox\">\n                <div class=\"carousel-item row no-gutters active\">\n                    <div class=\"col-md-3 col-sm-6 float-left\">\n\t\t\t\t\t\t<a href=\"\/fr\/produits\/dalles-de-moquette\/schatex-true-colours\">\n\t\t\t\t\t\t\t<img decoding=\"async\" class=\"img-fluid shadow\" src=\"\/wp-content\/uploads\/2021\/11\/Homepage-Slider-\u2013-1.jpg\">\n\t\t\t\t\t\t<\/a>\n\t\t\t\t\t<\/div>\n                    <div class=\"col-md-3 col-sm-6 float-left\">\n\t\t\t\t\t\t<a href=\"\/fr\/produits\/dalles-de-moquette\">\n\t\t\t\t\t\t\t<img decoding=\"async\" class=\"img-fluid shadow\" src=\"\/fr\/wp-content\/uploads\/sites\/11\/2021\/12\/Nos-Produits.jpg\">\n\t\t\t\t\t\t<\/a>\n\t\t\t\t\t<\/div>\n                    <div class=\"col-md-3 col-sm-6 float-left\">\n\t\t\t\t\t\t<a href=\"\/fr\/produits\/dalles-de-moquette\/schatex-simply-soft\">\n\t\t\t\t\t\t\t<img decoding=\"async\" class=\"img-fluid shadow\" src=\"\/wp-content\/uploads\/2021\/11\/Homepage-Slider-\u2013-7.jpg\">\n\t\t\t\t\t\t<\/a>\n\t\t\t\t\t<\/div>\n                    <div class=\"col-md-3 col-sm-6 float-left\">\n\t\t\t\t\t\t<a href=\"\/fr\/produits\/dalles-de-moquette\/schatex-interloop\">\n\t\t\t\t\t\t\t<img decoding=\"async\" class=\"img-fluid shadow\" src=\"\/wp-content\/uploads\/2021\/11\/Homepage-Slider-\u2013-4.jpg\">\n\t\t\t\t\t\t<\/a>\n\t\t\t\t\t<\/div>\n                <\/div>\n                <div class=\"carousel-item row no-gutters\">\n                    <div class=\"col-md-3 col-sm-6 float-left\">\n\t\t\t\t\t\t<a href=\"\/fr\/produits\/dalles-de-moquette\/schatex-traffic-plus\">\n\t\t\t\t\t\t\t<img decoding=\"async\" class=\"img-fluid shadow\" src=\"\/wp-content\/uploads\/2021\/11\/Homepage-Slider-\u2013-2.jpg\">\n\t\t\t\t\t\t<\/a>\n\t\t\t\t\t<\/div>\n                    <div class=\"col-md-3 col-sm-6 float-left\">\n\t\t\t\t\t\t<a href=\"\/fr\/produits\/dalles-de-moquette\/schatex-traffic\">\n\t\t\t\t\t\t\t<img decoding=\"async\" class=\"img-fluid shadow\" src=\"\/wp-content\/uploads\/2021\/11\/Homepage-Slider-\u2013-3.jpg\">\n\t\t\t\t\t\t<\/a>\n\t\t\t\t\t<\/div>\n                    <div class=\"col-md-3 col-sm-6 float-left\">\n\t\t\t\t\t\t<a href=\"\/fr\/produits\/dalles-de-moquette\">\n\t\t\t\t\t\t\t<img decoding=\"async\" class=\"img-fluid shadow\" src=\"\/fr\/wp-content\/uploads\/sites\/11\/2021\/12\/Nos-Produits.jpg\">\n\t\t\t\t\t\t<\/a>\n\t\t\t\t\t<\/div>\n                    <div class=\"col-md-3 col-sm-6 float-left\">\n\t\t\t\t\t\t<a href=\"\/fr\/produits\/dalles-de-moquette\/schatex-smartline-plus\">\n\t\t\t\t\t\t\t<img decoding=\"async\" class=\"img-fluid shadow\" src=\"\/wp-content\/uploads\/2021\/11\/Homepage-Slider-\u2013-6.jpg\">\n\t\t\t\t\t\t<\/a>\n\t\t\t\t\t<\/div>\n                <\/div>\n                <div class=\"carousel-item row no-gutters\">\n                    <div class=\"col-md-3 col-sm-6 float-left\">\n\t\t\t\t\t\t<a href=\"\/fr\/produits\/dalles-de-moquette\/schatex-warm-welcome\">\n\t\t\t\t\t\t\t<img decoding=\"async\" class=\"img-fluid shadow\" src=\"\/wp-content\/uploads\/2021\/11\/Homepage-Slider-\u2013-11.jpg\">\n\t\t\t\t\t\t<\/a>\n\t\t\t\t\t<\/div>\n                    <div class=\"col-md-3 col-sm-6 float-left\">\n\t\t\t\t\t\t<a href=\"\/fr\/produits\/dalles-de-moquette\/schatex-living\">\n\t\t\t\t\t\t\t<img decoding=\"async\" class=\"img-fluid shadow\" src=\"\/wp-content\/uploads\/2021\/11\/Homepage-Slider-\u2013-10.jpg\">\n\t\t\t\t\t\t<\/a>\n\t\t\t\t\t<\/div>\n                    <div class=\"col-md-3 col-sm-6 float-left\">\n\t\t\t\t\t\t<a href=\"\/fr\/produits\/dalles-de-moquette\/schatex-entrance\">\n\t\t\t\t\t\t\t<img decoding=\"async\" class=\"img-fluid shadow\" src=\"\/wp-content\/uploads\/2021\/11\/Homepage-Slider-\u2013-9.jpg\">\n\t\t\t\t\t\t<\/a>\n\t\t\t\t\t<\/div>\n                    <div class=\"col-md-3 col-sm-6 float-left\">\n\t\t\t\t\t\t<a href=\"\/fr\/produits\/dalles-de-moquette\">\n\t\t\t\t\t\t\t<img decoding=\"async\" class=\"img-fluid shadow\" src=\"\/fr\/wp-content\/uploads\/sites\/11\/2021\/12\/Nos-Produits.jpg\">\n\t\t\t\t\t\t<\/a>\n\t\t\t\t\t<\/div>\n                <\/div>\n            <\/div>\n            <a class=\"carousel-control-prev\" href=\"#homeCarousel1\" role=\"button\" data-slide=\"prev\">\n                <span class=\"carousel-control-prev-icon\" aria-hidden=\"true\"><\/span>\n                <span class=\"sr-only\">Previous<\/span>\n            <\/a>\n            <a class=\"carousel-control-next\" href=\"#homeCarousel1\" role=\"button\" data-slide=\"next\">\n                <span class=\"carousel-control-next-icon\" aria-hidden=\"true\"><\/span>\n                <span class=\"sr-only\">Next<\/span>\n            <\/a>\n        <\/div>\n        <div id=\"homeCarousel2\" class=\"carousel slide w-75\" data-ride=\"carousel\">\n            <div class=\"carousel-inner w-100\" role=\"listbox\">\n                <div class=\"carousel-item row no-gutters active\">\n                    <div class=\"col-md-3 col-sm-6 float-left\">\n\t\t\t\t\t\t<a href=\"\/fr\/produits\/accessoires\">\n\t\t\t\t\t\t\t<img decoding=\"async\" class=\"img-fluid shadow\" src=\"\/wp-content\/uploads\/2021\/05\/Cutter-Messer.jpg\">\n\t\t\t\t\t\t<\/a>\n\t\t\t\t\t<\/div>\n\t\t\t\t\t<div class=\"col-md-3 col-sm-6 float-left\">\n\t\t\t\t\t\t<a href=\"\/fr\/produits\/accessoires\">\n\t\t\t\t\t\t\t<img decoding=\"async\" class=\"img-fluid shadow\" src=\"\/fr\/wp-content\/uploads\/sites\/11\/2021\/12\/Nos-accessoires.jpg\">\n\t\t\t\t\t\t<\/a>\t\t\t\t\t\n\t\t\t\t\t<\/div>\n\t\t\t\t\t<div class=\"col-md-3 col-sm-6 float-left\">\n\t\t\t\t\t\t<a href=\"\/fr\/produits\/accessoires\">\n\t\t\t\t\t\t\t<img decoding=\"async\" class=\"img-fluid shadow\" src=\"\/wp-content\/uploads\/2021\/05\/Doppelseitiges-Klebeband.jpg\">\n\t\t\t\t\t\t<\/a>\n\t\t\t\t\t<\/div>\n                    <div class=\"col-md-3 col-sm-6 float-left\">\n\t\t\t\t\t\t<a href=\"\/fr\/produits\/accessoires\">\n\t\t\t\t\t\t\t<img decoding=\"async\" class=\"img-fluid shadow\" src=\"\/wp-content\/uploads\/2021\/05\/Sockelleisten.jpg\">\n\t\t\t\t\t\t<\/a>\n\t\t\t\t\t<\/div>\n                <\/div>\n                <div class=\"carousel-item row no-gutters\">\n                    <div class=\"col-md-3 col-sm-6 float-left\">\n\t\t\t\t\t\t<a href=\"\/fr\/produits\/accessoires\">\n\t\t\t\t\t\t\t<img decoding=\"async\" class=\"img-fluid shadow\" src=\"\/wp-content\/uploads\/2021\/05\/Cutter-Messer.jpg\">\n\t\t\t\t\t\t<\/a>\n\t\t\t\t\t<\/div>\n\t\t\t\t\t<div class=\"col-md-3 col-sm-6 float-left\">\n\t\t\t\t\t\t<a href=\"\/fr\/produits\/accessoires\">\n\t\t\t\t\t\t\t<img decoding=\"async\" class=\"img-fluid shadow\" src=\"\/fr\/wp-content\/uploads\/sites\/11\/2021\/12\/Nos-accessoires.jpg\">\n\t\t\t\t\t\t<\/a>\t\t\t\t\t\n\t\t\t\t\t<\/div>\n\t\t\t\t\t<div class=\"col-md-3 col-sm-6 float-left\">\n\t\t\t\t\t\t<a href=\"\/fr\/produits\/accessoires\">\n\t\t\t\t\t\t\t<img decoding=\"async\" class=\"img-fluid shadow\" src=\"\/wp-content\/uploads\/2021\/05\/Doppelseitiges-Klebeband.jpg\">\n\t\t\t\t\t\t<\/a>\n\t\t\t\t\t<\/div>\n                    <div class=\"col-md-3 col-sm-6 float-left\">\n\t\t\t\t\t\t<a href=\"\/fr\/produits\/accessoires\">\n\t\t\t\t\t\t\t<img decoding=\"async\" class=\"img-fluid shadow\" src=\"\/wp-content\/uploads\/2021\/05\/Sockelleisten.jpg\">\n\t\t\t\t\t\t<\/a>\n\t\t\t\t\t<\/div>\n                <\/div>\n            <\/div>\n            <a class=\"carousel-control-prev\" href=\"#homeCarousel2\" role=\"button\" data-slide=\"prev\">\n                <span class=\"carousel-control-prev-icon\" aria-hidden=\"true\"><\/span>\n                <span class=\"sr-only\">Previous<\/span>\n            <\/a>\n            <a class=\"carousel-control-next\" href=\"#homeCarousel2\" role=\"button\" data-slide=\"next\">\n                <span class=\"carousel-control-next-icon\" aria-hidden=\"true\"><\/span>\n                <span class=\"sr-only\">Next<\/span>\n            <\/a>\n        <\/div>\n    <\/div>\n<\/div>\n<div class=\"container-fluid\">\n\t<div class=\"row home-row-4 text-center\">\n\t  <div class=\"col-sm-12\"><h2 class=\"font-weight-bold text-uppercase text-center\">new Collections<\/h2><\/div>\n\t  <div class=\"col-md-4 col-sm-6\">\n\t\t<a href=\"\/en\/products\/carpet-tiles\/schatex-true-colours\">\n\t\t  <img decoding=\"async\" src=\"\/wp-content\/uploads\/sites\/19\/2020\/06\/neue-3.jpg\">\n\t\t  <h4 class=\"font-weight-bold\">SCHATEX<sup>\u00ae<\/sup> \u2013 True Colours<\/h4>\n\t\t<\/a>\n\t  <\/div>\n\t  <div class=\"col-md-4 col-sm-6\">\n\t\t<a href=\"\/en\/products\/carpet-tiles\/schatex-interloop\">\n\t\t  <img decoding=\"async\" src=\"\/wp-content\/uploads\/sites\/19\/2020\/06\/neue-2.jpg\">\n\t\t  <h4 class=\"font-weight-bold\">SCHATEX<sup>\u00ae<\/sup> \u2013 Interloop<\/h4>\n\t\t<\/a>\n\t  <\/div>\n\t  <div class=\"col-md-4 col-sm-6\">\n\t\t<a href=\"\/en\/products\/carpet-tiles\/schatex-warm-welcome\">\n\t\t  <img decoding=\"async\" src=\"\/wp-content\/uploads\/sites\/19\/2020\/06\/neue-1.jpg\">\n\t\t  <h4 class=\"font-weight-bold\">SCHATEX<sup>\u00ae<\/sup> \u2013 Warm Welcome<\/h4>\n\t\t<\/a>\n\t  <\/div>\n\t<\/div>\n<\/div>\n\n\n\n<p><\/p>\n","protected":false},"excerpt":{"rendered":"<p>SCHATEX\u00ae \u2013 la marque de dalles de moquette Des dalles de moquette innovantes pour vos espaces r\u00e9sidentiels et professionnels ! D\u00e9couvrir toutes les collections Formulaire de contact Nouveaut\u00e9 SCHATEX\u00ae \u2013 True Colours Des coloris vibrants associ\u00e9s \u00e0 une r\u00e9sistance hors pair D\u00e9couvrir la collection Creative Choose from over 100 colours and qualities easy to lay &#8230; <a title=\"SCHATEX\" class=\"read-more\" href=\"https:\/\/schatex.com\/fr\/\" aria-label=\"Read more about SCHATEX\">Read more<\/a><\/p>\n","protected":false},"author":1,"featured_media":0,"parent":0,"menu_order":0,"comment_status":"closed","ping_status":"closed","template":"","meta":{"footnotes":""},"yoast_head":"<!-- This site is optimized with the Yoast SEO plugin v22.6 - https:\/\/yoast.com\/wordpress\/plugins\/seo\/ -->\n<title>SCHATEX - Teppichfliesen f\u00fcr Wohnen &amp; Gewerbe<\/title>\n<meta name=\"description\" content=\"Teppichfliesen von SCHATEX\u00ae | Die Marke f\u00fcr lose verlegbare Teppichfliesen | Entdecken Sie Top-Produkte f\u00fcr Wohnen &amp; Gewerbe!\" \/>\n<meta name=\"robots\" content=\"index, follow, max-snippet:-1, max-image-preview:large, max-video-preview:-1\" \/>\n<link rel=\"canonical\" href=\"https:\/\/schatex.com\/fr\/\" \/>\n<meta property=\"og:locale\" content=\"en_US\" \/>\n<meta property=\"og:type\" content=\"article\" \/>\n<meta property=\"og:title\" content=\"SCHATEX - Teppichfliesen f\u00fcr Wohnen &amp; Gewerbe\" \/>\n<meta property=\"og:description\" content=\"Teppichfliesen von SCHATEX\u00ae | Die Marke f\u00fcr lose verlegbare Teppichfliesen | Entdecken Sie Top-Produkte f\u00fcr Wohnen &amp; Gewerbe!\" \/>\n<meta property=\"og:url\" content=\"https:\/\/schatex.com\/fr\/\" \/>\n<meta property=\"og:site_name\" content=\"SCHATEX | FR\" \/>\n<meta property=\"article:modified_time\" content=\"2021-12-28T19:32:49+00:00\" \/>\n<meta property=\"og:image\" content=\"https:\/\/schatex.com\/wp-content\/uploads\/sites\/11\/2020\/05\/Slide-1.jpg\" \/>\n<meta name=\"twitter:card\" content=\"summary_large_image\" \/>\n<meta name=\"twitter:label1\" content=\"Est. reading time\" \/>\n\t<meta name=\"twitter:data1\" content=\"8 minutes\" \/>\n<script type=\"application\/ld+json\" class=\"yoast-schema-graph\">{\"@context\":\"https:\/\/schema.org\",\"@graph\":[{\"@type\":\"WebPage\",\"@id\":\"https:\/\/schatex.com\/fr\/\",\"url\":\"https:\/\/schatex.com\/fr\/\",\"name\":\"SCHATEX - Teppichfliesen f\u00fcr Wohnen & Gewerbe\",\"isPartOf\":{\"@id\":\"https:\/\/schatex.com\/fr\/#website\"},\"datePublished\":\"2019-12-13T12:47:16+00:00\",\"dateModified\":\"2021-12-28T19:32:49+00:00\",\"description\":\"Teppichfliesen von SCHATEX\u00ae | Die Marke f\u00fcr lose verlegbare Teppichfliesen | Entdecken Sie Top-Produkte f\u00fcr Wohnen & Gewerbe!\",\"breadcrumb\":{\"@id\":\"https:\/\/schatex.com\/fr\/#breadcrumb\"},\"inLanguage\":\"en-US\",\"potentialAction\":[{\"@type\":\"ReadAction\",\"target\":[\"https:\/\/schatex.com\/fr\/\"]}]},{\"@type\":\"BreadcrumbList\",\"@id\":\"https:\/\/schatex.com\/fr\/#breadcrumb\",\"itemListElement\":[{\"@type\":\"ListItem\",\"position\":1,\"name\":\"Home\",\"item\":\"https:\/\/schatex.com\/fr\/\"},{\"@type\":\"ListItem\",\"position\":2,\"name\":\"SCHATEX\"}]},{\"@type\":\"WebSite\",\"@id\":\"https:\/\/schatex.com\/fr\/#website\",\"url\":\"https:\/\/schatex.com\/fr\/\",\"name\":\"SCHATEX | FR\",\"description\":\"Des dalles de moquette pour vos espaces r\u00e9sidentiels et professionnels\",\"publisher\":{\"@id\":\"https:\/\/schatex.com\/fr\/#organization\"},\"potentialAction\":[{\"@type\":\"SearchAction\",\"target\":{\"@type\":\"EntryPoint\",\"urlTemplate\":\"https:\/\/schatex.com\/fr\/?s={search_term_string}\"},\"query-input\":\"required name=search_term_string\"}],\"inLanguage\":\"en-US\"},{\"@type\":\"Organization\",\"@id\":\"https:\/\/schatex.com\/fr\/#organization\",\"name\":\"SCHATEX\",\"url\":\"https:\/\/schatex.com\/fr\/\",\"logo\":{\"@type\":\"ImageObject\",\"inLanguage\":\"en-US\",\"@id\":\"https:\/\/schatex.com\/fr\/#\/schema\/logo\/image\/\",\"url\":\"https:\/\/schatex.com\/fr-clone\/wp-content\/uploads\/sites\/11\/2020\/05\/cropped-logo.png\",\"contentUrl\":\"https:\/\/schatex.com\/fr-clone\/wp-content\/uploads\/sites\/11\/2020\/05\/cropped-logo.png\",\"width\":476,\"height\":112,\"caption\":\"SCHATEX\"},\"image\":{\"@id\":\"https:\/\/schatex.com\/fr\/#\/schema\/logo\/image\/\"}}]}<\/script>\n<!-- \/ Yoast SEO plugin. -->","yoast_head_json":{"title":"SCHATEX - Teppichfliesen f\u00fcr Wohnen & Gewerbe","description":"Teppichfliesen von SCHATEX\u00ae | Die Marke f\u00fcr lose verlegbare Teppichfliesen | Entdecken Sie Top-Produkte f\u00fcr Wohnen & Gewerbe!","robots":{"index":"index","follow":"follow","max-snippet":"max-snippet:-1","max-image-preview":"max-image-preview:large","max-video-preview":"max-video-preview:-1"},"canonical":"https:\/\/schatex.com\/fr\/","og_locale":"en_US","og_type":"article","og_title":"SCHATEX - Teppichfliesen f\u00fcr Wohnen & Gewerbe","og_description":"Teppichfliesen von SCHATEX\u00ae | Die Marke f\u00fcr lose verlegbare Teppichfliesen | Entdecken Sie Top-Produkte f\u00fcr Wohnen & Gewerbe!","og_url":"https:\/\/schatex.com\/fr\/","og_site_name":"SCHATEX | FR","article_modified_time":"2021-12-28T19:32:49+00:00","og_image":[{"url":"https:\/\/schatex.com\/wp-content\/uploads\/sites\/11\/2020\/05\/Slide-1.jpg"}],"twitter_card":"summary_large_image","twitter_misc":{"Est. reading time":"8 minutes"},"schema":{"@context":"https:\/\/schema.org","@graph":[{"@type":"WebPage","@id":"https:\/\/schatex.com\/fr\/","url":"https:\/\/schatex.com\/fr\/","name":"SCHATEX - Teppichfliesen f\u00fcr Wohnen & Gewerbe","isPartOf":{"@id":"https:\/\/schatex.com\/fr\/#website"},"datePublished":"2019-12-13T12:47:16+00:00","dateModified":"2021-12-28T19:32:49+00:00","description":"Teppichfliesen von SCHATEX\u00ae | Die Marke f\u00fcr lose verlegbare Teppichfliesen | Entdecken Sie Top-Produkte f\u00fcr Wohnen & Gewerbe!","breadcrumb":{"@id":"https:\/\/schatex.com\/fr\/#breadcrumb"},"inLanguage":"en-US","potentialAction":[{"@type":"ReadAction","target":["https:\/\/schatex.com\/fr\/"]}]},{"@type":"BreadcrumbList","@id":"https:\/\/schatex.com\/fr\/#breadcrumb","itemListElement":[{"@type":"ListItem","position":1,"name":"Home","item":"https:\/\/schatex.com\/fr\/"},{"@type":"ListItem","position":2,"name":"SCHATEX"}]},{"@type":"WebSite","@id":"https:\/\/schatex.com\/fr\/#website","url":"https:\/\/schatex.com\/fr\/","name":"SCHATEX | FR","description":"Des dalles de moquette pour vos espaces r\u00e9sidentiels et professionnels","publisher":{"@id":"https:\/\/schatex.com\/fr\/#organization"},"potentialAction":[{"@type":"SearchAction","target":{"@type":"EntryPoint","urlTemplate":"https:\/\/schatex.com\/fr\/?s={search_term_string}"},"query-input":"required name=search_term_string"}],"inLanguage":"en-US"},{"@type":"Organization","@id":"https:\/\/schatex.com\/fr\/#organization","name":"SCHATEX","url":"https:\/\/schatex.com\/fr\/","logo":{"@type":"ImageObject","inLanguage":"en-US","@id":"https:\/\/schatex.com\/fr\/#\/schema\/logo\/image\/","url":"https:\/\/schatex.com\/fr-clone\/wp-content\/uploads\/sites\/11\/2020\/05\/cropped-logo.png","contentUrl":"https:\/\/schatex.com\/fr-clone\/wp-content\/uploads\/sites\/11\/2020\/05\/cropped-logo.png","width":476,"height":112,"caption":"SCHATEX"},"image":{"@id":"https:\/\/schatex.com\/fr\/#\/schema\/logo\/image\/"}}]}},"_links":{"self":[{"href":"https:\/\/schatex.com\/fr\/wp-json\/wp\/v2\/pages\/42"}],"collection":[{"href":"https:\/\/schatex.com\/fr\/wp-json\/wp\/v2\/pages"}],"about":[{"href":"https:\/\/schatex.com\/fr\/wp-json\/wp\/v2\/types\/page"}],"author":[{"embeddable":true,"href":"https:\/\/schatex.com\/fr\/wp-json\/wp\/v2\/users\/1"}],"replies":[{"embeddable":true,"href":"https:\/\/schatex.com\/fr\/wp-json\/wp\/v2\/comments?post=42"}],"version-history":[{"count":359,"href":"https:\/\/schatex.com\/fr\/wp-json\/wp\/v2\/pages\/42\/revisions"}],"predecessor-version":[{"id":5320,"href":"https:\/\/schatex.com\/fr\/wp-json\/wp\/v2\/pages\/42\/revisions\/5320"}],"wp:attachment":[{"href":"https:\/\/schatex.com\/fr\/wp-json\/wp\/v2\/media?parent=42"}],"curies":[{"name":"wp","href":"https:\/\/api.w.org\/{rel}","templated":true}]}}