{"id":3073,"date":"2021-02-03T13:28:40","date_gmt":"2021-02-03T12:28:40","guid":{"rendered":"http:\/\/dev.schatex.com\/en\/?page_id=3073"},"modified":"2021-05-12T16:55:22","modified_gmt":"2021-05-12T14:55:22","slug":"schatex-sockelleisten","status":"publish","type":"page","link":"https:\/\/schatex.com\/en\/products\/accessories\/schatex-sockelleisten\/","title":{"rendered":"Sockelleisten"},"content":{"rendered":"\n<div class=\"header-cover\" style=\"background-image: url('\/wp-content\/uploads\/sites\/19\/2021\/02\/Fussleisten-header.jpg');\">\n  <div class=\"header-cover-title\"> \n     <h1>SCHATEX<sup>\u00ae<\/sup> \u2013 Sockelleisten<\/h1>\n     <span>Passend zu jeder Teppichfliese<\/span>\n  <\/div>\n<\/div>\n\n\n\n<div class=\"container-lg\">\n  <div class=\"pr-details-under-header\">\n    <div class=\"row\">\n      <div class=\"col-lg-4 col-md-6\">\n        <img decoding=\"async\" src=\"\/wp-content\/uploads\/sites\/19\/2020\/03\/Gruppe-3.png\"> <h4> grobe Cordrippen-Struktur <span><\/br><\/span><\/h4>\n      <\/div>\n      <div class=\"col-lg-4 col-md-6\">\n        <img decoding=\"async\" src=\"\/wp-content\/uploads\/sites\/19\/2020\/03\/Gruppe-3.png\"> <h4> mit Stuhlrolleneignung  <span>(nach EN 985)<\/span> <\/h4>\n      <\/div>\n      <div class=\"col-lg-4 col-md-6\">\n        <img decoding=\"async\" src=\"\/wp-content\/uploads\/sites\/19\/2020\/03\/Gruppe-3.png\"> <h4> kinderleichtes verlegen <span>(selbstliegend; kein Verkleben erforderlich)<\/span> <\/h4>\n      <\/div>\n      <div class=\"col-lg-4 col-md-6\">\n        <img decoding=\"async\" src=\"\/wp-content\/uploads\/sites\/19\/2020\/03\/Gruppe-3.png\"> <h4> modern bis klassische Farbgebung<\/h4>\n      <\/div>\n      <div class=\"col-lg-4 col-md-6\">\n        <img decoding=\"async\" src=\"\/wp-content\/uploads\/sites\/19\/2020\/03\/Gruppe-3.png\"> <h4> schwerentflammbar <span>(Cfl-s1 nach EN ISO 9239-1)<\/span> <\/h4>\n      <\/div>\n      <div class=\"col-lg-4 col-md-6\">\n        <img decoding=\"async\" src=\"\/wp-content\/uploads\/sites\/19\/2020\/03\/Gruppe-3.png\"> <h4> hohe Strapazierf\u00e4higkeit <span>(Klasse 33 nach EN 1307)<\/span> <\/h4>\n      <\/div>\n    <\/div>\n  <\/div>\n  <div id=\"topProdukte\" class=\"row home-row-2 ueberuns-row-3 produktion-row-3 m-0\" style=\"margin:0;\">\n    <div class=\"col-lg-6 col-bg\">\n      <div style=\"background-image: url('\/wp-content\/uploads\/sites\/19\/2021\/02\/Fussleiten-1.jpg');\"><\/div>\n    <\/div>\n    <div class=\"col-lg-6\">\n      <h2 class=\"font-weight-bold\">Kettelfix &#8211; Fussleisten<\/h2>\n      <h3>Fu\u00dfleisten gekettelt<\/h3>\n      <p class=\"text-justify\">Fu\u00dfleisten sind in unterschiedlichen Formen und mit einer gro\u00dfen Farbauswahl erh\u00e4ltlich. Neben einer Vielzahl von passenden Leisten, die optimal auf die Dekore abgestimmt sind, bietet Ihnen das wineo-Zubeh\u00f6rsortiment auch einfarbige Fu\u00dfleisten wie z.B. in den Farbt\u00f6nen Edelstahl und wei\u00df. Besonders die einfarbig, in einem schlichten Wei\u00dfton gehaltenen Leisten sind universell zu allen Designs kombinierbar, und passen besonders gut zu unseren Steindekoren, Betonoptiken und anderen Fantasiedekoren, zu denen wir keine passende Fu\u00dfleiste anbieten. Besonders hervorzuheben ist hier unsere Fu\u00dfleiste, die wir f\u00fcr die Designs unserer PURLINE Kollektion entwickelt haben. Diese Leiste hat als Basismaterial einen Kunststofftr\u00e4ger, der keine Feuchtigkeit aufnehmen kann. Somit eignet sich diese Fu\u00dfleiste durch ihre Wasserfestigkeit auch im Einsatz in Feuchtr\u00e4umen.<\/p>\n    <\/div>\n  <\/div>\n  <div class=\"row home-row-2 ueberuns-row-2 verlegung-row-3 m-0\">\n    <div class=\"col-lg-6\">\n      <p class=\"text-justify\">Die notwendige Dehnungsfuge zwischen Bodenbelag und Wand wird von allen unseren Leisten ebenfalls ber\u00fccksichtigt und \u00fcberdeckt diese passgenau. Alle Fu\u00dfleisten sind besonders einfach zu installieren \u2013 dank unseres Clip Befestigungssystems.<br\/>Eine \u00dcbersicht dar\u00fcber, welche Designs \u00fcber die dekorgleichen Leisten verf\u00fcgen, finden Sie in unserem Zubeh\u00f6rkatalog oder in der H\u00e4ndler-Brosch\u00fcre.Die notwendige Dehnungsfuge zwischen Bodenbelag und Wand wird von allen unseren Leisten ebenfalls ber\u00fccksichtigt und \u00fcberdeckt diese passgenau. Alle Fu\u00dfleisten sind besonders einfach zu installieren \u2013 dank unseres Clip Befestigungssystems.<br\/>Eine \u00dcbersicht dar\u00fcber, welche Designs \u00fcber die dekorgleichen Leisten verf\u00fcgen, finden Sie in unserem Zubeh\u00f6rkatalog oder in der H\u00e4ndler-Brosch\u00fcre.Eine \u00dcbersicht dar\u00fcber, welche Designs \u00fcber die dekorgleichen Leisten verf\u00fcgen, finden Sie in unserem Zubeh\u00f6rkatalog oder in der H\u00e4ndler-Brosch\u00fcre.<\/p>\n    <\/div>\n    <div class=\"col-lg-6 col-bg\">\n      <div style=\"background-image: url('\/wp-content\/uploads\/sites\/19\/2021\/02\/Fussleiten-2.jpg');\"><\/div>\n    <\/div>\n  <\/div>\n  <div class=\"row pr-details-row-4 produktion-quote-2 m-0\">\n    <div class=\"col\">\n      <h3>\u201d Top Qualit\u00e4t, einfache Verarbeitung &#038; eine riesen Auswahl an satten Farben. Einfaches austauschen erm\u00f6glicht eine einfache Reinigung und Pflege. \u201d\n        <span>Tobias Moschner<\/span>\n        <span>CEO<\/span>\n      <\/h3>\n    <\/div>\n  <\/div>\n  <div class=\"row fliesen-row-2 p-5 mb-5\">\n    <h2 class=\"col-12 text-uppercase text-left\">Unsere Produkte<\/h2>\n    <div class=\"col-md-4 mt-4\">\n      <a href=\"#\">\n        <img decoding=\"async\" src=\"\/wp-content\/uploads\/sites\/19\/2021\/02\/Kettelfix-1.jpg\">\n        <h4 class=\"produkt-title font-weight-bold\">SCHATEX\u00ae \u2013 Kettelfix <span>Stilvolle Cutter<\/span><\/h4>\n      <\/a>\n    <\/div>\n    <div class=\"col-md-4 mt-4\">\n      <a href=\"#\">\n        <img decoding=\"async\" src=\"\/wp-content\/uploads\/sites\/19\/2021\/02\/Kettelfix-1.jpg\">\n        <h4 class=\"produkt-title font-weight-bold\">SCHATEX\u00ae \u2013 Kettelfix <span>Stilvolle Cutter<\/span><\/h4>\n      <\/a>\n    <\/div>\n    <div class=\"col-md-4 mt-4\">\n      <a href=\"#\">\n        <img decoding=\"async\" src=\"\/wp-content\/uploads\/sites\/19\/2021\/02\/Kettelfix-1.jpg\">\n        <h4 class=\"produkt-title font-weight-bold\">SCHATEX\u00ae \u2013 Kettelfix <span>Stilvolle Cutter<\/span><\/h4>\n      <\/a>\n    <\/div>\n  <\/div>\n<\/div>\n\n\n\n<p><\/p>\n","protected":false},"excerpt":{"rendered":"<p>SCHATEX\u00ae \u2013 Sockelleisten Passend zu jeder Teppichfliese grobe Cordrippen-Struktur mit Stuhlrolleneignung (nach EN 985) kinderleichtes verlegen (selbstliegend; kein Verkleben erforderlich) modern bis klassische Farbgebung schwerentflammbar (Cfl-s1 nach EN ISO 9239-1) hohe Strapazierf\u00e4higkeit (Klasse 33 nach EN 1307) Kettelfix &#8211; Fussleisten Fu\u00dfleisten gekettelt Fu\u00dfleisten sind in unterschiedlichen Formen und mit einer gro\u00dfen Farbauswahl erh\u00e4ltlich. Neben einer &#8230; <a title=\"Sockelleisten\" class=\"read-more\" href=\"https:\/\/schatex.com\/en\/products\/accessories\/schatex-sockelleisten\/\" aria-label=\"Read more about Sockelleisten\">Read more<\/a><\/p>\n","protected":false},"author":1,"featured_media":0,"parent":939,"menu_order":0,"comment_status":"closed","ping_status":"closed","template":"","meta":{"footnotes":""},"yoast_head":"<!-- This site is optimized with the Yoast SEO plugin v22.6 - https:\/\/yoast.com\/wordpress\/plugins\/seo\/ -->\n<title>Sockelleisten - SCHATEX | EN<\/title>\n<meta name=\"robots\" content=\"index, follow, max-snippet:-1, max-image-preview:large, max-video-preview:-1\" \/>\n<link rel=\"canonical\" href=\"https:\/\/schatex.com\/en\/products\/accessories\/schatex-sockelleisten\/\" \/>\n<meta property=\"og:locale\" content=\"en_US\" \/>\n<meta property=\"og:type\" content=\"article\" \/>\n<meta property=\"og:title\" content=\"Sockelleisten - SCHATEX | EN\" \/>\n<meta property=\"og:description\" content=\"SCHATEX\u00ae \u2013 Sockelleisten Passend zu jeder Teppichfliese grobe Cordrippen-Struktur mit Stuhlrolleneignung (nach EN 985) kinderleichtes verlegen (selbstliegend; kein Verkleben erforderlich) modern bis klassische Farbgebung schwerentflammbar (Cfl-s1 nach EN ISO 9239-1) hohe Strapazierf\u00e4higkeit (Klasse 33 nach EN 1307) Kettelfix &#8211; Fussleisten Fu\u00dfleisten gekettelt Fu\u00dfleisten sind in unterschiedlichen Formen und mit einer gro\u00dfen Farbauswahl erh\u00e4ltlich. Neben einer ... Read more\" \/>\n<meta property=\"og:url\" content=\"https:\/\/schatex.com\/en\/products\/accessories\/schatex-sockelleisten\/\" \/>\n<meta property=\"og:site_name\" content=\"SCHATEX | EN\" \/>\n<meta property=\"article:modified_time\" content=\"2021-05-12T14:55:22+00:00\" \/>\n<meta property=\"og:image\" content=\"https:\/\/schatex.com\/wp-content\/uploads\/sites\/19\/2020\/03\/Gruppe-3.png\" \/>\n<meta name=\"twitter:card\" content=\"summary_large_image\" \/>\n<meta name=\"twitter:label1\" content=\"Est. reading time\" \/>\n\t<meta name=\"twitter:data1\" content=\"4 minutes\" \/>\n<script type=\"application\/ld+json\" class=\"yoast-schema-graph\">{\"@context\":\"https:\/\/schema.org\",\"@graph\":[{\"@type\":\"WebPage\",\"@id\":\"https:\/\/schatex.com\/en\/products\/accessories\/schatex-sockelleisten\/\",\"url\":\"https:\/\/schatex.com\/en\/products\/accessories\/schatex-sockelleisten\/\",\"name\":\"Sockelleisten - SCHATEX | EN\",\"isPartOf\":{\"@id\":\"https:\/\/schatex.com\/en\/#website\"},\"datePublished\":\"2021-02-03T12:28:40+00:00\",\"dateModified\":\"2021-05-12T14:55:22+00:00\",\"breadcrumb\":{\"@id\":\"https:\/\/schatex.com\/en\/products\/accessories\/schatex-sockelleisten\/#breadcrumb\"},\"inLanguage\":\"en-US\",\"potentialAction\":[{\"@type\":\"ReadAction\",\"target\":[\"https:\/\/schatex.com\/en\/products\/accessories\/schatex-sockelleisten\/\"]}]},{\"@type\":\"BreadcrumbList\",\"@id\":\"https:\/\/schatex.com\/en\/products\/accessories\/schatex-sockelleisten\/#breadcrumb\",\"itemListElement\":[{\"@type\":\"ListItem\",\"position\":1,\"name\":\"Home\",\"item\":\"https:\/\/schatex.com\/en\/\"},{\"@type\":\"ListItem\",\"position\":2,\"name\":\"Products\",\"item\":\"https:\/\/schatex.com\/en\/products\/\"},{\"@type\":\"ListItem\",\"position\":3,\"name\":\"Accessories\",\"item\":\"https:\/\/schatex.com\/en\/products\/accessories\/\"},{\"@type\":\"ListItem\",\"position\":4,\"name\":\"Sockelleisten\"}]},{\"@type\":\"WebSite\",\"@id\":\"https:\/\/schatex.com\/en\/#website\",\"url\":\"https:\/\/schatex.com\/en\/\",\"name\":\"SCHATEX | EN\",\"description\":\"Teppichfliesen f\u00fcr Wohnen &amp; Gewerbe\",\"publisher\":{\"@id\":\"https:\/\/schatex.com\/en\/#organization\"},\"potentialAction\":[{\"@type\":\"SearchAction\",\"target\":{\"@type\":\"EntryPoint\",\"urlTemplate\":\"https:\/\/schatex.com\/en\/?s={search_term_string}\"},\"query-input\":\"required name=search_term_string\"}],\"inLanguage\":\"en-US\"},{\"@type\":\"Organization\",\"@id\":\"https:\/\/schatex.com\/en\/#organization\",\"name\":\"SCHATEX\",\"url\":\"https:\/\/schatex.com\/en\/\",\"logo\":{\"@type\":\"ImageObject\",\"inLanguage\":\"en-US\",\"@id\":\"https:\/\/schatex.com\/en\/#\/schema\/logo\/image\/\",\"url\":\"https:\/\/schatex.com\/en\/wp-content\/uploads\/sites\/19\/2020\/05\/cropped-logo.png\",\"contentUrl\":\"https:\/\/schatex.com\/en\/wp-content\/uploads\/sites\/19\/2020\/05\/cropped-logo.png\",\"width\":476,\"height\":112,\"caption\":\"SCHATEX\"},\"image\":{\"@id\":\"https:\/\/schatex.com\/en\/#\/schema\/logo\/image\/\"}}]}<\/script>\n<!-- \/ Yoast SEO plugin. -->","yoast_head_json":{"title":"Sockelleisten - SCHATEX | EN","robots":{"index":"index","follow":"follow","max-snippet":"max-snippet:-1","max-image-preview":"max-image-preview:large","max-video-preview":"max-video-preview:-1"},"canonical":"https:\/\/schatex.com\/en\/products\/accessories\/schatex-sockelleisten\/","og_locale":"en_US","og_type":"article","og_title":"Sockelleisten - SCHATEX | EN","og_description":"SCHATEX\u00ae \u2013 Sockelleisten Passend zu jeder Teppichfliese grobe Cordrippen-Struktur mit Stuhlrolleneignung (nach EN 985) kinderleichtes verlegen (selbstliegend; kein Verkleben erforderlich) modern bis klassische Farbgebung schwerentflammbar (Cfl-s1 nach EN ISO 9239-1) hohe Strapazierf\u00e4higkeit (Klasse 33 nach EN 1307) Kettelfix &#8211; Fussleisten Fu\u00dfleisten gekettelt Fu\u00dfleisten sind in unterschiedlichen Formen und mit einer gro\u00dfen Farbauswahl erh\u00e4ltlich. Neben einer ... Read more","og_url":"https:\/\/schatex.com\/en\/products\/accessories\/schatex-sockelleisten\/","og_site_name":"SCHATEX | EN","article_modified_time":"2021-05-12T14:55:22+00:00","og_image":[{"url":"https:\/\/schatex.com\/wp-content\/uploads\/sites\/19\/2020\/03\/Gruppe-3.png"}],"twitter_card":"summary_large_image","twitter_misc":{"Est. reading time":"4 minutes"},"schema":{"@context":"https:\/\/schema.org","@graph":[{"@type":"WebPage","@id":"https:\/\/schatex.com\/en\/products\/accessories\/schatex-sockelleisten\/","url":"https:\/\/schatex.com\/en\/products\/accessories\/schatex-sockelleisten\/","name":"Sockelleisten - SCHATEX | EN","isPartOf":{"@id":"https:\/\/schatex.com\/en\/#website"},"datePublished":"2021-02-03T12:28:40+00:00","dateModified":"2021-05-12T14:55:22+00:00","breadcrumb":{"@id":"https:\/\/schatex.com\/en\/products\/accessories\/schatex-sockelleisten\/#breadcrumb"},"inLanguage":"en-US","potentialAction":[{"@type":"ReadAction","target":["https:\/\/schatex.com\/en\/products\/accessories\/schatex-sockelleisten\/"]}]},{"@type":"BreadcrumbList","@id":"https:\/\/schatex.com\/en\/products\/accessories\/schatex-sockelleisten\/#breadcrumb","itemListElement":[{"@type":"ListItem","position":1,"name":"Home","item":"https:\/\/schatex.com\/en\/"},{"@type":"ListItem","position":2,"name":"Products","item":"https:\/\/schatex.com\/en\/products\/"},{"@type":"ListItem","position":3,"name":"Accessories","item":"https:\/\/schatex.com\/en\/products\/accessories\/"},{"@type":"ListItem","position":4,"name":"Sockelleisten"}]},{"@type":"WebSite","@id":"https:\/\/schatex.com\/en\/#website","url":"https:\/\/schatex.com\/en\/","name":"SCHATEX | EN","description":"Teppichfliesen f\u00fcr Wohnen &amp; Gewerbe","publisher":{"@id":"https:\/\/schatex.com\/en\/#organization"},"potentialAction":[{"@type":"SearchAction","target":{"@type":"EntryPoint","urlTemplate":"https:\/\/schatex.com\/en\/?s={search_term_string}"},"query-input":"required name=search_term_string"}],"inLanguage":"en-US"},{"@type":"Organization","@id":"https:\/\/schatex.com\/en\/#organization","name":"SCHATEX","url":"https:\/\/schatex.com\/en\/","logo":{"@type":"ImageObject","inLanguage":"en-US","@id":"https:\/\/schatex.com\/en\/#\/schema\/logo\/image\/","url":"https:\/\/schatex.com\/en\/wp-content\/uploads\/sites\/19\/2020\/05\/cropped-logo.png","contentUrl":"https:\/\/schatex.com\/en\/wp-content\/uploads\/sites\/19\/2020\/05\/cropped-logo.png","width":476,"height":112,"caption":"SCHATEX"},"image":{"@id":"https:\/\/schatex.com\/en\/#\/schema\/logo\/image\/"}}]}},"_links":{"self":[{"href":"https:\/\/schatex.com\/en\/wp-json\/wp\/v2\/pages\/3073"}],"collection":[{"href":"https:\/\/schatex.com\/en\/wp-json\/wp\/v2\/pages"}],"about":[{"href":"https:\/\/schatex.com\/en\/wp-json\/wp\/v2\/types\/page"}],"author":[{"embeddable":true,"href":"https:\/\/schatex.com\/en\/wp-json\/wp\/v2\/users\/1"}],"replies":[{"embeddable":true,"href":"https:\/\/schatex.com\/en\/wp-json\/wp\/v2\/comments?post=3073"}],"version-history":[{"count":16,"href":"https:\/\/schatex.com\/en\/wp-json\/wp\/v2\/pages\/3073\/revisions"}],"predecessor-version":[{"id":4619,"href":"https:\/\/schatex.com\/en\/wp-json\/wp\/v2\/pages\/3073\/revisions\/4619"}],"up":[{"embeddable":true,"href":"https:\/\/schatex.com\/en\/wp-json\/wp\/v2\/pages\/939"}],"wp:attachment":[{"href":"https:\/\/schatex.com\/en\/wp-json\/wp\/v2\/media?parent=3073"}],"curies":[{"name":"wp","href":"https:\/\/api.w.org\/{rel}","templated":true}]}}